{"id":33315,"date":"2025-03-07T08:11:11","date_gmt":"2025-03-07T08:11:11","guid":{"rendered":"https:\/\/aigleshopping.ca\/produit\/lampe-de-table-creative-tree-light-enceinte-musicale-compatible-bluetooth-lampe-de-chevet-dimmable-telephone-chargement-sans-fil-lampes-de-bureau\/"},"modified":"2025-03-07T08:11:11","modified_gmt":"2025-03-07T08:11:11","slug":"lampe-de-table-creative-tree-light-enceinte-musicale-compatible-bluetooth-lampe-de-chevet-dimmable-telephone-chargement-sans-fil-lampes-de-bureau","status":"publish","type":"product","link":"https:\/\/aigleshopping.ca\/fr\/produit\/lampe-de-table-creative-tree-light-enceinte-musicale-compatible-bluetooth-lampe-de-chevet-dimmable-telephone-chargement-sans-fil-lampes-de-bureau\/","title":{"rendered":"Lampe de table Creative Tree Light Enceinte musicale compatible Bluetooth Lampe de chevet Dimmable T\u00e9l\u00e9phone Chargement sans fil Lampes de bureau"},"content":{"rendered":"<p> <b>Vue d&rsquo;ensemble :<\/b> <br \/> 1.gradation progressive ; <br \/> 2.touchez l&rsquo;interrupteur d&rsquo;\u00e9clairage ; <br \/> 3.appuyez longuement pendant 5 secondes pour entrer dans le mode compagnon de sommeil ; <br \/> 4.charge sans fil de t\u00e9l\u00e9phone portable 10W (protocole de charge Qi) ; <br \/> 5.haut-parleur Bluetooth (version V4.2), le haut-parleur prend \u00e9galement en charge la communication en champ proche de type tactile NFC ; <br \/> 6.Abat-jour en placage de cerisier naturel ; <br \/> 7.Le support de l&rsquo;arbre est la touche finale de l&rsquo;ensemble du produit ; <br \/> 8.Niveau de luminosit\u00e9 4, temp\u00e9rature de couleur 3000K, lumens 100-600LM <\/p>\n<p> <b>Informations sur le produit :<\/b> <br \/> Num\u00e9ro de mod\u00e8le : lumi\u00e8re d&rsquo;arbre   <br \/>  Entr\u00e9e : AC 100-240v 50\/60hz 0.3a  <br \/>  Sortie : DC 5.0v 2A Max  <br \/>  C\u00e2ble : 22AWG(80 c)\/24AWG (105 c) C\u00e2ble de charge CC de 1,2 m  <br \/>  Taille : 30x20x15cm  <br \/>  Poids : 500g  <br \/>  Les t\u00e9l\u00e9phones mobiles compatibles avec la recharge sans fil sont les suivants :  <br \/>  Apple iPhone 8\/8 plus \/ X \/ XR \/ XS \/ XS Max \/ 11\/11 Pro \/ 11 Pro Max  <br \/>  Samsung S6 \/ S6 Edge \/ S7 \/ S7 Edge \/ S8 \/ S8+ \/ S9 \/ S9+ \/ Note8 \/ Note9 \/ S10 \/ S20 series \/ Note10 series <br \/> Xiaomi Mix2s \/ Mix3 <br \/> Huawei Mate 20 Pro \/ Mate RS \/ Mate 30 Pro <br \/> LG G5 \/ G6 \/G7 \/ V20 \/ V30 \/ V40 <br \/> Pour d&rsquo;autres mod\u00e8les de t\u00e9l\u00e9phones portables, veuillez vous r\u00e9f\u00e9rer au manuel d&rsquo;instructions pour savoir s&rsquo;il prend en charge la recharge sans fil Qi&#8230;.  <\/p>\n<p> <b>Note\uff1a<\/b> <br \/> Produits de marque autre qu&rsquo;Apple, compatibles avec les mod\u00e8les d&rsquo;iPhone  <\/p>\n<p> <b>Liste d&#8217;emballage : <\/b> <br \/> 1* Lampe de table moderne  <\/p>\n<p> <img fetchpriority=\"high\" decoding=\"async\" src=\"https:\/\/cf.cjdropshipping.com\/16367616\/1636798251395.jpg\" width=\"898\" height=\"898\"> <img decoding=\"async\" src=\"https:\/\/cf.cjdropshipping.com\/b62c7aa3-ed19-4ea3-bd3f-46ef9bdf5d22.png\"> <img decoding=\"async\" src=\"https:\/\/cf.cjdropshipping.com\/1905d650-d4ed-42f9-b9c6-d8c4359bce5d.png\"> <img decoding=\"async\" src=\"https:\/\/cf.cjdropshipping.com\/a94f3556-5477-4e59-b5f5-2f3402575389.png\"> <img decoding=\"async\" src=\"https:\/\/cf.cjdropshipping.com\/3a69abce-e76a-4c52-a7d7-6083c4853b5a.png\"> <\/p>\n<p> <img decoding=\"async\" src=\"https:\/\/cf.cjdropshipping.com\/fc5db39e-cf00-4c56-be41-c6b17f332a35.png\"> <img decoding=\"async\" src=\"https:\/\/cf.cjdropshipping.com\/0964791e-e989-4cc5-bbe8-a271b1788d5e.png\">  <\/p>\n","protected":false},"excerpt":{"rendered":"<p>Vue d&rsquo;ensemble : 1.gradation progressive ; 2.touchez l&rsquo;interrupteur d&rsquo;\u00e9clairage ; 3.appuyez longuement pendant 5 secondes pour entrer dans le mode compagnon de sommeil ; 4.charge sans fil de t\u00e9l\u00e9phone portable 10W (protocole de charge Qi) ; 5.haut-parleur Bluetooth (version V4.2), le haut-parleur prend \u00e9galement en charge la communication en champ proche de type tactile NFC [&hellip;]<\/p>\n","protected":false},"featured_media":11939,"comment_status":"open","ping_status":"closed","template":"","meta":{"content-type":""},"product_brand":[],"product_cat":[854],"product_tag":[],"class_list":{"0":"post-33315","1":"product","2":"type-product","3":"status-publish","4":"has-post-thumbnail","6":"product_cat-plafonniers-et-suspensions","8":"first","9":"instock","10":"taxable","11":"shipping-taxable","12":"purchasable","13":"product-type-variable","14":"add-to-wishlist-after_add_to_cart"},"yoast_head":"<!-- This site is optimized with the Yoast SEO plugin v27.5 - https:\/\/yoast.com\/product\/yoast-seo-wordpress\/ -->\n<title>Lampe de table Creative Tree Light Enceinte musicale compatible Bluetooth Lampe de chevet Dimmable T\u00e9l\u00e9phone Chargement sans fil Lampes de bureau - Aigle Shopping Canada<\/title>\n<meta name=\"robots\" content=\"index, follow, max-snippet:-1, max-image-preview:large, max-video-preview:-1\" \/>\n<link rel=\"canonical\" href=\"https:\/\/aigleshopping.ca\/fr\/produit\/lampe-de-table-creative-tree-light-enceinte-musicale-compatible-bluetooth-lampe-de-chevet-dimmable-telephone-chargement-sans-fil-lampes-de-bureau\/\" \/>\n<meta property=\"og:locale\" content=\"fr_FR\" \/>\n<meta property=\"og:type\" content=\"article\" \/>\n<meta property=\"og:title\" content=\"Lampe de table Creative Tree Light Enceinte musicale compatible Bluetooth Lampe de chevet Dimmable T\u00e9l\u00e9phone Chargement sans fil Lampes de bureau - Aigle Shopping Canada\" \/>\n<meta property=\"og:description\" content=\"Vue d&rsquo;ensemble : 1.gradation progressive ; 2.touchez l&rsquo;interrupteur d&rsquo;\u00e9clairage ; 3.appuyez longuement pendant 5 secondes pour entrer dans le mode compagnon de sommeil ; 4.charge sans fil de t\u00e9l\u00e9phone portable 10W (protocole de charge Qi) ; 5.haut-parleur Bluetooth (version V4.2), le haut-parleur prend \u00e9galement en charge la communication en champ proche de type tactile NFC [&hellip;]\" \/>\n<meta property=\"og:url\" content=\"https:\/\/aigleshopping.ca\/fr\/produit\/lampe-de-table-creative-tree-light-enceinte-musicale-compatible-bluetooth-lampe-de-chevet-dimmable-telephone-chargement-sans-fil-lampes-de-bureau\/\" \/>\n<meta property=\"og:site_name\" content=\"Aigle Shopping Canada\" \/>\n<meta property=\"og:image\" content=\"https:\/\/aigleshopping.ca\/wp-content\/uploads\/2025\/03\/983036952419.jpg\" \/>\n\t<meta property=\"og:image:width\" content=\"1200\" \/>\n\t<meta property=\"og:image:height\" content=\"1200\" \/>\n\t<meta property=\"og:image:type\" content=\"image\/jpeg\" \/>\n<meta name=\"twitter:card\" content=\"summary_large_image\" \/>\n<meta name=\"twitter:label1\" content=\"Dur\u00e9e de lecture estim\u00e9e\" \/>\n\t<meta name=\"twitter:data1\" content=\"1 minute\" \/>\n<script type=\"application\/ld+json\" class=\"yoast-schema-graph\">{\"@context\":\"https:\\\/\\\/schema.org\",\"@graph\":[{\"@type\":\"WebPage\",\"@id\":\"https:\\\/\\\/aigleshopping.ca\\\/fr\\\/produit\\\/lampe-de-table-creative-tree-light-enceinte-musicale-compatible-bluetooth-lampe-de-chevet-dimmable-telephone-chargement-sans-fil-lampes-de-bureau\\\/\",\"url\":\"https:\\\/\\\/aigleshopping.ca\\\/fr\\\/produit\\\/lampe-de-table-creative-tree-light-enceinte-musicale-compatible-bluetooth-lampe-de-chevet-dimmable-telephone-chargement-sans-fil-lampes-de-bureau\\\/\",\"name\":\"Lampe de table Creative Tree Light Enceinte musicale compatible Bluetooth Lampe de chevet Dimmable T\u00e9l\u00e9phone Chargement sans fil Lampes de bureau - Aigle Shopping Canada\",\"isPartOf\":{\"@id\":\"https:\\\/\\\/aigleshopping.ca\\\/#website\"},\"primaryImageOfPage\":{\"@id\":\"https:\\\/\\\/aigleshopping.ca\\\/fr\\\/produit\\\/lampe-de-table-creative-tree-light-enceinte-musicale-compatible-bluetooth-lampe-de-chevet-dimmable-telephone-chargement-sans-fil-lampes-de-bureau\\\/#primaryimage\"},\"image\":{\"@id\":\"https:\\\/\\\/aigleshopping.ca\\\/fr\\\/produit\\\/lampe-de-table-creative-tree-light-enceinte-musicale-compatible-bluetooth-lampe-de-chevet-dimmable-telephone-chargement-sans-fil-lampes-de-bureau\\\/#primaryimage\"},\"thumbnailUrl\":\"https:\\\/\\\/aigleshopping.ca\\\/wp-content\\\/uploads\\\/2025\\\/03\\\/983036952419.jpg\",\"datePublished\":\"2025-03-07T08:11:11+00:00\",\"breadcrumb\":{\"@id\":\"https:\\\/\\\/aigleshopping.ca\\\/fr\\\/produit\\\/lampe-de-table-creative-tree-light-enceinte-musicale-compatible-bluetooth-lampe-de-chevet-dimmable-telephone-chargement-sans-fil-lampes-de-bureau\\\/#breadcrumb\"},\"inLanguage\":\"fr-FR\",\"potentialAction\":[{\"@type\":\"ReadAction\",\"target\":[\"https:\\\/\\\/aigleshopping.ca\\\/fr\\\/produit\\\/lampe-de-table-creative-tree-light-enceinte-musicale-compatible-bluetooth-lampe-de-chevet-dimmable-telephone-chargement-sans-fil-lampes-de-bureau\\\/\"]}]},{\"@type\":\"ImageObject\",\"inLanguage\":\"fr-FR\",\"@id\":\"https:\\\/\\\/aigleshopping.ca\\\/fr\\\/produit\\\/lampe-de-table-creative-tree-light-enceinte-musicale-compatible-bluetooth-lampe-de-chevet-dimmable-telephone-chargement-sans-fil-lampes-de-bureau\\\/#primaryimage\",\"url\":\"https:\\\/\\\/aigleshopping.ca\\\/wp-content\\\/uploads\\\/2025\\\/03\\\/983036952419.jpg\",\"contentUrl\":\"https:\\\/\\\/aigleshopping.ca\\\/wp-content\\\/uploads\\\/2025\\\/03\\\/983036952419.jpg\",\"width\":1200,\"height\":1200},{\"@type\":\"BreadcrumbList\",\"@id\":\"https:\\\/\\\/aigleshopping.ca\\\/fr\\\/produit\\\/lampe-de-table-creative-tree-light-enceinte-musicale-compatible-bluetooth-lampe-de-chevet-dimmable-telephone-chargement-sans-fil-lampes-de-bureau\\\/#breadcrumb\",\"itemListElement\":[{\"@type\":\"ListItem\",\"position\":1,\"name\":\"Home\",\"item\":\"https:\\\/\\\/aigleshopping.ca\\\/fr\\\/home\\\/\"},{\"@type\":\"ListItem\",\"position\":2,\"name\":\"Products\",\"item\":\"https:\\\/\\\/aigleshopping.ca\\\/shop\\\/\"},{\"@type\":\"ListItem\",\"position\":3,\"name\":\"Lampe de table Creative Tree Light Enceinte musicale compatible Bluetooth Lampe de chevet Dimmable T\u00e9l\u00e9phone Chargement sans fil Lampes de bureau\"}]},{\"@type\":\"WebSite\",\"@id\":\"https:\\\/\\\/aigleshopping.ca\\\/#website\",\"url\":\"https:\\\/\\\/aigleshopping.ca\\\/\",\"name\":\"Aigle Shopping Canada\",\"description\":\"Au-del\u00e0 des fronti\u00e8res, pour vous offrir le\u00a0meilleur!\",\"publisher\":{\"@id\":\"https:\\\/\\\/aigleshopping.ca\\\/#organization\"},\"potentialAction\":[{\"@type\":\"SearchAction\",\"target\":{\"@type\":\"EntryPoint\",\"urlTemplate\":\"https:\\\/\\\/aigleshopping.ca\\\/?s={search_term_string}\"},\"query-input\":{\"@type\":\"PropertyValueSpecification\",\"valueRequired\":true,\"valueName\":\"search_term_string\"}}],\"inLanguage\":\"fr-FR\"},{\"@type\":\"Organization\",\"@id\":\"https:\\\/\\\/aigleshopping.ca\\\/#organization\",\"name\":\"Aigle Shopping Canada\",\"url\":\"https:\\\/\\\/aigleshopping.ca\\\/\",\"logo\":{\"@type\":\"ImageObject\",\"inLanguage\":\"fr-FR\",\"@id\":\"https:\\\/\\\/aigleshopping.ca\\\/#\\\/schema\\\/logo\\\/image\\\/\",\"url\":\"https:\\\/\\\/aigleshopping.ca\\\/wp-content\\\/uploads\\\/2025\\\/12\\\/logo_aigleshopping_ca.png\",\"contentUrl\":\"https:\\\/\\\/aigleshopping.ca\\\/wp-content\\\/uploads\\\/2025\\\/12\\\/logo_aigleshopping_ca.png\",\"width\":800,\"height\":233,\"caption\":\"Aigle Shopping Canada\"},\"image\":{\"@id\":\"https:\\\/\\\/aigleshopping.ca\\\/#\\\/schema\\\/logo\\\/image\\\/\"}}]}<\/script>\n<!-- \/ Yoast SEO plugin. -->","yoast_head_json":{"title":"Lampe de table Creative Tree Light Enceinte musicale compatible Bluetooth Lampe de chevet Dimmable T\u00e9l\u00e9phone Chargement sans fil Lampes de bureau - Aigle Shopping Canada","robots":{"index":"index","follow":"follow","max-snippet":"max-snippet:-1","max-image-preview":"max-image-preview:large","max-video-preview":"max-video-preview:-1"},"canonical":"https:\/\/aigleshopping.ca\/fr\/produit\/lampe-de-table-creative-tree-light-enceinte-musicale-compatible-bluetooth-lampe-de-chevet-dimmable-telephone-chargement-sans-fil-lampes-de-bureau\/","og_locale":"fr_FR","og_type":"article","og_title":"Lampe de table Creative Tree Light Enceinte musicale compatible Bluetooth Lampe de chevet Dimmable T\u00e9l\u00e9phone Chargement sans fil Lampes de bureau - Aigle Shopping Canada","og_description":"Vue d&rsquo;ensemble : 1.gradation progressive ; 2.touchez l&rsquo;interrupteur d&rsquo;\u00e9clairage ; 3.appuyez longuement pendant 5 secondes pour entrer dans le mode compagnon de sommeil ; 4.charge sans fil de t\u00e9l\u00e9phone portable 10W (protocole de charge Qi) ; 5.haut-parleur Bluetooth (version V4.2), le haut-parleur prend \u00e9galement en charge la communication en champ proche de type tactile NFC [&hellip;]","og_url":"https:\/\/aigleshopping.ca\/fr\/produit\/lampe-de-table-creative-tree-light-enceinte-musicale-compatible-bluetooth-lampe-de-chevet-dimmable-telephone-chargement-sans-fil-lampes-de-bureau\/","og_site_name":"Aigle Shopping Canada","og_image":[{"width":1200,"height":1200,"url":"https:\/\/aigleshopping.ca\/wp-content\/uploads\/2025\/03\/983036952419.jpg","type":"image\/jpeg"}],"twitter_card":"summary_large_image","twitter_misc":{"Dur\u00e9e de lecture estim\u00e9e":"1 minute"},"schema":{"@context":"https:\/\/schema.org","@graph":[{"@type":"WebPage","@id":"https:\/\/aigleshopping.ca\/fr\/produit\/lampe-de-table-creative-tree-light-enceinte-musicale-compatible-bluetooth-lampe-de-chevet-dimmable-telephone-chargement-sans-fil-lampes-de-bureau\/","url":"https:\/\/aigleshopping.ca\/fr\/produit\/lampe-de-table-creative-tree-light-enceinte-musicale-compatible-bluetooth-lampe-de-chevet-dimmable-telephone-chargement-sans-fil-lampes-de-bureau\/","name":"Lampe de table Creative Tree Light Enceinte musicale compatible Bluetooth Lampe de chevet Dimmable T\u00e9l\u00e9phone Chargement sans fil Lampes de bureau - Aigle Shopping Canada","isPartOf":{"@id":"https:\/\/aigleshopping.ca\/#website"},"primaryImageOfPage":{"@id":"https:\/\/aigleshopping.ca\/fr\/produit\/lampe-de-table-creative-tree-light-enceinte-musicale-compatible-bluetooth-lampe-de-chevet-dimmable-telephone-chargement-sans-fil-lampes-de-bureau\/#primaryimage"},"image":{"@id":"https:\/\/aigleshopping.ca\/fr\/produit\/lampe-de-table-creative-tree-light-enceinte-musicale-compatible-bluetooth-lampe-de-chevet-dimmable-telephone-chargement-sans-fil-lampes-de-bureau\/#primaryimage"},"thumbnailUrl":"https:\/\/aigleshopping.ca\/wp-content\/uploads\/2025\/03\/983036952419.jpg","datePublished":"2025-03-07T08:11:11+00:00","breadcrumb":{"@id":"https:\/\/aigleshopping.ca\/fr\/produit\/lampe-de-table-creative-tree-light-enceinte-musicale-compatible-bluetooth-lampe-de-chevet-dimmable-telephone-chargement-sans-fil-lampes-de-bureau\/#breadcrumb"},"inLanguage":"fr-FR","potentialAction":[{"@type":"ReadAction","target":["https:\/\/aigleshopping.ca\/fr\/produit\/lampe-de-table-creative-tree-light-enceinte-musicale-compatible-bluetooth-lampe-de-chevet-dimmable-telephone-chargement-sans-fil-lampes-de-bureau\/"]}]},{"@type":"ImageObject","inLanguage":"fr-FR","@id":"https:\/\/aigleshopping.ca\/fr\/produit\/lampe-de-table-creative-tree-light-enceinte-musicale-compatible-bluetooth-lampe-de-chevet-dimmable-telephone-chargement-sans-fil-lampes-de-bureau\/#primaryimage","url":"https:\/\/aigleshopping.ca\/wp-content\/uploads\/2025\/03\/983036952419.jpg","contentUrl":"https:\/\/aigleshopping.ca\/wp-content\/uploads\/2025\/03\/983036952419.jpg","width":1200,"height":1200},{"@type":"BreadcrumbList","@id":"https:\/\/aigleshopping.ca\/fr\/produit\/lampe-de-table-creative-tree-light-enceinte-musicale-compatible-bluetooth-lampe-de-chevet-dimmable-telephone-chargement-sans-fil-lampes-de-bureau\/#breadcrumb","itemListElement":[{"@type":"ListItem","position":1,"name":"Home","item":"https:\/\/aigleshopping.ca\/fr\/home\/"},{"@type":"ListItem","position":2,"name":"Products","item":"https:\/\/aigleshopping.ca\/shop\/"},{"@type":"ListItem","position":3,"name":"Lampe de table Creative Tree Light Enceinte musicale compatible Bluetooth Lampe de chevet Dimmable T\u00e9l\u00e9phone Chargement sans fil Lampes de bureau"}]},{"@type":"WebSite","@id":"https:\/\/aigleshopping.ca\/#website","url":"https:\/\/aigleshopping.ca\/","name":"Aigle Shopping Canada","description":"Au-del\u00e0 des fronti\u00e8res, pour vous offrir le\u00a0meilleur!","publisher":{"@id":"https:\/\/aigleshopping.ca\/#organization"},"potentialAction":[{"@type":"SearchAction","target":{"@type":"EntryPoint","urlTemplate":"https:\/\/aigleshopping.ca\/?s={search_term_string}"},"query-input":{"@type":"PropertyValueSpecification","valueRequired":true,"valueName":"search_term_string"}}],"inLanguage":"fr-FR"},{"@type":"Organization","@id":"https:\/\/aigleshopping.ca\/#organization","name":"Aigle Shopping Canada","url":"https:\/\/aigleshopping.ca\/","logo":{"@type":"ImageObject","inLanguage":"fr-FR","@id":"https:\/\/aigleshopping.ca\/#\/schema\/logo\/image\/","url":"https:\/\/aigleshopping.ca\/wp-content\/uploads\/2025\/12\/logo_aigleshopping_ca.png","contentUrl":"https:\/\/aigleshopping.ca\/wp-content\/uploads\/2025\/12\/logo_aigleshopping_ca.png","width":800,"height":233,"caption":"Aigle Shopping Canada"},"image":{"@id":"https:\/\/aigleshopping.ca\/#\/schema\/logo\/image\/"}}]}},"jetpack_sharing_enabled":true,"_links":{"self":[{"href":"https:\/\/aigleshopping.ca\/fr\/wp-json\/wp\/v2\/product\/33315","targetHints":{"allow":["GET"]}}],"collection":[{"href":"https:\/\/aigleshopping.ca\/fr\/wp-json\/wp\/v2\/product"}],"about":[{"href":"https:\/\/aigleshopping.ca\/fr\/wp-json\/wp\/v2\/types\/product"}],"replies":[{"embeddable":true,"href":"https:\/\/aigleshopping.ca\/fr\/wp-json\/wp\/v2\/comments?post=33315"}],"wp:featuredmedia":[{"embeddable":true,"href":"https:\/\/aigleshopping.ca\/fr\/wp-json\/wp\/v2\/media\/11939"}],"wp:attachment":[{"href":"https:\/\/aigleshopping.ca\/fr\/wp-json\/wp\/v2\/media?parent=33315"}],"wp:term":[{"taxonomy":"product_brand","embeddable":true,"href":"https:\/\/aigleshopping.ca\/fr\/wp-json\/wp\/v2\/product_brand?post=33315"},{"taxonomy":"product_cat","embeddable":true,"href":"https:\/\/aigleshopping.ca\/fr\/wp-json\/wp\/v2\/product_cat?post=33315"},{"taxonomy":"product_tag","embeddable":true,"href":"https:\/\/aigleshopping.ca\/fr\/wp-json\/wp\/v2\/product_tag?post=33315"}],"curies":[{"name":"wp","href":"https:\/\/api.w.org\/{rel}","templated":true}]}}