{"id":33316,"date":"2025-03-06T23:48:14","date_gmt":"2025-03-06T23:48:14","guid":{"rendered":"https:\/\/aigleshopping.ca\/produit\/casque-antibruit-pour-les-jeux-video\/"},"modified":"2025-03-06T23:48:14","modified_gmt":"2025-03-06T23:48:14","slug":"casque-antibruit-pour-les-jeux-video","status":"publish","type":"product","link":"https:\/\/aigleshopping.ca\/fr\/produit\/casque-antibruit-pour-les-jeux-video\/","title":{"rendered":"Casque antibruit pour les jeux vid\u00e9o"},"content":{"rendered":"<p>  Casque antibruit pour les jeux <br \/> Type de produit : casque de jeu <br \/> Mod\u00e8le de produit : S602 <br \/> Unit\u00e9 de haut-parleur : 50 mm <br \/> Puissance nominale : 20 mW <br \/> Sensibilit\u00e9 du haut-parleur : 103dM+\/-3db <br \/> Directionnalit\u00e9 : omnidirectionnelle <br \/> Effet sonore : effet sonore virtuel 7.1 <br \/> Lumi\u00e8re respiratoire : lumi\u00e8re respiratoire color\u00e9e <br \/> Pointage du microphone : tous les points <br \/> Taille du produit : 187.23X206.70X103.43mm  <img decoding=\"async\" src=\"https:\/\/cf.cjdropshipping.com\/5b9bb81f-1337-475e-a8ec-49fc0f7165f4.jpg\"> <img decoding=\"async\" src=\"https:\/\/cf.cjdropshipping.com\/36d3c87d-3414-4f80-9930-33ca2eb21536.jpg\"> <img decoding=\"async\" src=\"https:\/\/cf.cjdropshipping.com\/dd00946f-65ad-487e-a508-b1ee4a05bb37.jpg\"> <img decoding=\"async\" src=\"https:\/\/cf.cjdropshipping.com\/caa8f261-2bc5-44bb-8677-2cc3f7d3241f.jpg\"> <img decoding=\"async\" src=\"https:\/\/cf.cjdropshipping.com\/865a98a8-448b-416d-9294-fc7d944e4a91.jpg\"> <img decoding=\"async\" src=\"https:\/\/cf.cjdropshipping.com\/61192312-bb85-4ddb-8d33-3a09a94a022e.jpg\"> <\/p>\n","protected":false},"excerpt":{"rendered":"<p>Casque antibruit pour les jeux Type de produit : casque de jeu Mod\u00e8le de produit : S602 Unit\u00e9 de haut-parleur : 50 mm Puissance nominale : 20 mW Sensibilit\u00e9 du haut-parleur : 103dM+\/-3db Directionnalit\u00e9 : omnidirectionnelle Effet sonore : effet sonore virtuel 7.1 Lumi\u00e8re respiratoire : lumi\u00e8re respiratoire color\u00e9e Pointage du microphone : tous les [&hellip;]<\/p>\n","protected":false},"featured_media":11285,"comment_status":"open","ping_status":"closed","template":"","meta":{"content-type":""},"product_brand":[],"product_cat":[753],"product_tag":[],"class_list":{"0":"post-33316","1":"product","2":"type-product","3":"status-publish","4":"has-post-thumbnail","6":"product_cat-casques-decoute","8":"first","9":"instock","10":"taxable","11":"shipping-taxable","12":"purchasable","13":"product-type-variable","14":"add-to-wishlist-after_add_to_cart"},"yoast_head":"<!-- This site is optimized with the Yoast SEO plugin v27.4 - https:\/\/yoast.com\/product\/yoast-seo-wordpress\/ -->\n<title>Casque antibruit pour les jeux vid\u00e9o - Aigle Shopping Canada<\/title>\n<meta name=\"robots\" content=\"index, follow, max-snippet:-1, max-image-preview:large, max-video-preview:-1\" \/>\n<link rel=\"canonical\" href=\"https:\/\/aigleshopping.ca\/fr\/produit\/casque-antibruit-pour-les-jeux-video\/\" \/>\n<meta property=\"og:locale\" content=\"fr_FR\" \/>\n<meta property=\"og:type\" content=\"article\" \/>\n<meta property=\"og:title\" content=\"Casque antibruit pour les jeux vid\u00e9o - Aigle Shopping Canada\" \/>\n<meta property=\"og:description\" content=\"Casque antibruit pour les jeux Type de produit : casque de jeu Mod\u00e8le de produit : S602 Unit\u00e9 de haut-parleur : 50 mm Puissance nominale : 20 mW Sensibilit\u00e9 du haut-parleur : 103dM+\/-3db Directionnalit\u00e9 : omnidirectionnelle Effet sonore : effet sonore virtuel 7.1 Lumi\u00e8re respiratoire : lumi\u00e8re respiratoire color\u00e9e Pointage du microphone : tous les [&hellip;]\" \/>\n<meta property=\"og:url\" content=\"https:\/\/aigleshopping.ca\/fr\/produit\/casque-antibruit-pour-les-jeux-video\/\" \/>\n<meta property=\"og:site_name\" content=\"Aigle Shopping Canada\" \/>\n<meta property=\"og:image\" content=\"https:\/\/aigleshopping.ca\/wp-content\/uploads\/2025\/03\/1595488639777.jpg\" \/>\n\t<meta property=\"og:image:width\" content=\"800\" \/>\n\t<meta property=\"og:image:height\" content=\"800\" \/>\n\t<meta property=\"og:image:type\" content=\"image\/jpeg\" \/>\n<meta name=\"twitter:card\" content=\"summary_large_image\" \/>\n<script type=\"application\/ld+json\" class=\"yoast-schema-graph\">{\"@context\":\"https:\\\/\\\/schema.org\",\"@graph\":[{\"@type\":\"WebPage\",\"@id\":\"https:\\\/\\\/aigleshopping.ca\\\/fr\\\/produit\\\/casque-antibruit-pour-les-jeux-video\\\/\",\"url\":\"https:\\\/\\\/aigleshopping.ca\\\/fr\\\/produit\\\/casque-antibruit-pour-les-jeux-video\\\/\",\"name\":\"Casque antibruit pour les jeux vid\u00e9o - Aigle Shopping Canada\",\"isPartOf\":{\"@id\":\"https:\\\/\\\/aigleshopping.ca\\\/#website\"},\"primaryImageOfPage\":{\"@id\":\"https:\\\/\\\/aigleshopping.ca\\\/fr\\\/produit\\\/casque-antibruit-pour-les-jeux-video\\\/#primaryimage\"},\"image\":{\"@id\":\"https:\\\/\\\/aigleshopping.ca\\\/fr\\\/produit\\\/casque-antibruit-pour-les-jeux-video\\\/#primaryimage\"},\"thumbnailUrl\":\"https:\\\/\\\/aigleshopping.ca\\\/wp-content\\\/uploads\\\/2025\\\/03\\\/1595488639777.jpg\",\"datePublished\":\"2025-03-06T23:48:14+00:00\",\"breadcrumb\":{\"@id\":\"https:\\\/\\\/aigleshopping.ca\\\/fr\\\/produit\\\/casque-antibruit-pour-les-jeux-video\\\/#breadcrumb\"},\"inLanguage\":\"fr-FR\",\"potentialAction\":[{\"@type\":\"ReadAction\",\"target\":[\"https:\\\/\\\/aigleshopping.ca\\\/fr\\\/produit\\\/casque-antibruit-pour-les-jeux-video\\\/\"]}]},{\"@type\":\"ImageObject\",\"inLanguage\":\"fr-FR\",\"@id\":\"https:\\\/\\\/aigleshopping.ca\\\/fr\\\/produit\\\/casque-antibruit-pour-les-jeux-video\\\/#primaryimage\",\"url\":\"https:\\\/\\\/aigleshopping.ca\\\/wp-content\\\/uploads\\\/2025\\\/03\\\/1595488639777.jpg\",\"contentUrl\":\"https:\\\/\\\/aigleshopping.ca\\\/wp-content\\\/uploads\\\/2025\\\/03\\\/1595488639777.jpg\",\"width\":800,\"height\":800},{\"@type\":\"BreadcrumbList\",\"@id\":\"https:\\\/\\\/aigleshopping.ca\\\/fr\\\/produit\\\/casque-antibruit-pour-les-jeux-video\\\/#breadcrumb\",\"itemListElement\":[{\"@type\":\"ListItem\",\"position\":1,\"name\":\"Home\",\"item\":\"https:\\\/\\\/aigleshopping.ca\\\/fr\\\/home\\\/\"},{\"@type\":\"ListItem\",\"position\":2,\"name\":\"Products\",\"item\":\"https:\\\/\\\/aigleshopping.ca\\\/shop\\\/\"},{\"@type\":\"ListItem\",\"position\":3,\"name\":\"Casque antibruit pour les jeux vid\u00e9o\"}]},{\"@type\":\"WebSite\",\"@id\":\"https:\\\/\\\/aigleshopping.ca\\\/#website\",\"url\":\"https:\\\/\\\/aigleshopping.ca\\\/\",\"name\":\"Aigle Shopping Canada\",\"description\":\"Au-del\u00e0 des fronti\u00e8res, pour vous offrir le\u00a0meilleur!\",\"publisher\":{\"@id\":\"https:\\\/\\\/aigleshopping.ca\\\/#organization\"},\"potentialAction\":[{\"@type\":\"SearchAction\",\"target\":{\"@type\":\"EntryPoint\",\"urlTemplate\":\"https:\\\/\\\/aigleshopping.ca\\\/?s={search_term_string}\"},\"query-input\":{\"@type\":\"PropertyValueSpecification\",\"valueRequired\":true,\"valueName\":\"search_term_string\"}}],\"inLanguage\":\"fr-FR\"},{\"@type\":\"Organization\",\"@id\":\"https:\\\/\\\/aigleshopping.ca\\\/#organization\",\"name\":\"Aigle Shopping Canada\",\"url\":\"https:\\\/\\\/aigleshopping.ca\\\/\",\"logo\":{\"@type\":\"ImageObject\",\"inLanguage\":\"fr-FR\",\"@id\":\"https:\\\/\\\/aigleshopping.ca\\\/#\\\/schema\\\/logo\\\/image\\\/\",\"url\":\"https:\\\/\\\/aigleshopping.ca\\\/wp-content\\\/uploads\\\/2025\\\/12\\\/logo_aigleshopping_ca.png\",\"contentUrl\":\"https:\\\/\\\/aigleshopping.ca\\\/wp-content\\\/uploads\\\/2025\\\/12\\\/logo_aigleshopping_ca.png\",\"width\":800,\"height\":233,\"caption\":\"Aigle Shopping Canada\"},\"image\":{\"@id\":\"https:\\\/\\\/aigleshopping.ca\\\/#\\\/schema\\\/logo\\\/image\\\/\"}}]}<\/script>\n<!-- \/ Yoast SEO plugin. -->","yoast_head_json":{"title":"Casque antibruit pour les jeux vid\u00e9o - Aigle Shopping Canada","robots":{"index":"index","follow":"follow","max-snippet":"max-snippet:-1","max-image-preview":"max-image-preview:large","max-video-preview":"max-video-preview:-1"},"canonical":"https:\/\/aigleshopping.ca\/fr\/produit\/casque-antibruit-pour-les-jeux-video\/","og_locale":"fr_FR","og_type":"article","og_title":"Casque antibruit pour les jeux vid\u00e9o - Aigle Shopping Canada","og_description":"Casque antibruit pour les jeux Type de produit : casque de jeu Mod\u00e8le de produit : S602 Unit\u00e9 de haut-parleur : 50 mm Puissance nominale : 20 mW Sensibilit\u00e9 du haut-parleur : 103dM+\/-3db Directionnalit\u00e9 : omnidirectionnelle Effet sonore : effet sonore virtuel 7.1 Lumi\u00e8re respiratoire : lumi\u00e8re respiratoire color\u00e9e Pointage du microphone : tous les [&hellip;]","og_url":"https:\/\/aigleshopping.ca\/fr\/produit\/casque-antibruit-pour-les-jeux-video\/","og_site_name":"Aigle Shopping Canada","og_image":[{"width":800,"height":800,"url":"https:\/\/aigleshopping.ca\/wp-content\/uploads\/2025\/03\/1595488639777.jpg","type":"image\/jpeg"}],"twitter_card":"summary_large_image","schema":{"@context":"https:\/\/schema.org","@graph":[{"@type":"WebPage","@id":"https:\/\/aigleshopping.ca\/fr\/produit\/casque-antibruit-pour-les-jeux-video\/","url":"https:\/\/aigleshopping.ca\/fr\/produit\/casque-antibruit-pour-les-jeux-video\/","name":"Casque antibruit pour les jeux vid\u00e9o - Aigle Shopping Canada","isPartOf":{"@id":"https:\/\/aigleshopping.ca\/#website"},"primaryImageOfPage":{"@id":"https:\/\/aigleshopping.ca\/fr\/produit\/casque-antibruit-pour-les-jeux-video\/#primaryimage"},"image":{"@id":"https:\/\/aigleshopping.ca\/fr\/produit\/casque-antibruit-pour-les-jeux-video\/#primaryimage"},"thumbnailUrl":"https:\/\/aigleshopping.ca\/wp-content\/uploads\/2025\/03\/1595488639777.jpg","datePublished":"2025-03-06T23:48:14+00:00","breadcrumb":{"@id":"https:\/\/aigleshopping.ca\/fr\/produit\/casque-antibruit-pour-les-jeux-video\/#breadcrumb"},"inLanguage":"fr-FR","potentialAction":[{"@type":"ReadAction","target":["https:\/\/aigleshopping.ca\/fr\/produit\/casque-antibruit-pour-les-jeux-video\/"]}]},{"@type":"ImageObject","inLanguage":"fr-FR","@id":"https:\/\/aigleshopping.ca\/fr\/produit\/casque-antibruit-pour-les-jeux-video\/#primaryimage","url":"https:\/\/aigleshopping.ca\/wp-content\/uploads\/2025\/03\/1595488639777.jpg","contentUrl":"https:\/\/aigleshopping.ca\/wp-content\/uploads\/2025\/03\/1595488639777.jpg","width":800,"height":800},{"@type":"BreadcrumbList","@id":"https:\/\/aigleshopping.ca\/fr\/produit\/casque-antibruit-pour-les-jeux-video\/#breadcrumb","itemListElement":[{"@type":"ListItem","position":1,"name":"Home","item":"https:\/\/aigleshopping.ca\/fr\/home\/"},{"@type":"ListItem","position":2,"name":"Products","item":"https:\/\/aigleshopping.ca\/shop\/"},{"@type":"ListItem","position":3,"name":"Casque antibruit pour les jeux vid\u00e9o"}]},{"@type":"WebSite","@id":"https:\/\/aigleshopping.ca\/#website","url":"https:\/\/aigleshopping.ca\/","name":"Aigle Shopping Canada","description":"Au-del\u00e0 des fronti\u00e8res, pour vous offrir le\u00a0meilleur!","publisher":{"@id":"https:\/\/aigleshopping.ca\/#organization"},"potentialAction":[{"@type":"SearchAction","target":{"@type":"EntryPoint","urlTemplate":"https:\/\/aigleshopping.ca\/?s={search_term_string}"},"query-input":{"@type":"PropertyValueSpecification","valueRequired":true,"valueName":"search_term_string"}}],"inLanguage":"fr-FR"},{"@type":"Organization","@id":"https:\/\/aigleshopping.ca\/#organization","name":"Aigle Shopping Canada","url":"https:\/\/aigleshopping.ca\/","logo":{"@type":"ImageObject","inLanguage":"fr-FR","@id":"https:\/\/aigleshopping.ca\/#\/schema\/logo\/image\/","url":"https:\/\/aigleshopping.ca\/wp-content\/uploads\/2025\/12\/logo_aigleshopping_ca.png","contentUrl":"https:\/\/aigleshopping.ca\/wp-content\/uploads\/2025\/12\/logo_aigleshopping_ca.png","width":800,"height":233,"caption":"Aigle Shopping Canada"},"image":{"@id":"https:\/\/aigleshopping.ca\/#\/schema\/logo\/image\/"}}]}},"jetpack_sharing_enabled":true,"_links":{"self":[{"href":"https:\/\/aigleshopping.ca\/fr\/wp-json\/wp\/v2\/product\/33316","targetHints":{"allow":["GET"]}}],"collection":[{"href":"https:\/\/aigleshopping.ca\/fr\/wp-json\/wp\/v2\/product"}],"about":[{"href":"https:\/\/aigleshopping.ca\/fr\/wp-json\/wp\/v2\/types\/product"}],"replies":[{"embeddable":true,"href":"https:\/\/aigleshopping.ca\/fr\/wp-json\/wp\/v2\/comments?post=33316"}],"wp:featuredmedia":[{"embeddable":true,"href":"https:\/\/aigleshopping.ca\/fr\/wp-json\/wp\/v2\/media\/11285"}],"wp:attachment":[{"href":"https:\/\/aigleshopping.ca\/fr\/wp-json\/wp\/v2\/media?parent=33316"}],"wp:term":[{"taxonomy":"product_brand","embeddable":true,"href":"https:\/\/aigleshopping.ca\/fr\/wp-json\/wp\/v2\/product_brand?post=33316"},{"taxonomy":"product_cat","embeddable":true,"href":"https:\/\/aigleshopping.ca\/fr\/wp-json\/wp\/v2\/product_cat?post=33316"},{"taxonomy":"product_tag","embeddable":true,"href":"https:\/\/aigleshopping.ca\/fr\/wp-json\/wp\/v2\/product_tag?post=33316"}],"curies":[{"name":"wp","href":"https:\/\/api.w.org\/{rel}","templated":true}]}}