{"id":33320,"date":"2025-03-06T23:42:34","date_gmt":"2025-03-06T23:42:34","guid":{"rendered":"https:\/\/aigleshopping.ca\/produit\/casque-doreille-de-lapin-casque-sans-fil-lumineux-extensible-pour-le-ble\/"},"modified":"2025-03-06T23:42:34","modified_gmt":"2025-03-06T23:42:34","slug":"casque-doreille-de-lapin-casque-sans-fil-lumineux-extensible-pour-le-ble","status":"publish","type":"product","link":"https:\/\/aigleshopping.ca\/fr\/produit\/casque-doreille-de-lapin-casque-sans-fil-lumineux-extensible-pour-le-ble\/","title":{"rendered":"Casque d&rsquo;oreille de lapin Casque sans fil lumineux extensible pour le bl\u00e9"},"content":{"rendered":"<p> <b>Informations sur le produit :<\/b> <\/p>\n<p>  Port\u00e9e de transmission : 15 m\u00e8tres <br \/> Fonction : affichage de la batterie, fonction d&rsquo;appel, prise en charge de la musique <br \/> Protocole Bluetooth : 5.0 <br \/> Canal : St\u00e9r\u00e9o <br \/> Mode d&#8217;emploi : montage sur la t\u00eate <br \/> Simple ou binaural : st\u00e9r\u00e9o bilat\u00e9ral <br \/> Couleur : blanc, blanc rose, rose, violet, bleu, vert  <\/p>\n<p> <b>Caract\u00e9ristiques :<\/b> <\/p>\n<p>  1. Fonction Bluetooth + MP3 pour \u00e9couter de la musique en st\u00e9r\u00e9o et t\u00e9l\u00e9phoner.  <br \/>  2. pour connecter tous les appareils audio dot\u00e9s de Bluetooth, notamment les t\u00e9l\u00e9phones portables, les tablettes PC, les ordinateurs portables, les ordinateurs, etc.  <br \/>  3. Prise audio de 3,5 mm, une connexion \u00e0 haut d\u00e9bit pour une s\u00e9rie d&rsquo;appareils dot\u00e9s de la technologie Bluetooth.  <br \/>  4. vous pouvez vous renseigner sur l&rsquo;utilisation des t\u00e9l\u00e9commandes en g\u00e9n\u00e9ral et en particulier.  <br \/>  5. opgeladen via USB, oplaadbare batterij, handig en praktisch.  <br \/>  6. La dur\u00e9e d&rsquo;utilisation est de 10 \u00e0 12 heures, et la dur\u00e9e de fonctionnement est de 12 heures, et la dur\u00e9e de veille est de 148 heures.  <br \/>  7. une bonne qualit\u00e9, un poids \u00e9lev\u00e9 et une longueur d&rsquo;ouvrage importante, un grand confort d&rsquo;utilisation et une grande qualit\u00e9 d&rsquo;utilisation.  <br \/>  8. Le meilleur outil pour \u00e9couter de la musique, visionner des films, discuter en ligne, etc.  <br \/>  9. avec la carte sd, avec l&rsquo;appareil bluetooth, vous ne pouvez pas vous passer de la musique, m\u00eame si c&rsquo;est le cas.  <br \/>  10. Leuke RGB Konijnenoren draadloze koptelefoon, kinderen vakantie cadeau oortelefoon.  <b> <br \/> <\/b> <br \/> <b>Liste d&#8217;emballage :<\/b> <\/p>\n<p>Casque*1 Manuel*1, C\u00e2ble de chargement*1<\/p>\n<p> <\/p>\n<p> <img decoding=\"async\" src=\"https:\/\/cf.cjdropshipping.com\/16778016\/1631553225062748160.jpg\"> <img decoding=\"async\" src=\"https:\/\/cf.cjdropshipping.com\/16778016\/1631553226690138112.jpg\"> <img decoding=\"async\" src=\"https:\/\/cf.cjdropshipping.com\/16778016\/1631553227113762816.jpg\"> <img decoding=\"async\" src=\"https:\/\/cf.cjdropshipping.com\/16778016\/1631553227742908416.jpg\"> <img decoding=\"async\" src=\"https:\/\/cf.cjdropshipping.com\/16778016\/1631553228674043904.jpg\"> <img decoding=\"async\" src=\"https:\/\/cf.cjdropshipping.com\/16778016\/1631553231287095296.jpg\"> <img decoding=\"async\" src=\"https:\/\/cf.cjdropshipping.com\/16778016\/1631553233514270720.jpg\"> <img decoding=\"async\" src=\"https:\/\/cf.cjdropshipping.com\/16778016\/1631553235103911936.jpg\"> <img decoding=\"async\" src=\"https:\/\/cf.cjdropshipping.com\/16778016\/1631553235674337280.jpg\"> <img decoding=\"async\" src=\"https:\/\/cf.cjdropshipping.com\/16778016\/1631553238069284864.jpg\"> <\/p>\n<p> <img decoding=\"async\" src=\"https:\/\/cf.cjdropshipping.com\/16778016\/1631553239671508992.jpg\"> <img decoding=\"async\" src=\"https:\/\/cf.cjdropshipping.com\/16778016\/1631553241349230592.jpg\"> <img decoding=\"async\" src=\"https:\/\/cf.cjdropshipping.com\/16778016\/1631553241684774912.jpg\"> <img decoding=\"async\" src=\"https:\/\/cf.cjdropshipping.com\/16778016\/1631553243165364224.jpg\"> <img decoding=\"async\" src=\"https:\/\/cf.cjdropshipping.com\/16778016\/1631553243337330688.jpg\"> <img decoding=\"async\" src=\"https:\/\/cf.cjdropshipping.com\/16778016\/1631553243568017408.jpg\"> <img decoding=\"async\" src=\"https:\/\/cf.cjdropshipping.com\/16778016\/1631553243840647168.jpg\"> <img decoding=\"async\" src=\"https:\/\/cf.cjdropshipping.com\/16778016\/1631553244297826304.jpg\"> <img decoding=\"async\" src=\"https:\/\/cf.cjdropshipping.com\/16778016\/1631553244864057344.jpg\"> <\/p>\n","protected":false},"excerpt":{"rendered":"<p>Informations sur le produit : Port\u00e9e de transmission : 15 m\u00e8tres Fonction : affichage de la batterie, fonction d&rsquo;appel, prise en charge de la musique Protocole Bluetooth : 5.0 Canal : St\u00e9r\u00e9o Mode d&#8217;emploi : montage sur la t\u00eate Simple ou binaural : st\u00e9r\u00e9o bilat\u00e9ral Couleur : blanc, blanc rose, rose, violet, bleu, vert Caract\u00e9ristiques [&hellip;]<\/p>\n","protected":false},"featured_media":11208,"comment_status":"open","ping_status":"closed","template":"","meta":{"content-type":""},"product_brand":[],"product_cat":[753],"product_tag":[],"class_list":{"0":"post-33320","1":"product","2":"type-product","3":"status-publish","4":"has-post-thumbnail","6":"product_cat-casques-decoute","8":"first","9":"instock","10":"taxable","11":"shipping-taxable","12":"purchasable","13":"product-type-variable","14":"add-to-wishlist-after_add_to_cart"},"yoast_head":"<!-- This site is optimized with the Yoast SEO plugin v27.4 - https:\/\/yoast.com\/product\/yoast-seo-wordpress\/ -->\n<title>Casque d&#039;oreille de lapin Casque sans fil lumineux extensible pour le bl\u00e9 - Aigle Shopping Canada<\/title>\n<meta name=\"robots\" content=\"index, follow, max-snippet:-1, max-image-preview:large, max-video-preview:-1\" \/>\n<link rel=\"canonical\" href=\"https:\/\/aigleshopping.ca\/fr\/produit\/casque-doreille-de-lapin-casque-sans-fil-lumineux-extensible-pour-le-ble\/\" \/>\n<meta property=\"og:locale\" content=\"fr_FR\" \/>\n<meta property=\"og:type\" content=\"article\" \/>\n<meta property=\"og:title\" content=\"Casque d&#039;oreille de lapin Casque sans fil lumineux extensible pour le bl\u00e9 - Aigle Shopping Canada\" \/>\n<meta property=\"og:description\" content=\"Informations sur le produit : Port\u00e9e de transmission : 15 m\u00e8tres Fonction : affichage de la batterie, fonction d&rsquo;appel, prise en charge de la musique Protocole Bluetooth : 5.0 Canal : St\u00e9r\u00e9o Mode d&#8217;emploi : montage sur la t\u00eate Simple ou binaural : st\u00e9r\u00e9o bilat\u00e9ral Couleur : blanc, blanc rose, rose, violet, bleu, vert Caract\u00e9ristiques [&hellip;]\" \/>\n<meta property=\"og:url\" content=\"https:\/\/aigleshopping.ca\/fr\/produit\/casque-doreille-de-lapin-casque-sans-fil-lumineux-extensible-pour-le-ble\/\" \/>\n<meta property=\"og:site_name\" content=\"Aigle Shopping Canada\" \/>\n<meta property=\"og:image\" content=\"https:\/\/aigleshopping.ca\/wp-content\/uploads\/2025\/03\/d0d425f5-ee88-4aea-81b2-9dafbb689cf2.jpg\" \/>\n\t<meta property=\"og:image:width\" content=\"800\" \/>\n\t<meta property=\"og:image:height\" content=\"800\" \/>\n\t<meta property=\"og:image:type\" content=\"image\/jpeg\" \/>\n<meta name=\"twitter:card\" content=\"summary_large_image\" \/>\n<meta name=\"twitter:label1\" content=\"Dur\u00e9e de lecture estim\u00e9e\" \/>\n\t<meta name=\"twitter:data1\" content=\"1 minute\" \/>\n<script type=\"application\/ld+json\" class=\"yoast-schema-graph\">{\"@context\":\"https:\\\/\\\/schema.org\",\"@graph\":[{\"@type\":\"WebPage\",\"@id\":\"https:\\\/\\\/aigleshopping.ca\\\/fr\\\/produit\\\/casque-doreille-de-lapin-casque-sans-fil-lumineux-extensible-pour-le-ble\\\/\",\"url\":\"https:\\\/\\\/aigleshopping.ca\\\/fr\\\/produit\\\/casque-doreille-de-lapin-casque-sans-fil-lumineux-extensible-pour-le-ble\\\/\",\"name\":\"Casque d'oreille de lapin Casque sans fil lumineux extensible pour le bl\u00e9 - Aigle Shopping Canada\",\"isPartOf\":{\"@id\":\"https:\\\/\\\/aigleshopping.ca\\\/#website\"},\"primaryImageOfPage\":{\"@id\":\"https:\\\/\\\/aigleshopping.ca\\\/fr\\\/produit\\\/casque-doreille-de-lapin-casque-sans-fil-lumineux-extensible-pour-le-ble\\\/#primaryimage\"},\"image\":{\"@id\":\"https:\\\/\\\/aigleshopping.ca\\\/fr\\\/produit\\\/casque-doreille-de-lapin-casque-sans-fil-lumineux-extensible-pour-le-ble\\\/#primaryimage\"},\"thumbnailUrl\":\"https:\\\/\\\/aigleshopping.ca\\\/wp-content\\\/uploads\\\/2025\\\/03\\\/d0d425f5-ee88-4aea-81b2-9dafbb689cf2.jpg\",\"datePublished\":\"2025-03-06T23:42:34+00:00\",\"breadcrumb\":{\"@id\":\"https:\\\/\\\/aigleshopping.ca\\\/fr\\\/produit\\\/casque-doreille-de-lapin-casque-sans-fil-lumineux-extensible-pour-le-ble\\\/#breadcrumb\"},\"inLanguage\":\"fr-FR\",\"potentialAction\":[{\"@type\":\"ReadAction\",\"target\":[\"https:\\\/\\\/aigleshopping.ca\\\/fr\\\/produit\\\/casque-doreille-de-lapin-casque-sans-fil-lumineux-extensible-pour-le-ble\\\/\"]}]},{\"@type\":\"ImageObject\",\"inLanguage\":\"fr-FR\",\"@id\":\"https:\\\/\\\/aigleshopping.ca\\\/fr\\\/produit\\\/casque-doreille-de-lapin-casque-sans-fil-lumineux-extensible-pour-le-ble\\\/#primaryimage\",\"url\":\"https:\\\/\\\/aigleshopping.ca\\\/wp-content\\\/uploads\\\/2025\\\/03\\\/d0d425f5-ee88-4aea-81b2-9dafbb689cf2.jpg\",\"contentUrl\":\"https:\\\/\\\/aigleshopping.ca\\\/wp-content\\\/uploads\\\/2025\\\/03\\\/d0d425f5-ee88-4aea-81b2-9dafbb689cf2.jpg\",\"width\":800,\"height\":800},{\"@type\":\"BreadcrumbList\",\"@id\":\"https:\\\/\\\/aigleshopping.ca\\\/fr\\\/produit\\\/casque-doreille-de-lapin-casque-sans-fil-lumineux-extensible-pour-le-ble\\\/#breadcrumb\",\"itemListElement\":[{\"@type\":\"ListItem\",\"position\":1,\"name\":\"Home\",\"item\":\"https:\\\/\\\/aigleshopping.ca\\\/fr\\\/home\\\/\"},{\"@type\":\"ListItem\",\"position\":2,\"name\":\"Products\",\"item\":\"https:\\\/\\\/aigleshopping.ca\\\/shop\\\/\"},{\"@type\":\"ListItem\",\"position\":3,\"name\":\"Casque d&#8217;oreille de lapin Casque sans fil lumineux extensible pour le bl\u00e9\"}]},{\"@type\":\"WebSite\",\"@id\":\"https:\\\/\\\/aigleshopping.ca\\\/#website\",\"url\":\"https:\\\/\\\/aigleshopping.ca\\\/\",\"name\":\"Aigle Shopping Canada\",\"description\":\"Au-del\u00e0 des fronti\u00e8res, pour vous offrir le\u00a0meilleur!\",\"publisher\":{\"@id\":\"https:\\\/\\\/aigleshopping.ca\\\/#organization\"},\"potentialAction\":[{\"@type\":\"SearchAction\",\"target\":{\"@type\":\"EntryPoint\",\"urlTemplate\":\"https:\\\/\\\/aigleshopping.ca\\\/?s={search_term_string}\"},\"query-input\":{\"@type\":\"PropertyValueSpecification\",\"valueRequired\":true,\"valueName\":\"search_term_string\"}}],\"inLanguage\":\"fr-FR\"},{\"@type\":\"Organization\",\"@id\":\"https:\\\/\\\/aigleshopping.ca\\\/#organization\",\"name\":\"Aigle Shopping Canada\",\"url\":\"https:\\\/\\\/aigleshopping.ca\\\/\",\"logo\":{\"@type\":\"ImageObject\",\"inLanguage\":\"fr-FR\",\"@id\":\"https:\\\/\\\/aigleshopping.ca\\\/#\\\/schema\\\/logo\\\/image\\\/\",\"url\":\"https:\\\/\\\/aigleshopping.ca\\\/wp-content\\\/uploads\\\/2025\\\/12\\\/logo_aigleshopping_ca.png\",\"contentUrl\":\"https:\\\/\\\/aigleshopping.ca\\\/wp-content\\\/uploads\\\/2025\\\/12\\\/logo_aigleshopping_ca.png\",\"width\":800,\"height\":233,\"caption\":\"Aigle Shopping Canada\"},\"image\":{\"@id\":\"https:\\\/\\\/aigleshopping.ca\\\/#\\\/schema\\\/logo\\\/image\\\/\"}}]}<\/script>\n<!-- \/ Yoast SEO plugin. -->","yoast_head_json":{"title":"Casque d'oreille de lapin Casque sans fil lumineux extensible pour le bl\u00e9 - Aigle Shopping Canada","robots":{"index":"index","follow":"follow","max-snippet":"max-snippet:-1","max-image-preview":"max-image-preview:large","max-video-preview":"max-video-preview:-1"},"canonical":"https:\/\/aigleshopping.ca\/fr\/produit\/casque-doreille-de-lapin-casque-sans-fil-lumineux-extensible-pour-le-ble\/","og_locale":"fr_FR","og_type":"article","og_title":"Casque d'oreille de lapin Casque sans fil lumineux extensible pour le bl\u00e9 - Aigle Shopping Canada","og_description":"Informations sur le produit : Port\u00e9e de transmission : 15 m\u00e8tres Fonction : affichage de la batterie, fonction d&rsquo;appel, prise en charge de la musique Protocole Bluetooth : 5.0 Canal : St\u00e9r\u00e9o Mode d&#8217;emploi : montage sur la t\u00eate Simple ou binaural : st\u00e9r\u00e9o bilat\u00e9ral Couleur : blanc, blanc rose, rose, violet, bleu, vert Caract\u00e9ristiques [&hellip;]","og_url":"https:\/\/aigleshopping.ca\/fr\/produit\/casque-doreille-de-lapin-casque-sans-fil-lumineux-extensible-pour-le-ble\/","og_site_name":"Aigle Shopping Canada","og_image":[{"width":800,"height":800,"url":"https:\/\/aigleshopping.ca\/wp-content\/uploads\/2025\/03\/d0d425f5-ee88-4aea-81b2-9dafbb689cf2.jpg","type":"image\/jpeg"}],"twitter_card":"summary_large_image","twitter_misc":{"Dur\u00e9e de lecture estim\u00e9e":"1 minute"},"schema":{"@context":"https:\/\/schema.org","@graph":[{"@type":"WebPage","@id":"https:\/\/aigleshopping.ca\/fr\/produit\/casque-doreille-de-lapin-casque-sans-fil-lumineux-extensible-pour-le-ble\/","url":"https:\/\/aigleshopping.ca\/fr\/produit\/casque-doreille-de-lapin-casque-sans-fil-lumineux-extensible-pour-le-ble\/","name":"Casque d'oreille de lapin Casque sans fil lumineux extensible pour le bl\u00e9 - Aigle Shopping Canada","isPartOf":{"@id":"https:\/\/aigleshopping.ca\/#website"},"primaryImageOfPage":{"@id":"https:\/\/aigleshopping.ca\/fr\/produit\/casque-doreille-de-lapin-casque-sans-fil-lumineux-extensible-pour-le-ble\/#primaryimage"},"image":{"@id":"https:\/\/aigleshopping.ca\/fr\/produit\/casque-doreille-de-lapin-casque-sans-fil-lumineux-extensible-pour-le-ble\/#primaryimage"},"thumbnailUrl":"https:\/\/aigleshopping.ca\/wp-content\/uploads\/2025\/03\/d0d425f5-ee88-4aea-81b2-9dafbb689cf2.jpg","datePublished":"2025-03-06T23:42:34+00:00","breadcrumb":{"@id":"https:\/\/aigleshopping.ca\/fr\/produit\/casque-doreille-de-lapin-casque-sans-fil-lumineux-extensible-pour-le-ble\/#breadcrumb"},"inLanguage":"fr-FR","potentialAction":[{"@type":"ReadAction","target":["https:\/\/aigleshopping.ca\/fr\/produit\/casque-doreille-de-lapin-casque-sans-fil-lumineux-extensible-pour-le-ble\/"]}]},{"@type":"ImageObject","inLanguage":"fr-FR","@id":"https:\/\/aigleshopping.ca\/fr\/produit\/casque-doreille-de-lapin-casque-sans-fil-lumineux-extensible-pour-le-ble\/#primaryimage","url":"https:\/\/aigleshopping.ca\/wp-content\/uploads\/2025\/03\/d0d425f5-ee88-4aea-81b2-9dafbb689cf2.jpg","contentUrl":"https:\/\/aigleshopping.ca\/wp-content\/uploads\/2025\/03\/d0d425f5-ee88-4aea-81b2-9dafbb689cf2.jpg","width":800,"height":800},{"@type":"BreadcrumbList","@id":"https:\/\/aigleshopping.ca\/fr\/produit\/casque-doreille-de-lapin-casque-sans-fil-lumineux-extensible-pour-le-ble\/#breadcrumb","itemListElement":[{"@type":"ListItem","position":1,"name":"Home","item":"https:\/\/aigleshopping.ca\/fr\/home\/"},{"@type":"ListItem","position":2,"name":"Products","item":"https:\/\/aigleshopping.ca\/shop\/"},{"@type":"ListItem","position":3,"name":"Casque d&#8217;oreille de lapin Casque sans fil lumineux extensible pour le bl\u00e9"}]},{"@type":"WebSite","@id":"https:\/\/aigleshopping.ca\/#website","url":"https:\/\/aigleshopping.ca\/","name":"Aigle Shopping Canada","description":"Au-del\u00e0 des fronti\u00e8res, pour vous offrir le\u00a0meilleur!","publisher":{"@id":"https:\/\/aigleshopping.ca\/#organization"},"potentialAction":[{"@type":"SearchAction","target":{"@type":"EntryPoint","urlTemplate":"https:\/\/aigleshopping.ca\/?s={search_term_string}"},"query-input":{"@type":"PropertyValueSpecification","valueRequired":true,"valueName":"search_term_string"}}],"inLanguage":"fr-FR"},{"@type":"Organization","@id":"https:\/\/aigleshopping.ca\/#organization","name":"Aigle Shopping Canada","url":"https:\/\/aigleshopping.ca\/","logo":{"@type":"ImageObject","inLanguage":"fr-FR","@id":"https:\/\/aigleshopping.ca\/#\/schema\/logo\/image\/","url":"https:\/\/aigleshopping.ca\/wp-content\/uploads\/2025\/12\/logo_aigleshopping_ca.png","contentUrl":"https:\/\/aigleshopping.ca\/wp-content\/uploads\/2025\/12\/logo_aigleshopping_ca.png","width":800,"height":233,"caption":"Aigle Shopping Canada"},"image":{"@id":"https:\/\/aigleshopping.ca\/#\/schema\/logo\/image\/"}}]}},"jetpack_sharing_enabled":true,"_links":{"self":[{"href":"https:\/\/aigleshopping.ca\/fr\/wp-json\/wp\/v2\/product\/33320","targetHints":{"allow":["GET"]}}],"collection":[{"href":"https:\/\/aigleshopping.ca\/fr\/wp-json\/wp\/v2\/product"}],"about":[{"href":"https:\/\/aigleshopping.ca\/fr\/wp-json\/wp\/v2\/types\/product"}],"replies":[{"embeddable":true,"href":"https:\/\/aigleshopping.ca\/fr\/wp-json\/wp\/v2\/comments?post=33320"}],"wp:featuredmedia":[{"embeddable":true,"href":"https:\/\/aigleshopping.ca\/fr\/wp-json\/wp\/v2\/media\/11208"}],"wp:attachment":[{"href":"https:\/\/aigleshopping.ca\/fr\/wp-json\/wp\/v2\/media?parent=33320"}],"wp:term":[{"taxonomy":"product_brand","embeddable":true,"href":"https:\/\/aigleshopping.ca\/fr\/wp-json\/wp\/v2\/product_brand?post=33320"},{"taxonomy":"product_cat","embeddable":true,"href":"https:\/\/aigleshopping.ca\/fr\/wp-json\/wp\/v2\/product_cat?post=33320"},{"taxonomy":"product_tag","embeddable":true,"href":"https:\/\/aigleshopping.ca\/fr\/wp-json\/wp\/v2\/product_tag?post=33320"}],"curies":[{"name":"wp","href":"https:\/\/api.w.org\/{rel}","templated":true}]}}