{"id":33327,"date":"2025-03-06T23:34:57","date_gmt":"2025-03-06T23:34:57","guid":{"rendered":"https:\/\/aigleshopping.ca\/produit\/new-mini-transparent-wireless-bluetooth-headset-digital-display-enc-noise-reduction-true-wireless-sports-music\/"},"modified":"2025-03-06T23:34:57","modified_gmt":"2025-03-06T23:34:57","slug":"new-mini-transparent-wireless-bluetooth-headset-digital-display-enc-noise-reduction-true-wireless-sports-music","status":"publish","type":"product","link":"https:\/\/aigleshopping.ca\/fr\/produit\/new-mini-transparent-wireless-bluetooth-headset-digital-display-enc-noise-reduction-true-wireless-sports-music\/","title":{"rendered":"New Mini Transparent Wireless Bluetooth Headset Digital Display ENC Noise Reduction True Wireless Sports Music"},"content":{"rendered":"<p> <b>Vue d&rsquo;ensemble :<\/b> <\/p>\n<p>  1. Affichage num\u00e9rique de la puissance par LED : L&rsquo;affichage num\u00e9rique LED indique clairement et avec pr\u00e9cision la puissance restante du compartiment de charge et la puissance des \u00e9couteurs gauche et droit est \u00e9galement clairement affich\u00e9e, ce qui permet de contr\u00f4ler librement le temps.  <br \/>  2. Longue dur\u00e9e d&rsquo;utilisation : Dot\u00e9 d&rsquo;une puce \u00e0 faible consommation d&rsquo;\u00e9nergie et d&rsquo;une batterie au lithium de grande capacit\u00e9, il peut \u00eatre utilis\u00e9 en continu pendant 5 heures lorsqu&rsquo;il est compl\u00e8tement charg\u00e9, et peut durer 20 heures lorsqu&rsquo;il est associ\u00e9 \u00e0 un bo\u00eetier de chargement, ce qui vous permet de profiter pleinement des plaisirs de la musique et des jeux.  <br \/>  3. Compatible Bluetooth 5.3 : La nouvelle g\u00e9n\u00e9ration de puce de contr\u00f4le principale compatible Bluetooth 5.3 am\u00e9liore consid\u00e9rablement sa capacit\u00e9 anti-interf\u00e9rence dans les environnements complexes, avec une consommation d&rsquo;\u00e9nergie r\u00e9duite, une transmission plus rapide et des connexions plus stables.  <br \/>  4. Confortable \u00e0 porter : Les \u00e9couteurs intra-auriculaires compatibles avec la technologie Bluetooth et les embouts en silicone sont confortables \u00e0 porter. Ouvrez l&rsquo;\u00e9tui de l&rsquo;\u00e9couteur et retirez-le pour l&rsquo;appairer automatiquement, offrant ainsi une exp\u00e9rience d&rsquo;\u00e9coute indescriptible.   <\/p>\n<p> <b> <br \/> <\/b> <\/p>\n<p> <b>Informations sur le produit :<\/b>  <\/p>\n<p>  Port\u00e9e de transmission : 10 m\u00e8tres <br \/> Fonction : Longue dur\u00e9e de vie de la batterie, \u00e9cran d&rsquo;affichage num\u00e9rique <br \/> Protocole Bluetooth : 5.0 <br \/> Autonomie de la batterie : 4-8 heures (heures) <br \/> R\u00e9sistance \u00e0 l&rsquo;eau : ne supporte pas l&rsquo;\u00e9tanch\u00e9it\u00e9 <br \/> Mat\u00e9riau : Plastique <br \/> Couleur : blanc, noir, vert, violet, bleu <br \/> Taille : bo\u00eete (140 * 165 * 45mm)   <\/p>\n<p> <\/p>\n<p> <b>Liste d&#8217;emballage :<\/b> <\/p>\n<p>Compartiment de charge * 1 \u00e9couteur * 2 c\u00e2ble de charge * 1<\/p>\n<p> <\/p>\n<p> <img decoding=\"async\" src=\"https:\/\/cf.cjdropshipping.com\/17160768\/2405190801230321900.jpg\"> <img decoding=\"async\" src=\"https:\/\/cf.cjdropshipping.com\/17160768\/2405190801230322400.jpg\"> <img decoding=\"async\" src=\"https:\/\/cf.cjdropshipping.com\/17160768\/2405190801230323200.jpg\"> <img decoding=\"async\" src=\"https:\/\/cf.cjdropshipping.com\/17160768\/2405190801230323900.jpg\"> <img decoding=\"async\" src=\"https:\/\/cf.cjdropshipping.com\/17160768\/2405190801230324400.jpg\"> <img decoding=\"async\" src=\"https:\/\/cf.cjdropshipping.com\/17160768\/2405190801230325100.jpg\"> <img decoding=\"async\" src=\"https:\/\/cf.cjdropshipping.com\/17160768\/2405190801230325700.jpg\"> <img decoding=\"async\" src=\"https:\/\/cf.cjdropshipping.com\/17160768\/2405190801230326300.jpg\">  <\/p>\n","protected":false},"excerpt":{"rendered":"<p>Vue d&rsquo;ensemble : 1. Affichage num\u00e9rique de la puissance par LED : L&rsquo;affichage num\u00e9rique LED indique clairement et avec pr\u00e9cision la puissance restante du compartiment de charge et la puissance des \u00e9couteurs gauche et droit est \u00e9galement clairement affich\u00e9e, ce qui permet de contr\u00f4ler librement le temps. 2. Longue dur\u00e9e d&rsquo;utilisation : Dot\u00e9 d&rsquo;une puce [&hellip;]<\/p>\n","protected":false},"featured_media":11088,"comment_status":"open","ping_status":"closed","template":"","meta":{"content-type":""},"product_brand":[],"product_cat":[755],"product_tag":[],"class_list":{"0":"post-33327","1":"product","2":"type-product","3":"status-publish","4":"has-post-thumbnail","6":"product_cat-casques-sans-fil","8":"first","9":"instock","10":"taxable","11":"shipping-taxable","12":"purchasable","13":"product-type-variable","14":"add-to-wishlist-after_add_to_cart"},"yoast_head":"<!-- This site is optimized with the Yoast SEO plugin v27.4 - https:\/\/yoast.com\/product\/yoast-seo-wordpress\/ -->\n<title>New Mini Transparent Wireless Bluetooth Headset Digital Display ENC Noise Reduction True Wireless Sports Music - Aigle Shopping Canada<\/title>\n<meta name=\"robots\" content=\"index, follow, max-snippet:-1, max-image-preview:large, max-video-preview:-1\" \/>\n<link rel=\"canonical\" href=\"https:\/\/aigleshopping.ca\/fr\/produit\/new-mini-transparent-wireless-bluetooth-headset-digital-display-enc-noise-reduction-true-wireless-sports-music\/\" \/>\n<meta property=\"og:locale\" content=\"fr_FR\" \/>\n<meta property=\"og:type\" content=\"article\" \/>\n<meta property=\"og:title\" content=\"New Mini Transparent Wireless Bluetooth Headset Digital Display ENC Noise Reduction True Wireless Sports Music - Aigle Shopping Canada\" \/>\n<meta property=\"og:description\" content=\"Vue d&rsquo;ensemble : 1. Affichage num\u00e9rique de la puissance par LED : L&rsquo;affichage num\u00e9rique LED indique clairement et avec pr\u00e9cision la puissance restante du compartiment de charge et la puissance des \u00e9couteurs gauche et droit est \u00e9galement clairement affich\u00e9e, ce qui permet de contr\u00f4ler librement le temps. 2. Longue dur\u00e9e d&rsquo;utilisation : Dot\u00e9 d&rsquo;une puce [&hellip;]\" \/>\n<meta property=\"og:url\" content=\"https:\/\/aigleshopping.ca\/fr\/produit\/new-mini-transparent-wireless-bluetooth-headset-digital-display-enc-noise-reduction-true-wireless-sports-music\/\" \/>\n<meta property=\"og:site_name\" content=\"Aigle Shopping Canada\" \/>\n<meta property=\"og:image\" content=\"https:\/\/aigleshopping.ca\/wp-content\/uploads\/2025\/03\/07e9f7f4-88bc-4a89-bfec-f0233aaaba1a.jpg\" \/>\n\t<meta property=\"og:image:width\" content=\"1084\" \/>\n\t<meta property=\"og:image:height\" content=\"1084\" \/>\n\t<meta property=\"og:image:type\" content=\"image\/jpeg\" \/>\n<meta name=\"twitter:card\" content=\"summary_large_image\" \/>\n<meta name=\"twitter:label1\" content=\"Dur\u00e9e de lecture estim\u00e9e\" \/>\n\t<meta name=\"twitter:data1\" content=\"1 minute\" \/>\n<script type=\"application\/ld+json\" class=\"yoast-schema-graph\">{\"@context\":\"https:\\\/\\\/schema.org\",\"@graph\":[{\"@type\":\"WebPage\",\"@id\":\"https:\\\/\\\/aigleshopping.ca\\\/fr\\\/produit\\\/new-mini-transparent-wireless-bluetooth-headset-digital-display-enc-noise-reduction-true-wireless-sports-music\\\/\",\"url\":\"https:\\\/\\\/aigleshopping.ca\\\/fr\\\/produit\\\/new-mini-transparent-wireless-bluetooth-headset-digital-display-enc-noise-reduction-true-wireless-sports-music\\\/\",\"name\":\"New Mini Transparent Wireless Bluetooth Headset Digital Display ENC Noise Reduction True Wireless Sports Music - Aigle Shopping Canada\",\"isPartOf\":{\"@id\":\"https:\\\/\\\/aigleshopping.ca\\\/#website\"},\"primaryImageOfPage\":{\"@id\":\"https:\\\/\\\/aigleshopping.ca\\\/fr\\\/produit\\\/new-mini-transparent-wireless-bluetooth-headset-digital-display-enc-noise-reduction-true-wireless-sports-music\\\/#primaryimage\"},\"image\":{\"@id\":\"https:\\\/\\\/aigleshopping.ca\\\/fr\\\/produit\\\/new-mini-transparent-wireless-bluetooth-headset-digital-display-enc-noise-reduction-true-wireless-sports-music\\\/#primaryimage\"},\"thumbnailUrl\":\"https:\\\/\\\/aigleshopping.ca\\\/wp-content\\\/uploads\\\/2025\\\/03\\\/07e9f7f4-88bc-4a89-bfec-f0233aaaba1a.jpg\",\"datePublished\":\"2025-03-06T23:34:57+00:00\",\"breadcrumb\":{\"@id\":\"https:\\\/\\\/aigleshopping.ca\\\/fr\\\/produit\\\/new-mini-transparent-wireless-bluetooth-headset-digital-display-enc-noise-reduction-true-wireless-sports-music\\\/#breadcrumb\"},\"inLanguage\":\"fr-FR\",\"potentialAction\":[{\"@type\":\"ReadAction\",\"target\":[\"https:\\\/\\\/aigleshopping.ca\\\/fr\\\/produit\\\/new-mini-transparent-wireless-bluetooth-headset-digital-display-enc-noise-reduction-true-wireless-sports-music\\\/\"]}]},{\"@type\":\"ImageObject\",\"inLanguage\":\"fr-FR\",\"@id\":\"https:\\\/\\\/aigleshopping.ca\\\/fr\\\/produit\\\/new-mini-transparent-wireless-bluetooth-headset-digital-display-enc-noise-reduction-true-wireless-sports-music\\\/#primaryimage\",\"url\":\"https:\\\/\\\/aigleshopping.ca\\\/wp-content\\\/uploads\\\/2025\\\/03\\\/07e9f7f4-88bc-4a89-bfec-f0233aaaba1a.jpg\",\"contentUrl\":\"https:\\\/\\\/aigleshopping.ca\\\/wp-content\\\/uploads\\\/2025\\\/03\\\/07e9f7f4-88bc-4a89-bfec-f0233aaaba1a.jpg\",\"width\":1084,\"height\":1084},{\"@type\":\"BreadcrumbList\",\"@id\":\"https:\\\/\\\/aigleshopping.ca\\\/fr\\\/produit\\\/new-mini-transparent-wireless-bluetooth-headset-digital-display-enc-noise-reduction-true-wireless-sports-music\\\/#breadcrumb\",\"itemListElement\":[{\"@type\":\"ListItem\",\"position\":1,\"name\":\"Home\",\"item\":\"https:\\\/\\\/aigleshopping.ca\\\/fr\\\/home\\\/\"},{\"@type\":\"ListItem\",\"position\":2,\"name\":\"Products\",\"item\":\"https:\\\/\\\/aigleshopping.ca\\\/shop\\\/\"},{\"@type\":\"ListItem\",\"position\":3,\"name\":\"New Mini Transparent Wireless Bluetooth Headset Digital Display ENC Noise Reduction True Wireless Sports Music\"}]},{\"@type\":\"WebSite\",\"@id\":\"https:\\\/\\\/aigleshopping.ca\\\/#website\",\"url\":\"https:\\\/\\\/aigleshopping.ca\\\/\",\"name\":\"Aigle Shopping Canada\",\"description\":\"Au-del\u00e0 des fronti\u00e8res, pour vous offrir le\u00a0meilleur!\",\"publisher\":{\"@id\":\"https:\\\/\\\/aigleshopping.ca\\\/#organization\"},\"potentialAction\":[{\"@type\":\"SearchAction\",\"target\":{\"@type\":\"EntryPoint\",\"urlTemplate\":\"https:\\\/\\\/aigleshopping.ca\\\/?s={search_term_string}\"},\"query-input\":{\"@type\":\"PropertyValueSpecification\",\"valueRequired\":true,\"valueName\":\"search_term_string\"}}],\"inLanguage\":\"fr-FR\"},{\"@type\":\"Organization\",\"@id\":\"https:\\\/\\\/aigleshopping.ca\\\/#organization\",\"name\":\"Aigle Shopping Canada\",\"url\":\"https:\\\/\\\/aigleshopping.ca\\\/\",\"logo\":{\"@type\":\"ImageObject\",\"inLanguage\":\"fr-FR\",\"@id\":\"https:\\\/\\\/aigleshopping.ca\\\/#\\\/schema\\\/logo\\\/image\\\/\",\"url\":\"https:\\\/\\\/aigleshopping.ca\\\/wp-content\\\/uploads\\\/2025\\\/12\\\/logo_aigleshopping_ca.png\",\"contentUrl\":\"https:\\\/\\\/aigleshopping.ca\\\/wp-content\\\/uploads\\\/2025\\\/12\\\/logo_aigleshopping_ca.png\",\"width\":800,\"height\":233,\"caption\":\"Aigle Shopping Canada\"},\"image\":{\"@id\":\"https:\\\/\\\/aigleshopping.ca\\\/#\\\/schema\\\/logo\\\/image\\\/\"}}]}<\/script>\n<!-- \/ Yoast SEO plugin. -->","yoast_head_json":{"title":"New Mini Transparent Wireless Bluetooth Headset Digital Display ENC Noise Reduction True Wireless Sports Music - Aigle Shopping Canada","robots":{"index":"index","follow":"follow","max-snippet":"max-snippet:-1","max-image-preview":"max-image-preview:large","max-video-preview":"max-video-preview:-1"},"canonical":"https:\/\/aigleshopping.ca\/fr\/produit\/new-mini-transparent-wireless-bluetooth-headset-digital-display-enc-noise-reduction-true-wireless-sports-music\/","og_locale":"fr_FR","og_type":"article","og_title":"New Mini Transparent Wireless Bluetooth Headset Digital Display ENC Noise Reduction True Wireless Sports Music - Aigle Shopping Canada","og_description":"Vue d&rsquo;ensemble : 1. Affichage num\u00e9rique de la puissance par LED : L&rsquo;affichage num\u00e9rique LED indique clairement et avec pr\u00e9cision la puissance restante du compartiment de charge et la puissance des \u00e9couteurs gauche et droit est \u00e9galement clairement affich\u00e9e, ce qui permet de contr\u00f4ler librement le temps. 2. Longue dur\u00e9e d&rsquo;utilisation : Dot\u00e9 d&rsquo;une puce [&hellip;]","og_url":"https:\/\/aigleshopping.ca\/fr\/produit\/new-mini-transparent-wireless-bluetooth-headset-digital-display-enc-noise-reduction-true-wireless-sports-music\/","og_site_name":"Aigle Shopping Canada","og_image":[{"width":1084,"height":1084,"url":"https:\/\/aigleshopping.ca\/wp-content\/uploads\/2025\/03\/07e9f7f4-88bc-4a89-bfec-f0233aaaba1a.jpg","type":"image\/jpeg"}],"twitter_card":"summary_large_image","twitter_misc":{"Dur\u00e9e de lecture estim\u00e9e":"1 minute"},"schema":{"@context":"https:\/\/schema.org","@graph":[{"@type":"WebPage","@id":"https:\/\/aigleshopping.ca\/fr\/produit\/new-mini-transparent-wireless-bluetooth-headset-digital-display-enc-noise-reduction-true-wireless-sports-music\/","url":"https:\/\/aigleshopping.ca\/fr\/produit\/new-mini-transparent-wireless-bluetooth-headset-digital-display-enc-noise-reduction-true-wireless-sports-music\/","name":"New Mini Transparent Wireless Bluetooth Headset Digital Display ENC Noise Reduction True Wireless Sports Music - Aigle Shopping Canada","isPartOf":{"@id":"https:\/\/aigleshopping.ca\/#website"},"primaryImageOfPage":{"@id":"https:\/\/aigleshopping.ca\/fr\/produit\/new-mini-transparent-wireless-bluetooth-headset-digital-display-enc-noise-reduction-true-wireless-sports-music\/#primaryimage"},"image":{"@id":"https:\/\/aigleshopping.ca\/fr\/produit\/new-mini-transparent-wireless-bluetooth-headset-digital-display-enc-noise-reduction-true-wireless-sports-music\/#primaryimage"},"thumbnailUrl":"https:\/\/aigleshopping.ca\/wp-content\/uploads\/2025\/03\/07e9f7f4-88bc-4a89-bfec-f0233aaaba1a.jpg","datePublished":"2025-03-06T23:34:57+00:00","breadcrumb":{"@id":"https:\/\/aigleshopping.ca\/fr\/produit\/new-mini-transparent-wireless-bluetooth-headset-digital-display-enc-noise-reduction-true-wireless-sports-music\/#breadcrumb"},"inLanguage":"fr-FR","potentialAction":[{"@type":"ReadAction","target":["https:\/\/aigleshopping.ca\/fr\/produit\/new-mini-transparent-wireless-bluetooth-headset-digital-display-enc-noise-reduction-true-wireless-sports-music\/"]}]},{"@type":"ImageObject","inLanguage":"fr-FR","@id":"https:\/\/aigleshopping.ca\/fr\/produit\/new-mini-transparent-wireless-bluetooth-headset-digital-display-enc-noise-reduction-true-wireless-sports-music\/#primaryimage","url":"https:\/\/aigleshopping.ca\/wp-content\/uploads\/2025\/03\/07e9f7f4-88bc-4a89-bfec-f0233aaaba1a.jpg","contentUrl":"https:\/\/aigleshopping.ca\/wp-content\/uploads\/2025\/03\/07e9f7f4-88bc-4a89-bfec-f0233aaaba1a.jpg","width":1084,"height":1084},{"@type":"BreadcrumbList","@id":"https:\/\/aigleshopping.ca\/fr\/produit\/new-mini-transparent-wireless-bluetooth-headset-digital-display-enc-noise-reduction-true-wireless-sports-music\/#breadcrumb","itemListElement":[{"@type":"ListItem","position":1,"name":"Home","item":"https:\/\/aigleshopping.ca\/fr\/home\/"},{"@type":"ListItem","position":2,"name":"Products","item":"https:\/\/aigleshopping.ca\/shop\/"},{"@type":"ListItem","position":3,"name":"New Mini Transparent Wireless Bluetooth Headset Digital Display ENC Noise Reduction True Wireless Sports Music"}]},{"@type":"WebSite","@id":"https:\/\/aigleshopping.ca\/#website","url":"https:\/\/aigleshopping.ca\/","name":"Aigle Shopping Canada","description":"Au-del\u00e0 des fronti\u00e8res, pour vous offrir le\u00a0meilleur!","publisher":{"@id":"https:\/\/aigleshopping.ca\/#organization"},"potentialAction":[{"@type":"SearchAction","target":{"@type":"EntryPoint","urlTemplate":"https:\/\/aigleshopping.ca\/?s={search_term_string}"},"query-input":{"@type":"PropertyValueSpecification","valueRequired":true,"valueName":"search_term_string"}}],"inLanguage":"fr-FR"},{"@type":"Organization","@id":"https:\/\/aigleshopping.ca\/#organization","name":"Aigle Shopping Canada","url":"https:\/\/aigleshopping.ca\/","logo":{"@type":"ImageObject","inLanguage":"fr-FR","@id":"https:\/\/aigleshopping.ca\/#\/schema\/logo\/image\/","url":"https:\/\/aigleshopping.ca\/wp-content\/uploads\/2025\/12\/logo_aigleshopping_ca.png","contentUrl":"https:\/\/aigleshopping.ca\/wp-content\/uploads\/2025\/12\/logo_aigleshopping_ca.png","width":800,"height":233,"caption":"Aigle Shopping Canada"},"image":{"@id":"https:\/\/aigleshopping.ca\/#\/schema\/logo\/image\/"}}]}},"jetpack_sharing_enabled":true,"_links":{"self":[{"href":"https:\/\/aigleshopping.ca\/fr\/wp-json\/wp\/v2\/product\/33327","targetHints":{"allow":["GET"]}}],"collection":[{"href":"https:\/\/aigleshopping.ca\/fr\/wp-json\/wp\/v2\/product"}],"about":[{"href":"https:\/\/aigleshopping.ca\/fr\/wp-json\/wp\/v2\/types\/product"}],"replies":[{"embeddable":true,"href":"https:\/\/aigleshopping.ca\/fr\/wp-json\/wp\/v2\/comments?post=33327"}],"wp:featuredmedia":[{"embeddable":true,"href":"https:\/\/aigleshopping.ca\/fr\/wp-json\/wp\/v2\/media\/11088"}],"wp:attachment":[{"href":"https:\/\/aigleshopping.ca\/fr\/wp-json\/wp\/v2\/media?parent=33327"}],"wp:term":[{"taxonomy":"product_brand","embeddable":true,"href":"https:\/\/aigleshopping.ca\/fr\/wp-json\/wp\/v2\/product_brand?post=33327"},{"taxonomy":"product_cat","embeddable":true,"href":"https:\/\/aigleshopping.ca\/fr\/wp-json\/wp\/v2\/product_cat?post=33327"},{"taxonomy":"product_tag","embeddable":true,"href":"https:\/\/aigleshopping.ca\/fr\/wp-json\/wp\/v2\/product_tag?post=33327"}],"curies":[{"name":"wp","href":"https:\/\/api.w.org\/{rel}","templated":true}]}}