{"id":33332,"date":"2025-03-06T23:40:10","date_gmt":"2025-03-06T23:40:10","guid":{"rendered":"https:\/\/aigleshopping.ca\/produit\/ecouteurs\/"},"modified":"2025-03-06T23:40:10","modified_gmt":"2025-03-06T23:40:10","slug":"ecouteurs","status":"publish","type":"product","link":"https:\/\/aigleshopping.ca\/fr\/produit\/ecouteurs\/","title":{"rendered":"\u00e9couteurs"},"content":{"rendered":"<p> <font style=\"vertical-align: inherit\"> <font style=\"vertical-align: inherit\">Type de casque : Casque  <\/font> <\/font> <br \/> <font style=\"vertical-align: inherit\"> <font style=\"vertical-align: inherit\">M\u00e9thode de port : mont\u00e9 sur la t\u00eate  <\/font> <\/font> <br \/> <font style=\"vertical-align: inherit\"> <font style=\"vertical-align: inherit\">Source de sortie du casque : PC  <\/font> <\/font> <br \/> <font style=\"vertical-align: inherit\"> <font style=\"vertical-align: inherit\">Diam\u00e8tre de la prise : 3,5 mm  <\/font> <\/font> <br \/> <font style=\"vertical-align: inherit\"> <font style=\"vertical-align: inherit\">Type de prise : Insertion droite  <\/font> <\/font> <br \/> <font style=\"vertical-align: inherit\"> <font style=\"vertical-align: inherit\">Casque sans fil : Casque filaire  <\/font> <\/font> <br \/> <font style=\"vertical-align: inherit\"> <font style=\"vertical-align: inherit\">Avec ou sans microphone : Oui  <\/font> <\/font> <br \/> <font style=\"vertical-align: inherit\"> <font style=\"vertical-align: inherit\">Mat\u00e9riau des bouchons d&rsquo;oreilles\/cache-oreilles :&nbsp; <\/font> <\/font> <br \/> <font style=\"vertical-align: inherit\"> <font style=\"vertical-align: inherit\">Mat\u00e9riau du fil du casque : fil tress\u00e9  <\/font> <\/font> <br \/> <font style=\"vertical-align: inherit\"> <font style=\"vertical-align: inherit\">Utilisations : Casque audio et vid\u00e9o de jeu, casques de jeu, casques d&rsquo;ordinateur, casques vocaux, casques ordinaires<\/font> <\/font> <\/p>\n<p> <font style=\"vertical-align: inherit\"> <font style=\"vertical-align: inherit\">Casque lumineux de style ordinaire :  <\/font> <\/font> <br \/> <font style=\"vertical-align: inherit\"> <font style=\"vertical-align: inherit\">2 prises 3,5 mm + 1 prise USB pour ordinateurs de bureau.  <\/font> <\/font> <br \/> <font style=\"vertical-align: inherit\"> <font style=\"vertical-align: inherit\">Apr\u00e8s l&rsquo;achat du cordon de raccordement 2 en 1, il peut \u00eatre utilis\u00e9 pour les ordinateurs portables, les t\u00e9l\u00e9phones portables, etc.  <\/font> <\/font> <br \/> <font style=\"vertical-align: inherit\"> <font style=\"vertical-align: inherit\">Le bouton de r\u00e9glage du volume se trouve sur le corps.  <\/font> <\/font> <\/p>\n<p> <font style=\"vertical-align: inherit\"> <font style=\"vertical-align: inherit\">A : Casque lumineux PS4  <\/font> <\/font> <br \/> <font style=\"vertical-align: inherit\"> <font style=\"vertical-align: inherit\">1 prise 3,5 mm + 1 prise USB, adapt\u00e9 \u00e0 l&rsquo;h\u00f4te PS4, Switch, ordinateur portable, etc., peut \u00eatre \u00e9clair\u00e9.  <\/font> <\/font> <br \/> <font style=\"vertical-align: inherit\"> <font style=\"vertical-align: inherit\">Apr\u00e8s l&rsquo;achat d&rsquo;un deuxi\u00e8me c\u00e2ble audio, vous pouvez utiliser un ordinateur de bureau.  <\/font> <\/font> <br \/> <font style=\"vertical-align: inherit\"> <font style=\"vertical-align: inherit\">T\u00e9l\u00e9commande, microphone r\u00e9glable, volume r\u00e9glable  <\/font> <\/font> <\/p>\n<p> <font style=\"vertical-align: inherit\"> <font style=\"vertical-align: inherit\">B : Casque lumineux USB 7.1 canaux  <\/font> <\/font> <br \/> <font style=\"vertical-align: inherit\"> <font style=\"vertical-align: inherit\">1 port USB pour ordinateurs de bureau, ordinateurs portables, etc., peut \u00eatre \u00e9clair\u00e9.  <\/font> <\/font> <br \/> <font style=\"vertical-align: inherit\"> <font style=\"vertical-align: inherit\">La t\u00e9l\u00e9commande peut \u00eatre utilis\u00e9e pour \u00e9teindre le microphone, \u00e9teindre la lumi\u00e8re et r\u00e9gler le volume.<\/font> <\/font> <\/p>\n<p> <strong> <img decoding=\"async\" alt=\"ind\u00e9fini\" src=\"https:\/\/cf.cjdropshipping.com\/quick\/product\/9d823216-45be-414a-a423-b722952027ac.jpg\"> <br \/> <img decoding=\"async\" alt=\"ind\u00e9fini\" src=\"https:\/\/frontend-cf.cjdropshipping.com\/config-resource\/cj\/img_default.jpeg\" data-original=\"https:\/\/cjdropshipping.com\/manualList.html\"> <br \/> <img decoding=\"async\" alt=\"ind\u00e9fini\" src=\"https:\/\/cf.cjdropshipping.com\/quick\/product\/82c2b7c1-0609-4e62-984b-8b24fe058ed7.jpg\"> <br \/> <img decoding=\"async\" alt=\"ind\u00e9fini\" src=\"https:\/\/cf.cjdropshipping.com\/quick\/product\/60df6f91-f8a0-4860-9a49-34888bfab5da.jpg\"> <br \/> <img decoding=\"async\" alt=\"ind\u00e9fini\" src=\"https:\/\/cf.cjdropshipping.com\/quick\/product\/7434a9d1-4141-4fce-8b45-8c16db5510a5.jpg\"> <br \/> <img decoding=\"async\" alt=\"ind\u00e9fini\" src=\"https:\/\/cf.cjdropshipping.com\/quick\/product\/2101f508-2e23-4385-b6b5-4f5eba94fad1.jpg\"> <br \/> <img decoding=\"async\" alt=\"ind\u00e9fini\" src=\"https:\/\/cf.cjdropshipping.com\/quick\/product\/62ae6b31-0014-4312-8b03-889d9594c084.jpg\"> <br \/> <img decoding=\"async\" alt=\"ind\u00e9fini\" src=\"https:\/\/cf.cjdropshipping.com\/quick\/product\/c98c71f7-0ef4-4fe1-a872-9d3d7f4c1728.jpg\"> <br \/> <img decoding=\"async\" alt=\"ind\u00e9fini\" src=\"https:\/\/cf.cjdropshipping.com\/quick\/product\/bc299443-b676-4a76-9dfb-df6e20d78fa1.jpg\"> <br \/> <img decoding=\"async\" alt=\"ind\u00e9fini\" src=\"https:\/\/cf.cjdropshipping.com\/quick\/product\/6eed4c7d-8563-489d-9af7-92f2701a58dc.jpg\"> <br \/> <img decoding=\"async\" alt=\"ind\u00e9fini\" src=\"https:\/\/cf.cjdropshipping.com\/quick\/product\/431a8e6d-4be9-4c80-9882-7c6e044881b9.jpg\"> <br \/> <img decoding=\"async\" alt=\"ind\u00e9fini\" src=\"https:\/\/cf.cjdropshipping.com\/quick\/product\/8b9fd342-4830-4ccc-8565-58ea65b2d958.jpg\"> <br \/> <img decoding=\"async\" alt=\"ind\u00e9fini\" src=\"https:\/\/cf.cjdropshipping.com\/quick\/product\/f0963b55-b0ad-47c7-aa3f-582f1abf2726.jpg\"> <\/p>\n<p> <img decoding=\"async\" alt=\"ind\u00e9fini\" src=\"https:\/\/cf.cjdropshipping.com\/quick\/product\/f3f287e0-1474-43be-9596-9d05d999a355.jpg\"> <\/p>\n<p> <img decoding=\"async\" alt=\"ind\u00e9fini\" src=\"https:\/\/cf.cjdropshipping.com\/quick\/product\/9ceddd7f-61a1-4eef-b354-364b7e03b2b4.jpg\"> <\/strong>  <\/p>\n","protected":false},"excerpt":{"rendered":"<p>Type de casque : Casque M\u00e9thode de port : mont\u00e9 sur la t\u00eate Source de sortie du casque : PC Diam\u00e8tre de la prise : 3,5 mm Type de prise : Insertion droite Casque sans fil : Casque filaire Avec ou sans microphone : Oui Mat\u00e9riau des bouchons d&rsquo;oreilles\/cache-oreilles :&nbsp; Mat\u00e9riau du fil du casque [&hellip;]<\/p>\n","protected":false},"featured_media":11121,"comment_status":"open","ping_status":"closed","template":"","meta":{"content-type":""},"product_brand":[],"product_cat":[753],"product_tag":[],"class_list":{"0":"post-33332","1":"product","2":"type-product","3":"status-publish","4":"has-post-thumbnail","6":"product_cat-casques-decoute","8":"first","9":"instock","10":"taxable","11":"shipping-taxable","12":"purchasable","13":"product-type-variable","14":"add-to-wishlist-after_add_to_cart"},"yoast_head":"<!-- This site is optimized with the Yoast SEO plugin v27.4 - https:\/\/yoast.com\/product\/yoast-seo-wordpress\/ -->\n<title>\u00e9couteurs - Aigle Shopping Canada<\/title>\n<meta name=\"robots\" content=\"index, follow, max-snippet:-1, max-image-preview:large, max-video-preview:-1\" \/>\n<link rel=\"canonical\" href=\"https:\/\/aigleshopping.ca\/fr\/produit\/ecouteurs\/\" \/>\n<meta property=\"og:locale\" content=\"fr_FR\" \/>\n<meta property=\"og:type\" content=\"article\" \/>\n<meta property=\"og:title\" content=\"\u00e9couteurs - Aigle Shopping Canada\" \/>\n<meta property=\"og:description\" content=\"Type de casque : Casque M\u00e9thode de port : mont\u00e9 sur la t\u00eate Source de sortie du casque : PC Diam\u00e8tre de la prise : 3,5 mm Type de prise : Insertion droite Casque sans fil : Casque filaire Avec ou sans microphone : Oui Mat\u00e9riau des bouchons d&rsquo;oreilles\/cache-oreilles :&nbsp; Mat\u00e9riau du fil du casque [&hellip;]\" \/>\n<meta property=\"og:url\" content=\"https:\/\/aigleshopping.ca\/fr\/produit\/ecouteurs\/\" \/>\n<meta property=\"og:site_name\" content=\"Aigle Shopping Canada\" \/>\n<meta property=\"og:image\" content=\"https:\/\/aigleshopping.ca\/wp-content\/uploads\/2025\/03\/2620876599_109631704.400x400.jpg\" \/>\n\t<meta property=\"og:image:width\" content=\"370\" \/>\n\t<meta property=\"og:image:height\" content=\"400\" \/>\n\t<meta property=\"og:image:type\" content=\"image\/jpeg\" \/>\n<meta name=\"twitter:card\" content=\"summary_large_image\" \/>\n<meta name=\"twitter:label1\" content=\"Dur\u00e9e de lecture estim\u00e9e\" \/>\n\t<meta name=\"twitter:data1\" content=\"1 minute\" \/>\n<script type=\"application\/ld+json\" class=\"yoast-schema-graph\">{\"@context\":\"https:\\\/\\\/schema.org\",\"@graph\":[{\"@type\":\"WebPage\",\"@id\":\"https:\\\/\\\/aigleshopping.ca\\\/fr\\\/produit\\\/ecouteurs\\\/\",\"url\":\"https:\\\/\\\/aigleshopping.ca\\\/fr\\\/produit\\\/ecouteurs\\\/\",\"name\":\"\u00e9couteurs - Aigle Shopping Canada\",\"isPartOf\":{\"@id\":\"https:\\\/\\\/aigleshopping.ca\\\/#website\"},\"primaryImageOfPage\":{\"@id\":\"https:\\\/\\\/aigleshopping.ca\\\/fr\\\/produit\\\/ecouteurs\\\/#primaryimage\"},\"image\":{\"@id\":\"https:\\\/\\\/aigleshopping.ca\\\/fr\\\/produit\\\/ecouteurs\\\/#primaryimage\"},\"thumbnailUrl\":\"https:\\\/\\\/aigleshopping.ca\\\/wp-content\\\/uploads\\\/2025\\\/03\\\/2620876599_109631704.400x400.jpg\",\"datePublished\":\"2025-03-06T23:40:10+00:00\",\"breadcrumb\":{\"@id\":\"https:\\\/\\\/aigleshopping.ca\\\/fr\\\/produit\\\/ecouteurs\\\/#breadcrumb\"},\"inLanguage\":\"fr-FR\",\"potentialAction\":[{\"@type\":\"ReadAction\",\"target\":[\"https:\\\/\\\/aigleshopping.ca\\\/fr\\\/produit\\\/ecouteurs\\\/\"]}]},{\"@type\":\"ImageObject\",\"inLanguage\":\"fr-FR\",\"@id\":\"https:\\\/\\\/aigleshopping.ca\\\/fr\\\/produit\\\/ecouteurs\\\/#primaryimage\",\"url\":\"https:\\\/\\\/aigleshopping.ca\\\/wp-content\\\/uploads\\\/2025\\\/03\\\/2620876599_109631704.400x400.jpg\",\"contentUrl\":\"https:\\\/\\\/aigleshopping.ca\\\/wp-content\\\/uploads\\\/2025\\\/03\\\/2620876599_109631704.400x400.jpg\",\"width\":370,\"height\":400},{\"@type\":\"BreadcrumbList\",\"@id\":\"https:\\\/\\\/aigleshopping.ca\\\/fr\\\/produit\\\/ecouteurs\\\/#breadcrumb\",\"itemListElement\":[{\"@type\":\"ListItem\",\"position\":1,\"name\":\"Home\",\"item\":\"https:\\\/\\\/aigleshopping.ca\\\/fr\\\/home\\\/\"},{\"@type\":\"ListItem\",\"position\":2,\"name\":\"Products\",\"item\":\"https:\\\/\\\/aigleshopping.ca\\\/shop\\\/\"},{\"@type\":\"ListItem\",\"position\":3,\"name\":\"\u00e9couteurs\"}]},{\"@type\":\"WebSite\",\"@id\":\"https:\\\/\\\/aigleshopping.ca\\\/#website\",\"url\":\"https:\\\/\\\/aigleshopping.ca\\\/\",\"name\":\"Aigle Shopping Canada\",\"description\":\"Au-del\u00e0 des fronti\u00e8res, pour vous offrir le\u00a0meilleur!\",\"publisher\":{\"@id\":\"https:\\\/\\\/aigleshopping.ca\\\/#organization\"},\"potentialAction\":[{\"@type\":\"SearchAction\",\"target\":{\"@type\":\"EntryPoint\",\"urlTemplate\":\"https:\\\/\\\/aigleshopping.ca\\\/?s={search_term_string}\"},\"query-input\":{\"@type\":\"PropertyValueSpecification\",\"valueRequired\":true,\"valueName\":\"search_term_string\"}}],\"inLanguage\":\"fr-FR\"},{\"@type\":\"Organization\",\"@id\":\"https:\\\/\\\/aigleshopping.ca\\\/#organization\",\"name\":\"Aigle Shopping Canada\",\"url\":\"https:\\\/\\\/aigleshopping.ca\\\/\",\"logo\":{\"@type\":\"ImageObject\",\"inLanguage\":\"fr-FR\",\"@id\":\"https:\\\/\\\/aigleshopping.ca\\\/#\\\/schema\\\/logo\\\/image\\\/\",\"url\":\"https:\\\/\\\/aigleshopping.ca\\\/wp-content\\\/uploads\\\/2025\\\/12\\\/logo_aigleshopping_ca.png\",\"contentUrl\":\"https:\\\/\\\/aigleshopping.ca\\\/wp-content\\\/uploads\\\/2025\\\/12\\\/logo_aigleshopping_ca.png\",\"width\":800,\"height\":233,\"caption\":\"Aigle Shopping Canada\"},\"image\":{\"@id\":\"https:\\\/\\\/aigleshopping.ca\\\/#\\\/schema\\\/logo\\\/image\\\/\"}}]}<\/script>\n<!-- \/ Yoast SEO plugin. -->","yoast_head_json":{"title":"\u00e9couteurs - Aigle Shopping Canada","robots":{"index":"index","follow":"follow","max-snippet":"max-snippet:-1","max-image-preview":"max-image-preview:large","max-video-preview":"max-video-preview:-1"},"canonical":"https:\/\/aigleshopping.ca\/fr\/produit\/ecouteurs\/","og_locale":"fr_FR","og_type":"article","og_title":"\u00e9couteurs - Aigle Shopping Canada","og_description":"Type de casque : Casque M\u00e9thode de port : mont\u00e9 sur la t\u00eate Source de sortie du casque : PC Diam\u00e8tre de la prise : 3,5 mm Type de prise : Insertion droite Casque sans fil : Casque filaire Avec ou sans microphone : Oui Mat\u00e9riau des bouchons d&rsquo;oreilles\/cache-oreilles :&nbsp; Mat\u00e9riau du fil du casque [&hellip;]","og_url":"https:\/\/aigleshopping.ca\/fr\/produit\/ecouteurs\/","og_site_name":"Aigle Shopping Canada","og_image":[{"width":370,"height":400,"url":"https:\/\/aigleshopping.ca\/wp-content\/uploads\/2025\/03\/2620876599_109631704.400x400.jpg","type":"image\/jpeg"}],"twitter_card":"summary_large_image","twitter_misc":{"Dur\u00e9e de lecture estim\u00e9e":"1 minute"},"schema":{"@context":"https:\/\/schema.org","@graph":[{"@type":"WebPage","@id":"https:\/\/aigleshopping.ca\/fr\/produit\/ecouteurs\/","url":"https:\/\/aigleshopping.ca\/fr\/produit\/ecouteurs\/","name":"\u00e9couteurs - Aigle Shopping Canada","isPartOf":{"@id":"https:\/\/aigleshopping.ca\/#website"},"primaryImageOfPage":{"@id":"https:\/\/aigleshopping.ca\/fr\/produit\/ecouteurs\/#primaryimage"},"image":{"@id":"https:\/\/aigleshopping.ca\/fr\/produit\/ecouteurs\/#primaryimage"},"thumbnailUrl":"https:\/\/aigleshopping.ca\/wp-content\/uploads\/2025\/03\/2620876599_109631704.400x400.jpg","datePublished":"2025-03-06T23:40:10+00:00","breadcrumb":{"@id":"https:\/\/aigleshopping.ca\/fr\/produit\/ecouteurs\/#breadcrumb"},"inLanguage":"fr-FR","potentialAction":[{"@type":"ReadAction","target":["https:\/\/aigleshopping.ca\/fr\/produit\/ecouteurs\/"]}]},{"@type":"ImageObject","inLanguage":"fr-FR","@id":"https:\/\/aigleshopping.ca\/fr\/produit\/ecouteurs\/#primaryimage","url":"https:\/\/aigleshopping.ca\/wp-content\/uploads\/2025\/03\/2620876599_109631704.400x400.jpg","contentUrl":"https:\/\/aigleshopping.ca\/wp-content\/uploads\/2025\/03\/2620876599_109631704.400x400.jpg","width":370,"height":400},{"@type":"BreadcrumbList","@id":"https:\/\/aigleshopping.ca\/fr\/produit\/ecouteurs\/#breadcrumb","itemListElement":[{"@type":"ListItem","position":1,"name":"Home","item":"https:\/\/aigleshopping.ca\/fr\/home\/"},{"@type":"ListItem","position":2,"name":"Products","item":"https:\/\/aigleshopping.ca\/shop\/"},{"@type":"ListItem","position":3,"name":"\u00e9couteurs"}]},{"@type":"WebSite","@id":"https:\/\/aigleshopping.ca\/#website","url":"https:\/\/aigleshopping.ca\/","name":"Aigle Shopping Canada","description":"Au-del\u00e0 des fronti\u00e8res, pour vous offrir le\u00a0meilleur!","publisher":{"@id":"https:\/\/aigleshopping.ca\/#organization"},"potentialAction":[{"@type":"SearchAction","target":{"@type":"EntryPoint","urlTemplate":"https:\/\/aigleshopping.ca\/?s={search_term_string}"},"query-input":{"@type":"PropertyValueSpecification","valueRequired":true,"valueName":"search_term_string"}}],"inLanguage":"fr-FR"},{"@type":"Organization","@id":"https:\/\/aigleshopping.ca\/#organization","name":"Aigle Shopping Canada","url":"https:\/\/aigleshopping.ca\/","logo":{"@type":"ImageObject","inLanguage":"fr-FR","@id":"https:\/\/aigleshopping.ca\/#\/schema\/logo\/image\/","url":"https:\/\/aigleshopping.ca\/wp-content\/uploads\/2025\/12\/logo_aigleshopping_ca.png","contentUrl":"https:\/\/aigleshopping.ca\/wp-content\/uploads\/2025\/12\/logo_aigleshopping_ca.png","width":800,"height":233,"caption":"Aigle Shopping Canada"},"image":{"@id":"https:\/\/aigleshopping.ca\/#\/schema\/logo\/image\/"}}]}},"jetpack_sharing_enabled":true,"_links":{"self":[{"href":"https:\/\/aigleshopping.ca\/fr\/wp-json\/wp\/v2\/product\/33332","targetHints":{"allow":["GET"]}}],"collection":[{"href":"https:\/\/aigleshopping.ca\/fr\/wp-json\/wp\/v2\/product"}],"about":[{"href":"https:\/\/aigleshopping.ca\/fr\/wp-json\/wp\/v2\/types\/product"}],"replies":[{"embeddable":true,"href":"https:\/\/aigleshopping.ca\/fr\/wp-json\/wp\/v2\/comments?post=33332"}],"wp:featuredmedia":[{"embeddable":true,"href":"https:\/\/aigleshopping.ca\/fr\/wp-json\/wp\/v2\/media\/11121"}],"wp:attachment":[{"href":"https:\/\/aigleshopping.ca\/fr\/wp-json\/wp\/v2\/media?parent=33332"}],"wp:term":[{"taxonomy":"product_brand","embeddable":true,"href":"https:\/\/aigleshopping.ca\/fr\/wp-json\/wp\/v2\/product_brand?post=33332"},{"taxonomy":"product_cat","embeddable":true,"href":"https:\/\/aigleshopping.ca\/fr\/wp-json\/wp\/v2\/product_cat?post=33332"},{"taxonomy":"product_tag","embeddable":true,"href":"https:\/\/aigleshopping.ca\/fr\/wp-json\/wp\/v2\/product_tag?post=33332"}],"curies":[{"name":"wp","href":"https:\/\/api.w.org\/{rel}","templated":true}]}}