{"id":33348,"date":"2025-03-06T23:17:25","date_gmt":"2025-03-06T23:17:25","guid":{"rendered":"https:\/\/aigleshopping.ca\/produit\/chargeur-magnetique-sans-fil-4-en-1-chargement-rapide-pour-smartphone-station-de-charge-avec-lumiere-dambiance-pour-airpods-pro-i-phone-watch\/"},"modified":"2025-03-06T23:17:25","modified_gmt":"2025-03-06T23:17:25","slug":"chargeur-magnetique-sans-fil-4-en-1-chargement-rapide-pour-smartphone-station-de-charge-avec-lumiere-dambiance-pour-airpods-pro-i-phone-watch","status":"publish","type":"product","link":"https:\/\/aigleshopping.ca\/fr\/produit\/chargeur-magnetique-sans-fil-4-en-1-chargement-rapide-pour-smartphone-station-de-charge-avec-lumiere-dambiance-pour-airpods-pro-i-phone-watch\/","title":{"rendered":"Chargeur magn\u00e9tique sans fil 4 en 1 Chargement rapide pour Smartphone Station de charge avec lumi\u00e8re d&rsquo;ambiance Pour Airpods Pro I-phone Watch"},"content":{"rendered":"<p>Chargement magn\u00e9tique rapide Installation minimale sur le bureau Temps de r\u00e9ponse tactile pratique et rapide Effet lumineux RVB D\u00e9tection des corps \u00e9trangers Identification automatique des corps \u00e9trangers Protection multiple pour un chargement en toute s\u00e9curit\u00e9.<\/p>\n<p><b>Informations sur le produit :<\/b><br \/>\nCouleur : noir, blanc<br \/>\nCaract\u00e9ristiques du produit : Effet de lampe multifonction RVB<br \/>\nStyle : Universel<br \/>\nTaille : 145*147 * 66mm<\/p>\n<p><b>Liste d&#8217;emballage : <\/b><\/p>\n<p>Chargeur * 1 cordon d&rsquo;alimentation * 1 manuel * 1<\/p>\n<p><b>Image du produit :<\/b><\/p>\n<p><img decoding=\"async\" src=\"https:\/\/cf.cjdropshipping.com\/92659772-cccd-4829-99bf-7c07097e1ce7.jpg\"><br \/>\n<img decoding=\"async\" src=\"https:\/\/cf.cjdropshipping.com\/8bf9a6e2-f90f-4326-8ea1-12268ef94ba0.jpg\"><br \/>\n<img decoding=\"async\" src=\"https:\/\/cf.cjdropshipping.com\/9e18a7bc-aebd-4f83-86c5-4f36a9f6ff44.jpg\"><br \/>\n<img decoding=\"async\" src=\"https:\/\/cf.cjdropshipping.com\/048bd4d1-48e0-44d8-95a7-bf1415785a17.jpg\"><br \/>\n<img decoding=\"async\" src=\"https:\/\/cf.cjdropshipping.com\/0d9a999e-4a4c-4d1d-8325-d8c2e584805b.jpg\"><br \/>\n<img decoding=\"async\" src=\"https:\/\/cf.cjdropshipping.com\/850e3dd8-e246-4ed1-bf3e-8994ef4a285b.jpg\"><br \/>\n<img decoding=\"async\" src=\"https:\/\/cf.cjdropshipping.com\/31470765-c515-49df-a02d-06ce448f1607.jpg\"><br \/>\n<img decoding=\"async\" src=\"https:\/\/cf.cjdropshipping.com\/95cc2628-5765-4b56-bc76-1f36e147d5f1.jpg\"><br \/>\n<img decoding=\"async\" src=\"https:\/\/cf.cjdropshipping.com\/4e1cdfd7-25ec-4845-9bc8-6a5ca66c2692.jpg\"><br \/>\n<img decoding=\"async\" src=\"https:\/\/cf.cjdropshipping.com\/7d0fd446-1fd3-486e-8c69-cddcd36bfcc4.jpg\"><br \/>\n<img decoding=\"async\" src=\"https:\/\/cf.cjdropshipping.com\/4a29bfe0-5e41-4dd2-8224-59cd8429fe25.jpg\"><br \/>\n<img decoding=\"async\" src=\"https:\/\/cf.cjdropshipping.com\/0c40e20f-f66f-4483-9c1b-4feced349e59.jpg\"><br \/>\n<img decoding=\"async\" src=\"https:\/\/cf.cjdropshipping.com\/a979f5e7-2b08-47c3-8ec5-84394e3c86d8.jpg\"><br \/>\n<img decoding=\"async\" src=\"https:\/\/cf.cjdropshipping.com\/66100c6c-4be4-4fc0-b54f-7a39046127c3.jpg\"><br \/>\n<img decoding=\"async\" src=\"https:\/\/cf.cjdropshipping.com\/48f0f881-64a5-4899-9ec6-9ee6ac8256dd.jpg\"><br \/>\n<img decoding=\"async\" src=\"https:\/\/cf.cjdropshipping.com\/9d6b1b05-7674-4807-94c8-acd4da274197.jpg\"><br \/>\n<img decoding=\"async\" src=\"https:\/\/cf.cjdropshipping.com\/0a706b9f-100e-4658-8cd8-208be7aaf608.jpg\"><br \/>\n<img decoding=\"async\" src=\"https:\/\/cf.cjdropshipping.com\/922ef2b9-f295-4086-ab90-0b8400d2e780.jpg\"><\/p>\n","protected":false},"excerpt":{"rendered":"<p>Chargement magn\u00e9tique rapide Installation minimale sur le bureau Temps de r\u00e9ponse tactile pratique et rapide Effet lumineux RVB D\u00e9tection des corps \u00e9trangers Identification automatique des corps \u00e9trangers Protection multiple pour un chargement en toute s\u00e9curit\u00e9. Informations sur le produit : Couleur : noir, blanc Caract\u00e9ristiques du produit : Effet de lampe multifonction RVB Style : [&hellip;]<\/p>\n","protected":false},"featured_media":10959,"comment_status":"open","ping_status":"closed","template":"","meta":{"content-type":""},"product_brand":[],"product_cat":[736],"product_tag":[],"class_list":{"0":"post-33348","1":"product","2":"type-product","3":"status-publish","4":"has-post-thumbnail","6":"product_cat-chargeurs-et-cables-usb","8":"first","9":"instock","10":"taxable","11":"shipping-taxable","12":"purchasable","13":"product-type-variable","14":"add-to-wishlist-after_add_to_cart"},"yoast_head":"<!-- This site is optimized with the Yoast SEO plugin v27.4 - https:\/\/yoast.com\/product\/yoast-seo-wordpress\/ -->\n<title>Chargeur magn\u00e9tique sans fil 4 en 1 Chargement rapide pour Smartphone Station de charge avec lumi\u00e8re d&#039;ambiance Pour Airpods Pro I-phone Watch - Aigle Shopping Canada<\/title>\n<meta name=\"robots\" content=\"index, follow, max-snippet:-1, max-image-preview:large, max-video-preview:-1\" \/>\n<link rel=\"canonical\" href=\"https:\/\/aigleshopping.ca\/fr\/produit\/chargeur-magnetique-sans-fil-4-en-1-chargement-rapide-pour-smartphone-station-de-charge-avec-lumiere-dambiance-pour-airpods-pro-i-phone-watch\/\" \/>\n<meta property=\"og:locale\" content=\"fr_FR\" \/>\n<meta property=\"og:type\" content=\"article\" \/>\n<meta property=\"og:title\" content=\"Chargeur magn\u00e9tique sans fil 4 en 1 Chargement rapide pour Smartphone Station de charge avec lumi\u00e8re d&#039;ambiance Pour Airpods Pro I-phone Watch - Aigle Shopping Canada\" \/>\n<meta property=\"og:description\" content=\"Chargement magn\u00e9tique rapide Installation minimale sur le bureau Temps de r\u00e9ponse tactile pratique et rapide Effet lumineux RVB D\u00e9tection des corps \u00e9trangers Identification automatique des corps \u00e9trangers Protection multiple pour un chargement en toute s\u00e9curit\u00e9. Informations sur le produit : Couleur : noir, blanc Caract\u00e9ristiques du produit : Effet de lampe multifonction RVB Style : [&hellip;]\" \/>\n<meta property=\"og:url\" content=\"https:\/\/aigleshopping.ca\/fr\/produit\/chargeur-magnetique-sans-fil-4-en-1-chargement-rapide-pour-smartphone-station-de-charge-avec-lumiere-dambiance-pour-airpods-pro-i-phone-watch\/\" \/>\n<meta property=\"og:site_name\" content=\"Aigle Shopping Canada\" \/>\n<meta property=\"og:image\" content=\"https:\/\/aigleshopping.ca\/wp-content\/uploads\/2025\/03\/8d075dfb-b75e-4563-81ee-7cc9eda85f3b-1.jpg\" \/>\n\t<meta property=\"og:image:width\" content=\"800\" \/>\n\t<meta property=\"og:image:height\" content=\"800\" \/>\n\t<meta property=\"og:image:type\" content=\"image\/jpeg\" \/>\n<meta name=\"twitter:card\" content=\"summary_large_image\" \/>\n<script type=\"application\/ld+json\" class=\"yoast-schema-graph\">{\"@context\":\"https:\\\/\\\/schema.org\",\"@graph\":[{\"@type\":\"WebPage\",\"@id\":\"https:\\\/\\\/aigleshopping.ca\\\/fr\\\/produit\\\/chargeur-magnetique-sans-fil-4-en-1-chargement-rapide-pour-smartphone-station-de-charge-avec-lumiere-dambiance-pour-airpods-pro-i-phone-watch\\\/\",\"url\":\"https:\\\/\\\/aigleshopping.ca\\\/fr\\\/produit\\\/chargeur-magnetique-sans-fil-4-en-1-chargement-rapide-pour-smartphone-station-de-charge-avec-lumiere-dambiance-pour-airpods-pro-i-phone-watch\\\/\",\"name\":\"Chargeur magn\u00e9tique sans fil 4 en 1 Chargement rapide pour Smartphone Station de charge avec lumi\u00e8re d'ambiance Pour Airpods Pro I-phone Watch - Aigle Shopping Canada\",\"isPartOf\":{\"@id\":\"https:\\\/\\\/aigleshopping.ca\\\/#website\"},\"primaryImageOfPage\":{\"@id\":\"https:\\\/\\\/aigleshopping.ca\\\/fr\\\/produit\\\/chargeur-magnetique-sans-fil-4-en-1-chargement-rapide-pour-smartphone-station-de-charge-avec-lumiere-dambiance-pour-airpods-pro-i-phone-watch\\\/#primaryimage\"},\"image\":{\"@id\":\"https:\\\/\\\/aigleshopping.ca\\\/fr\\\/produit\\\/chargeur-magnetique-sans-fil-4-en-1-chargement-rapide-pour-smartphone-station-de-charge-avec-lumiere-dambiance-pour-airpods-pro-i-phone-watch\\\/#primaryimage\"},\"thumbnailUrl\":\"https:\\\/\\\/aigleshopping.ca\\\/wp-content\\\/uploads\\\/2025\\\/03\\\/8d075dfb-b75e-4563-81ee-7cc9eda85f3b-1.jpg\",\"datePublished\":\"2025-03-06T23:17:25+00:00\",\"breadcrumb\":{\"@id\":\"https:\\\/\\\/aigleshopping.ca\\\/fr\\\/produit\\\/chargeur-magnetique-sans-fil-4-en-1-chargement-rapide-pour-smartphone-station-de-charge-avec-lumiere-dambiance-pour-airpods-pro-i-phone-watch\\\/#breadcrumb\"},\"inLanguage\":\"fr-FR\",\"potentialAction\":[{\"@type\":\"ReadAction\",\"target\":[\"https:\\\/\\\/aigleshopping.ca\\\/fr\\\/produit\\\/chargeur-magnetique-sans-fil-4-en-1-chargement-rapide-pour-smartphone-station-de-charge-avec-lumiere-dambiance-pour-airpods-pro-i-phone-watch\\\/\"]}]},{\"@type\":\"ImageObject\",\"inLanguage\":\"fr-FR\",\"@id\":\"https:\\\/\\\/aigleshopping.ca\\\/fr\\\/produit\\\/chargeur-magnetique-sans-fil-4-en-1-chargement-rapide-pour-smartphone-station-de-charge-avec-lumiere-dambiance-pour-airpods-pro-i-phone-watch\\\/#primaryimage\",\"url\":\"https:\\\/\\\/aigleshopping.ca\\\/wp-content\\\/uploads\\\/2025\\\/03\\\/8d075dfb-b75e-4563-81ee-7cc9eda85f3b-1.jpg\",\"contentUrl\":\"https:\\\/\\\/aigleshopping.ca\\\/wp-content\\\/uploads\\\/2025\\\/03\\\/8d075dfb-b75e-4563-81ee-7cc9eda85f3b-1.jpg\",\"width\":800,\"height\":800},{\"@type\":\"BreadcrumbList\",\"@id\":\"https:\\\/\\\/aigleshopping.ca\\\/fr\\\/produit\\\/chargeur-magnetique-sans-fil-4-en-1-chargement-rapide-pour-smartphone-station-de-charge-avec-lumiere-dambiance-pour-airpods-pro-i-phone-watch\\\/#breadcrumb\",\"itemListElement\":[{\"@type\":\"ListItem\",\"position\":1,\"name\":\"Home\",\"item\":\"https:\\\/\\\/aigleshopping.ca\\\/fr\\\/home\\\/\"},{\"@type\":\"ListItem\",\"position\":2,\"name\":\"Products\",\"item\":\"https:\\\/\\\/aigleshopping.ca\\\/shop\\\/\"},{\"@type\":\"ListItem\",\"position\":3,\"name\":\"Chargeur magn\u00e9tique sans fil 4 en 1 Chargement rapide pour Smartphone Station de charge avec lumi\u00e8re d&#8217;ambiance Pour Airpods Pro I-phone Watch\"}]},{\"@type\":\"WebSite\",\"@id\":\"https:\\\/\\\/aigleshopping.ca\\\/#website\",\"url\":\"https:\\\/\\\/aigleshopping.ca\\\/\",\"name\":\"Aigle Shopping Canada\",\"description\":\"Au-del\u00e0 des fronti\u00e8res, pour vous offrir le\u00a0meilleur!\",\"publisher\":{\"@id\":\"https:\\\/\\\/aigleshopping.ca\\\/#organization\"},\"potentialAction\":[{\"@type\":\"SearchAction\",\"target\":{\"@type\":\"EntryPoint\",\"urlTemplate\":\"https:\\\/\\\/aigleshopping.ca\\\/?s={search_term_string}\"},\"query-input\":{\"@type\":\"PropertyValueSpecification\",\"valueRequired\":true,\"valueName\":\"search_term_string\"}}],\"inLanguage\":\"fr-FR\"},{\"@type\":\"Organization\",\"@id\":\"https:\\\/\\\/aigleshopping.ca\\\/#organization\",\"name\":\"Aigle Shopping Canada\",\"url\":\"https:\\\/\\\/aigleshopping.ca\\\/\",\"logo\":{\"@type\":\"ImageObject\",\"inLanguage\":\"fr-FR\",\"@id\":\"https:\\\/\\\/aigleshopping.ca\\\/#\\\/schema\\\/logo\\\/image\\\/\",\"url\":\"https:\\\/\\\/aigleshopping.ca\\\/wp-content\\\/uploads\\\/2025\\\/12\\\/logo_aigleshopping_ca.png\",\"contentUrl\":\"https:\\\/\\\/aigleshopping.ca\\\/wp-content\\\/uploads\\\/2025\\\/12\\\/logo_aigleshopping_ca.png\",\"width\":800,\"height\":233,\"caption\":\"Aigle Shopping Canada\"},\"image\":{\"@id\":\"https:\\\/\\\/aigleshopping.ca\\\/#\\\/schema\\\/logo\\\/image\\\/\"}}]}<\/script>\n<!-- \/ Yoast SEO plugin. -->","yoast_head_json":{"title":"Chargeur magn\u00e9tique sans fil 4 en 1 Chargement rapide pour Smartphone Station de charge avec lumi\u00e8re d'ambiance Pour Airpods Pro I-phone Watch - Aigle Shopping Canada","robots":{"index":"index","follow":"follow","max-snippet":"max-snippet:-1","max-image-preview":"max-image-preview:large","max-video-preview":"max-video-preview:-1"},"canonical":"https:\/\/aigleshopping.ca\/fr\/produit\/chargeur-magnetique-sans-fil-4-en-1-chargement-rapide-pour-smartphone-station-de-charge-avec-lumiere-dambiance-pour-airpods-pro-i-phone-watch\/","og_locale":"fr_FR","og_type":"article","og_title":"Chargeur magn\u00e9tique sans fil 4 en 1 Chargement rapide pour Smartphone Station de charge avec lumi\u00e8re d'ambiance Pour Airpods Pro I-phone Watch - Aigle Shopping Canada","og_description":"Chargement magn\u00e9tique rapide Installation minimale sur le bureau Temps de r\u00e9ponse tactile pratique et rapide Effet lumineux RVB D\u00e9tection des corps \u00e9trangers Identification automatique des corps \u00e9trangers Protection multiple pour un chargement en toute s\u00e9curit\u00e9. Informations sur le produit : Couleur : noir, blanc Caract\u00e9ristiques du produit : Effet de lampe multifonction RVB Style : [&hellip;]","og_url":"https:\/\/aigleshopping.ca\/fr\/produit\/chargeur-magnetique-sans-fil-4-en-1-chargement-rapide-pour-smartphone-station-de-charge-avec-lumiere-dambiance-pour-airpods-pro-i-phone-watch\/","og_site_name":"Aigle Shopping Canada","og_image":[{"width":800,"height":800,"url":"https:\/\/aigleshopping.ca\/wp-content\/uploads\/2025\/03\/8d075dfb-b75e-4563-81ee-7cc9eda85f3b-1.jpg","type":"image\/jpeg"}],"twitter_card":"summary_large_image","schema":{"@context":"https:\/\/schema.org","@graph":[{"@type":"WebPage","@id":"https:\/\/aigleshopping.ca\/fr\/produit\/chargeur-magnetique-sans-fil-4-en-1-chargement-rapide-pour-smartphone-station-de-charge-avec-lumiere-dambiance-pour-airpods-pro-i-phone-watch\/","url":"https:\/\/aigleshopping.ca\/fr\/produit\/chargeur-magnetique-sans-fil-4-en-1-chargement-rapide-pour-smartphone-station-de-charge-avec-lumiere-dambiance-pour-airpods-pro-i-phone-watch\/","name":"Chargeur magn\u00e9tique sans fil 4 en 1 Chargement rapide pour Smartphone Station de charge avec lumi\u00e8re d'ambiance Pour Airpods Pro I-phone Watch - Aigle Shopping Canada","isPartOf":{"@id":"https:\/\/aigleshopping.ca\/#website"},"primaryImageOfPage":{"@id":"https:\/\/aigleshopping.ca\/fr\/produit\/chargeur-magnetique-sans-fil-4-en-1-chargement-rapide-pour-smartphone-station-de-charge-avec-lumiere-dambiance-pour-airpods-pro-i-phone-watch\/#primaryimage"},"image":{"@id":"https:\/\/aigleshopping.ca\/fr\/produit\/chargeur-magnetique-sans-fil-4-en-1-chargement-rapide-pour-smartphone-station-de-charge-avec-lumiere-dambiance-pour-airpods-pro-i-phone-watch\/#primaryimage"},"thumbnailUrl":"https:\/\/aigleshopping.ca\/wp-content\/uploads\/2025\/03\/8d075dfb-b75e-4563-81ee-7cc9eda85f3b-1.jpg","datePublished":"2025-03-06T23:17:25+00:00","breadcrumb":{"@id":"https:\/\/aigleshopping.ca\/fr\/produit\/chargeur-magnetique-sans-fil-4-en-1-chargement-rapide-pour-smartphone-station-de-charge-avec-lumiere-dambiance-pour-airpods-pro-i-phone-watch\/#breadcrumb"},"inLanguage":"fr-FR","potentialAction":[{"@type":"ReadAction","target":["https:\/\/aigleshopping.ca\/fr\/produit\/chargeur-magnetique-sans-fil-4-en-1-chargement-rapide-pour-smartphone-station-de-charge-avec-lumiere-dambiance-pour-airpods-pro-i-phone-watch\/"]}]},{"@type":"ImageObject","inLanguage":"fr-FR","@id":"https:\/\/aigleshopping.ca\/fr\/produit\/chargeur-magnetique-sans-fil-4-en-1-chargement-rapide-pour-smartphone-station-de-charge-avec-lumiere-dambiance-pour-airpods-pro-i-phone-watch\/#primaryimage","url":"https:\/\/aigleshopping.ca\/wp-content\/uploads\/2025\/03\/8d075dfb-b75e-4563-81ee-7cc9eda85f3b-1.jpg","contentUrl":"https:\/\/aigleshopping.ca\/wp-content\/uploads\/2025\/03\/8d075dfb-b75e-4563-81ee-7cc9eda85f3b-1.jpg","width":800,"height":800},{"@type":"BreadcrumbList","@id":"https:\/\/aigleshopping.ca\/fr\/produit\/chargeur-magnetique-sans-fil-4-en-1-chargement-rapide-pour-smartphone-station-de-charge-avec-lumiere-dambiance-pour-airpods-pro-i-phone-watch\/#breadcrumb","itemListElement":[{"@type":"ListItem","position":1,"name":"Home","item":"https:\/\/aigleshopping.ca\/fr\/home\/"},{"@type":"ListItem","position":2,"name":"Products","item":"https:\/\/aigleshopping.ca\/shop\/"},{"@type":"ListItem","position":3,"name":"Chargeur magn\u00e9tique sans fil 4 en 1 Chargement rapide pour Smartphone Station de charge avec lumi\u00e8re d&#8217;ambiance Pour Airpods Pro I-phone Watch"}]},{"@type":"WebSite","@id":"https:\/\/aigleshopping.ca\/#website","url":"https:\/\/aigleshopping.ca\/","name":"Aigle Shopping Canada","description":"Au-del\u00e0 des fronti\u00e8res, pour vous offrir le\u00a0meilleur!","publisher":{"@id":"https:\/\/aigleshopping.ca\/#organization"},"potentialAction":[{"@type":"SearchAction","target":{"@type":"EntryPoint","urlTemplate":"https:\/\/aigleshopping.ca\/?s={search_term_string}"},"query-input":{"@type":"PropertyValueSpecification","valueRequired":true,"valueName":"search_term_string"}}],"inLanguage":"fr-FR"},{"@type":"Organization","@id":"https:\/\/aigleshopping.ca\/#organization","name":"Aigle Shopping Canada","url":"https:\/\/aigleshopping.ca\/","logo":{"@type":"ImageObject","inLanguage":"fr-FR","@id":"https:\/\/aigleshopping.ca\/#\/schema\/logo\/image\/","url":"https:\/\/aigleshopping.ca\/wp-content\/uploads\/2025\/12\/logo_aigleshopping_ca.png","contentUrl":"https:\/\/aigleshopping.ca\/wp-content\/uploads\/2025\/12\/logo_aigleshopping_ca.png","width":800,"height":233,"caption":"Aigle Shopping Canada"},"image":{"@id":"https:\/\/aigleshopping.ca\/#\/schema\/logo\/image\/"}}]}},"jetpack_sharing_enabled":true,"_links":{"self":[{"href":"https:\/\/aigleshopping.ca\/fr\/wp-json\/wp\/v2\/product\/33348","targetHints":{"allow":["GET"]}}],"collection":[{"href":"https:\/\/aigleshopping.ca\/fr\/wp-json\/wp\/v2\/product"}],"about":[{"href":"https:\/\/aigleshopping.ca\/fr\/wp-json\/wp\/v2\/types\/product"}],"replies":[{"embeddable":true,"href":"https:\/\/aigleshopping.ca\/fr\/wp-json\/wp\/v2\/comments?post=33348"}],"wp:featuredmedia":[{"embeddable":true,"href":"https:\/\/aigleshopping.ca\/fr\/wp-json\/wp\/v2\/media\/10959"}],"wp:attachment":[{"href":"https:\/\/aigleshopping.ca\/fr\/wp-json\/wp\/v2\/media?parent=33348"}],"wp:term":[{"taxonomy":"product_brand","embeddable":true,"href":"https:\/\/aigleshopping.ca\/fr\/wp-json\/wp\/v2\/product_brand?post=33348"},{"taxonomy":"product_cat","embeddable":true,"href":"https:\/\/aigleshopping.ca\/fr\/wp-json\/wp\/v2\/product_cat?post=33348"},{"taxonomy":"product_tag","embeddable":true,"href":"https:\/\/aigleshopping.ca\/fr\/wp-json\/wp\/v2\/product_tag?post=33348"}],"curies":[{"name":"wp","href":"https:\/\/api.w.org\/{rel}","templated":true}]}}