{"id":33358,"date":"2025-03-06T23:21:42","date_gmt":"2025-03-06T23:21:42","guid":{"rendered":"https:\/\/aigleshopping.ca\/produit\/camera-wifi-1080p-bulb-4x-zoom-camera-e27-home-5gwifi-alarm-monitor\/"},"modified":"2025-03-06T23:21:42","modified_gmt":"2025-03-06T23:21:42","slug":"camera-wifi-1080p-bulb-4x-zoom-camera-e27-home-5gwifi-alarm-monitor","status":"publish","type":"product","link":"https:\/\/aigleshopping.ca\/fr\/produit\/camera-wifi-1080p-bulb-4x-zoom-camera-e27-home-5gwifi-alarm-monitor\/","title":{"rendered":"Cam\u00e9ra WiFi 1080P Bulb 4X Zoom Camera E27 Home 5GWiFi Alarm Monitor"},"content":{"rendered":"<p> <b>Vue d&rsquo;ensemble\uff1a<\/b> <b> <br \/> <\/b> <\/p>\n<p>  1. suivi automatique <br \/> 2. Surveillance de l&rsquo;orientation et de l&rsquo;inclinaison en douceur <br \/> 3. Surveillance de jour comme de nuit <br \/> 4. Application de pouss\u00e9e d&rsquo;alarme activ\u00e9e par le mouvement <br \/> 5. Son bidirectionnel clair <br \/> 6. Acc\u00e8s \u00e0 distance P2P <br \/> 7. Placez-la n&rsquo;importe o\u00f9, installation facile <br \/> 8. Options de stockage sur carte TF et dans le nuage <br \/> 9. Vision nocturne color\u00e9e <br \/> 10. Prise en charge d&rsquo;Alexa           <b> <br \/> <\/b> <\/p>\n<p> <\/p>\n<p> <b>Informations sur le produit :<\/b> <\/p>\n<p>  Mod\u00e8le : SK-ZA01-Q <br \/> Pixel : 2 millions (dpi) <br \/> Type : Cam\u00e9ra int\u00e9gr\u00e9e <br \/> Style : Cam\u00e9ra d\u00f4me <br \/> Capteur d&rsquo;image : CMOS <br \/> R\u00e9solution horizontale : 2 millions (TVL)&nbsp;&nbsp; <br \/>  \u00c9clairage minimum : 0,001 (Lux)  <br \/>  R\u00e9solution : 1080  <br \/>  Objectif : 3,6 (mm)  <br \/>  Rapport signal\/bruit :&gt;  48 (DB)&nbsp; <br \/>  Temp\u00e9rature de fonctionnement : -20-40 (\u2103)&nbsp; <br \/>  Compensation du contre-jour : prise en charge  <br \/>  Taille : 1\/2 (pouce)  <br \/>  Tension d&rsquo;alimentation : 220 (V) (V)  <br \/>  Obturateur \u00e9lectronique : support  <br \/>  Fonction d&rsquo;alarme : prise en charge  <br \/>  Mat\u00e9riau : ABS  <br \/>  Environnement d&rsquo;utilisation : int\u00e9rieur  <br \/>  Distance effective : 10M  <br \/>  Objectif de cam\u00e9ra de surveillance : 1G3P  <br \/>  Longueur focale de l&rsquo;objectif : 4.0MM  <br \/>  Contr\u00f4le PTZ : PTZ  <br \/>  Surveillance des ordinateurs : WEB  <br \/>  Distance d&rsquo;irradiation de la lampe infrarouge : 10M  <br \/>  2 millions d&rsquo;euros&nbsp;pixels&nbsp;lumi\u00e8re unique :&nbsp;YIIOT&nbsp;2&nbsp;millions d&rsquo;euros&nbsp;(infrarouge&nbsp;nuit&nbsp;vision-2.4GWiFi)  <br \/>  2 millions d&rsquo;euros&nbsp;pixels&nbsp;double lumi\u00e8re : YCC365&nbsp;2&nbsp;millions d&rsquo;euros&nbsp;double&nbsp;lumi\u00e8re&nbsp;(en couleur)&nbsp;nuit&nbsp;vision&nbsp;peut&nbsp;lumi\u00e8re&nbsp;augmenter&nbsp;2.4G&nbsp;double bande&nbsp;WiFi)   <\/p>\n<p>Remarque : la carte m\u00e9moire n&rsquo;est pas incluse.<\/p>\n<p> <\/p>\n<p> <b>Liste des produits :<\/b> <br \/> 1 X Cam\u00e9ra panoramique <br \/> 1 X Base E27 <br \/> 1 X Manuel <\/p>\n<p> <b>NOTE :<\/b> <br \/> 1. La cam\u00e9ra bulbe ne supporte pas le r\u00e9seau 5GHz, veuillez s\u00e9lectionner le r\u00e9seau 2.4GHz pour ajouter l&rsquo;appareil <br \/> 2. Veuillez vous assurer que l&rsquo;appareil est connect\u00e9 \u00e0 l&rsquo;alimentation et que votre t\u00e9l\u00e9phone est connect\u00e9 au Wifi.    <\/p>\n<p> <\/p>\n<p> <img decoding=\"async\" src=\"https:\/\/cf.cjdropshipping.com\/17205696\/2407100518340324900.jpg\">  <\/p>\n<p> <img decoding=\"async\" src=\"https:\/\/cf.cjdropshipping.com\/17205696\/2407100518340325400.jpg\">  <\/p>\n<p> <img decoding=\"async\" src=\"https:\/\/cf.cjdropshipping.com\/17205696\/2407100518340326100.jpg\"> <img decoding=\"async\" src=\"https:\/\/cf.cjdropshipping.com\/17205696\/2407100518340326800.jpg\"> <img decoding=\"async\" src=\"https:\/\/cf.cjdropshipping.com\/17205696\/2407100518340327600.jpg\"> <\/p>\n","protected":false},"excerpt":{"rendered":"<p>Vue d&rsquo;ensemble\uff1a 1. suivi automatique 2. Surveillance de l&rsquo;orientation et de l&rsquo;inclinaison en douceur 3. Surveillance de jour comme de nuit 4. Application de pouss\u00e9e d&rsquo;alarme activ\u00e9e par le mouvement 5. Son bidirectionnel clair 6. Acc\u00e8s \u00e0 distance P2P 7. Placez-la n&rsquo;importe o\u00f9, installation facile 8. Options de stockage sur carte TF et dans le [&hellip;]<\/p>\n","protected":false},"featured_media":10986,"comment_status":"open","ping_status":"closed","template":"","meta":{"content-type":""},"product_brand":[],"product_cat":[763],"product_tag":[],"class_list":{"0":"post-33358","1":"product","2":"type-product","3":"status-publish","4":"has-post-thumbnail","6":"product_cat-cameras-de-securite","8":"first","9":"instock","10":"taxable","11":"shipping-taxable","12":"purchasable","13":"product-type-variable","14":"add-to-wishlist-after_add_to_cart"},"yoast_head":"<!-- This site is optimized with the Yoast SEO plugin v27.3 - https:\/\/yoast.com\/product\/yoast-seo-wordpress\/ -->\n<title>Cam\u00e9ra WiFi 1080P Bulb 4X Zoom Camera E27 Home 5GWiFi Alarm Monitor - Aigle Shopping Canada<\/title>\n<meta name=\"robots\" content=\"index, follow, max-snippet:-1, max-image-preview:large, max-video-preview:-1\" \/>\n<link rel=\"canonical\" href=\"https:\/\/aigleshopping.ca\/fr\/produit\/camera-wifi-1080p-bulb-4x-zoom-camera-e27-home-5gwifi-alarm-monitor\/\" \/>\n<meta property=\"og:locale\" content=\"fr_FR\" \/>\n<meta property=\"og:type\" content=\"article\" \/>\n<meta property=\"og:title\" content=\"Cam\u00e9ra WiFi 1080P Bulb 4X Zoom Camera E27 Home 5GWiFi Alarm Monitor - Aigle Shopping Canada\" \/>\n<meta property=\"og:description\" content=\"Vue d&rsquo;ensemble\uff1a 1. suivi automatique 2. Surveillance de l&rsquo;orientation et de l&rsquo;inclinaison en douceur 3. Surveillance de jour comme de nuit 4. Application de pouss\u00e9e d&rsquo;alarme activ\u00e9e par le mouvement 5. Son bidirectionnel clair 6. Acc\u00e8s \u00e0 distance P2P 7. Placez-la n&rsquo;importe o\u00f9, installation facile 8. Options de stockage sur carte TF et dans le [&hellip;]\" \/>\n<meta property=\"og:url\" content=\"https:\/\/aigleshopping.ca\/fr\/produit\/camera-wifi-1080p-bulb-4x-zoom-camera-e27-home-5gwifi-alarm-monitor\/\" \/>\n<meta property=\"og:site_name\" content=\"Aigle Shopping Canada\" \/>\n<meta property=\"og:image\" content=\"https:\/\/aigleshopping.ca\/wp-content\/uploads\/2025\/03\/5ebef5a0-7ce6-4785-87ce-3894da9fe895.jpg\" \/>\n\t<meta property=\"og:image:width\" content=\"800\" \/>\n\t<meta property=\"og:image:height\" content=\"800\" \/>\n\t<meta property=\"og:image:type\" content=\"image\/jpeg\" \/>\n<meta name=\"twitter:card\" content=\"summary_large_image\" \/>\n<meta name=\"twitter:label1\" content=\"Dur\u00e9e de lecture estim\u00e9e\" \/>\n\t<meta name=\"twitter:data1\" content=\"1 minute\" \/>\n<script type=\"application\/ld+json\" class=\"yoast-schema-graph\">{\"@context\":\"https:\\\/\\\/schema.org\",\"@graph\":[{\"@type\":\"WebPage\",\"@id\":\"https:\\\/\\\/aigleshopping.ca\\\/fr\\\/produit\\\/camera-wifi-1080p-bulb-4x-zoom-camera-e27-home-5gwifi-alarm-monitor\\\/\",\"url\":\"https:\\\/\\\/aigleshopping.ca\\\/fr\\\/produit\\\/camera-wifi-1080p-bulb-4x-zoom-camera-e27-home-5gwifi-alarm-monitor\\\/\",\"name\":\"Cam\u00e9ra WiFi 1080P Bulb 4X Zoom Camera E27 Home 5GWiFi Alarm Monitor - Aigle Shopping Canada\",\"isPartOf\":{\"@id\":\"https:\\\/\\\/aigleshopping.ca\\\/#website\"},\"primaryImageOfPage\":{\"@id\":\"https:\\\/\\\/aigleshopping.ca\\\/fr\\\/produit\\\/camera-wifi-1080p-bulb-4x-zoom-camera-e27-home-5gwifi-alarm-monitor\\\/#primaryimage\"},\"image\":{\"@id\":\"https:\\\/\\\/aigleshopping.ca\\\/fr\\\/produit\\\/camera-wifi-1080p-bulb-4x-zoom-camera-e27-home-5gwifi-alarm-monitor\\\/#primaryimage\"},\"thumbnailUrl\":\"https:\\\/\\\/aigleshopping.ca\\\/wp-content\\\/uploads\\\/2025\\\/03\\\/5ebef5a0-7ce6-4785-87ce-3894da9fe895.jpg\",\"datePublished\":\"2025-03-06T23:21:42+00:00\",\"breadcrumb\":{\"@id\":\"https:\\\/\\\/aigleshopping.ca\\\/fr\\\/produit\\\/camera-wifi-1080p-bulb-4x-zoom-camera-e27-home-5gwifi-alarm-monitor\\\/#breadcrumb\"},\"inLanguage\":\"fr-FR\",\"potentialAction\":[{\"@type\":\"ReadAction\",\"target\":[\"https:\\\/\\\/aigleshopping.ca\\\/fr\\\/produit\\\/camera-wifi-1080p-bulb-4x-zoom-camera-e27-home-5gwifi-alarm-monitor\\\/\"]}]},{\"@type\":\"ImageObject\",\"inLanguage\":\"fr-FR\",\"@id\":\"https:\\\/\\\/aigleshopping.ca\\\/fr\\\/produit\\\/camera-wifi-1080p-bulb-4x-zoom-camera-e27-home-5gwifi-alarm-monitor\\\/#primaryimage\",\"url\":\"https:\\\/\\\/aigleshopping.ca\\\/wp-content\\\/uploads\\\/2025\\\/03\\\/5ebef5a0-7ce6-4785-87ce-3894da9fe895.jpg\",\"contentUrl\":\"https:\\\/\\\/aigleshopping.ca\\\/wp-content\\\/uploads\\\/2025\\\/03\\\/5ebef5a0-7ce6-4785-87ce-3894da9fe895.jpg\",\"width\":800,\"height\":800},{\"@type\":\"BreadcrumbList\",\"@id\":\"https:\\\/\\\/aigleshopping.ca\\\/fr\\\/produit\\\/camera-wifi-1080p-bulb-4x-zoom-camera-e27-home-5gwifi-alarm-monitor\\\/#breadcrumb\",\"itemListElement\":[{\"@type\":\"ListItem\",\"position\":1,\"name\":\"Home\",\"item\":\"https:\\\/\\\/aigleshopping.ca\\\/fr\\\/home\\\/\"},{\"@type\":\"ListItem\",\"position\":2,\"name\":\"Products\",\"item\":\"https:\\\/\\\/aigleshopping.ca\\\/shop\\\/\"},{\"@type\":\"ListItem\",\"position\":3,\"name\":\"Cam\u00e9ra WiFi 1080P Bulb 4X Zoom Camera E27 Home 5GWiFi Alarm Monitor\"}]},{\"@type\":\"WebSite\",\"@id\":\"https:\\\/\\\/aigleshopping.ca\\\/#website\",\"url\":\"https:\\\/\\\/aigleshopping.ca\\\/\",\"name\":\"Aigle Shopping Canada\",\"description\":\"Au-del\u00e0 des fronti\u00e8res, pour vous offrir le\u00a0meilleur!\",\"publisher\":{\"@id\":\"https:\\\/\\\/aigleshopping.ca\\\/#organization\"},\"potentialAction\":[{\"@type\":\"SearchAction\",\"target\":{\"@type\":\"EntryPoint\",\"urlTemplate\":\"https:\\\/\\\/aigleshopping.ca\\\/?s={search_term_string}\"},\"query-input\":{\"@type\":\"PropertyValueSpecification\",\"valueRequired\":true,\"valueName\":\"search_term_string\"}}],\"inLanguage\":\"fr-FR\"},{\"@type\":\"Organization\",\"@id\":\"https:\\\/\\\/aigleshopping.ca\\\/#organization\",\"name\":\"Aigle Shopping Canada\",\"url\":\"https:\\\/\\\/aigleshopping.ca\\\/\",\"logo\":{\"@type\":\"ImageObject\",\"inLanguage\":\"fr-FR\",\"@id\":\"https:\\\/\\\/aigleshopping.ca\\\/#\\\/schema\\\/logo\\\/image\\\/\",\"url\":\"https:\\\/\\\/aigleshopping.ca\\\/wp-content\\\/uploads\\\/2025\\\/12\\\/logo_aigleshopping_ca.png\",\"contentUrl\":\"https:\\\/\\\/aigleshopping.ca\\\/wp-content\\\/uploads\\\/2025\\\/12\\\/logo_aigleshopping_ca.png\",\"width\":800,\"height\":233,\"caption\":\"Aigle Shopping Canada\"},\"image\":{\"@id\":\"https:\\\/\\\/aigleshopping.ca\\\/#\\\/schema\\\/logo\\\/image\\\/\"}}]}<\/script>\n<!-- \/ Yoast SEO plugin. -->","yoast_head_json":{"title":"Cam\u00e9ra WiFi 1080P Bulb 4X Zoom Camera E27 Home 5GWiFi Alarm Monitor - Aigle Shopping Canada","robots":{"index":"index","follow":"follow","max-snippet":"max-snippet:-1","max-image-preview":"max-image-preview:large","max-video-preview":"max-video-preview:-1"},"canonical":"https:\/\/aigleshopping.ca\/fr\/produit\/camera-wifi-1080p-bulb-4x-zoom-camera-e27-home-5gwifi-alarm-monitor\/","og_locale":"fr_FR","og_type":"article","og_title":"Cam\u00e9ra WiFi 1080P Bulb 4X Zoom Camera E27 Home 5GWiFi Alarm Monitor - Aigle Shopping Canada","og_description":"Vue d&rsquo;ensemble\uff1a 1. suivi automatique 2. Surveillance de l&rsquo;orientation et de l&rsquo;inclinaison en douceur 3. Surveillance de jour comme de nuit 4. Application de pouss\u00e9e d&rsquo;alarme activ\u00e9e par le mouvement 5. Son bidirectionnel clair 6. Acc\u00e8s \u00e0 distance P2P 7. Placez-la n&rsquo;importe o\u00f9, installation facile 8. Options de stockage sur carte TF et dans le [&hellip;]","og_url":"https:\/\/aigleshopping.ca\/fr\/produit\/camera-wifi-1080p-bulb-4x-zoom-camera-e27-home-5gwifi-alarm-monitor\/","og_site_name":"Aigle Shopping Canada","og_image":[{"width":800,"height":800,"url":"https:\/\/aigleshopping.ca\/wp-content\/uploads\/2025\/03\/5ebef5a0-7ce6-4785-87ce-3894da9fe895.jpg","type":"image\/jpeg"}],"twitter_card":"summary_large_image","twitter_misc":{"Dur\u00e9e de lecture estim\u00e9e":"1 minute"},"schema":{"@context":"https:\/\/schema.org","@graph":[{"@type":"WebPage","@id":"https:\/\/aigleshopping.ca\/fr\/produit\/camera-wifi-1080p-bulb-4x-zoom-camera-e27-home-5gwifi-alarm-monitor\/","url":"https:\/\/aigleshopping.ca\/fr\/produit\/camera-wifi-1080p-bulb-4x-zoom-camera-e27-home-5gwifi-alarm-monitor\/","name":"Cam\u00e9ra WiFi 1080P Bulb 4X Zoom Camera E27 Home 5GWiFi Alarm Monitor - Aigle Shopping Canada","isPartOf":{"@id":"https:\/\/aigleshopping.ca\/#website"},"primaryImageOfPage":{"@id":"https:\/\/aigleshopping.ca\/fr\/produit\/camera-wifi-1080p-bulb-4x-zoom-camera-e27-home-5gwifi-alarm-monitor\/#primaryimage"},"image":{"@id":"https:\/\/aigleshopping.ca\/fr\/produit\/camera-wifi-1080p-bulb-4x-zoom-camera-e27-home-5gwifi-alarm-monitor\/#primaryimage"},"thumbnailUrl":"https:\/\/aigleshopping.ca\/wp-content\/uploads\/2025\/03\/5ebef5a0-7ce6-4785-87ce-3894da9fe895.jpg","datePublished":"2025-03-06T23:21:42+00:00","breadcrumb":{"@id":"https:\/\/aigleshopping.ca\/fr\/produit\/camera-wifi-1080p-bulb-4x-zoom-camera-e27-home-5gwifi-alarm-monitor\/#breadcrumb"},"inLanguage":"fr-FR","potentialAction":[{"@type":"ReadAction","target":["https:\/\/aigleshopping.ca\/fr\/produit\/camera-wifi-1080p-bulb-4x-zoom-camera-e27-home-5gwifi-alarm-monitor\/"]}]},{"@type":"ImageObject","inLanguage":"fr-FR","@id":"https:\/\/aigleshopping.ca\/fr\/produit\/camera-wifi-1080p-bulb-4x-zoom-camera-e27-home-5gwifi-alarm-monitor\/#primaryimage","url":"https:\/\/aigleshopping.ca\/wp-content\/uploads\/2025\/03\/5ebef5a0-7ce6-4785-87ce-3894da9fe895.jpg","contentUrl":"https:\/\/aigleshopping.ca\/wp-content\/uploads\/2025\/03\/5ebef5a0-7ce6-4785-87ce-3894da9fe895.jpg","width":800,"height":800},{"@type":"BreadcrumbList","@id":"https:\/\/aigleshopping.ca\/fr\/produit\/camera-wifi-1080p-bulb-4x-zoom-camera-e27-home-5gwifi-alarm-monitor\/#breadcrumb","itemListElement":[{"@type":"ListItem","position":1,"name":"Home","item":"https:\/\/aigleshopping.ca\/fr\/home\/"},{"@type":"ListItem","position":2,"name":"Products","item":"https:\/\/aigleshopping.ca\/shop\/"},{"@type":"ListItem","position":3,"name":"Cam\u00e9ra WiFi 1080P Bulb 4X Zoom Camera E27 Home 5GWiFi Alarm Monitor"}]},{"@type":"WebSite","@id":"https:\/\/aigleshopping.ca\/#website","url":"https:\/\/aigleshopping.ca\/","name":"Aigle Shopping Canada","description":"Au-del\u00e0 des fronti\u00e8res, pour vous offrir le\u00a0meilleur!","publisher":{"@id":"https:\/\/aigleshopping.ca\/#organization"},"potentialAction":[{"@type":"SearchAction","target":{"@type":"EntryPoint","urlTemplate":"https:\/\/aigleshopping.ca\/?s={search_term_string}"},"query-input":{"@type":"PropertyValueSpecification","valueRequired":true,"valueName":"search_term_string"}}],"inLanguage":"fr-FR"},{"@type":"Organization","@id":"https:\/\/aigleshopping.ca\/#organization","name":"Aigle Shopping Canada","url":"https:\/\/aigleshopping.ca\/","logo":{"@type":"ImageObject","inLanguage":"fr-FR","@id":"https:\/\/aigleshopping.ca\/#\/schema\/logo\/image\/","url":"https:\/\/aigleshopping.ca\/wp-content\/uploads\/2025\/12\/logo_aigleshopping_ca.png","contentUrl":"https:\/\/aigleshopping.ca\/wp-content\/uploads\/2025\/12\/logo_aigleshopping_ca.png","width":800,"height":233,"caption":"Aigle Shopping Canada"},"image":{"@id":"https:\/\/aigleshopping.ca\/#\/schema\/logo\/image\/"}}]}},"jetpack_sharing_enabled":true,"_links":{"self":[{"href":"https:\/\/aigleshopping.ca\/fr\/wp-json\/wp\/v2\/product\/33358","targetHints":{"allow":["GET"]}}],"collection":[{"href":"https:\/\/aigleshopping.ca\/fr\/wp-json\/wp\/v2\/product"}],"about":[{"href":"https:\/\/aigleshopping.ca\/fr\/wp-json\/wp\/v2\/types\/product"}],"replies":[{"embeddable":true,"href":"https:\/\/aigleshopping.ca\/fr\/wp-json\/wp\/v2\/comments?post=33358"}],"wp:featuredmedia":[{"embeddable":true,"href":"https:\/\/aigleshopping.ca\/fr\/wp-json\/wp\/v2\/media\/10986"}],"wp:attachment":[{"href":"https:\/\/aigleshopping.ca\/fr\/wp-json\/wp\/v2\/media?parent=33358"}],"wp:term":[{"taxonomy":"product_brand","embeddable":true,"href":"https:\/\/aigleshopping.ca\/fr\/wp-json\/wp\/v2\/product_brand?post=33358"},{"taxonomy":"product_cat","embeddable":true,"href":"https:\/\/aigleshopping.ca\/fr\/wp-json\/wp\/v2\/product_cat?post=33358"},{"taxonomy":"product_tag","embeddable":true,"href":"https:\/\/aigleshopping.ca\/fr\/wp-json\/wp\/v2\/product_tag?post=33358"}],"curies":[{"name":"wp","href":"https:\/\/api.w.org\/{rel}","templated":true}]}}