{"id":33432,"date":"2025-08-12T15:19:32","date_gmt":"2025-08-12T15:19:32","guid":{"rendered":"https:\/\/aigleshopping.ca\/?post_type=product&#038;p=33432"},"modified":"2025-08-12T15:19:32","modified_gmt":"2025-08-12T15:19:32","slug":"forever-absorbent-c","status":"publish","type":"product","link":"https:\/\/aigleshopping.ca\/fr\/produit\/forever-absorbent-c\/","title":{"rendered":"Forever Absorbent-C"},"content":{"rendered":"<p><strong>La vitamine C est la superstar pour ton quotidien<\/strong><br \/>\nSavais-tu que ton corps ne peut pas produire lui-m\u00eame de la vitamine C? C&rsquo;est pourquoi il est important d&rsquo;en consommer quotidiennement via l&rsquo;alimentation. Mais, c&rsquo;est justement dans le rythme effr\u00e9n\u00e9 de la vie quotidienne que cela fait parfois d\u00e9faut.<br \/>\nC&rsquo;est pr\u00e9cis\u00e9ment l\u00e0 que Forever Absorbent-C\u2122 entre en jeu: un comprim\u00e9 pratique \u00e0 croquer qui combine la vitamine C avec de pr\u00e9cieuses fibres alimentaires issues du son d&rsquo;avoine.<\/p>\n<p><strong>Pourquoi la vitamine C?<\/strong><\/p>\n<p>La vitamine C est un v\u00e9ritable multitalent:<\/p>\n<p>\u2705 Contribue au fonctionnement normal du syst\u00e8me immunitaire<br \/>\n\u2705 Aide \u00e0 r\u00e9duire la fatigue et l&rsquo;\u00e9puisement<br \/>\n\u2705 Contribue \u00e0 un m\u00e9tabolisme \u00e9nerg\u00e9tique normal<br \/>\n\u2705 Augmente l&rsquo;absorption du fer dans le corps<br \/>\n\u2705 Prot\u00e8ge les cellules contre le stress oxydatif<br \/>\n\u2705 Contribue \u00e0 la formation normale de collag\u00e8ne, important pour la peau, les vaisseaux sanguins, les dents et les gencives.<\/p>\n<p>Comme la vitamine C est soluble dans l&rsquo;eau, notre corps ne peut pas la stocker, un apport r\u00e9gulier est donc essentiel.<\/p>\n<p><strong>Avec des fibres pr\u00e9cieuses issues du son d&rsquo;avoine<\/strong><\/p>\n<p>Forever Absorbent-C\u2122 contient des fibres hydrosolubles de son d&rsquo;avoine qui, en combinaison avec la vitamine C, constituent un compl\u00e9ment intelligent \u00e0 ton alimentation.<\/p>\n<p>Que tu sois \u00e0 la maison, en d\u00e9placement ou au bureau, avec Forever Absorbent-C\u2122, tu as toujours ta vitamine C quotidienne \u00e0 port\u00e9e de main.<\/p>\n<p>Ton boost de vitamine C: il suffit de le m\u00e2cher et de le savourer!<\/p>\n<p>&nbsp;<\/p>\n<p><strong>Remarque:<\/strong><br \/>\nLa consommation journali\u00e8re recommand\u00e9e indiqu\u00e9e ne doit pas \u00eatre d\u00e9pass\u00e9e. Les compl\u00e9ments alimentaires ne peuvent pas se substituer \u00e0 une alimentation \u00e9quilibr\u00e9e et vari\u00e9e et \u00e0 un mode de vie sain. Peut avoir un effet laxatif en cas de consommation excessive. Conserver hors de la port\u00e9e des jeunes enfants. Ne pas utiliser si le sceau de s\u00e9curit\u00e9 n&rsquo;est pas intact ou manquant. Conserver bien ferm\u00e9, au frais et au sec.<\/p>\n","protected":false},"excerpt":{"rendered":"<p><strong>Ton compagnon en vitamine C!<\/strong><\/p>\n<p>Avec de la vitamine C, qui contribue au fonctionnement normal du syst\u00e8me immunitaire et des fibres provenant du son d&rsquo;avoine. Comprim\u00e9 \u00e0 m\u00e2cher pratique, il suffit de le m\u00e2cher et de savourer!<\/p>\n","protected":false},"featured_media":33435,"comment_status":"open","ping_status":"closed","template":"","meta":{"content-type":""},"product_brand":[],"product_cat":[928],"product_tag":[],"class_list":{"0":"post-33432","1":"product","2":"type-product","3":"status-publish","4":"has-post-thumbnail","6":"product_cat-aigle-rajeunit","8":"first","9":"instock","10":"taxable","11":"shipping-taxable","12":"purchasable","13":"product-type-simple","14":"add-to-wishlist-after_add_to_cart"},"yoast_head":"<!-- This site is optimized with the Yoast SEO plugin v27.5 - https:\/\/yoast.com\/product\/yoast-seo-wordpress\/ -->\n<title>Forever Absorbent-C - Aigle Shopping Canada<\/title>\n<meta name=\"robots\" content=\"index, follow, max-snippet:-1, max-image-preview:large, max-video-preview:-1\" \/>\n<link rel=\"canonical\" href=\"https:\/\/aigleshopping.ca\/fr\/produit\/forever-absorbent-c\/\" \/>\n<meta property=\"og:locale\" content=\"fr_FR\" \/>\n<meta property=\"og:type\" content=\"article\" \/>\n<meta property=\"og:title\" content=\"Forever Absorbent-C - Aigle Shopping Canada\" \/>\n<meta property=\"og:description\" content=\"Ton compagnon en vitamine C!  Avec de la vitamine C, qui contribue au fonctionnement normal du syst\u00e8me immunitaire et des fibres provenant du son d&#039;avoine. Comprim\u00e9 \u00e0 m\u00e2cher pratique, il suffit de le m\u00e2cher et de savourer!\" \/>\n<meta property=\"og:url\" content=\"https:\/\/aigleshopping.ca\/fr\/produit\/forever-absorbent-c\/\" \/>\n<meta property=\"og:site_name\" content=\"Aigle Shopping Canada\" \/>\n<meta property=\"og:image\" content=\"https:\/\/aigleshopping.ca\/wp-content\/uploads\/2025\/08\/abc.jpg\" \/>\n\t<meta property=\"og:image:width\" content=\"800\" \/>\n\t<meta property=\"og:image:height\" content=\"800\" \/>\n\t<meta property=\"og:image:type\" content=\"image\/jpeg\" \/>\n<meta name=\"twitter:card\" content=\"summary_large_image\" \/>\n<meta name=\"twitter:label1\" content=\"Dur\u00e9e de lecture estim\u00e9e\" \/>\n\t<meta name=\"twitter:data1\" content=\"2 minutes\" \/>\n<script type=\"application\/ld+json\" class=\"yoast-schema-graph\">{\"@context\":\"https:\\\/\\\/schema.org\",\"@graph\":[{\"@type\":\"WebPage\",\"@id\":\"https:\\\/\\\/aigleshopping.ca\\\/fr\\\/produit\\\/forever-absorbent-c\\\/\",\"url\":\"https:\\\/\\\/aigleshopping.ca\\\/fr\\\/produit\\\/forever-absorbent-c\\\/\",\"name\":\"Forever Absorbent-C - Aigle Shopping Canada\",\"isPartOf\":{\"@id\":\"https:\\\/\\\/aigleshopping.ca\\\/#website\"},\"primaryImageOfPage\":{\"@id\":\"https:\\\/\\\/aigleshopping.ca\\\/fr\\\/produit\\\/forever-absorbent-c\\\/#primaryimage\"},\"image\":{\"@id\":\"https:\\\/\\\/aigleshopping.ca\\\/fr\\\/produit\\\/forever-absorbent-c\\\/#primaryimage\"},\"thumbnailUrl\":\"https:\\\/\\\/aigleshopping.ca\\\/wp-content\\\/uploads\\\/2025\\\/08\\\/abc.jpg\",\"datePublished\":\"2025-08-12T15:19:32+00:00\",\"breadcrumb\":{\"@id\":\"https:\\\/\\\/aigleshopping.ca\\\/fr\\\/produit\\\/forever-absorbent-c\\\/#breadcrumb\"},\"inLanguage\":\"fr-FR\",\"potentialAction\":[{\"@type\":\"ReadAction\",\"target\":[\"https:\\\/\\\/aigleshopping.ca\\\/fr\\\/produit\\\/forever-absorbent-c\\\/\"]}]},{\"@type\":\"ImageObject\",\"inLanguage\":\"fr-FR\",\"@id\":\"https:\\\/\\\/aigleshopping.ca\\\/fr\\\/produit\\\/forever-absorbent-c\\\/#primaryimage\",\"url\":\"https:\\\/\\\/aigleshopping.ca\\\/wp-content\\\/uploads\\\/2025\\\/08\\\/abc.jpg\",\"contentUrl\":\"https:\\\/\\\/aigleshopping.ca\\\/wp-content\\\/uploads\\\/2025\\\/08\\\/abc.jpg\",\"width\":800,\"height\":800},{\"@type\":\"BreadcrumbList\",\"@id\":\"https:\\\/\\\/aigleshopping.ca\\\/fr\\\/produit\\\/forever-absorbent-c\\\/#breadcrumb\",\"itemListElement\":[{\"@type\":\"ListItem\",\"position\":1,\"name\":\"Home\",\"item\":\"https:\\\/\\\/aigleshopping.ca\\\/fr\\\/home\\\/\"},{\"@type\":\"ListItem\",\"position\":2,\"name\":\"Products\",\"item\":\"https:\\\/\\\/aigleshopping.ca\\\/shop\\\/\"},{\"@type\":\"ListItem\",\"position\":3,\"name\":\"Forever Absorbent-C\"}]},{\"@type\":\"WebSite\",\"@id\":\"https:\\\/\\\/aigleshopping.ca\\\/#website\",\"url\":\"https:\\\/\\\/aigleshopping.ca\\\/\",\"name\":\"Aigle Shopping Canada\",\"description\":\"Au-del\u00e0 des fronti\u00e8res, pour vous offrir le\u00a0meilleur!\",\"publisher\":{\"@id\":\"https:\\\/\\\/aigleshopping.ca\\\/#organization\"},\"potentialAction\":[{\"@type\":\"SearchAction\",\"target\":{\"@type\":\"EntryPoint\",\"urlTemplate\":\"https:\\\/\\\/aigleshopping.ca\\\/?s={search_term_string}\"},\"query-input\":{\"@type\":\"PropertyValueSpecification\",\"valueRequired\":true,\"valueName\":\"search_term_string\"}}],\"inLanguage\":\"fr-FR\"},{\"@type\":\"Organization\",\"@id\":\"https:\\\/\\\/aigleshopping.ca\\\/#organization\",\"name\":\"Aigle Shopping Canada\",\"url\":\"https:\\\/\\\/aigleshopping.ca\\\/\",\"logo\":{\"@type\":\"ImageObject\",\"inLanguage\":\"fr-FR\",\"@id\":\"https:\\\/\\\/aigleshopping.ca\\\/#\\\/schema\\\/logo\\\/image\\\/\",\"url\":\"https:\\\/\\\/aigleshopping.ca\\\/wp-content\\\/uploads\\\/2025\\\/12\\\/logo_aigleshopping_ca.png\",\"contentUrl\":\"https:\\\/\\\/aigleshopping.ca\\\/wp-content\\\/uploads\\\/2025\\\/12\\\/logo_aigleshopping_ca.png\",\"width\":800,\"height\":233,\"caption\":\"Aigle Shopping Canada\"},\"image\":{\"@id\":\"https:\\\/\\\/aigleshopping.ca\\\/#\\\/schema\\\/logo\\\/image\\\/\"}}]}<\/script>\n<!-- \/ Yoast SEO plugin. -->","yoast_head_json":{"title":"Forever Absorbent-C - Aigle Shopping Canada","robots":{"index":"index","follow":"follow","max-snippet":"max-snippet:-1","max-image-preview":"max-image-preview:large","max-video-preview":"max-video-preview:-1"},"canonical":"https:\/\/aigleshopping.ca\/fr\/produit\/forever-absorbent-c\/","og_locale":"fr_FR","og_type":"article","og_title":"Forever Absorbent-C - Aigle Shopping Canada","og_description":"Ton compagnon en vitamine C!  Avec de la vitamine C, qui contribue au fonctionnement normal du syst\u00e8me immunitaire et des fibres provenant du son d'avoine. Comprim\u00e9 \u00e0 m\u00e2cher pratique, il suffit de le m\u00e2cher et de savourer!","og_url":"https:\/\/aigleshopping.ca\/fr\/produit\/forever-absorbent-c\/","og_site_name":"Aigle Shopping Canada","og_image":[{"width":800,"height":800,"url":"https:\/\/aigleshopping.ca\/wp-content\/uploads\/2025\/08\/abc.jpg","type":"image\/jpeg"}],"twitter_card":"summary_large_image","twitter_misc":{"Dur\u00e9e de lecture estim\u00e9e":"2 minutes"},"schema":{"@context":"https:\/\/schema.org","@graph":[{"@type":"WebPage","@id":"https:\/\/aigleshopping.ca\/fr\/produit\/forever-absorbent-c\/","url":"https:\/\/aigleshopping.ca\/fr\/produit\/forever-absorbent-c\/","name":"Forever Absorbent-C - Aigle Shopping Canada","isPartOf":{"@id":"https:\/\/aigleshopping.ca\/#website"},"primaryImageOfPage":{"@id":"https:\/\/aigleshopping.ca\/fr\/produit\/forever-absorbent-c\/#primaryimage"},"image":{"@id":"https:\/\/aigleshopping.ca\/fr\/produit\/forever-absorbent-c\/#primaryimage"},"thumbnailUrl":"https:\/\/aigleshopping.ca\/wp-content\/uploads\/2025\/08\/abc.jpg","datePublished":"2025-08-12T15:19:32+00:00","breadcrumb":{"@id":"https:\/\/aigleshopping.ca\/fr\/produit\/forever-absorbent-c\/#breadcrumb"},"inLanguage":"fr-FR","potentialAction":[{"@type":"ReadAction","target":["https:\/\/aigleshopping.ca\/fr\/produit\/forever-absorbent-c\/"]}]},{"@type":"ImageObject","inLanguage":"fr-FR","@id":"https:\/\/aigleshopping.ca\/fr\/produit\/forever-absorbent-c\/#primaryimage","url":"https:\/\/aigleshopping.ca\/wp-content\/uploads\/2025\/08\/abc.jpg","contentUrl":"https:\/\/aigleshopping.ca\/wp-content\/uploads\/2025\/08\/abc.jpg","width":800,"height":800},{"@type":"BreadcrumbList","@id":"https:\/\/aigleshopping.ca\/fr\/produit\/forever-absorbent-c\/#breadcrumb","itemListElement":[{"@type":"ListItem","position":1,"name":"Home","item":"https:\/\/aigleshopping.ca\/fr\/home\/"},{"@type":"ListItem","position":2,"name":"Products","item":"https:\/\/aigleshopping.ca\/shop\/"},{"@type":"ListItem","position":3,"name":"Forever Absorbent-C"}]},{"@type":"WebSite","@id":"https:\/\/aigleshopping.ca\/#website","url":"https:\/\/aigleshopping.ca\/","name":"Aigle Shopping Canada","description":"Au-del\u00e0 des fronti\u00e8res, pour vous offrir le\u00a0meilleur!","publisher":{"@id":"https:\/\/aigleshopping.ca\/#organization"},"potentialAction":[{"@type":"SearchAction","target":{"@type":"EntryPoint","urlTemplate":"https:\/\/aigleshopping.ca\/?s={search_term_string}"},"query-input":{"@type":"PropertyValueSpecification","valueRequired":true,"valueName":"search_term_string"}}],"inLanguage":"fr-FR"},{"@type":"Organization","@id":"https:\/\/aigleshopping.ca\/#organization","name":"Aigle Shopping Canada","url":"https:\/\/aigleshopping.ca\/","logo":{"@type":"ImageObject","inLanguage":"fr-FR","@id":"https:\/\/aigleshopping.ca\/#\/schema\/logo\/image\/","url":"https:\/\/aigleshopping.ca\/wp-content\/uploads\/2025\/12\/logo_aigleshopping_ca.png","contentUrl":"https:\/\/aigleshopping.ca\/wp-content\/uploads\/2025\/12\/logo_aigleshopping_ca.png","width":800,"height":233,"caption":"Aigle Shopping Canada"},"image":{"@id":"https:\/\/aigleshopping.ca\/#\/schema\/logo\/image\/"}}]}},"jetpack_sharing_enabled":true,"_links":{"self":[{"href":"https:\/\/aigleshopping.ca\/fr\/wp-json\/wp\/v2\/product\/33432","targetHints":{"allow":["GET"]}}],"collection":[{"href":"https:\/\/aigleshopping.ca\/fr\/wp-json\/wp\/v2\/product"}],"about":[{"href":"https:\/\/aigleshopping.ca\/fr\/wp-json\/wp\/v2\/types\/product"}],"replies":[{"embeddable":true,"href":"https:\/\/aigleshopping.ca\/fr\/wp-json\/wp\/v2\/comments?post=33432"}],"wp:featuredmedia":[{"embeddable":true,"href":"https:\/\/aigleshopping.ca\/fr\/wp-json\/wp\/v2\/media\/33435"}],"wp:attachment":[{"href":"https:\/\/aigleshopping.ca\/fr\/wp-json\/wp\/v2\/media?parent=33432"}],"wp:term":[{"taxonomy":"product_brand","embeddable":true,"href":"https:\/\/aigleshopping.ca\/fr\/wp-json\/wp\/v2\/product_brand?post=33432"},{"taxonomy":"product_cat","embeddable":true,"href":"https:\/\/aigleshopping.ca\/fr\/wp-json\/wp\/v2\/product_cat?post=33432"},{"taxonomy":"product_tag","embeddable":true,"href":"https:\/\/aigleshopping.ca\/fr\/wp-json\/wp\/v2\/product_tag?post=33432"}],"curies":[{"name":"wp","href":"https:\/\/api.w.org\/{rel}","templated":true}]}}