{"id":33468,"date":"2025-08-12T16:01:19","date_gmt":"2025-08-12T16:01:19","guid":{"rendered":"https:\/\/aigleshopping.ca\/?post_type=product&#038;p=33468"},"modified":"2025-08-12T16:01:19","modified_gmt":"2025-08-12T16:01:19","slug":"forever-cardiohealth-with-coq10","status":"publish","type":"product","link":"https:\/\/aigleshopping.ca\/fr\/produit\/forever-cardiohealth-with-coq10\/","title":{"rendered":"Forever Cardiohealth With CoQ10"},"content":{"rendered":"<p><strong><span>Pratique, bon pour le c\u0153ur, pouvoir antioxydant<\/span><\/strong><\/p>\n<p><span>\u2022 Formul\u00e9 avec de la CoQ10<\/span><br \/>\n<span>\u2022 Aide \u00e0 soutenir une fonction cardiaque saine<\/span><br \/>\n<span>\u2022 Prot\u00e8ge contre les radicaux libres<\/span><br \/>\n<span>\u2022 Favorise une circulation saine<\/span><br \/>\n<span>\u2022 Convient aux v\u00e9g\u00e9tariens<\/span><br \/>\n<span>\u2022 Convient aux v\u00e9g\u00e9taliens<\/span><br \/>\n<span>\u2022 Sans gluten<\/span><\/p>\n<p><span>Favorisez la sant\u00e9 cardiaque et la circulation sanguine avec Forever CardioHealth\u00ae avec CoQ10. De quels nutriments s&rsquo;agit-il\u00a0? La CoQ10 est une coenzyme produite par l&rsquo;organisme qui contribue au bon fonctionnement du c\u0153ur. Les niveaux de cet antioxydant important diminuent avec l&rsquo;\u00e2ge\u00a0; c&rsquo;est pourquoi il est important de prendre un compl\u00e9ment qui maintient l&rsquo;\u00e9quilibre en CoQ10.<\/span><\/p>\n<p><span>Nous avons \u00e9galement associ\u00e9 cette puissante coenzyme \u00e0 des vitamines B pour cr\u00e9er le compl\u00e9ment alimentaire id\u00e9al pour la sant\u00e9 cardiaque. Les vitamines B favorisent un taux d&rsquo;homocyst\u00e9ine sain, ce qui contribue au bon fonctionnement des vaisseaux sanguins. Ce compl\u00e9ment est con\u00e7u pour \u00eatre m\u00e9lang\u00e9 au Forever Aloe Vera Gel\u00ae afin de faciliter l&rsquo;absorption des nombreux nutriments contenus dans cette formule innovante.<\/span><\/p>\n<p><span>Pour vraiment stimuler le pouvoir de promotion de la sant\u00e9 cardiaque de CardioHealth\u00ae, nous avons inclus de l&rsquo;extrait de boswellia, de l&rsquo;extrait de p\u00e9pins de raisin, de l&rsquo;extrait de feuille d&rsquo;olivier et du curcuma, qui ont tous d\u00e9montr\u00e9 leur efficacit\u00e9 pour soutenir le bon fonctionnement du syst\u00e8me cardiovasculaire.<\/span><\/p>\n<p><span>Est-il possible d&rsquo;int\u00e9grer encore plus de nutriments b\u00e9n\u00e9fiques pour le c\u0153ur dans un format aussi compact et pratique\u00a0? C&rsquo;est possible avec Forever CardioHealth\u00ae avec CoQ10. Notre formule contient \u00e9galement des min\u00e9raux essentiels comme le magn\u00e9sium et le chrome pour favoriser le bon fonctionnement cardiaque.<\/span><\/p>\n","protected":false},"excerpt":{"rendered":"<p>Forever Cardiohealth\u00ae avec CoQ10 regorge d&rsquo;ingr\u00e9dients avanc\u00e9s b\u00e9n\u00e9fiques pour le c\u0153ur. La CoQ10 est une puissante coenzyme que nous avons associ\u00e9e \u00e0 la vitamine B pour favoriser le fonctionnement des cellules et soutenir le syst\u00e8me cardiovasculaire.<\/p>\n","protected":false},"featured_media":33474,"comment_status":"open","ping_status":"closed","template":"","meta":{"content-type":""},"product_brand":[],"product_cat":[928],"product_tag":[],"class_list":{"0":"post-33468","1":"product","2":"type-product","3":"status-publish","4":"has-post-thumbnail","6":"product_cat-aigle-rajeunit","8":"first","9":"instock","10":"taxable","11":"shipping-taxable","12":"purchasable","13":"product-type-simple","14":"add-to-wishlist-after_add_to_cart"},"yoast_head":"<!-- This site is optimized with the Yoast SEO plugin v27.5 - https:\/\/yoast.com\/product\/yoast-seo-wordpress\/ -->\n<title>Forever Cardiohealth With CoQ10 - Aigle Shopping Canada<\/title>\n<meta name=\"robots\" content=\"index, follow, max-snippet:-1, max-image-preview:large, max-video-preview:-1\" \/>\n<link rel=\"canonical\" href=\"https:\/\/aigleshopping.ca\/fr\/produit\/forever-cardiohealth-with-coq10\/\" \/>\n<meta property=\"og:locale\" content=\"fr_FR\" \/>\n<meta property=\"og:type\" content=\"article\" \/>\n<meta property=\"og:title\" content=\"Forever Cardiohealth With CoQ10 - Aigle Shopping Canada\" \/>\n<meta property=\"og:description\" content=\"Forever Cardiohealth\u00ae avec CoQ10 regorge d&#039;ingr\u00e9dients avanc\u00e9s b\u00e9n\u00e9fiques pour le c\u0153ur. La CoQ10 est une puissante coenzyme que nous avons associ\u00e9e \u00e0 la vitamine B pour favoriser le fonctionnement des cellules et soutenir le syst\u00e8me cardiovasculaire.\" \/>\n<meta property=\"og:url\" content=\"https:\/\/aigleshopping.ca\/fr\/produit\/forever-cardiohealth-with-coq10\/\" \/>\n<meta property=\"og:site_name\" content=\"Aigle Shopping Canada\" \/>\n<meta property=\"og:image\" content=\"https:\/\/aigleshopping.ca\/wp-content\/uploads\/2025\/08\/carhea.jpg\" \/>\n\t<meta property=\"og:image:width\" content=\"800\" \/>\n\t<meta property=\"og:image:height\" content=\"800\" \/>\n\t<meta property=\"og:image:type\" content=\"image\/jpeg\" \/>\n<meta name=\"twitter:card\" content=\"summary_large_image\" \/>\n<meta name=\"twitter:label1\" content=\"Dur\u00e9e de lecture estim\u00e9e\" \/>\n\t<meta name=\"twitter:data1\" content=\"1 minute\" \/>\n<script type=\"application\/ld+json\" class=\"yoast-schema-graph\">{\"@context\":\"https:\\\/\\\/schema.org\",\"@graph\":[{\"@type\":\"WebPage\",\"@id\":\"https:\\\/\\\/aigleshopping.ca\\\/fr\\\/produit\\\/forever-cardiohealth-with-coq10\\\/\",\"url\":\"https:\\\/\\\/aigleshopping.ca\\\/fr\\\/produit\\\/forever-cardiohealth-with-coq10\\\/\",\"name\":\"Forever Cardiohealth With CoQ10 - Aigle Shopping Canada\",\"isPartOf\":{\"@id\":\"https:\\\/\\\/aigleshopping.ca\\\/#website\"},\"primaryImageOfPage\":{\"@id\":\"https:\\\/\\\/aigleshopping.ca\\\/fr\\\/produit\\\/forever-cardiohealth-with-coq10\\\/#primaryimage\"},\"image\":{\"@id\":\"https:\\\/\\\/aigleshopping.ca\\\/fr\\\/produit\\\/forever-cardiohealth-with-coq10\\\/#primaryimage\"},\"thumbnailUrl\":\"https:\\\/\\\/aigleshopping.ca\\\/wp-content\\\/uploads\\\/2025\\\/08\\\/carhea.jpg\",\"datePublished\":\"2025-08-12T16:01:19+00:00\",\"breadcrumb\":{\"@id\":\"https:\\\/\\\/aigleshopping.ca\\\/fr\\\/produit\\\/forever-cardiohealth-with-coq10\\\/#breadcrumb\"},\"inLanguage\":\"fr-FR\",\"potentialAction\":[{\"@type\":\"ReadAction\",\"target\":[\"https:\\\/\\\/aigleshopping.ca\\\/fr\\\/produit\\\/forever-cardiohealth-with-coq10\\\/\"]}]},{\"@type\":\"ImageObject\",\"inLanguage\":\"fr-FR\",\"@id\":\"https:\\\/\\\/aigleshopping.ca\\\/fr\\\/produit\\\/forever-cardiohealth-with-coq10\\\/#primaryimage\",\"url\":\"https:\\\/\\\/aigleshopping.ca\\\/wp-content\\\/uploads\\\/2025\\\/08\\\/carhea.jpg\",\"contentUrl\":\"https:\\\/\\\/aigleshopping.ca\\\/wp-content\\\/uploads\\\/2025\\\/08\\\/carhea.jpg\",\"width\":800,\"height\":800},{\"@type\":\"BreadcrumbList\",\"@id\":\"https:\\\/\\\/aigleshopping.ca\\\/fr\\\/produit\\\/forever-cardiohealth-with-coq10\\\/#breadcrumb\",\"itemListElement\":[{\"@type\":\"ListItem\",\"position\":1,\"name\":\"Home\",\"item\":\"https:\\\/\\\/aigleshopping.ca\\\/fr\\\/home\\\/\"},{\"@type\":\"ListItem\",\"position\":2,\"name\":\"Products\",\"item\":\"https:\\\/\\\/aigleshopping.ca\\\/shop\\\/\"},{\"@type\":\"ListItem\",\"position\":3,\"name\":\"Forever Cardiohealth With CoQ10\"}]},{\"@type\":\"WebSite\",\"@id\":\"https:\\\/\\\/aigleshopping.ca\\\/#website\",\"url\":\"https:\\\/\\\/aigleshopping.ca\\\/\",\"name\":\"Aigle Shopping Canada\",\"description\":\"Au-del\u00e0 des fronti\u00e8res, pour vous offrir le\u00a0meilleur!\",\"publisher\":{\"@id\":\"https:\\\/\\\/aigleshopping.ca\\\/#organization\"},\"potentialAction\":[{\"@type\":\"SearchAction\",\"target\":{\"@type\":\"EntryPoint\",\"urlTemplate\":\"https:\\\/\\\/aigleshopping.ca\\\/?s={search_term_string}\"},\"query-input\":{\"@type\":\"PropertyValueSpecification\",\"valueRequired\":true,\"valueName\":\"search_term_string\"}}],\"inLanguage\":\"fr-FR\"},{\"@type\":\"Organization\",\"@id\":\"https:\\\/\\\/aigleshopping.ca\\\/#organization\",\"name\":\"Aigle Shopping Canada\",\"url\":\"https:\\\/\\\/aigleshopping.ca\\\/\",\"logo\":{\"@type\":\"ImageObject\",\"inLanguage\":\"fr-FR\",\"@id\":\"https:\\\/\\\/aigleshopping.ca\\\/#\\\/schema\\\/logo\\\/image\\\/\",\"url\":\"https:\\\/\\\/aigleshopping.ca\\\/wp-content\\\/uploads\\\/2025\\\/12\\\/logo_aigleshopping_ca.png\",\"contentUrl\":\"https:\\\/\\\/aigleshopping.ca\\\/wp-content\\\/uploads\\\/2025\\\/12\\\/logo_aigleshopping_ca.png\",\"width\":800,\"height\":233,\"caption\":\"Aigle Shopping Canada\"},\"image\":{\"@id\":\"https:\\\/\\\/aigleshopping.ca\\\/#\\\/schema\\\/logo\\\/image\\\/\"}}]}<\/script>\n<!-- \/ Yoast SEO plugin. -->","yoast_head_json":{"title":"Forever Cardiohealth With CoQ10 - Aigle Shopping Canada","robots":{"index":"index","follow":"follow","max-snippet":"max-snippet:-1","max-image-preview":"max-image-preview:large","max-video-preview":"max-video-preview:-1"},"canonical":"https:\/\/aigleshopping.ca\/fr\/produit\/forever-cardiohealth-with-coq10\/","og_locale":"fr_FR","og_type":"article","og_title":"Forever Cardiohealth With CoQ10 - Aigle Shopping Canada","og_description":"Forever Cardiohealth\u00ae avec CoQ10 regorge d'ingr\u00e9dients avanc\u00e9s b\u00e9n\u00e9fiques pour le c\u0153ur. La CoQ10 est une puissante coenzyme que nous avons associ\u00e9e \u00e0 la vitamine B pour favoriser le fonctionnement des cellules et soutenir le syst\u00e8me cardiovasculaire.","og_url":"https:\/\/aigleshopping.ca\/fr\/produit\/forever-cardiohealth-with-coq10\/","og_site_name":"Aigle Shopping Canada","og_image":[{"width":800,"height":800,"url":"https:\/\/aigleshopping.ca\/wp-content\/uploads\/2025\/08\/carhea.jpg","type":"image\/jpeg"}],"twitter_card":"summary_large_image","twitter_misc":{"Dur\u00e9e de lecture estim\u00e9e":"1 minute"},"schema":{"@context":"https:\/\/schema.org","@graph":[{"@type":"WebPage","@id":"https:\/\/aigleshopping.ca\/fr\/produit\/forever-cardiohealth-with-coq10\/","url":"https:\/\/aigleshopping.ca\/fr\/produit\/forever-cardiohealth-with-coq10\/","name":"Forever Cardiohealth With CoQ10 - Aigle Shopping Canada","isPartOf":{"@id":"https:\/\/aigleshopping.ca\/#website"},"primaryImageOfPage":{"@id":"https:\/\/aigleshopping.ca\/fr\/produit\/forever-cardiohealth-with-coq10\/#primaryimage"},"image":{"@id":"https:\/\/aigleshopping.ca\/fr\/produit\/forever-cardiohealth-with-coq10\/#primaryimage"},"thumbnailUrl":"https:\/\/aigleshopping.ca\/wp-content\/uploads\/2025\/08\/carhea.jpg","datePublished":"2025-08-12T16:01:19+00:00","breadcrumb":{"@id":"https:\/\/aigleshopping.ca\/fr\/produit\/forever-cardiohealth-with-coq10\/#breadcrumb"},"inLanguage":"fr-FR","potentialAction":[{"@type":"ReadAction","target":["https:\/\/aigleshopping.ca\/fr\/produit\/forever-cardiohealth-with-coq10\/"]}]},{"@type":"ImageObject","inLanguage":"fr-FR","@id":"https:\/\/aigleshopping.ca\/fr\/produit\/forever-cardiohealth-with-coq10\/#primaryimage","url":"https:\/\/aigleshopping.ca\/wp-content\/uploads\/2025\/08\/carhea.jpg","contentUrl":"https:\/\/aigleshopping.ca\/wp-content\/uploads\/2025\/08\/carhea.jpg","width":800,"height":800},{"@type":"BreadcrumbList","@id":"https:\/\/aigleshopping.ca\/fr\/produit\/forever-cardiohealth-with-coq10\/#breadcrumb","itemListElement":[{"@type":"ListItem","position":1,"name":"Home","item":"https:\/\/aigleshopping.ca\/fr\/home\/"},{"@type":"ListItem","position":2,"name":"Products","item":"https:\/\/aigleshopping.ca\/shop\/"},{"@type":"ListItem","position":3,"name":"Forever Cardiohealth With CoQ10"}]},{"@type":"WebSite","@id":"https:\/\/aigleshopping.ca\/#website","url":"https:\/\/aigleshopping.ca\/","name":"Aigle Shopping Canada","description":"Au-del\u00e0 des fronti\u00e8res, pour vous offrir le\u00a0meilleur!","publisher":{"@id":"https:\/\/aigleshopping.ca\/#organization"},"potentialAction":[{"@type":"SearchAction","target":{"@type":"EntryPoint","urlTemplate":"https:\/\/aigleshopping.ca\/?s={search_term_string}"},"query-input":{"@type":"PropertyValueSpecification","valueRequired":true,"valueName":"search_term_string"}}],"inLanguage":"fr-FR"},{"@type":"Organization","@id":"https:\/\/aigleshopping.ca\/#organization","name":"Aigle Shopping Canada","url":"https:\/\/aigleshopping.ca\/","logo":{"@type":"ImageObject","inLanguage":"fr-FR","@id":"https:\/\/aigleshopping.ca\/#\/schema\/logo\/image\/","url":"https:\/\/aigleshopping.ca\/wp-content\/uploads\/2025\/12\/logo_aigleshopping_ca.png","contentUrl":"https:\/\/aigleshopping.ca\/wp-content\/uploads\/2025\/12\/logo_aigleshopping_ca.png","width":800,"height":233,"caption":"Aigle Shopping Canada"},"image":{"@id":"https:\/\/aigleshopping.ca\/#\/schema\/logo\/image\/"}}]}},"jetpack_sharing_enabled":true,"_links":{"self":[{"href":"https:\/\/aigleshopping.ca\/fr\/wp-json\/wp\/v2\/product\/33468","targetHints":{"allow":["GET"]}}],"collection":[{"href":"https:\/\/aigleshopping.ca\/fr\/wp-json\/wp\/v2\/product"}],"about":[{"href":"https:\/\/aigleshopping.ca\/fr\/wp-json\/wp\/v2\/types\/product"}],"replies":[{"embeddable":true,"href":"https:\/\/aigleshopping.ca\/fr\/wp-json\/wp\/v2\/comments?post=33468"}],"wp:featuredmedia":[{"embeddable":true,"href":"https:\/\/aigleshopping.ca\/fr\/wp-json\/wp\/v2\/media\/33474"}],"wp:attachment":[{"href":"https:\/\/aigleshopping.ca\/fr\/wp-json\/wp\/v2\/media?parent=33468"}],"wp:term":[{"taxonomy":"product_brand","embeddable":true,"href":"https:\/\/aigleshopping.ca\/fr\/wp-json\/wp\/v2\/product_brand?post=33468"},{"taxonomy":"product_cat","embeddable":true,"href":"https:\/\/aigleshopping.ca\/fr\/wp-json\/wp\/v2\/product_cat?post=33468"},{"taxonomy":"product_tag","embeddable":true,"href":"https:\/\/aigleshopping.ca\/fr\/wp-json\/wp\/v2\/product_tag?post=33468"}],"curies":[{"name":"wp","href":"https:\/\/api.w.org\/{rel}","templated":true}]}}