{"id":33508,"date":"2025-08-14T17:59:11","date_gmt":"2025-08-14T17:59:11","guid":{"rendered":"https:\/\/aigleshopping.ca\/produit\/masseur-cervical-intelligent-multifonctions\/"},"modified":"2025-08-14T17:59:11","modified_gmt":"2025-08-14T17:59:11","slug":"masseur-cervical-intelligent-multifonctions","status":"publish","type":"product","link":"https:\/\/aigleshopping.ca\/fr\/produit\/masseur-cervical-intelligent-multifonctions\/","title":{"rendered":"Masseur cervical intelligent multifonctions"},"content":{"rendered":"<p> <span style=\"font-weight: bold\">Vue d&rsquo;ensemble<\/span>:&nbsp; <\/p>\n<p>  Plus jeune mais fatigu\u00e9 du cou ! Le travail intensif au bureau, le brossage \u00e0 grande vitesse dans le m\u00e9tro et les nombreuses soir\u00e9es de jeu &#8211; votre colonne cervicale est soumise \u00e0 une pression \u00e9norme. Masseur cervical intelligent, prenez soin de votre cou \u00e0 tout moment ! ! Que ce soit sous l&rsquo;air conditionn\u00e9, le cou est froid, ou la nuit surcharg\u00e9e et le cou est douloureux, c&rsquo;est votre compagnon personnel.     <br \/>  4 grands modes, 15 vitesses. Selon l&rsquo;ajustement des besoins individuels, pour r\u00e9pondre \u00e0 une vari\u00e9t\u00e9 de besoins de massage, cibl\u00e9 pour soulager les sympt\u00f4mes correspondants. <br \/> 4 grands modes : mode marteau, mode p\u00e9trissage, mode acupuncture, mode automatique <br \/> Conception de la carte de cou en forme d&rsquo;anneau en U, corps l\u00e9ger + conception adapt\u00e9e au cou, porter sans contrainte, massage plus en place <br \/> Batterie longue dur\u00e9e pour 1 charge, 8 jours d&rsquo;autonomie Adapt\u00e9e \u00e0 l&rsquo;interface de charge USB, une charge pour environ 4 heures, 30 minutes par jour, 8 jours d&rsquo;utilisation durable    <\/p>\n<p>Le fonctionnement de l&rsquo;invite vocale est plus simple, l&rsquo;invite vocale intelligente, la t\u00e9l\u00e9commande sans fil, l&rsquo;invite vocale, plus pratique \u00e0 utiliser, un appareil de massage diff\u00e9rent.<\/p>\n<p> <\/p>\n<p> <span style=\"font-weight: bold\"> <br \/> <\/span> <\/p>\n<p> <span style=\"font-weight: bold\">Sp\u00e9cification :<\/span> <br \/> Couleur : blanc, rouge <br \/> Mode d&rsquo;alimentation par batterie : USB <br \/> M\u00e9thode de contr\u00f4le : type d&rsquo;ordinateur <br \/> Parties applicables : cou <br \/> Technique de massage : pression des doigts <br \/> Contact de massage : 3 <\/p>\n<p> <span style=\"font-weight: bold\">Contenu de l&#8217;emballage :<\/span> <\/p>\n<p> <span style=\"font-weight: bold\"><\/span>  Consultez le site SKU ci-dessous <br \/> pour les textes en chinois uniquement.  <\/p>\n<p> <\/p>\n<p> <img decoding=\"async\" src=\"https:\/\/cf.cjdropshipping.com\/15732288\/316252952484.png\">  <\/p>\n<p> <img decoding=\"async\" src=\"https:\/\/cf.cjdropshipping.com\/203009\/2733941609624.jpg\">  <\/p>\n<p> <img decoding=\"async\" src=\"https:\/\/cf.cjdropshipping.com\/203009\/9803628384330.jpg\">  <\/p>\n","protected":false},"excerpt":{"rendered":"<p>Vue d&rsquo;ensemble:&nbsp; Plus jeune mais fatigu\u00e9 du cou ! Le travail intensif au bureau, le brossage \u00e0 grande vitesse dans le m\u00e9tro et les nombreuses soir\u00e9es de jeu &#8211; votre colonne cervicale est soumise \u00e0 une pression \u00e9norme. Masseur cervical intelligent, prenez soin de votre cou \u00e0 tout moment ! ! Que ce soit sous [&hellip;]<\/p>\n","protected":false},"featured_media":33487,"comment_status":"open","ping_status":"closed","template":"","meta":{"content-type":""},"product_brand":[],"product_cat":[797],"product_tag":[],"class_list":{"0":"post-33508","1":"product","2":"type-product","3":"status-publish","4":"has-post-thumbnail","6":"product_cat-dispositifs-de-beaute","8":"first","9":"instock","10":"taxable","11":"shipping-taxable","12":"purchasable","13":"product-type-variable","14":"add-to-wishlist-after_add_to_cart"},"yoast_head":"<!-- This site is optimized with the Yoast SEO plugin v27.5 - https:\/\/yoast.com\/product\/yoast-seo-wordpress\/ -->\n<title>Masseur cervical intelligent multifonctions - Aigle Shopping Canada<\/title>\n<meta name=\"robots\" content=\"index, follow, max-snippet:-1, max-image-preview:large, max-video-preview:-1\" \/>\n<link rel=\"canonical\" href=\"https:\/\/aigleshopping.ca\/fr\/produit\/masseur-cervical-intelligent-multifonctions\/\" \/>\n<meta property=\"og:locale\" content=\"fr_FR\" \/>\n<meta property=\"og:type\" content=\"article\" \/>\n<meta property=\"og:title\" content=\"Masseur cervical intelligent multifonctions - Aigle Shopping Canada\" \/>\n<meta property=\"og:description\" content=\"Vue d&rsquo;ensemble:&nbsp; Plus jeune mais fatigu\u00e9 du cou ! Le travail intensif au bureau, le brossage \u00e0 grande vitesse dans le m\u00e9tro et les nombreuses soir\u00e9es de jeu &#8211; votre colonne cervicale est soumise \u00e0 une pression \u00e9norme. Masseur cervical intelligent, prenez soin de votre cou \u00e0 tout moment ! ! Que ce soit sous [&hellip;]\" \/>\n<meta property=\"og:url\" content=\"https:\/\/aigleshopping.ca\/fr\/produit\/masseur-cervical-intelligent-multifonctions\/\" \/>\n<meta property=\"og:site_name\" content=\"Aigle Shopping Canada\" \/>\n<meta property=\"og:image\" content=\"https:\/\/aigleshopping.ca\/wp-content\/uploads\/2025\/08\/9803628384330.jpg\" \/>\n\t<meta property=\"og:image:width\" content=\"773\" \/>\n\t<meta property=\"og:image:height\" content=\"871\" \/>\n\t<meta property=\"og:image:type\" content=\"image\/jpeg\" \/>\n<meta name=\"twitter:card\" content=\"summary_large_image\" \/>\n<meta name=\"twitter:label1\" content=\"Dur\u00e9e de lecture estim\u00e9e\" \/>\n\t<meta name=\"twitter:data1\" content=\"1 minute\" \/>\n<script type=\"application\/ld+json\" class=\"yoast-schema-graph\">{\"@context\":\"https:\\\/\\\/schema.org\",\"@graph\":[{\"@type\":\"WebPage\",\"@id\":\"https:\\\/\\\/aigleshopping.ca\\\/fr\\\/produit\\\/masseur-cervical-intelligent-multifonctions\\\/\",\"url\":\"https:\\\/\\\/aigleshopping.ca\\\/fr\\\/produit\\\/masseur-cervical-intelligent-multifonctions\\\/\",\"name\":\"Masseur cervical intelligent multifonctions - Aigle Shopping Canada\",\"isPartOf\":{\"@id\":\"https:\\\/\\\/aigleshopping.ca\\\/#website\"},\"primaryImageOfPage\":{\"@id\":\"https:\\\/\\\/aigleshopping.ca\\\/fr\\\/produit\\\/masseur-cervical-intelligent-multifonctions\\\/#primaryimage\"},\"image\":{\"@id\":\"https:\\\/\\\/aigleshopping.ca\\\/fr\\\/produit\\\/masseur-cervical-intelligent-multifonctions\\\/#primaryimage\"},\"thumbnailUrl\":\"https:\\\/\\\/aigleshopping.ca\\\/wp-content\\\/uploads\\\/2025\\\/08\\\/9803628384330.jpg\",\"datePublished\":\"2025-08-14T17:59:11+00:00\",\"breadcrumb\":{\"@id\":\"https:\\\/\\\/aigleshopping.ca\\\/fr\\\/produit\\\/masseur-cervical-intelligent-multifonctions\\\/#breadcrumb\"},\"inLanguage\":\"fr-FR\",\"potentialAction\":[{\"@type\":\"ReadAction\",\"target\":[\"https:\\\/\\\/aigleshopping.ca\\\/fr\\\/produit\\\/masseur-cervical-intelligent-multifonctions\\\/\"]}]},{\"@type\":\"ImageObject\",\"inLanguage\":\"fr-FR\",\"@id\":\"https:\\\/\\\/aigleshopping.ca\\\/fr\\\/produit\\\/masseur-cervical-intelligent-multifonctions\\\/#primaryimage\",\"url\":\"https:\\\/\\\/aigleshopping.ca\\\/wp-content\\\/uploads\\\/2025\\\/08\\\/9803628384330.jpg\",\"contentUrl\":\"https:\\\/\\\/aigleshopping.ca\\\/wp-content\\\/uploads\\\/2025\\\/08\\\/9803628384330.jpg\",\"width\":773,\"height\":871},{\"@type\":\"BreadcrumbList\",\"@id\":\"https:\\\/\\\/aigleshopping.ca\\\/fr\\\/produit\\\/masseur-cervical-intelligent-multifonctions\\\/#breadcrumb\",\"itemListElement\":[{\"@type\":\"ListItem\",\"position\":1,\"name\":\"Home\",\"item\":\"https:\\\/\\\/aigleshopping.ca\\\/fr\\\/home\\\/\"},{\"@type\":\"ListItem\",\"position\":2,\"name\":\"Products\",\"item\":\"https:\\\/\\\/aigleshopping.ca\\\/shop\\\/\"},{\"@type\":\"ListItem\",\"position\":3,\"name\":\"Masseur cervical intelligent multifonctions\"}]},{\"@type\":\"WebSite\",\"@id\":\"https:\\\/\\\/aigleshopping.ca\\\/#website\",\"url\":\"https:\\\/\\\/aigleshopping.ca\\\/\",\"name\":\"Aigle Shopping Canada\",\"description\":\"Au-del\u00e0 des fronti\u00e8res, pour vous offrir le\u00a0meilleur!\",\"publisher\":{\"@id\":\"https:\\\/\\\/aigleshopping.ca\\\/#organization\"},\"potentialAction\":[{\"@type\":\"SearchAction\",\"target\":{\"@type\":\"EntryPoint\",\"urlTemplate\":\"https:\\\/\\\/aigleshopping.ca\\\/?s={search_term_string}\"},\"query-input\":{\"@type\":\"PropertyValueSpecification\",\"valueRequired\":true,\"valueName\":\"search_term_string\"}}],\"inLanguage\":\"fr-FR\"},{\"@type\":\"Organization\",\"@id\":\"https:\\\/\\\/aigleshopping.ca\\\/#organization\",\"name\":\"Aigle Shopping Canada\",\"url\":\"https:\\\/\\\/aigleshopping.ca\\\/\",\"logo\":{\"@type\":\"ImageObject\",\"inLanguage\":\"fr-FR\",\"@id\":\"https:\\\/\\\/aigleshopping.ca\\\/#\\\/schema\\\/logo\\\/image\\\/\",\"url\":\"https:\\\/\\\/aigleshopping.ca\\\/wp-content\\\/uploads\\\/2025\\\/12\\\/logo_aigleshopping_ca.png\",\"contentUrl\":\"https:\\\/\\\/aigleshopping.ca\\\/wp-content\\\/uploads\\\/2025\\\/12\\\/logo_aigleshopping_ca.png\",\"width\":800,\"height\":233,\"caption\":\"Aigle Shopping Canada\"},\"image\":{\"@id\":\"https:\\\/\\\/aigleshopping.ca\\\/#\\\/schema\\\/logo\\\/image\\\/\"}}]}<\/script>\n<!-- \/ Yoast SEO plugin. -->","yoast_head_json":{"title":"Masseur cervical intelligent multifonctions - Aigle Shopping Canada","robots":{"index":"index","follow":"follow","max-snippet":"max-snippet:-1","max-image-preview":"max-image-preview:large","max-video-preview":"max-video-preview:-1"},"canonical":"https:\/\/aigleshopping.ca\/fr\/produit\/masseur-cervical-intelligent-multifonctions\/","og_locale":"fr_FR","og_type":"article","og_title":"Masseur cervical intelligent multifonctions - Aigle Shopping Canada","og_description":"Vue d&rsquo;ensemble:&nbsp; Plus jeune mais fatigu\u00e9 du cou ! Le travail intensif au bureau, le brossage \u00e0 grande vitesse dans le m\u00e9tro et les nombreuses soir\u00e9es de jeu &#8211; votre colonne cervicale est soumise \u00e0 une pression \u00e9norme. Masseur cervical intelligent, prenez soin de votre cou \u00e0 tout moment ! ! Que ce soit sous [&hellip;]","og_url":"https:\/\/aigleshopping.ca\/fr\/produit\/masseur-cervical-intelligent-multifonctions\/","og_site_name":"Aigle Shopping Canada","og_image":[{"width":773,"height":871,"url":"https:\/\/aigleshopping.ca\/wp-content\/uploads\/2025\/08\/9803628384330.jpg","type":"image\/jpeg"}],"twitter_card":"summary_large_image","twitter_misc":{"Dur\u00e9e de lecture estim\u00e9e":"1 minute"},"schema":{"@context":"https:\/\/schema.org","@graph":[{"@type":"WebPage","@id":"https:\/\/aigleshopping.ca\/fr\/produit\/masseur-cervical-intelligent-multifonctions\/","url":"https:\/\/aigleshopping.ca\/fr\/produit\/masseur-cervical-intelligent-multifonctions\/","name":"Masseur cervical intelligent multifonctions - Aigle Shopping Canada","isPartOf":{"@id":"https:\/\/aigleshopping.ca\/#website"},"primaryImageOfPage":{"@id":"https:\/\/aigleshopping.ca\/fr\/produit\/masseur-cervical-intelligent-multifonctions\/#primaryimage"},"image":{"@id":"https:\/\/aigleshopping.ca\/fr\/produit\/masseur-cervical-intelligent-multifonctions\/#primaryimage"},"thumbnailUrl":"https:\/\/aigleshopping.ca\/wp-content\/uploads\/2025\/08\/9803628384330.jpg","datePublished":"2025-08-14T17:59:11+00:00","breadcrumb":{"@id":"https:\/\/aigleshopping.ca\/fr\/produit\/masseur-cervical-intelligent-multifonctions\/#breadcrumb"},"inLanguage":"fr-FR","potentialAction":[{"@type":"ReadAction","target":["https:\/\/aigleshopping.ca\/fr\/produit\/masseur-cervical-intelligent-multifonctions\/"]}]},{"@type":"ImageObject","inLanguage":"fr-FR","@id":"https:\/\/aigleshopping.ca\/fr\/produit\/masseur-cervical-intelligent-multifonctions\/#primaryimage","url":"https:\/\/aigleshopping.ca\/wp-content\/uploads\/2025\/08\/9803628384330.jpg","contentUrl":"https:\/\/aigleshopping.ca\/wp-content\/uploads\/2025\/08\/9803628384330.jpg","width":773,"height":871},{"@type":"BreadcrumbList","@id":"https:\/\/aigleshopping.ca\/fr\/produit\/masseur-cervical-intelligent-multifonctions\/#breadcrumb","itemListElement":[{"@type":"ListItem","position":1,"name":"Home","item":"https:\/\/aigleshopping.ca\/fr\/home\/"},{"@type":"ListItem","position":2,"name":"Products","item":"https:\/\/aigleshopping.ca\/shop\/"},{"@type":"ListItem","position":3,"name":"Masseur cervical intelligent multifonctions"}]},{"@type":"WebSite","@id":"https:\/\/aigleshopping.ca\/#website","url":"https:\/\/aigleshopping.ca\/","name":"Aigle Shopping Canada","description":"Au-del\u00e0 des fronti\u00e8res, pour vous offrir le\u00a0meilleur!","publisher":{"@id":"https:\/\/aigleshopping.ca\/#organization"},"potentialAction":[{"@type":"SearchAction","target":{"@type":"EntryPoint","urlTemplate":"https:\/\/aigleshopping.ca\/?s={search_term_string}"},"query-input":{"@type":"PropertyValueSpecification","valueRequired":true,"valueName":"search_term_string"}}],"inLanguage":"fr-FR"},{"@type":"Organization","@id":"https:\/\/aigleshopping.ca\/#organization","name":"Aigle Shopping Canada","url":"https:\/\/aigleshopping.ca\/","logo":{"@type":"ImageObject","inLanguage":"fr-FR","@id":"https:\/\/aigleshopping.ca\/#\/schema\/logo\/image\/","url":"https:\/\/aigleshopping.ca\/wp-content\/uploads\/2025\/12\/logo_aigleshopping_ca.png","contentUrl":"https:\/\/aigleshopping.ca\/wp-content\/uploads\/2025\/12\/logo_aigleshopping_ca.png","width":800,"height":233,"caption":"Aigle Shopping Canada"},"image":{"@id":"https:\/\/aigleshopping.ca\/#\/schema\/logo\/image\/"}}]}},"jetpack_sharing_enabled":true,"_links":{"self":[{"href":"https:\/\/aigleshopping.ca\/fr\/wp-json\/wp\/v2\/product\/33508","targetHints":{"allow":["GET"]}}],"collection":[{"href":"https:\/\/aigleshopping.ca\/fr\/wp-json\/wp\/v2\/product"}],"about":[{"href":"https:\/\/aigleshopping.ca\/fr\/wp-json\/wp\/v2\/types\/product"}],"replies":[{"embeddable":true,"href":"https:\/\/aigleshopping.ca\/fr\/wp-json\/wp\/v2\/comments?post=33508"}],"wp:featuredmedia":[{"embeddable":true,"href":"https:\/\/aigleshopping.ca\/fr\/wp-json\/wp\/v2\/media\/33487"}],"wp:attachment":[{"href":"https:\/\/aigleshopping.ca\/fr\/wp-json\/wp\/v2\/media?parent=33508"}],"wp:term":[{"taxonomy":"product_brand","embeddable":true,"href":"https:\/\/aigleshopping.ca\/fr\/wp-json\/wp\/v2\/product_brand?post=33508"},{"taxonomy":"product_cat","embeddable":true,"href":"https:\/\/aigleshopping.ca\/fr\/wp-json\/wp\/v2\/product_cat?post=33508"},{"taxonomy":"product_tag","embeddable":true,"href":"https:\/\/aigleshopping.ca\/fr\/wp-json\/wp\/v2\/product_tag?post=33508"}],"curies":[{"name":"wp","href":"https:\/\/api.w.org\/{rel}","templated":true}]}}