{"id":33558,"date":"2025-02-06T21:31:48","date_gmt":"2025-02-06T21:31:48","guid":{"rendered":"https:\/\/aigleshopping.ca\/produit\/valentines-day-love-heart-cotton-slippers-spring-autumnwomen-indoor-slippers-man-cotton-soft-soft-slides-warm-home-shoes-couple-female-simple-plush-slipper\/"},"modified":"2025-02-06T21:31:48","modified_gmt":"2025-02-06T21:31:48","slug":"valentines-day-love-heart-cotton-slippers-spring-autumnwomen-indoor-slippers-man-cotton-soft-soft-slides-warm-home-shoes-couple-female-simple-plush-slipper","status":"publish","type":"product","link":"https:\/\/aigleshopping.ca\/fr\/produit\/valentines-day-love-heart-cotton-slippers-spring-autumnwomen-indoor-slippers-man-cotton-soft-soft-slides-warm-home-shoes-couple-female-simple-plush-slipper\/","title":{"rendered":"Valentine&rsquo;s Day Love Heart Cotton Slippers Spring AutumnWomen Indoor Slippers Man Cotton Soft Soft Slides Warm Home Shoes Couple Female Simple Plush Slipper"},"content":{"rendered":"<p>\n <b>Vue d&rsquo;ensemble :<\/b><br \/>\n <br \/> Design unique, \u00e9l\u00e9gant et beau.<br \/>\n <br \/> Bonne mati\u00e8re, haute qualit\u00e9.<br \/>\n <br \/> 100% neuf.<br \/>\n <br \/> Confortable \u00e0 porter.\n<\/p>\n<p>\n <b><br \/>\n  <br \/> <\/b>\n<\/p>\n<p>\n <b>Informations sur le produit :<\/b><br \/>\n <br \/> Couleur : blanc<br \/>\n <br \/> Hauteur du talon : 1,5<br \/>\n <br \/> Forme du talon : demi-cercle<br \/>\n <br \/> Utilisation de l&rsquo;USB : non<br \/>\n <br \/> Taille : 36-37,38-39,40-41,42-43,44-45<br \/>\n <br \/> Artisanat de la semelle : chaussures \u00e0 coudre<br \/>\n <br \/> Mat\u00e9riau de la semelle : TPR\n<\/p>\n<p><b>Liste d&#8217;emballage :  <\/b><br \/>\n<br \/>Une paire de pantoufles<br \/>\n<br \/><b>Image du produit :<\/b><br \/>\n<br \/><img decoding=\"async\" src=\"https:\/\/cf.cjdropshipping.com\/quick\/product\/1528b8b5-34d6-4815-90da-aa35e07fde43.jpg\"><br \/>\n<img decoding=\"async\" src=\"https:\/\/cf.cjdropshipping.com\/quick\/product\/f878c0a6-c299-452a-a1ef-6fd36962ee0e.jpg\"><br \/>\n<img decoding=\"async\" src=\"https:\/\/cf.cjdropshipping.com\/quick\/product\/68555704-77c2-4666-8011-bb94947a197b.jpg\"><br \/>\n<img decoding=\"async\" src=\"https:\/\/cf.cjdropshipping.com\/quick\/product\/7971018b-a268-4bb8-b36e-4eedd46035e5.jpg\"><br \/>\n<img decoding=\"async\" src=\"https:\/\/cf.cjdropshipping.com\/quick\/product\/49d498ca-4abd-4dce-8da8-ff1321653822.jpg\"><\/p>\n","protected":false},"excerpt":{"rendered":"<p>Vue d&rsquo;ensemble : Design unique, \u00e9l\u00e9gant et beau. Bonne mati\u00e8re, haute qualit\u00e9. 100% neuf. Confortable \u00e0 porter. Informations sur le produit : Couleur : blanc Hauteur du talon : 1,5 Forme du talon : demi-cercle Utilisation de l&rsquo;USB : non Taille : 36-37,38-39,40-41,42-43,44-45 Artisanat de la semelle : chaussures \u00e0 coudre Mat\u00e9riau de la semelle [&hellip;]<\/p>\n","protected":false},"featured_media":9389,"comment_status":"open","ping_status":"closed","template":"","meta":{"content-type":""},"product_brand":[],"product_cat":[121],"product_tag":[],"class_list":{"0":"post-33558","1":"product","2":"type-product","3":"status-publish","4":"has-post-thumbnail","6":"product_cat-maison-et-accessoires","8":"first","9":"instock","10":"taxable","11":"shipping-taxable","12":"purchasable","13":"product-type-variable","14":"add-to-wishlist-after_add_to_cart"},"yoast_head":"<!-- This site is optimized with the Yoast SEO plugin v27.5 - https:\/\/yoast.com\/product\/yoast-seo-wordpress\/ -->\n<title>Valentine&#039;s Day Love Heart Cotton Slippers Spring AutumnWomen Indoor Slippers Man Cotton Soft Soft Slides Warm Home Shoes Couple Female Simple Plush Slipper - Aigle Shopping Canada<\/title>\n<meta name=\"robots\" content=\"index, follow, max-snippet:-1, max-image-preview:large, max-video-preview:-1\" \/>\n<link rel=\"canonical\" href=\"https:\/\/aigleshopping.ca\/fr\/produit\/valentines-day-love-heart-cotton-slippers-spring-autumnwomen-indoor-slippers-man-cotton-soft-soft-slides-warm-home-shoes-couple-female-simple-plush-slipper\/\" \/>\n<meta property=\"og:locale\" content=\"fr_FR\" \/>\n<meta property=\"og:type\" content=\"article\" \/>\n<meta property=\"og:title\" content=\"Valentine&#039;s Day Love Heart Cotton Slippers Spring AutumnWomen Indoor Slippers Man Cotton Soft Soft Slides Warm Home Shoes Couple Female Simple Plush Slipper - Aigle Shopping Canada\" \/>\n<meta property=\"og:description\" content=\"Vue d&rsquo;ensemble : Design unique, \u00e9l\u00e9gant et beau. Bonne mati\u00e8re, haute qualit\u00e9. 100% neuf. Confortable \u00e0 porter. Informations sur le produit : Couleur : blanc Hauteur du talon : 1,5 Forme du talon : demi-cercle Utilisation de l&rsquo;USB : non Taille : 36-37,38-39,40-41,42-43,44-45 Artisanat de la semelle : chaussures \u00e0 coudre Mat\u00e9riau de la semelle [&hellip;]\" \/>\n<meta property=\"og:url\" content=\"https:\/\/aigleshopping.ca\/fr\/produit\/valentines-day-love-heart-cotton-slippers-spring-autumnwomen-indoor-slippers-man-cotton-soft-soft-slides-warm-home-shoes-couple-female-simple-plush-slipper\/\" \/>\n<meta property=\"og:site_name\" content=\"Aigle Shopping Canada\" \/>\n<meta property=\"og:image\" content=\"https:\/\/aigleshopping.ca\/wp-content\/uploads\/2025\/02\/09330dad-d0cc-410c-9f9c-566526edc39b.jpg\" \/>\n\t<meta property=\"og:image:width\" content=\"800\" \/>\n\t<meta property=\"og:image:height\" content=\"800\" \/>\n\t<meta property=\"og:image:type\" content=\"image\/jpeg\" \/>\n<meta name=\"twitter:card\" content=\"summary_large_image\" \/>\n<script type=\"application\/ld+json\" class=\"yoast-schema-graph\">{\"@context\":\"https:\\\/\\\/schema.org\",\"@graph\":[{\"@type\":\"WebPage\",\"@id\":\"https:\\\/\\\/aigleshopping.ca\\\/fr\\\/produit\\\/valentines-day-love-heart-cotton-slippers-spring-autumnwomen-indoor-slippers-man-cotton-soft-soft-slides-warm-home-shoes-couple-female-simple-plush-slipper\\\/\",\"url\":\"https:\\\/\\\/aigleshopping.ca\\\/fr\\\/produit\\\/valentines-day-love-heart-cotton-slippers-spring-autumnwomen-indoor-slippers-man-cotton-soft-soft-slides-warm-home-shoes-couple-female-simple-plush-slipper\\\/\",\"name\":\"Valentine's Day Love Heart Cotton Slippers Spring AutumnWomen Indoor Slippers Man Cotton Soft Soft Slides Warm Home Shoes Couple Female Simple Plush Slipper - Aigle Shopping Canada\",\"isPartOf\":{\"@id\":\"https:\\\/\\\/aigleshopping.ca\\\/#website\"},\"primaryImageOfPage\":{\"@id\":\"https:\\\/\\\/aigleshopping.ca\\\/fr\\\/produit\\\/valentines-day-love-heart-cotton-slippers-spring-autumnwomen-indoor-slippers-man-cotton-soft-soft-slides-warm-home-shoes-couple-female-simple-plush-slipper\\\/#primaryimage\"},\"image\":{\"@id\":\"https:\\\/\\\/aigleshopping.ca\\\/fr\\\/produit\\\/valentines-day-love-heart-cotton-slippers-spring-autumnwomen-indoor-slippers-man-cotton-soft-soft-slides-warm-home-shoes-couple-female-simple-plush-slipper\\\/#primaryimage\"},\"thumbnailUrl\":\"https:\\\/\\\/aigleshopping.ca\\\/wp-content\\\/uploads\\\/2025\\\/02\\\/09330dad-d0cc-410c-9f9c-566526edc39b.jpg\",\"datePublished\":\"2025-02-06T21:31:48+00:00\",\"breadcrumb\":{\"@id\":\"https:\\\/\\\/aigleshopping.ca\\\/fr\\\/produit\\\/valentines-day-love-heart-cotton-slippers-spring-autumnwomen-indoor-slippers-man-cotton-soft-soft-slides-warm-home-shoes-couple-female-simple-plush-slipper\\\/#breadcrumb\"},\"inLanguage\":\"fr-FR\",\"potentialAction\":[{\"@type\":\"ReadAction\",\"target\":[\"https:\\\/\\\/aigleshopping.ca\\\/fr\\\/produit\\\/valentines-day-love-heart-cotton-slippers-spring-autumnwomen-indoor-slippers-man-cotton-soft-soft-slides-warm-home-shoes-couple-female-simple-plush-slipper\\\/\"]}]},{\"@type\":\"ImageObject\",\"inLanguage\":\"fr-FR\",\"@id\":\"https:\\\/\\\/aigleshopping.ca\\\/fr\\\/produit\\\/valentines-day-love-heart-cotton-slippers-spring-autumnwomen-indoor-slippers-man-cotton-soft-soft-slides-warm-home-shoes-couple-female-simple-plush-slipper\\\/#primaryimage\",\"url\":\"https:\\\/\\\/aigleshopping.ca\\\/wp-content\\\/uploads\\\/2025\\\/02\\\/09330dad-d0cc-410c-9f9c-566526edc39b.jpg\",\"contentUrl\":\"https:\\\/\\\/aigleshopping.ca\\\/wp-content\\\/uploads\\\/2025\\\/02\\\/09330dad-d0cc-410c-9f9c-566526edc39b.jpg\",\"width\":800,\"height\":800},{\"@type\":\"BreadcrumbList\",\"@id\":\"https:\\\/\\\/aigleshopping.ca\\\/fr\\\/produit\\\/valentines-day-love-heart-cotton-slippers-spring-autumnwomen-indoor-slippers-man-cotton-soft-soft-slides-warm-home-shoes-couple-female-simple-plush-slipper\\\/#breadcrumb\",\"itemListElement\":[{\"@type\":\"ListItem\",\"position\":1,\"name\":\"Home\",\"item\":\"https:\\\/\\\/aigleshopping.ca\\\/fr\\\/home\\\/\"},{\"@type\":\"ListItem\",\"position\":2,\"name\":\"Products\",\"item\":\"https:\\\/\\\/aigleshopping.ca\\\/shop\\\/\"},{\"@type\":\"ListItem\",\"position\":3,\"name\":\"Valentine&#8217;s Day Love Heart Cotton Slippers Spring AutumnWomen Indoor Slippers Man Cotton Soft Soft Slides Warm Home Shoes Couple Female Simple Plush Slipper\"}]},{\"@type\":\"WebSite\",\"@id\":\"https:\\\/\\\/aigleshopping.ca\\\/#website\",\"url\":\"https:\\\/\\\/aigleshopping.ca\\\/\",\"name\":\"Aigle Shopping Canada\",\"description\":\"Au-del\u00e0 des fronti\u00e8res, pour vous offrir le\u00a0meilleur!\",\"publisher\":{\"@id\":\"https:\\\/\\\/aigleshopping.ca\\\/#organization\"},\"potentialAction\":[{\"@type\":\"SearchAction\",\"target\":{\"@type\":\"EntryPoint\",\"urlTemplate\":\"https:\\\/\\\/aigleshopping.ca\\\/?s={search_term_string}\"},\"query-input\":{\"@type\":\"PropertyValueSpecification\",\"valueRequired\":true,\"valueName\":\"search_term_string\"}}],\"inLanguage\":\"fr-FR\"},{\"@type\":\"Organization\",\"@id\":\"https:\\\/\\\/aigleshopping.ca\\\/#organization\",\"name\":\"Aigle Shopping Canada\",\"url\":\"https:\\\/\\\/aigleshopping.ca\\\/\",\"logo\":{\"@type\":\"ImageObject\",\"inLanguage\":\"fr-FR\",\"@id\":\"https:\\\/\\\/aigleshopping.ca\\\/#\\\/schema\\\/logo\\\/image\\\/\",\"url\":\"https:\\\/\\\/aigleshopping.ca\\\/wp-content\\\/uploads\\\/2025\\\/12\\\/logo_aigleshopping_ca.png\",\"contentUrl\":\"https:\\\/\\\/aigleshopping.ca\\\/wp-content\\\/uploads\\\/2025\\\/12\\\/logo_aigleshopping_ca.png\",\"width\":800,\"height\":233,\"caption\":\"Aigle Shopping Canada\"},\"image\":{\"@id\":\"https:\\\/\\\/aigleshopping.ca\\\/#\\\/schema\\\/logo\\\/image\\\/\"}}]}<\/script>\n<!-- \/ Yoast SEO plugin. -->","yoast_head_json":{"title":"Valentine's Day Love Heart Cotton Slippers Spring AutumnWomen Indoor Slippers Man Cotton Soft Soft Slides Warm Home Shoes Couple Female Simple Plush Slipper - Aigle Shopping Canada","robots":{"index":"index","follow":"follow","max-snippet":"max-snippet:-1","max-image-preview":"max-image-preview:large","max-video-preview":"max-video-preview:-1"},"canonical":"https:\/\/aigleshopping.ca\/fr\/produit\/valentines-day-love-heart-cotton-slippers-spring-autumnwomen-indoor-slippers-man-cotton-soft-soft-slides-warm-home-shoes-couple-female-simple-plush-slipper\/","og_locale":"fr_FR","og_type":"article","og_title":"Valentine's Day Love Heart Cotton Slippers Spring AutumnWomen Indoor Slippers Man Cotton Soft Soft Slides Warm Home Shoes Couple Female Simple Plush Slipper - Aigle Shopping Canada","og_description":"Vue d&rsquo;ensemble : Design unique, \u00e9l\u00e9gant et beau. Bonne mati\u00e8re, haute qualit\u00e9. 100% neuf. Confortable \u00e0 porter. Informations sur le produit : Couleur : blanc Hauteur du talon : 1,5 Forme du talon : demi-cercle Utilisation de l&rsquo;USB : non Taille : 36-37,38-39,40-41,42-43,44-45 Artisanat de la semelle : chaussures \u00e0 coudre Mat\u00e9riau de la semelle [&hellip;]","og_url":"https:\/\/aigleshopping.ca\/fr\/produit\/valentines-day-love-heart-cotton-slippers-spring-autumnwomen-indoor-slippers-man-cotton-soft-soft-slides-warm-home-shoes-couple-female-simple-plush-slipper\/","og_site_name":"Aigle Shopping Canada","og_image":[{"width":800,"height":800,"url":"https:\/\/aigleshopping.ca\/wp-content\/uploads\/2025\/02\/09330dad-d0cc-410c-9f9c-566526edc39b.jpg","type":"image\/jpeg"}],"twitter_card":"summary_large_image","schema":{"@context":"https:\/\/schema.org","@graph":[{"@type":"WebPage","@id":"https:\/\/aigleshopping.ca\/fr\/produit\/valentines-day-love-heart-cotton-slippers-spring-autumnwomen-indoor-slippers-man-cotton-soft-soft-slides-warm-home-shoes-couple-female-simple-plush-slipper\/","url":"https:\/\/aigleshopping.ca\/fr\/produit\/valentines-day-love-heart-cotton-slippers-spring-autumnwomen-indoor-slippers-man-cotton-soft-soft-slides-warm-home-shoes-couple-female-simple-plush-slipper\/","name":"Valentine's Day Love Heart Cotton Slippers Spring AutumnWomen Indoor Slippers Man Cotton Soft Soft Slides Warm Home Shoes Couple Female Simple Plush Slipper - Aigle Shopping Canada","isPartOf":{"@id":"https:\/\/aigleshopping.ca\/#website"},"primaryImageOfPage":{"@id":"https:\/\/aigleshopping.ca\/fr\/produit\/valentines-day-love-heart-cotton-slippers-spring-autumnwomen-indoor-slippers-man-cotton-soft-soft-slides-warm-home-shoes-couple-female-simple-plush-slipper\/#primaryimage"},"image":{"@id":"https:\/\/aigleshopping.ca\/fr\/produit\/valentines-day-love-heart-cotton-slippers-spring-autumnwomen-indoor-slippers-man-cotton-soft-soft-slides-warm-home-shoes-couple-female-simple-plush-slipper\/#primaryimage"},"thumbnailUrl":"https:\/\/aigleshopping.ca\/wp-content\/uploads\/2025\/02\/09330dad-d0cc-410c-9f9c-566526edc39b.jpg","datePublished":"2025-02-06T21:31:48+00:00","breadcrumb":{"@id":"https:\/\/aigleshopping.ca\/fr\/produit\/valentines-day-love-heart-cotton-slippers-spring-autumnwomen-indoor-slippers-man-cotton-soft-soft-slides-warm-home-shoes-couple-female-simple-plush-slipper\/#breadcrumb"},"inLanguage":"fr-FR","potentialAction":[{"@type":"ReadAction","target":["https:\/\/aigleshopping.ca\/fr\/produit\/valentines-day-love-heart-cotton-slippers-spring-autumnwomen-indoor-slippers-man-cotton-soft-soft-slides-warm-home-shoes-couple-female-simple-plush-slipper\/"]}]},{"@type":"ImageObject","inLanguage":"fr-FR","@id":"https:\/\/aigleshopping.ca\/fr\/produit\/valentines-day-love-heart-cotton-slippers-spring-autumnwomen-indoor-slippers-man-cotton-soft-soft-slides-warm-home-shoes-couple-female-simple-plush-slipper\/#primaryimage","url":"https:\/\/aigleshopping.ca\/wp-content\/uploads\/2025\/02\/09330dad-d0cc-410c-9f9c-566526edc39b.jpg","contentUrl":"https:\/\/aigleshopping.ca\/wp-content\/uploads\/2025\/02\/09330dad-d0cc-410c-9f9c-566526edc39b.jpg","width":800,"height":800},{"@type":"BreadcrumbList","@id":"https:\/\/aigleshopping.ca\/fr\/produit\/valentines-day-love-heart-cotton-slippers-spring-autumnwomen-indoor-slippers-man-cotton-soft-soft-slides-warm-home-shoes-couple-female-simple-plush-slipper\/#breadcrumb","itemListElement":[{"@type":"ListItem","position":1,"name":"Home","item":"https:\/\/aigleshopping.ca\/fr\/home\/"},{"@type":"ListItem","position":2,"name":"Products","item":"https:\/\/aigleshopping.ca\/shop\/"},{"@type":"ListItem","position":3,"name":"Valentine&#8217;s Day Love Heart Cotton Slippers Spring AutumnWomen Indoor Slippers Man Cotton Soft Soft Slides Warm Home Shoes Couple Female Simple Plush Slipper"}]},{"@type":"WebSite","@id":"https:\/\/aigleshopping.ca\/#website","url":"https:\/\/aigleshopping.ca\/","name":"Aigle Shopping Canada","description":"Au-del\u00e0 des fronti\u00e8res, pour vous offrir le\u00a0meilleur!","publisher":{"@id":"https:\/\/aigleshopping.ca\/#organization"},"potentialAction":[{"@type":"SearchAction","target":{"@type":"EntryPoint","urlTemplate":"https:\/\/aigleshopping.ca\/?s={search_term_string}"},"query-input":{"@type":"PropertyValueSpecification","valueRequired":true,"valueName":"search_term_string"}}],"inLanguage":"fr-FR"},{"@type":"Organization","@id":"https:\/\/aigleshopping.ca\/#organization","name":"Aigle Shopping Canada","url":"https:\/\/aigleshopping.ca\/","logo":{"@type":"ImageObject","inLanguage":"fr-FR","@id":"https:\/\/aigleshopping.ca\/#\/schema\/logo\/image\/","url":"https:\/\/aigleshopping.ca\/wp-content\/uploads\/2025\/12\/logo_aigleshopping_ca.png","contentUrl":"https:\/\/aigleshopping.ca\/wp-content\/uploads\/2025\/12\/logo_aigleshopping_ca.png","width":800,"height":233,"caption":"Aigle Shopping Canada"},"image":{"@id":"https:\/\/aigleshopping.ca\/#\/schema\/logo\/image\/"}}]}},"jetpack_sharing_enabled":true,"_links":{"self":[{"href":"https:\/\/aigleshopping.ca\/fr\/wp-json\/wp\/v2\/product\/33558","targetHints":{"allow":["GET"]}}],"collection":[{"href":"https:\/\/aigleshopping.ca\/fr\/wp-json\/wp\/v2\/product"}],"about":[{"href":"https:\/\/aigleshopping.ca\/fr\/wp-json\/wp\/v2\/types\/product"}],"replies":[{"embeddable":true,"href":"https:\/\/aigleshopping.ca\/fr\/wp-json\/wp\/v2\/comments?post=33558"}],"wp:featuredmedia":[{"embeddable":true,"href":"https:\/\/aigleshopping.ca\/fr\/wp-json\/wp\/v2\/media\/9389"}],"wp:attachment":[{"href":"https:\/\/aigleshopping.ca\/fr\/wp-json\/wp\/v2\/media?parent=33558"}],"wp:term":[{"taxonomy":"product_brand","embeddable":true,"href":"https:\/\/aigleshopping.ca\/fr\/wp-json\/wp\/v2\/product_brand?post=33558"},{"taxonomy":"product_cat","embeddable":true,"href":"https:\/\/aigleshopping.ca\/fr\/wp-json\/wp\/v2\/product_cat?post=33558"},{"taxonomy":"product_tag","embeddable":true,"href":"https:\/\/aigleshopping.ca\/fr\/wp-json\/wp\/v2\/product_tag?post=33558"}],"curies":[{"name":"wp","href":"https:\/\/api.w.org\/{rel}","templated":true}]}}