{"id":33567,"date":"2025-03-04T00:44:25","date_gmt":"2025-03-04T00:44:25","guid":{"rendered":"https:\/\/aigleshopping.ca\/produit\/ne3-ear-cleaner-otoscope-ear-wax-removal-tool-with-camera-led-light-wireless-ear-endoscope-ear-cleaning-kit-for-i-phone\/"},"modified":"2025-03-04T00:44:25","modified_gmt":"2025-03-04T00:44:25","slug":"ne3-ear-cleaner-otoscope-ear-wax-removal-tool-with-camera-led-light-wireless-ear-endoscope-ear-cleaning-kit-for-i-phone","status":"publish","type":"product","link":"https:\/\/aigleshopping.ca\/fr\/produit\/ne3-ear-cleaner-otoscope-ear-wax-removal-tool-with-camera-led-light-wireless-ear-endoscope-ear-cleaning-kit-for-i-phone\/","title":{"rendered":"NE3 Ear Cleaner Otoscope Ear Wax Removal Tool With Camera LED Light Wireless Ear Endoscope Ear Cleaning Kit For I-phone"},"content":{"rendered":"<p>\n <span style=\"font-size: 1em\"><br \/>\n  <b>Vue d&rsquo;ensemble :<\/b><br \/>\n <\/span><br \/>\n <\/p>\n<p>\u3010NE3 Otoscope sans fil\u3011Natfire ne3 mis \u00e0 jour sur la base de la g\u00e9n\u00e9ration pr\u00e9c\u00e9dente. Le produit est enti\u00e8rement conforme aux normes FCC, RoHS et CE. Nous mettons \u00e0 jour les accessoires inoffensifs. Il convient aux oreilles grasses, ce qui permet de rencontrer en toute s\u00e9curit\u00e9 diff\u00e9rentes personnes \u00e0 diff\u00e9rentes occasions.   <\/p>\n<p>\u3010360\u00b0 Wide Angle &amp;1296P HD Image\u3011Le nettoyeur d&rsquo;oreilles professionnel poss\u00e8de un objectif de qualit\u00e9 professionnelle \u00e0 360\u00b0 qui vous permet de voir les images en temps r\u00e9el des minuscules d\u00e9tails \u00e0 l&rsquo;int\u00e9rieur de votre canal auditif \u00e0 360\u00b0. L&rsquo;endoscope am\u00e9liore la clart\u00e9 lors de l&rsquo;\u00e9limination des r\u00e9sidus de cire. Il am\u00e9liore \u00e9galement la pr\u00e9cision de l&rsquo;\u00e9limination de chaque accumulation pour que vos oreilles soient d\u00e9barrass\u00e9es du c\u00e9rumen !  <\/p>\n<p>\n  \u3010Easy to Use &amp; Wide Compatibility \u3011 Scannez le code QR sur le manuel, t\u00e9l\u00e9chargez et installez l&rsquo;APP sur votre appareil, appuyez et maintenez le bouton d&rsquo;alimentation sur le dessus de l&rsquo;appareil pour allumer la tige de nettoyage d&rsquo;oreille, puis connectez le WiFi (Nom : HNDEC-XXXX) avec votre appareil . L&rsquo;application fonctionne avec tous les smartphones\/tablettes Android et les iPhones\/iPad IOS.<br \/>\n <\/p>\n<p>\u3010Wide Range of Application\u3011Le produit vous permet non seulement de v\u00e9rifier les canaux auditifs et de nettoyer le c\u00e9rumen, d&rsquo;aider les membres de votre famille \u00e0 faire un examen des oreilles, mais aussi de v\u00e9rifier les oreilles de votre chien et de votre chat. Il convient \u00e9galement \u00e0 l&rsquo;examen de la peau, du nez, des dents, etc. Il s&rsquo;agit d&rsquo;une aide pr\u00e9cieuse pour la maison.  <\/p>\n<p>\n <b><br \/>\n  <br \/> <\/b>\n<\/p>\n<p>\n <b>Informations sur le produit :<\/b><br \/>\n <br \/> Mod\u00e8le du produit : NE3 cueilleur d&rsquo;oreilles visuel<br \/>\n <br \/>  Fr\u00e9quence de travail : 2.4G<br \/>\n <br \/>  Tension de fonctionnement : 3,7V<br \/>\n <br \/>  Puissance maximale : 0,5 W<br \/>\n <br \/>  Mat\u00e9riau du corps : ABS<br \/>\n <br \/>  Interface d&rsquo;entr\u00e9e : TYPE-C<br \/>\n <br \/>  Param\u00e8tres d&rsquo;entr\u00e9e : 5V\/0,3A<br \/>\n <br \/>  Couleur de la carrosserie : noir\/blanc<br \/>\n <br \/>  Type d&rsquo;alimentation : Polym\u00e8re<br \/>\n <br \/>  Autonomie de la batterie : 35 minutes<br \/>\n <br \/>  Temps de charge : 60 minutes<br \/>\n <br \/>  Environnement de travail : -10&#8211;50 degr\u00e9s<br \/>\n <br \/>  Capacit\u00e9 de la batterie : 130mAh<br \/>\n <br \/>  Sp\u00e9cifications du produit : Longueur 145mm<br \/>\n <br \/>  Type d&rsquo;interrupteur : interrupteur \u00e0 poussoir de la t\u00eate de la lampe<br \/>\n <br \/>  Mode de fonctionnement : appuyez longuement sur la touche pendant deux secondes pour l&rsquo;allumer ou l&rsquo;\u00e9teindre.<br \/>\n <br \/>  Protection contre la charge et la d\u00e9charge : circuit int\u00e9gr\u00e9 de surcharge et de d\u00e9charge excessive, prolongeant la dur\u00e9e de vie de la batterie.<br \/>\n <br \/>  Mode batterie : La lumi\u00e8re LED est rouge lorsque la batterie est pleine, elle clignote en rouge lorsque la batterie est faible.<br \/>\n <br \/>  Mode de chargement : Le voyant clignote en rouge pendant la charge, en rouge lorsque la charge est compl\u00e8te.<br \/>\n <br \/>  Mode d&rsquo;\u00e9tat : lumi\u00e8re bleue clignotante lorsque l&rsquo;appareil n&rsquo;est pas connect\u00e9 au WIFI, lumi\u00e8re bleue lorsque l&rsquo;appareil est connect\u00e9 au WIFI.<br \/>\n <br \/>  Degr\u00e9 d&rsquo;\u00e9tanch\u00e9it\u00e9 : IPX5 (anti-pluie, anti-\u00e9claboussures)<\/p>\n<p> <b>Informations sur la taille :<\/b><\/p>\n<p> <img decoding=\"async\" src=\"https:\/\/cf.cjdropshipping.com\/17075232\/2402100819050324000.jpg\" style=\"max-width:100%\">\n<\/p>\n<p>\n <br \/> <b>Liste d&#8217;emballage :<\/b><br \/>\n <br \/> B\u00e2ton cure-oreille + c\u00e2ble de chargement TYPE-C + 4 t\u00eates de cuill\u00e8res + manuel d&rsquo;instruction + bo\u00eete de couleur*1\n<\/p>\n<p>\n <\/p>\n<p>\n <img decoding=\"async\" src=\"https:\/\/cf.cjdropshipping.com\/17075232\/2402100819050324500.jpg\" style=\"max-width:100%\"><br \/>\n <img decoding=\"async\" src=\"https:\/\/cf.cjdropshipping.com\/17075232\/2402100819050324900.jpg\" style=\"max-width: 100%\"><br \/>\n <img decoding=\"async\" src=\"https:\/\/cf.cjdropshipping.com\/17075232\/2402100819050325300.jpg\" style=\"max-width: 100%\"><br \/>\n <img decoding=\"async\" src=\"https:\/\/cf.cjdropshipping.com\/17075232\/2402100819050325700.jpg\" style=\"max-width: 100%\"><br \/>\n <img decoding=\"async\" src=\"https:\/\/cf.cjdropshipping.com\/17075232\/2402100819050326100.jpg\" style=\"max-width: 100%\"><br \/>\n <img decoding=\"async\" src=\"https:\/\/cf.cjdropshipping.com\/17075232\/2402100819050326600.jpg\" style=\"max-width: 100%\"><br \/>\n <img decoding=\"async\" src=\"https:\/\/cf.cjdropshipping.com\/17075232\/2402100819050326900.jpg\" style=\"max-width: 100%\"><br \/>\n <img decoding=\"async\" src=\"https:\/\/cf.cjdropshipping.com\/17075232\/2402100819050327300.jpg\" style=\"max-width: 100%\"><br \/>\n <img decoding=\"async\" src=\"https:\/\/cf.cjdropshipping.com\/17075232\/2402100819050327600.jpg\" style=\"max-width: 100%\"><br \/>\n <img decoding=\"async\" src=\"https:\/\/cf.cjdropshipping.com\/17075232\/2402100819050327900.jpg\" style=\"max-width: 100%\"><br \/>\n <img decoding=\"async\" src=\"https:\/\/cf.cjdropshipping.com\/17075232\/2402100819050328200.jpg\" style=\"max-width: 100%\"><br \/>\n <img decoding=\"async\" src=\"https:\/\/cf.cjdropshipping.com\/17075232\/2402100819050328500.jpg\" style=\"max-width: 100%\"><br \/>\n <img decoding=\"async\" src=\"https:\/\/cf.cjdropshipping.com\/17075232\/2402100819050328800.jpg\" style=\"max-width: 100%\"><br \/>\n <img decoding=\"async\" src=\"https:\/\/cf.cjdropshipping.com\/17075232\/2402100819050329200.jpg\" style=\"max-width: 100%\"><br \/>\n <img decoding=\"async\" src=\"https:\/\/cf.cjdropshipping.com\/17075232\/2402100819050329500.jpg\" style=\"max-width: 100%\"><br \/>\n <img decoding=\"async\" src=\"https:\/\/cf.cjdropshipping.com\/17075232\/2402100819050329700.jpg\" style=\"max-width: 100%\"><br \/>\n <img decoding=\"async\" src=\"https:\/\/cf.cjdropshipping.com\/17075232\/2402100819060320100.jpg\" style=\"max-width: 100%\"><br \/>\n <img decoding=\"async\" src=\"https:\/\/cf.cjdropshipping.com\/17075232\/2402100819060320600.jpg\" style=\"max-width: 100%\"><br \/>\n <\/p>\n<p>\n <img decoding=\"async\" src=\"https:\/\/cf.cjdropshipping.com\/17075232\/2402100819060321000.jpg\" style=\"max-width:100%\"><br \/>\n <img decoding=\"async\" src=\"https:\/\/cf.cjdropshipping.com\/17075232\/2402100819060321300.jpg\" style=\"max-width: 100%\"><br \/>\n <img decoding=\"async\" src=\"https:\/\/cf.cjdropshipping.com\/17075232\/2402100819060321800.jpg\" style=\"max-width: 100%\"><br \/>\n <img decoding=\"async\" src=\"https:\/\/cf.cjdropshipping.com\/17075232\/2402100819060322100.jpg\" style=\"max-width: 100%\"><br \/>\n <img decoding=\"async\" src=\"https:\/\/cf.cjdropshipping.com\/17075232\/2402100819060322400.jpg\"><br \/>\n <\/p>\n","protected":false},"excerpt":{"rendered":"<p>Vue d&rsquo;ensemble : \u3010NE3 Otoscope sans fil\u3011Natfire ne3 mis \u00e0 jour sur la base de la g\u00e9n\u00e9ration pr\u00e9c\u00e9dente. Le produit est enti\u00e8rement conforme aux normes FCC, RoHS et CE. Nous mettons \u00e0 jour les accessoires inoffensifs. Il convient aux oreilles grasses, ce qui permet de rencontrer en toute s\u00e9curit\u00e9 diff\u00e9rentes personnes \u00e0 diff\u00e9rentes occasions. \u3010360\u00b0 [&hellip;]<\/p>\n","protected":false},"featured_media":10758,"comment_status":"open","ping_status":"closed","template":"","meta":{"content-type":""},"product_brand":[],"product_cat":[796],"product_tag":[],"class_list":{"0":"post-33567","1":"product","2":"type-product","3":"status-publish","4":"has-post-thumbnail","6":"product_cat-soins-de-la-peau-et-hygiene","8":"first","9":"instock","10":"taxable","11":"shipping-taxable","12":"purchasable","13":"product-type-variable","14":"add-to-wishlist-after_add_to_cart"},"yoast_head":"<!-- This site is optimized with the Yoast SEO plugin v27.4 - https:\/\/yoast.com\/product\/yoast-seo-wordpress\/ -->\n<title>NE3 Ear Cleaner Otoscope Ear Wax Removal Tool With Camera LED Light Wireless Ear Endoscope Ear Cleaning Kit For I-phone - Aigle Shopping Canada<\/title>\n<meta name=\"robots\" content=\"index, follow, max-snippet:-1, max-image-preview:large, max-video-preview:-1\" \/>\n<link rel=\"canonical\" href=\"https:\/\/aigleshopping.ca\/fr\/produit\/ne3-ear-cleaner-otoscope-ear-wax-removal-tool-with-camera-led-light-wireless-ear-endoscope-ear-cleaning-kit-for-i-phone\/\" \/>\n<meta property=\"og:locale\" content=\"fr_FR\" \/>\n<meta property=\"og:type\" content=\"article\" \/>\n<meta property=\"og:title\" content=\"NE3 Ear Cleaner Otoscope Ear Wax Removal Tool With Camera LED Light Wireless Ear Endoscope Ear Cleaning Kit For I-phone - Aigle Shopping Canada\" \/>\n<meta property=\"og:description\" content=\"Vue d&rsquo;ensemble : \u3010NE3 Otoscope sans fil\u3011Natfire ne3 mis \u00e0 jour sur la base de la g\u00e9n\u00e9ration pr\u00e9c\u00e9dente. Le produit est enti\u00e8rement conforme aux normes FCC, RoHS et CE. Nous mettons \u00e0 jour les accessoires inoffensifs. Il convient aux oreilles grasses, ce qui permet de rencontrer en toute s\u00e9curit\u00e9 diff\u00e9rentes personnes \u00e0 diff\u00e9rentes occasions. \u3010360\u00b0 [&hellip;]\" \/>\n<meta property=\"og:url\" content=\"https:\/\/aigleshopping.ca\/fr\/produit\/ne3-ear-cleaner-otoscope-ear-wax-removal-tool-with-camera-led-light-wireless-ear-endoscope-ear-cleaning-kit-for-i-phone\/\" \/>\n<meta property=\"og:site_name\" content=\"Aigle Shopping Canada\" \/>\n<meta property=\"og:image\" content=\"https:\/\/aigleshopping.ca\/wp-content\/uploads\/2025\/03\/70955ba7-b329-4b66-8976-b63ba198d419.jpg\" \/>\n\t<meta property=\"og:image:width\" content=\"800\" \/>\n\t<meta property=\"og:image:height\" content=\"800\" \/>\n\t<meta property=\"og:image:type\" content=\"image\/jpeg\" \/>\n<meta name=\"twitter:card\" content=\"summary_large_image\" \/>\n<meta name=\"twitter:label1\" content=\"Dur\u00e9e de lecture estim\u00e9e\" \/>\n\t<meta name=\"twitter:data1\" content=\"2 minutes\" \/>\n<script type=\"application\/ld+json\" class=\"yoast-schema-graph\">{\"@context\":\"https:\\\/\\\/schema.org\",\"@graph\":[{\"@type\":\"WebPage\",\"@id\":\"https:\\\/\\\/aigleshopping.ca\\\/fr\\\/produit\\\/ne3-ear-cleaner-otoscope-ear-wax-removal-tool-with-camera-led-light-wireless-ear-endoscope-ear-cleaning-kit-for-i-phone\\\/\",\"url\":\"https:\\\/\\\/aigleshopping.ca\\\/fr\\\/produit\\\/ne3-ear-cleaner-otoscope-ear-wax-removal-tool-with-camera-led-light-wireless-ear-endoscope-ear-cleaning-kit-for-i-phone\\\/\",\"name\":\"NE3 Ear Cleaner Otoscope Ear Wax Removal Tool With Camera LED Light Wireless Ear Endoscope Ear Cleaning Kit For I-phone - Aigle Shopping Canada\",\"isPartOf\":{\"@id\":\"https:\\\/\\\/aigleshopping.ca\\\/#website\"},\"primaryImageOfPage\":{\"@id\":\"https:\\\/\\\/aigleshopping.ca\\\/fr\\\/produit\\\/ne3-ear-cleaner-otoscope-ear-wax-removal-tool-with-camera-led-light-wireless-ear-endoscope-ear-cleaning-kit-for-i-phone\\\/#primaryimage\"},\"image\":{\"@id\":\"https:\\\/\\\/aigleshopping.ca\\\/fr\\\/produit\\\/ne3-ear-cleaner-otoscope-ear-wax-removal-tool-with-camera-led-light-wireless-ear-endoscope-ear-cleaning-kit-for-i-phone\\\/#primaryimage\"},\"thumbnailUrl\":\"https:\\\/\\\/aigleshopping.ca\\\/wp-content\\\/uploads\\\/2025\\\/03\\\/70955ba7-b329-4b66-8976-b63ba198d419.jpg\",\"datePublished\":\"2025-03-04T00:44:25+00:00\",\"breadcrumb\":{\"@id\":\"https:\\\/\\\/aigleshopping.ca\\\/fr\\\/produit\\\/ne3-ear-cleaner-otoscope-ear-wax-removal-tool-with-camera-led-light-wireless-ear-endoscope-ear-cleaning-kit-for-i-phone\\\/#breadcrumb\"},\"inLanguage\":\"fr-FR\",\"potentialAction\":[{\"@type\":\"ReadAction\",\"target\":[\"https:\\\/\\\/aigleshopping.ca\\\/fr\\\/produit\\\/ne3-ear-cleaner-otoscope-ear-wax-removal-tool-with-camera-led-light-wireless-ear-endoscope-ear-cleaning-kit-for-i-phone\\\/\"]}]},{\"@type\":\"ImageObject\",\"inLanguage\":\"fr-FR\",\"@id\":\"https:\\\/\\\/aigleshopping.ca\\\/fr\\\/produit\\\/ne3-ear-cleaner-otoscope-ear-wax-removal-tool-with-camera-led-light-wireless-ear-endoscope-ear-cleaning-kit-for-i-phone\\\/#primaryimage\",\"url\":\"https:\\\/\\\/aigleshopping.ca\\\/wp-content\\\/uploads\\\/2025\\\/03\\\/70955ba7-b329-4b66-8976-b63ba198d419.jpg\",\"contentUrl\":\"https:\\\/\\\/aigleshopping.ca\\\/wp-content\\\/uploads\\\/2025\\\/03\\\/70955ba7-b329-4b66-8976-b63ba198d419.jpg\",\"width\":800,\"height\":800},{\"@type\":\"BreadcrumbList\",\"@id\":\"https:\\\/\\\/aigleshopping.ca\\\/fr\\\/produit\\\/ne3-ear-cleaner-otoscope-ear-wax-removal-tool-with-camera-led-light-wireless-ear-endoscope-ear-cleaning-kit-for-i-phone\\\/#breadcrumb\",\"itemListElement\":[{\"@type\":\"ListItem\",\"position\":1,\"name\":\"Home\",\"item\":\"https:\\\/\\\/aigleshopping.ca\\\/fr\\\/home\\\/\"},{\"@type\":\"ListItem\",\"position\":2,\"name\":\"Products\",\"item\":\"https:\\\/\\\/aigleshopping.ca\\\/shop\\\/\"},{\"@type\":\"ListItem\",\"position\":3,\"name\":\"NE3 Ear Cleaner Otoscope Ear Wax Removal Tool With Camera LED Light Wireless Ear Endoscope Ear Cleaning Kit For I-phone\"}]},{\"@type\":\"WebSite\",\"@id\":\"https:\\\/\\\/aigleshopping.ca\\\/#website\",\"url\":\"https:\\\/\\\/aigleshopping.ca\\\/\",\"name\":\"Aigle Shopping Canada\",\"description\":\"Au-del\u00e0 des fronti\u00e8res, pour vous offrir le\u00a0meilleur!\",\"publisher\":{\"@id\":\"https:\\\/\\\/aigleshopping.ca\\\/#organization\"},\"potentialAction\":[{\"@type\":\"SearchAction\",\"target\":{\"@type\":\"EntryPoint\",\"urlTemplate\":\"https:\\\/\\\/aigleshopping.ca\\\/?s={search_term_string}\"},\"query-input\":{\"@type\":\"PropertyValueSpecification\",\"valueRequired\":true,\"valueName\":\"search_term_string\"}}],\"inLanguage\":\"fr-FR\"},{\"@type\":\"Organization\",\"@id\":\"https:\\\/\\\/aigleshopping.ca\\\/#organization\",\"name\":\"Aigle Shopping Canada\",\"url\":\"https:\\\/\\\/aigleshopping.ca\\\/\",\"logo\":{\"@type\":\"ImageObject\",\"inLanguage\":\"fr-FR\",\"@id\":\"https:\\\/\\\/aigleshopping.ca\\\/#\\\/schema\\\/logo\\\/image\\\/\",\"url\":\"https:\\\/\\\/aigleshopping.ca\\\/wp-content\\\/uploads\\\/2025\\\/12\\\/logo_aigleshopping_ca.png\",\"contentUrl\":\"https:\\\/\\\/aigleshopping.ca\\\/wp-content\\\/uploads\\\/2025\\\/12\\\/logo_aigleshopping_ca.png\",\"width\":800,\"height\":233,\"caption\":\"Aigle Shopping Canada\"},\"image\":{\"@id\":\"https:\\\/\\\/aigleshopping.ca\\\/#\\\/schema\\\/logo\\\/image\\\/\"}}]}<\/script>\n<!-- \/ Yoast SEO plugin. -->","yoast_head_json":{"title":"NE3 Ear Cleaner Otoscope Ear Wax Removal Tool With Camera LED Light Wireless Ear Endoscope Ear Cleaning Kit For I-phone - Aigle Shopping Canada","robots":{"index":"index","follow":"follow","max-snippet":"max-snippet:-1","max-image-preview":"max-image-preview:large","max-video-preview":"max-video-preview:-1"},"canonical":"https:\/\/aigleshopping.ca\/fr\/produit\/ne3-ear-cleaner-otoscope-ear-wax-removal-tool-with-camera-led-light-wireless-ear-endoscope-ear-cleaning-kit-for-i-phone\/","og_locale":"fr_FR","og_type":"article","og_title":"NE3 Ear Cleaner Otoscope Ear Wax Removal Tool With Camera LED Light Wireless Ear Endoscope Ear Cleaning Kit For I-phone - Aigle Shopping Canada","og_description":"Vue d&rsquo;ensemble : \u3010NE3 Otoscope sans fil\u3011Natfire ne3 mis \u00e0 jour sur la base de la g\u00e9n\u00e9ration pr\u00e9c\u00e9dente. Le produit est enti\u00e8rement conforme aux normes FCC, RoHS et CE. Nous mettons \u00e0 jour les accessoires inoffensifs. Il convient aux oreilles grasses, ce qui permet de rencontrer en toute s\u00e9curit\u00e9 diff\u00e9rentes personnes \u00e0 diff\u00e9rentes occasions. \u3010360\u00b0 [&hellip;]","og_url":"https:\/\/aigleshopping.ca\/fr\/produit\/ne3-ear-cleaner-otoscope-ear-wax-removal-tool-with-camera-led-light-wireless-ear-endoscope-ear-cleaning-kit-for-i-phone\/","og_site_name":"Aigle Shopping Canada","og_image":[{"width":800,"height":800,"url":"https:\/\/aigleshopping.ca\/wp-content\/uploads\/2025\/03\/70955ba7-b329-4b66-8976-b63ba198d419.jpg","type":"image\/jpeg"}],"twitter_card":"summary_large_image","twitter_misc":{"Dur\u00e9e de lecture estim\u00e9e":"2 minutes"},"schema":{"@context":"https:\/\/schema.org","@graph":[{"@type":"WebPage","@id":"https:\/\/aigleshopping.ca\/fr\/produit\/ne3-ear-cleaner-otoscope-ear-wax-removal-tool-with-camera-led-light-wireless-ear-endoscope-ear-cleaning-kit-for-i-phone\/","url":"https:\/\/aigleshopping.ca\/fr\/produit\/ne3-ear-cleaner-otoscope-ear-wax-removal-tool-with-camera-led-light-wireless-ear-endoscope-ear-cleaning-kit-for-i-phone\/","name":"NE3 Ear Cleaner Otoscope Ear Wax Removal Tool With Camera LED Light Wireless Ear Endoscope Ear Cleaning Kit For I-phone - Aigle Shopping Canada","isPartOf":{"@id":"https:\/\/aigleshopping.ca\/#website"},"primaryImageOfPage":{"@id":"https:\/\/aigleshopping.ca\/fr\/produit\/ne3-ear-cleaner-otoscope-ear-wax-removal-tool-with-camera-led-light-wireless-ear-endoscope-ear-cleaning-kit-for-i-phone\/#primaryimage"},"image":{"@id":"https:\/\/aigleshopping.ca\/fr\/produit\/ne3-ear-cleaner-otoscope-ear-wax-removal-tool-with-camera-led-light-wireless-ear-endoscope-ear-cleaning-kit-for-i-phone\/#primaryimage"},"thumbnailUrl":"https:\/\/aigleshopping.ca\/wp-content\/uploads\/2025\/03\/70955ba7-b329-4b66-8976-b63ba198d419.jpg","datePublished":"2025-03-04T00:44:25+00:00","breadcrumb":{"@id":"https:\/\/aigleshopping.ca\/fr\/produit\/ne3-ear-cleaner-otoscope-ear-wax-removal-tool-with-camera-led-light-wireless-ear-endoscope-ear-cleaning-kit-for-i-phone\/#breadcrumb"},"inLanguage":"fr-FR","potentialAction":[{"@type":"ReadAction","target":["https:\/\/aigleshopping.ca\/fr\/produit\/ne3-ear-cleaner-otoscope-ear-wax-removal-tool-with-camera-led-light-wireless-ear-endoscope-ear-cleaning-kit-for-i-phone\/"]}]},{"@type":"ImageObject","inLanguage":"fr-FR","@id":"https:\/\/aigleshopping.ca\/fr\/produit\/ne3-ear-cleaner-otoscope-ear-wax-removal-tool-with-camera-led-light-wireless-ear-endoscope-ear-cleaning-kit-for-i-phone\/#primaryimage","url":"https:\/\/aigleshopping.ca\/wp-content\/uploads\/2025\/03\/70955ba7-b329-4b66-8976-b63ba198d419.jpg","contentUrl":"https:\/\/aigleshopping.ca\/wp-content\/uploads\/2025\/03\/70955ba7-b329-4b66-8976-b63ba198d419.jpg","width":800,"height":800},{"@type":"BreadcrumbList","@id":"https:\/\/aigleshopping.ca\/fr\/produit\/ne3-ear-cleaner-otoscope-ear-wax-removal-tool-with-camera-led-light-wireless-ear-endoscope-ear-cleaning-kit-for-i-phone\/#breadcrumb","itemListElement":[{"@type":"ListItem","position":1,"name":"Home","item":"https:\/\/aigleshopping.ca\/fr\/home\/"},{"@type":"ListItem","position":2,"name":"Products","item":"https:\/\/aigleshopping.ca\/shop\/"},{"@type":"ListItem","position":3,"name":"NE3 Ear Cleaner Otoscope Ear Wax Removal Tool With Camera LED Light Wireless Ear Endoscope Ear Cleaning Kit For I-phone"}]},{"@type":"WebSite","@id":"https:\/\/aigleshopping.ca\/#website","url":"https:\/\/aigleshopping.ca\/","name":"Aigle Shopping Canada","description":"Au-del\u00e0 des fronti\u00e8res, pour vous offrir le\u00a0meilleur!","publisher":{"@id":"https:\/\/aigleshopping.ca\/#organization"},"potentialAction":[{"@type":"SearchAction","target":{"@type":"EntryPoint","urlTemplate":"https:\/\/aigleshopping.ca\/?s={search_term_string}"},"query-input":{"@type":"PropertyValueSpecification","valueRequired":true,"valueName":"search_term_string"}}],"inLanguage":"fr-FR"},{"@type":"Organization","@id":"https:\/\/aigleshopping.ca\/#organization","name":"Aigle Shopping Canada","url":"https:\/\/aigleshopping.ca\/","logo":{"@type":"ImageObject","inLanguage":"fr-FR","@id":"https:\/\/aigleshopping.ca\/#\/schema\/logo\/image\/","url":"https:\/\/aigleshopping.ca\/wp-content\/uploads\/2025\/12\/logo_aigleshopping_ca.png","contentUrl":"https:\/\/aigleshopping.ca\/wp-content\/uploads\/2025\/12\/logo_aigleshopping_ca.png","width":800,"height":233,"caption":"Aigle Shopping Canada"},"image":{"@id":"https:\/\/aigleshopping.ca\/#\/schema\/logo\/image\/"}}]}},"jetpack_sharing_enabled":true,"_links":{"self":[{"href":"https:\/\/aigleshopping.ca\/fr\/wp-json\/wp\/v2\/product\/33567","targetHints":{"allow":["GET"]}}],"collection":[{"href":"https:\/\/aigleshopping.ca\/fr\/wp-json\/wp\/v2\/product"}],"about":[{"href":"https:\/\/aigleshopping.ca\/fr\/wp-json\/wp\/v2\/types\/product"}],"replies":[{"embeddable":true,"href":"https:\/\/aigleshopping.ca\/fr\/wp-json\/wp\/v2\/comments?post=33567"}],"wp:featuredmedia":[{"embeddable":true,"href":"https:\/\/aigleshopping.ca\/fr\/wp-json\/wp\/v2\/media\/10758"}],"wp:attachment":[{"href":"https:\/\/aigleshopping.ca\/fr\/wp-json\/wp\/v2\/media?parent=33567"}],"wp:term":[{"taxonomy":"product_brand","embeddable":true,"href":"https:\/\/aigleshopping.ca\/fr\/wp-json\/wp\/v2\/product_brand?post=33567"},{"taxonomy":"product_cat","embeddable":true,"href":"https:\/\/aigleshopping.ca\/fr\/wp-json\/wp\/v2\/product_cat?post=33567"},{"taxonomy":"product_tag","embeddable":true,"href":"https:\/\/aigleshopping.ca\/fr\/wp-json\/wp\/v2\/product_tag?post=33567"}],"curies":[{"name":"wp","href":"https:\/\/api.w.org\/{rel}","templated":true}]}}