{"id":33595,"date":"2025-02-07T13:41:01","date_gmt":"2025-02-07T13:41:01","guid":{"rendered":"https:\/\/aigleshopping.ca\/produit\/pull-pull-sweatshirt-solid-color-loose-tops-round-neck-hoodie-women-thick-clothing\/"},"modified":"2025-02-07T13:41:01","modified_gmt":"2025-02-07T13:41:01","slug":"pull-pull-sweatshirt-solid-color-loose-tops-round-neck-hoodie-women-thick-clothing","status":"publish","type":"product","link":"https:\/\/aigleshopping.ca\/fr\/produit\/pull-pull-sweatshirt-solid-color-loose-tops-round-neck-hoodie-women-thick-clothing\/","title":{"rendered":"Pull Pull Sweatshirt Solid Color Loose Tops Round Neck Hoodie Women Thick Clothing"},"content":{"rendered":"<p>\n <b><br \/>\n  <font style=\"vertical-align: inherit\"><br \/>\n   <font style=\"vertical-align: inherit\">Aper\u00e7u :<\/font><br \/>\n  <\/font><br \/>\n <\/b><br \/>\n <br \/> <font style=\"vertical-align: inherit\"><br \/>\n  <font style=\"vertical-align: inherit\">  Design unique, \u00e9l\u00e9gant et beau.  <\/font><br \/>\n <\/font><br \/>\n <br \/> <font style=\"vertical-align: inherit\"><br \/>\n  <font style=\"vertical-align: inherit\">Bon mat\u00e9riau, port confortable.  <\/font><br \/>\n <\/font><br \/>\n <br \/> <font style=\"vertical-align: inherit\"><br \/>\n  <font style=\"vertical-align: inherit\">Une vari\u00e9t\u00e9 de couleurs, n&rsquo;importe quel choix.<\/font><br \/>\n <\/font><br \/>\n <b><\/b>\n<\/p>\n<p>\n <b><br \/>\n  <font style=\"vertical-align: inherit\"><br \/>\n   <font style=\"vertical-align: inherit\">Informations sur le produit :<\/font><br \/>\n  <\/font><br \/>\n <\/b><br \/>\n <\/p>\n<p>\n <font style=\"vertical-align: inherit\"><br \/>\n  <font style=\"vertical-align: inherit\">Mati\u00e8re : polyester&nbsp;<\/font><br \/>\n <\/font>\n<\/p>\n<p>\n <font style=\"vertical-align: inherit\"><br \/>\n  <font style=\"vertical-align: inherit\">Style : \u00e0 la mode et simple  <\/font><br \/>\n <\/font><br \/>\n <br \/> <font style=\"vertical-align: inherit\"><br \/>\n  <font style=\"vertical-align: inherit\">Caract\u00e9ristiques : couleur unie  <\/font><br \/>\n <\/font><br \/>\n <br \/> <font style=\"vertical-align: inherit\"><br \/>\n  <font style=\"vertical-align: inherit\">Couleur : blanc, abricot, noir, gris clair, rose, kaki<\/font><br \/>\n <\/font>\n<\/p>\n<p>\n <br \/> <b><br \/>\n  <font style=\"vertical-align: inherit\"><br \/>\n   <font style=\"vertical-align: inherit\">Informations sur la taille :<\/font><br \/>\n  <\/font><br \/>\n <\/b><br \/>\n <br \/> <img decoding=\"async\" src=\"https:\/\/cf.cjdropshipping.com\/bc7f9d27-5bfa-47f7-84ff-450b53623120.png\" style=\"max-width:100%\"><br \/>\n <\/p>\n<p>\n <\/p>\n<p>\n <b><br \/>\n  <font style=\"vertical-align: inherit\"><br \/>\n   <font style=\"vertical-align: inherit\">Remarque :<\/font><br \/>\n  <\/font><br \/>\n <\/b><br \/>\n <br \/> <font style=\"vertical-align: inherit\"><br \/>\n  <font style=\"vertical-align: inherit\">  1. Les tailles asiatiques sont 1 \u00e0 2 tailles plus petites que les tailles europ\u00e9ennes et am\u00e9ricaines. Choisissez la taille la plus grande si votre taille est entre deux tailles. Veuillez pr\u00e9voir des diff\u00e9rences de 2 \u00e0 3 cm en raison de la mesure manuelle.    <\/font><br \/>\n <\/font><br \/>\n <br \/> <font style=\"vertical-align: inherit\"><br \/>\n  <font style=\"vertical-align: inherit\">2. Veuillez v\u00e9rifier attentivement le tableau des tailles avant d&rsquo;acheter l&rsquo;article. Si vous ne savez pas comment choisir la taille, veuillez contacter notre service client.   <\/font><br \/>\n <\/font><br \/>\n <br \/>  <font style=\"vertical-align: inherit\"><br \/>\n  <font style=\"vertical-align: inherit\">3. Comme vous le savez, les diff\u00e9rents ordinateurs affichent les couleurs diff\u00e9remment, la couleur de l&rsquo;article r\u00e9el peut varier l\u00e9g\u00e8rement par rapport aux images suivantes. <\/font><br \/>\n <\/font><\/p>\n<p> <b><br \/>\n  <font style=\"vertical-align: inherit\"><br \/>\n   <font style=\"vertical-align: inherit\">Liste de colisage :<\/font><br \/>\n  <\/font><br \/>\n <\/b>\n<\/p>\n<p>\n <font style=\"vertical-align: inherit\"><br \/>\n  <font style=\"vertical-align: inherit\">Haut*1<\/font><br \/>\n <\/font>\n<\/p>\n<p>\n <\/p>\n<p>\n <b><br \/>\n  <font style=\"vertical-align: inherit\"><br \/>\n   <font style=\"vertical-align: inherit\">Image du produit :<\/font><br \/>\n  <\/font><br \/>\n <\/b>\n<\/p>\n<p>\n <img decoding=\"async\" src=\"https:\/\/cf.cjdropshipping.com\/c5bec46d-86fe-43b7-b9dd-2729e15e723c.jpg\" style=\"max-width:100%\"><br \/>\n <\/p>\n<p>\n <img decoding=\"async\" src=\"https:\/\/cf.cjdropshipping.com\/946ffbf1-14e3-414b-ad94-9a8ccc770b84.jpg\" style=\"max-width:100%\"><br \/>\n <br \/> <img decoding=\"async\" src=\"https:\/\/cf.cjdropshipping.com\/e58f205b-b27f-40f3-bd4c-5c15cf754e1d.jpg\" style=\"max-width:100%\"><br \/>\n <br \/> <img decoding=\"async\" src=\"https:\/\/cf.cjdropshipping.com\/9a378ff7-bf7d-4348-97cf-53a9b5b8793c.jpg\" style=\"max-width:100%\"><br \/>\n <br \/> <img decoding=\"async\" src=\"https:\/\/cf.cjdropshipping.com\/1ee35359-0863-478e-925b-2ff740be10d0.jpg\" style=\"max-width:100%\"><br \/>\n <br \/> <img decoding=\"async\" src=\"https:\/\/cf.cjdropshipping.com\/0b6e2eff-64a8-47f7-8517-2920f2c3a616.jpg\" style=\"max-width:100%\"><br \/>\n <br \/> <img decoding=\"async\" src=\"https:\/\/cf.cjdropshipping.com\/125e8243-19cd-4d7d-8b7a-f8463f7c1646.jpg\" style=\"max-width:100%\"><br \/>\n <br \/> <img decoding=\"async\" src=\"https:\/\/cf.cjdropshipping.com\/e871b450-a76f-4ee4-a194-80928f06e8b6.jpg\" style=\"max-width:100%\"><br \/>\n <br \/> <img decoding=\"async\" src=\"https:\/\/cf.cjdropshipping.com\/01195903-9a74-4045-b18e-ce232d1e7a7d.jpg\" style=\"max-width:100%\"><br \/>\n <br \/> <img decoding=\"async\" src=\"https:\/\/cf.cjdropshipping.com\/52d93899-fade-4059-961d-a16574751e8f.jpg\" style=\"max-width:100%\"><br \/>\n <br \/> <img decoding=\"async\" src=\"https:\/\/cf.cjdropshipping.com\/ad44a5f7-df40-4e44-b60f-6b083ceed26e.jpg\" style=\"max-width:100%\"><br \/>\n <br \/> <img decoding=\"async\" src=\"https:\/\/cf.cjdropshipping.com\/cf6eaa2e-17da-4ce5-882e-cf59568af64e.jpg\" style=\"max-width:100%\"><br \/>\n <br \/> <img decoding=\"async\" src=\"https:\/\/cf.cjdropshipping.com\/3a7fd188-2a70-467c-b36f-e1b74d6ab905.jpg\" style=\"max-width:100%\"><br \/>\n <br \/> <img decoding=\"async\" src=\"https:\/\/cf.cjdropshipping.com\/0d11c83c-9214-45e7-aa22-f1c3d5c0735a.jpg\" style=\"max-width:100%\"><\/p>\n","protected":false},"excerpt":{"rendered":"<p>Aper\u00e7u : Design unique, \u00e9l\u00e9gant et beau. Bon mat\u00e9riau, port confortable. Une vari\u00e9t\u00e9 de couleurs, n&rsquo;importe quel choix. Informations sur le produit : Mati\u00e8re : polyester&nbsp; Style : \u00e0 la mode et simple Caract\u00e9ristiques : couleur unie Couleur : blanc, abricot, noir, gris clair, rose, kaki Informations sur la taille : Remarque : 1. Les [&hellip;]<\/p>\n","protected":false},"featured_media":9642,"comment_status":"open","ping_status":"closed","template":"","meta":{"content-type":""},"product_brand":[],"product_cat":[591],"product_tag":[],"class_list":{"0":"post-33595","1":"product","2":"type-product","3":"status-publish","4":"has-post-thumbnail","6":"product_cat-tops-fr","8":"first","9":"instock","10":"taxable","11":"shipping-taxable","12":"purchasable","13":"product-type-variable","14":"add-to-wishlist-after_add_to_cart"},"yoast_head":"<!-- This site is optimized with the Yoast SEO plugin v27.5 - https:\/\/yoast.com\/product\/yoast-seo-wordpress\/ -->\n<title>Pull Pull Sweatshirt Solid Color Loose Tops Round Neck Hoodie Women Thick Clothing - Aigle Shopping Canada<\/title>\n<meta name=\"robots\" content=\"index, follow, max-snippet:-1, max-image-preview:large, max-video-preview:-1\" \/>\n<link rel=\"canonical\" href=\"https:\/\/aigleshopping.ca\/fr\/produit\/pull-pull-sweatshirt-solid-color-loose-tops-round-neck-hoodie-women-thick-clothing\/\" \/>\n<meta property=\"og:locale\" content=\"fr_FR\" \/>\n<meta property=\"og:type\" content=\"article\" \/>\n<meta property=\"og:title\" content=\"Pull Pull Sweatshirt Solid Color Loose Tops Round Neck Hoodie Women Thick Clothing - Aigle Shopping Canada\" \/>\n<meta property=\"og:description\" content=\"Aper\u00e7u : Design unique, \u00e9l\u00e9gant et beau. Bon mat\u00e9riau, port confortable. Une vari\u00e9t\u00e9 de couleurs, n&rsquo;importe quel choix. Informations sur le produit : Mati\u00e8re : polyester&nbsp; Style : \u00e0 la mode et simple Caract\u00e9ristiques : couleur unie Couleur : blanc, abricot, noir, gris clair, rose, kaki Informations sur la taille : Remarque : 1. Les [&hellip;]\" \/>\n<meta property=\"og:url\" content=\"https:\/\/aigleshopping.ca\/fr\/produit\/pull-pull-sweatshirt-solid-color-loose-tops-round-neck-hoodie-women-thick-clothing\/\" \/>\n<meta property=\"og:site_name\" content=\"Aigle Shopping Canada\" \/>\n<meta property=\"og:image\" content=\"https:\/\/aigleshopping.ca\/wp-content\/uploads\/2025\/02\/1f83bd85-7815-4042-ac3e-4df3242b4516.jpg\" \/>\n\t<meta property=\"og:image:width\" content=\"800\" \/>\n\t<meta property=\"og:image:height\" content=\"800\" \/>\n\t<meta property=\"og:image:type\" content=\"image\/jpeg\" \/>\n<meta name=\"twitter:card\" content=\"summary_large_image\" \/>\n<meta name=\"twitter:label1\" content=\"Dur\u00e9e de lecture estim\u00e9e\" \/>\n\t<meta name=\"twitter:data1\" content=\"1 minute\" \/>\n<script type=\"application\/ld+json\" class=\"yoast-schema-graph\">{\"@context\":\"https:\\\/\\\/schema.org\",\"@graph\":[{\"@type\":\"WebPage\",\"@id\":\"https:\\\/\\\/aigleshopping.ca\\\/fr\\\/produit\\\/pull-pull-sweatshirt-solid-color-loose-tops-round-neck-hoodie-women-thick-clothing\\\/\",\"url\":\"https:\\\/\\\/aigleshopping.ca\\\/fr\\\/produit\\\/pull-pull-sweatshirt-solid-color-loose-tops-round-neck-hoodie-women-thick-clothing\\\/\",\"name\":\"Pull Pull Sweatshirt Solid Color Loose Tops Round Neck Hoodie Women Thick Clothing - Aigle Shopping Canada\",\"isPartOf\":{\"@id\":\"https:\\\/\\\/aigleshopping.ca\\\/#website\"},\"primaryImageOfPage\":{\"@id\":\"https:\\\/\\\/aigleshopping.ca\\\/fr\\\/produit\\\/pull-pull-sweatshirt-solid-color-loose-tops-round-neck-hoodie-women-thick-clothing\\\/#primaryimage\"},\"image\":{\"@id\":\"https:\\\/\\\/aigleshopping.ca\\\/fr\\\/produit\\\/pull-pull-sweatshirt-solid-color-loose-tops-round-neck-hoodie-women-thick-clothing\\\/#primaryimage\"},\"thumbnailUrl\":\"https:\\\/\\\/aigleshopping.ca\\\/wp-content\\\/uploads\\\/2025\\\/02\\\/1f83bd85-7815-4042-ac3e-4df3242b4516.jpg\",\"datePublished\":\"2025-02-07T13:41:01+00:00\",\"breadcrumb\":{\"@id\":\"https:\\\/\\\/aigleshopping.ca\\\/fr\\\/produit\\\/pull-pull-sweatshirt-solid-color-loose-tops-round-neck-hoodie-women-thick-clothing\\\/#breadcrumb\"},\"inLanguage\":\"fr-FR\",\"potentialAction\":[{\"@type\":\"ReadAction\",\"target\":[\"https:\\\/\\\/aigleshopping.ca\\\/fr\\\/produit\\\/pull-pull-sweatshirt-solid-color-loose-tops-round-neck-hoodie-women-thick-clothing\\\/\"]}]},{\"@type\":\"ImageObject\",\"inLanguage\":\"fr-FR\",\"@id\":\"https:\\\/\\\/aigleshopping.ca\\\/fr\\\/produit\\\/pull-pull-sweatshirt-solid-color-loose-tops-round-neck-hoodie-women-thick-clothing\\\/#primaryimage\",\"url\":\"https:\\\/\\\/aigleshopping.ca\\\/wp-content\\\/uploads\\\/2025\\\/02\\\/1f83bd85-7815-4042-ac3e-4df3242b4516.jpg\",\"contentUrl\":\"https:\\\/\\\/aigleshopping.ca\\\/wp-content\\\/uploads\\\/2025\\\/02\\\/1f83bd85-7815-4042-ac3e-4df3242b4516.jpg\",\"width\":800,\"height\":800},{\"@type\":\"BreadcrumbList\",\"@id\":\"https:\\\/\\\/aigleshopping.ca\\\/fr\\\/produit\\\/pull-pull-sweatshirt-solid-color-loose-tops-round-neck-hoodie-women-thick-clothing\\\/#breadcrumb\",\"itemListElement\":[{\"@type\":\"ListItem\",\"position\":1,\"name\":\"Home\",\"item\":\"https:\\\/\\\/aigleshopping.ca\\\/fr\\\/home\\\/\"},{\"@type\":\"ListItem\",\"position\":2,\"name\":\"Products\",\"item\":\"https:\\\/\\\/aigleshopping.ca\\\/shop\\\/\"},{\"@type\":\"ListItem\",\"position\":3,\"name\":\"Pull Pull Sweatshirt Solid Color Loose Tops Round Neck Hoodie Women Thick Clothing\"}]},{\"@type\":\"WebSite\",\"@id\":\"https:\\\/\\\/aigleshopping.ca\\\/#website\",\"url\":\"https:\\\/\\\/aigleshopping.ca\\\/\",\"name\":\"Aigle Shopping Canada\",\"description\":\"Au-del\u00e0 des fronti\u00e8res, pour vous offrir le\u00a0meilleur!\",\"publisher\":{\"@id\":\"https:\\\/\\\/aigleshopping.ca\\\/#organization\"},\"potentialAction\":[{\"@type\":\"SearchAction\",\"target\":{\"@type\":\"EntryPoint\",\"urlTemplate\":\"https:\\\/\\\/aigleshopping.ca\\\/?s={search_term_string}\"},\"query-input\":{\"@type\":\"PropertyValueSpecification\",\"valueRequired\":true,\"valueName\":\"search_term_string\"}}],\"inLanguage\":\"fr-FR\"},{\"@type\":\"Organization\",\"@id\":\"https:\\\/\\\/aigleshopping.ca\\\/#organization\",\"name\":\"Aigle Shopping Canada\",\"url\":\"https:\\\/\\\/aigleshopping.ca\\\/\",\"logo\":{\"@type\":\"ImageObject\",\"inLanguage\":\"fr-FR\",\"@id\":\"https:\\\/\\\/aigleshopping.ca\\\/#\\\/schema\\\/logo\\\/image\\\/\",\"url\":\"https:\\\/\\\/aigleshopping.ca\\\/wp-content\\\/uploads\\\/2025\\\/12\\\/logo_aigleshopping_ca.png\",\"contentUrl\":\"https:\\\/\\\/aigleshopping.ca\\\/wp-content\\\/uploads\\\/2025\\\/12\\\/logo_aigleshopping_ca.png\",\"width\":800,\"height\":233,\"caption\":\"Aigle Shopping Canada\"},\"image\":{\"@id\":\"https:\\\/\\\/aigleshopping.ca\\\/#\\\/schema\\\/logo\\\/image\\\/\"}}]}<\/script>\n<!-- \/ Yoast SEO plugin. -->","yoast_head_json":{"title":"Pull Pull Sweatshirt Solid Color Loose Tops Round Neck Hoodie Women Thick Clothing - Aigle Shopping Canada","robots":{"index":"index","follow":"follow","max-snippet":"max-snippet:-1","max-image-preview":"max-image-preview:large","max-video-preview":"max-video-preview:-1"},"canonical":"https:\/\/aigleshopping.ca\/fr\/produit\/pull-pull-sweatshirt-solid-color-loose-tops-round-neck-hoodie-women-thick-clothing\/","og_locale":"fr_FR","og_type":"article","og_title":"Pull Pull Sweatshirt Solid Color Loose Tops Round Neck Hoodie Women Thick Clothing - Aigle Shopping Canada","og_description":"Aper\u00e7u : Design unique, \u00e9l\u00e9gant et beau. Bon mat\u00e9riau, port confortable. Une vari\u00e9t\u00e9 de couleurs, n&rsquo;importe quel choix. Informations sur le produit : Mati\u00e8re : polyester&nbsp; Style : \u00e0 la mode et simple Caract\u00e9ristiques : couleur unie Couleur : blanc, abricot, noir, gris clair, rose, kaki Informations sur la taille : Remarque : 1. Les [&hellip;]","og_url":"https:\/\/aigleshopping.ca\/fr\/produit\/pull-pull-sweatshirt-solid-color-loose-tops-round-neck-hoodie-women-thick-clothing\/","og_site_name":"Aigle Shopping Canada","og_image":[{"width":800,"height":800,"url":"https:\/\/aigleshopping.ca\/wp-content\/uploads\/2025\/02\/1f83bd85-7815-4042-ac3e-4df3242b4516.jpg","type":"image\/jpeg"}],"twitter_card":"summary_large_image","twitter_misc":{"Dur\u00e9e de lecture estim\u00e9e":"1 minute"},"schema":{"@context":"https:\/\/schema.org","@graph":[{"@type":"WebPage","@id":"https:\/\/aigleshopping.ca\/fr\/produit\/pull-pull-sweatshirt-solid-color-loose-tops-round-neck-hoodie-women-thick-clothing\/","url":"https:\/\/aigleshopping.ca\/fr\/produit\/pull-pull-sweatshirt-solid-color-loose-tops-round-neck-hoodie-women-thick-clothing\/","name":"Pull Pull Sweatshirt Solid Color Loose Tops Round Neck Hoodie Women Thick Clothing - Aigle Shopping Canada","isPartOf":{"@id":"https:\/\/aigleshopping.ca\/#website"},"primaryImageOfPage":{"@id":"https:\/\/aigleshopping.ca\/fr\/produit\/pull-pull-sweatshirt-solid-color-loose-tops-round-neck-hoodie-women-thick-clothing\/#primaryimage"},"image":{"@id":"https:\/\/aigleshopping.ca\/fr\/produit\/pull-pull-sweatshirt-solid-color-loose-tops-round-neck-hoodie-women-thick-clothing\/#primaryimage"},"thumbnailUrl":"https:\/\/aigleshopping.ca\/wp-content\/uploads\/2025\/02\/1f83bd85-7815-4042-ac3e-4df3242b4516.jpg","datePublished":"2025-02-07T13:41:01+00:00","breadcrumb":{"@id":"https:\/\/aigleshopping.ca\/fr\/produit\/pull-pull-sweatshirt-solid-color-loose-tops-round-neck-hoodie-women-thick-clothing\/#breadcrumb"},"inLanguage":"fr-FR","potentialAction":[{"@type":"ReadAction","target":["https:\/\/aigleshopping.ca\/fr\/produit\/pull-pull-sweatshirt-solid-color-loose-tops-round-neck-hoodie-women-thick-clothing\/"]}]},{"@type":"ImageObject","inLanguage":"fr-FR","@id":"https:\/\/aigleshopping.ca\/fr\/produit\/pull-pull-sweatshirt-solid-color-loose-tops-round-neck-hoodie-women-thick-clothing\/#primaryimage","url":"https:\/\/aigleshopping.ca\/wp-content\/uploads\/2025\/02\/1f83bd85-7815-4042-ac3e-4df3242b4516.jpg","contentUrl":"https:\/\/aigleshopping.ca\/wp-content\/uploads\/2025\/02\/1f83bd85-7815-4042-ac3e-4df3242b4516.jpg","width":800,"height":800},{"@type":"BreadcrumbList","@id":"https:\/\/aigleshopping.ca\/fr\/produit\/pull-pull-sweatshirt-solid-color-loose-tops-round-neck-hoodie-women-thick-clothing\/#breadcrumb","itemListElement":[{"@type":"ListItem","position":1,"name":"Home","item":"https:\/\/aigleshopping.ca\/fr\/home\/"},{"@type":"ListItem","position":2,"name":"Products","item":"https:\/\/aigleshopping.ca\/shop\/"},{"@type":"ListItem","position":3,"name":"Pull Pull Sweatshirt Solid Color Loose Tops Round Neck Hoodie Women Thick Clothing"}]},{"@type":"WebSite","@id":"https:\/\/aigleshopping.ca\/#website","url":"https:\/\/aigleshopping.ca\/","name":"Aigle Shopping Canada","description":"Au-del\u00e0 des fronti\u00e8res, pour vous offrir le\u00a0meilleur!","publisher":{"@id":"https:\/\/aigleshopping.ca\/#organization"},"potentialAction":[{"@type":"SearchAction","target":{"@type":"EntryPoint","urlTemplate":"https:\/\/aigleshopping.ca\/?s={search_term_string}"},"query-input":{"@type":"PropertyValueSpecification","valueRequired":true,"valueName":"search_term_string"}}],"inLanguage":"fr-FR"},{"@type":"Organization","@id":"https:\/\/aigleshopping.ca\/#organization","name":"Aigle Shopping Canada","url":"https:\/\/aigleshopping.ca\/","logo":{"@type":"ImageObject","inLanguage":"fr-FR","@id":"https:\/\/aigleshopping.ca\/#\/schema\/logo\/image\/","url":"https:\/\/aigleshopping.ca\/wp-content\/uploads\/2025\/12\/logo_aigleshopping_ca.png","contentUrl":"https:\/\/aigleshopping.ca\/wp-content\/uploads\/2025\/12\/logo_aigleshopping_ca.png","width":800,"height":233,"caption":"Aigle Shopping Canada"},"image":{"@id":"https:\/\/aigleshopping.ca\/#\/schema\/logo\/image\/"}}]}},"jetpack_sharing_enabled":true,"_links":{"self":[{"href":"https:\/\/aigleshopping.ca\/fr\/wp-json\/wp\/v2\/product\/33595","targetHints":{"allow":["GET"]}}],"collection":[{"href":"https:\/\/aigleshopping.ca\/fr\/wp-json\/wp\/v2\/product"}],"about":[{"href":"https:\/\/aigleshopping.ca\/fr\/wp-json\/wp\/v2\/types\/product"}],"replies":[{"embeddable":true,"href":"https:\/\/aigleshopping.ca\/fr\/wp-json\/wp\/v2\/comments?post=33595"}],"wp:featuredmedia":[{"embeddable":true,"href":"https:\/\/aigleshopping.ca\/fr\/wp-json\/wp\/v2\/media\/9642"}],"wp:attachment":[{"href":"https:\/\/aigleshopping.ca\/fr\/wp-json\/wp\/v2\/media?parent=33595"}],"wp:term":[{"taxonomy":"product_brand","embeddable":true,"href":"https:\/\/aigleshopping.ca\/fr\/wp-json\/wp\/v2\/product_brand?post=33595"},{"taxonomy":"product_cat","embeddable":true,"href":"https:\/\/aigleshopping.ca\/fr\/wp-json\/wp\/v2\/product_cat?post=33595"},{"taxonomy":"product_tag","embeddable":true,"href":"https:\/\/aigleshopping.ca\/fr\/wp-json\/wp\/v2\/product_tag?post=33595"}],"curies":[{"name":"wp","href":"https:\/\/api.w.org\/{rel}","templated":true}]}}