{"id":33624,"date":"2025-01-25T00:38:46","date_gmt":"2025-01-25T00:38:46","guid":{"rendered":"https:\/\/aigleshopping.ca\/produit\/collier-magnetique-retro-en-forme-de-coeur-avec-pendentif-trefle-a-quatre-feuilles-collier-pour-femmes-avec-chaine-pour-clavicule-cadeaux-ouverts-collier-ras-du-cou\/"},"modified":"2025-01-25T00:38:46","modified_gmt":"2025-01-25T00:38:46","slug":"collier-magnetique-retro-en-forme-de-coeur-avec-pendentif-trefle-a-quatre-feuilles-collier-pour-femmes-avec-chaine-pour-clavicule-cadeaux-ouverts-collier-ras-du-cou","status":"publish","type":"product","link":"https:\/\/aigleshopping.ca\/fr\/produit\/collier-magnetique-retro-en-forme-de-coeur-avec-pendentif-trefle-a-quatre-feuilles-collier-pour-femmes-avec-chaine-pour-clavicule-cadeaux-ouverts-collier-ras-du-cou\/","title":{"rendered":"Collier magn\u00e9tique r\u00e9tro en forme de coeur avec pendentif tr\u00e8fle \u00e0 quatre feuilles Collier pour femmes avec cha\u00eene pour clavicule Cadeaux ouverts Collier ras du cou"},"content":{"rendered":"<p>\n <b>Vue d&rsquo;ensemble :<\/b><br \/>\n <br \/> Collier magn\u00e9tique r\u00e9tro pliable en forme de c\u0153ur et de tr\u00e8fle \u00e0 quatre feuilles, design 4 en 1, plusieurs mod\u00e8les de port, le premier mod\u00e8le est que quatre c\u0153urs sont combin\u00e9s en un collier en forme de tr\u00e8fle \u00e0 quatre feuilles, et l&rsquo;autre est que quatre c\u0153urs sont \u00e9tal\u00e9s et align\u00e9s en un collier en forme d&rsquo;amour \u00e0 4.<br \/>\n <br \/>  On dit que le tr\u00e8fle \u00e0 quatre feuilles a \u00e9t\u00e9 apport\u00e9 sur terre par \u00c8ve depuis le jardin d&rsquo;\u00c9den, que le langage des fleurs est le bonheur et que la premi\u00e8re feuille repr\u00e9sente l&rsquo;amour v\u00e9ritable, la deuxi\u00e8me la sant\u00e9, la troisi\u00e8me la gloire et la quatri\u00e8me la richesse.<\/p>\n<p> <b>Sp\u00e9cification :<\/b><br \/>\n <br \/> Style : Style cor\u00e9en<br \/>\n <br \/>  Mat\u00e9riau : Cuivre respectueux de l&rsquo;environnement<br \/>\n <br \/>  Proc\u00e9d\u00e9 de traitement : galvanoplastie<br \/>\n <br \/>  Type : Collier<br \/>\n <br \/>  Style : Style f\u00e9minin<br \/>\n <br \/>  Forme : Feuille\n<\/p>\n<p>\n  Taille\uff1aC<br \/>\n <span style=\"font-size: 1em\">hain longueur 40+5 cha\u00eene d&rsquo;extension<\/span>\n<\/p>\n<p>\n <br \/> <b>Contenu du paquet :<\/b><br \/>\n <br \/> Collier*1<\/p>\n<p> <img decoding=\"async\" src=\"https:\/\/cf.cjdropshipping.com\/17058816\/2401220726330326000.jpg\" style=\"max-width:100%\"><br \/>\n <\/p>\n<p>\n <img decoding=\"async\" src=\"https:\/\/cf.cjdropshipping.com\/17058816\/2401220726330326600.jpg\" style=\"max-width:100%\"><br \/>\n <img decoding=\"async\" src=\"https:\/\/cf.cjdropshipping.com\/17058816\/2401220726330327100.jpg\" style=\"max-width: 100%\"><br \/>\n <img decoding=\"async\" src=\"https:\/\/cf.cjdropshipping.com\/17058816\/2401220726330327700.jpg\" style=\"max-width: 100%\"><br \/>\n <img decoding=\"async\" src=\"https:\/\/cf.cjdropshipping.com\/17058816\/2401220726330328700.jpg\" style=\"max-width: 100%\"><br \/>\n <img decoding=\"async\" src=\"https:\/\/cf.cjdropshipping.com\/17058816\/2401220726330329200.jpg\" style=\"max-width: 100%\"><br \/>\n <img decoding=\"async\" src=\"https:\/\/cf.cjdropshipping.com\/17058816\/2401220726330329500.jpg\" style=\"max-width: 100%\"><br \/>\n <img decoding=\"async\" src=\"https:\/\/cf.cjdropshipping.com\/17058816\/2401220726340320000.jpg\" style=\"max-width: 100%\"><br \/>\n <\/p>\n","protected":false},"excerpt":{"rendered":"<p>Vue d&rsquo;ensemble : Collier magn\u00e9tique r\u00e9tro pliable en forme de c\u0153ur et de tr\u00e8fle \u00e0 quatre feuilles, design 4 en 1, plusieurs mod\u00e8les de port, le premier mod\u00e8le est que quatre c\u0153urs sont combin\u00e9s en un collier en forme de tr\u00e8fle \u00e0 quatre feuilles, et l&rsquo;autre est que quatre c\u0153urs sont \u00e9tal\u00e9s et align\u00e9s en [&hellip;]<\/p>\n","protected":false},"featured_media":7485,"comment_status":"open","ping_status":"closed","template":"","meta":{"content-type":""},"product_brand":[],"product_cat":[651],"product_tag":[],"class_list":{"0":"post-33624","1":"product","2":"type-product","3":"status-publish","4":"has-post-thumbnail","6":"product_cat-colliers","8":"first","9":"instock","10":"taxable","11":"shipping-taxable","12":"purchasable","13":"product-type-variable","14":"add-to-wishlist-after_add_to_cart"},"yoast_head":"<!-- This site is optimized with the Yoast SEO plugin v27.4 - https:\/\/yoast.com\/product\/yoast-seo-wordpress\/ -->\n<title>Collier magn\u00e9tique r\u00e9tro en forme de coeur avec pendentif tr\u00e8fle \u00e0 quatre feuilles Collier pour femmes avec cha\u00eene pour clavicule Cadeaux ouverts Collier ras du cou - Aigle Shopping Canada<\/title>\n<meta name=\"robots\" content=\"index, follow, max-snippet:-1, max-image-preview:large, max-video-preview:-1\" \/>\n<link rel=\"canonical\" href=\"https:\/\/aigleshopping.ca\/fr\/produit\/collier-magnetique-retro-en-forme-de-coeur-avec-pendentif-trefle-a-quatre-feuilles-collier-pour-femmes-avec-chaine-pour-clavicule-cadeaux-ouverts-collier-ras-du-cou\/\" \/>\n<meta property=\"og:locale\" content=\"fr_FR\" \/>\n<meta property=\"og:type\" content=\"article\" \/>\n<meta property=\"og:title\" content=\"Collier magn\u00e9tique r\u00e9tro en forme de coeur avec pendentif tr\u00e8fle \u00e0 quatre feuilles Collier pour femmes avec cha\u00eene pour clavicule Cadeaux ouverts Collier ras du cou - Aigle Shopping Canada\" \/>\n<meta property=\"og:description\" content=\"Vue d&rsquo;ensemble : Collier magn\u00e9tique r\u00e9tro pliable en forme de c\u0153ur et de tr\u00e8fle \u00e0 quatre feuilles, design 4 en 1, plusieurs mod\u00e8les de port, le premier mod\u00e8le est que quatre c\u0153urs sont combin\u00e9s en un collier en forme de tr\u00e8fle \u00e0 quatre feuilles, et l&rsquo;autre est que quatre c\u0153urs sont \u00e9tal\u00e9s et align\u00e9s en [&hellip;]\" \/>\n<meta property=\"og:url\" content=\"https:\/\/aigleshopping.ca\/fr\/produit\/collier-magnetique-retro-en-forme-de-coeur-avec-pendentif-trefle-a-quatre-feuilles-collier-pour-femmes-avec-chaine-pour-clavicule-cadeaux-ouverts-collier-ras-du-cou\/\" \/>\n<meta property=\"og:site_name\" content=\"Aigle Shopping Canada\" \/>\n<meta property=\"og:image\" content=\"https:\/\/aigleshopping.ca\/wp-content\/uploads\/2025\/01\/2de97004-abd7-4748-b763-0278618f027f.jpg\" \/>\n\t<meta property=\"og:image:width\" content=\"800\" \/>\n\t<meta property=\"og:image:height\" content=\"800\" \/>\n\t<meta property=\"og:image:type\" content=\"image\/jpeg\" \/>\n<meta name=\"twitter:card\" content=\"summary_large_image\" \/>\n<meta name=\"twitter:label1\" content=\"Dur\u00e9e de lecture estim\u00e9e\" \/>\n\t<meta name=\"twitter:data1\" content=\"1 minute\" \/>\n<script type=\"application\/ld+json\" class=\"yoast-schema-graph\">{\"@context\":\"https:\\\/\\\/schema.org\",\"@graph\":[{\"@type\":\"WebPage\",\"@id\":\"https:\\\/\\\/aigleshopping.ca\\\/fr\\\/produit\\\/collier-magnetique-retro-en-forme-de-coeur-avec-pendentif-trefle-a-quatre-feuilles-collier-pour-femmes-avec-chaine-pour-clavicule-cadeaux-ouverts-collier-ras-du-cou\\\/\",\"url\":\"https:\\\/\\\/aigleshopping.ca\\\/fr\\\/produit\\\/collier-magnetique-retro-en-forme-de-coeur-avec-pendentif-trefle-a-quatre-feuilles-collier-pour-femmes-avec-chaine-pour-clavicule-cadeaux-ouverts-collier-ras-du-cou\\\/\",\"name\":\"Collier magn\u00e9tique r\u00e9tro en forme de coeur avec pendentif tr\u00e8fle \u00e0 quatre feuilles Collier pour femmes avec cha\u00eene pour clavicule Cadeaux ouverts Collier ras du cou - Aigle Shopping Canada\",\"isPartOf\":{\"@id\":\"https:\\\/\\\/aigleshopping.ca\\\/#website\"},\"primaryImageOfPage\":{\"@id\":\"https:\\\/\\\/aigleshopping.ca\\\/fr\\\/produit\\\/collier-magnetique-retro-en-forme-de-coeur-avec-pendentif-trefle-a-quatre-feuilles-collier-pour-femmes-avec-chaine-pour-clavicule-cadeaux-ouverts-collier-ras-du-cou\\\/#primaryimage\"},\"image\":{\"@id\":\"https:\\\/\\\/aigleshopping.ca\\\/fr\\\/produit\\\/collier-magnetique-retro-en-forme-de-coeur-avec-pendentif-trefle-a-quatre-feuilles-collier-pour-femmes-avec-chaine-pour-clavicule-cadeaux-ouverts-collier-ras-du-cou\\\/#primaryimage\"},\"thumbnailUrl\":\"https:\\\/\\\/aigleshopping.ca\\\/wp-content\\\/uploads\\\/2025\\\/01\\\/2de97004-abd7-4748-b763-0278618f027f.jpg\",\"datePublished\":\"2025-01-25T00:38:46+00:00\",\"breadcrumb\":{\"@id\":\"https:\\\/\\\/aigleshopping.ca\\\/fr\\\/produit\\\/collier-magnetique-retro-en-forme-de-coeur-avec-pendentif-trefle-a-quatre-feuilles-collier-pour-femmes-avec-chaine-pour-clavicule-cadeaux-ouverts-collier-ras-du-cou\\\/#breadcrumb\"},\"inLanguage\":\"fr-FR\",\"potentialAction\":[{\"@type\":\"ReadAction\",\"target\":[\"https:\\\/\\\/aigleshopping.ca\\\/fr\\\/produit\\\/collier-magnetique-retro-en-forme-de-coeur-avec-pendentif-trefle-a-quatre-feuilles-collier-pour-femmes-avec-chaine-pour-clavicule-cadeaux-ouverts-collier-ras-du-cou\\\/\"]}]},{\"@type\":\"ImageObject\",\"inLanguage\":\"fr-FR\",\"@id\":\"https:\\\/\\\/aigleshopping.ca\\\/fr\\\/produit\\\/collier-magnetique-retro-en-forme-de-coeur-avec-pendentif-trefle-a-quatre-feuilles-collier-pour-femmes-avec-chaine-pour-clavicule-cadeaux-ouverts-collier-ras-du-cou\\\/#primaryimage\",\"url\":\"https:\\\/\\\/aigleshopping.ca\\\/wp-content\\\/uploads\\\/2025\\\/01\\\/2de97004-abd7-4748-b763-0278618f027f.jpg\",\"contentUrl\":\"https:\\\/\\\/aigleshopping.ca\\\/wp-content\\\/uploads\\\/2025\\\/01\\\/2de97004-abd7-4748-b763-0278618f027f.jpg\",\"width\":800,\"height\":800},{\"@type\":\"BreadcrumbList\",\"@id\":\"https:\\\/\\\/aigleshopping.ca\\\/fr\\\/produit\\\/collier-magnetique-retro-en-forme-de-coeur-avec-pendentif-trefle-a-quatre-feuilles-collier-pour-femmes-avec-chaine-pour-clavicule-cadeaux-ouverts-collier-ras-du-cou\\\/#breadcrumb\",\"itemListElement\":[{\"@type\":\"ListItem\",\"position\":1,\"name\":\"Home\",\"item\":\"https:\\\/\\\/aigleshopping.ca\\\/fr\\\/home\\\/\"},{\"@type\":\"ListItem\",\"position\":2,\"name\":\"Products\",\"item\":\"https:\\\/\\\/aigleshopping.ca\\\/shop\\\/\"},{\"@type\":\"ListItem\",\"position\":3,\"name\":\"Collier magn\u00e9tique r\u00e9tro en forme de coeur avec pendentif tr\u00e8fle \u00e0 quatre feuilles Collier pour femmes avec cha\u00eene pour clavicule Cadeaux ouverts Collier ras du cou\"}]},{\"@type\":\"WebSite\",\"@id\":\"https:\\\/\\\/aigleshopping.ca\\\/#website\",\"url\":\"https:\\\/\\\/aigleshopping.ca\\\/\",\"name\":\"Aigle Shopping Canada\",\"description\":\"Au-del\u00e0 des fronti\u00e8res, pour vous offrir le\u00a0meilleur!\",\"publisher\":{\"@id\":\"https:\\\/\\\/aigleshopping.ca\\\/#organization\"},\"potentialAction\":[{\"@type\":\"SearchAction\",\"target\":{\"@type\":\"EntryPoint\",\"urlTemplate\":\"https:\\\/\\\/aigleshopping.ca\\\/?s={search_term_string}\"},\"query-input\":{\"@type\":\"PropertyValueSpecification\",\"valueRequired\":true,\"valueName\":\"search_term_string\"}}],\"inLanguage\":\"fr-FR\"},{\"@type\":\"Organization\",\"@id\":\"https:\\\/\\\/aigleshopping.ca\\\/#organization\",\"name\":\"Aigle Shopping Canada\",\"url\":\"https:\\\/\\\/aigleshopping.ca\\\/\",\"logo\":{\"@type\":\"ImageObject\",\"inLanguage\":\"fr-FR\",\"@id\":\"https:\\\/\\\/aigleshopping.ca\\\/#\\\/schema\\\/logo\\\/image\\\/\",\"url\":\"https:\\\/\\\/aigleshopping.ca\\\/wp-content\\\/uploads\\\/2025\\\/12\\\/logo_aigleshopping_ca.png\",\"contentUrl\":\"https:\\\/\\\/aigleshopping.ca\\\/wp-content\\\/uploads\\\/2025\\\/12\\\/logo_aigleshopping_ca.png\",\"width\":800,\"height\":233,\"caption\":\"Aigle Shopping Canada\"},\"image\":{\"@id\":\"https:\\\/\\\/aigleshopping.ca\\\/#\\\/schema\\\/logo\\\/image\\\/\"}}]}<\/script>\n<!-- \/ Yoast SEO plugin. -->","yoast_head_json":{"title":"Collier magn\u00e9tique r\u00e9tro en forme de coeur avec pendentif tr\u00e8fle \u00e0 quatre feuilles Collier pour femmes avec cha\u00eene pour clavicule Cadeaux ouverts Collier ras du cou - Aigle Shopping Canada","robots":{"index":"index","follow":"follow","max-snippet":"max-snippet:-1","max-image-preview":"max-image-preview:large","max-video-preview":"max-video-preview:-1"},"canonical":"https:\/\/aigleshopping.ca\/fr\/produit\/collier-magnetique-retro-en-forme-de-coeur-avec-pendentif-trefle-a-quatre-feuilles-collier-pour-femmes-avec-chaine-pour-clavicule-cadeaux-ouverts-collier-ras-du-cou\/","og_locale":"fr_FR","og_type":"article","og_title":"Collier magn\u00e9tique r\u00e9tro en forme de coeur avec pendentif tr\u00e8fle \u00e0 quatre feuilles Collier pour femmes avec cha\u00eene pour clavicule Cadeaux ouverts Collier ras du cou - Aigle Shopping Canada","og_description":"Vue d&rsquo;ensemble : Collier magn\u00e9tique r\u00e9tro pliable en forme de c\u0153ur et de tr\u00e8fle \u00e0 quatre feuilles, design 4 en 1, plusieurs mod\u00e8les de port, le premier mod\u00e8le est que quatre c\u0153urs sont combin\u00e9s en un collier en forme de tr\u00e8fle \u00e0 quatre feuilles, et l&rsquo;autre est que quatre c\u0153urs sont \u00e9tal\u00e9s et align\u00e9s en [&hellip;]","og_url":"https:\/\/aigleshopping.ca\/fr\/produit\/collier-magnetique-retro-en-forme-de-coeur-avec-pendentif-trefle-a-quatre-feuilles-collier-pour-femmes-avec-chaine-pour-clavicule-cadeaux-ouverts-collier-ras-du-cou\/","og_site_name":"Aigle Shopping Canada","og_image":[{"width":800,"height":800,"url":"https:\/\/aigleshopping.ca\/wp-content\/uploads\/2025\/01\/2de97004-abd7-4748-b763-0278618f027f.jpg","type":"image\/jpeg"}],"twitter_card":"summary_large_image","twitter_misc":{"Dur\u00e9e de lecture estim\u00e9e":"1 minute"},"schema":{"@context":"https:\/\/schema.org","@graph":[{"@type":"WebPage","@id":"https:\/\/aigleshopping.ca\/fr\/produit\/collier-magnetique-retro-en-forme-de-coeur-avec-pendentif-trefle-a-quatre-feuilles-collier-pour-femmes-avec-chaine-pour-clavicule-cadeaux-ouverts-collier-ras-du-cou\/","url":"https:\/\/aigleshopping.ca\/fr\/produit\/collier-magnetique-retro-en-forme-de-coeur-avec-pendentif-trefle-a-quatre-feuilles-collier-pour-femmes-avec-chaine-pour-clavicule-cadeaux-ouverts-collier-ras-du-cou\/","name":"Collier magn\u00e9tique r\u00e9tro en forme de coeur avec pendentif tr\u00e8fle \u00e0 quatre feuilles Collier pour femmes avec cha\u00eene pour clavicule Cadeaux ouverts Collier ras du cou - Aigle Shopping Canada","isPartOf":{"@id":"https:\/\/aigleshopping.ca\/#website"},"primaryImageOfPage":{"@id":"https:\/\/aigleshopping.ca\/fr\/produit\/collier-magnetique-retro-en-forme-de-coeur-avec-pendentif-trefle-a-quatre-feuilles-collier-pour-femmes-avec-chaine-pour-clavicule-cadeaux-ouverts-collier-ras-du-cou\/#primaryimage"},"image":{"@id":"https:\/\/aigleshopping.ca\/fr\/produit\/collier-magnetique-retro-en-forme-de-coeur-avec-pendentif-trefle-a-quatre-feuilles-collier-pour-femmes-avec-chaine-pour-clavicule-cadeaux-ouverts-collier-ras-du-cou\/#primaryimage"},"thumbnailUrl":"https:\/\/aigleshopping.ca\/wp-content\/uploads\/2025\/01\/2de97004-abd7-4748-b763-0278618f027f.jpg","datePublished":"2025-01-25T00:38:46+00:00","breadcrumb":{"@id":"https:\/\/aigleshopping.ca\/fr\/produit\/collier-magnetique-retro-en-forme-de-coeur-avec-pendentif-trefle-a-quatre-feuilles-collier-pour-femmes-avec-chaine-pour-clavicule-cadeaux-ouverts-collier-ras-du-cou\/#breadcrumb"},"inLanguage":"fr-FR","potentialAction":[{"@type":"ReadAction","target":["https:\/\/aigleshopping.ca\/fr\/produit\/collier-magnetique-retro-en-forme-de-coeur-avec-pendentif-trefle-a-quatre-feuilles-collier-pour-femmes-avec-chaine-pour-clavicule-cadeaux-ouverts-collier-ras-du-cou\/"]}]},{"@type":"ImageObject","inLanguage":"fr-FR","@id":"https:\/\/aigleshopping.ca\/fr\/produit\/collier-magnetique-retro-en-forme-de-coeur-avec-pendentif-trefle-a-quatre-feuilles-collier-pour-femmes-avec-chaine-pour-clavicule-cadeaux-ouverts-collier-ras-du-cou\/#primaryimage","url":"https:\/\/aigleshopping.ca\/wp-content\/uploads\/2025\/01\/2de97004-abd7-4748-b763-0278618f027f.jpg","contentUrl":"https:\/\/aigleshopping.ca\/wp-content\/uploads\/2025\/01\/2de97004-abd7-4748-b763-0278618f027f.jpg","width":800,"height":800},{"@type":"BreadcrumbList","@id":"https:\/\/aigleshopping.ca\/fr\/produit\/collier-magnetique-retro-en-forme-de-coeur-avec-pendentif-trefle-a-quatre-feuilles-collier-pour-femmes-avec-chaine-pour-clavicule-cadeaux-ouverts-collier-ras-du-cou\/#breadcrumb","itemListElement":[{"@type":"ListItem","position":1,"name":"Home","item":"https:\/\/aigleshopping.ca\/fr\/home\/"},{"@type":"ListItem","position":2,"name":"Products","item":"https:\/\/aigleshopping.ca\/shop\/"},{"@type":"ListItem","position":3,"name":"Collier magn\u00e9tique r\u00e9tro en forme de coeur avec pendentif tr\u00e8fle \u00e0 quatre feuilles Collier pour femmes avec cha\u00eene pour clavicule Cadeaux ouverts Collier ras du cou"}]},{"@type":"WebSite","@id":"https:\/\/aigleshopping.ca\/#website","url":"https:\/\/aigleshopping.ca\/","name":"Aigle Shopping Canada","description":"Au-del\u00e0 des fronti\u00e8res, pour vous offrir le\u00a0meilleur!","publisher":{"@id":"https:\/\/aigleshopping.ca\/#organization"},"potentialAction":[{"@type":"SearchAction","target":{"@type":"EntryPoint","urlTemplate":"https:\/\/aigleshopping.ca\/?s={search_term_string}"},"query-input":{"@type":"PropertyValueSpecification","valueRequired":true,"valueName":"search_term_string"}}],"inLanguage":"fr-FR"},{"@type":"Organization","@id":"https:\/\/aigleshopping.ca\/#organization","name":"Aigle Shopping Canada","url":"https:\/\/aigleshopping.ca\/","logo":{"@type":"ImageObject","inLanguage":"fr-FR","@id":"https:\/\/aigleshopping.ca\/#\/schema\/logo\/image\/","url":"https:\/\/aigleshopping.ca\/wp-content\/uploads\/2025\/12\/logo_aigleshopping_ca.png","contentUrl":"https:\/\/aigleshopping.ca\/wp-content\/uploads\/2025\/12\/logo_aigleshopping_ca.png","width":800,"height":233,"caption":"Aigle Shopping Canada"},"image":{"@id":"https:\/\/aigleshopping.ca\/#\/schema\/logo\/image\/"}}]}},"jetpack_sharing_enabled":true,"_links":{"self":[{"href":"https:\/\/aigleshopping.ca\/fr\/wp-json\/wp\/v2\/product\/33624","targetHints":{"allow":["GET"]}}],"collection":[{"href":"https:\/\/aigleshopping.ca\/fr\/wp-json\/wp\/v2\/product"}],"about":[{"href":"https:\/\/aigleshopping.ca\/fr\/wp-json\/wp\/v2\/types\/product"}],"replies":[{"embeddable":true,"href":"https:\/\/aigleshopping.ca\/fr\/wp-json\/wp\/v2\/comments?post=33624"}],"wp:featuredmedia":[{"embeddable":true,"href":"https:\/\/aigleshopping.ca\/fr\/wp-json\/wp\/v2\/media\/7485"}],"wp:attachment":[{"href":"https:\/\/aigleshopping.ca\/fr\/wp-json\/wp\/v2\/media?parent=33624"}],"wp:term":[{"taxonomy":"product_brand","embeddable":true,"href":"https:\/\/aigleshopping.ca\/fr\/wp-json\/wp\/v2\/product_brand?post=33624"},{"taxonomy":"product_cat","embeddable":true,"href":"https:\/\/aigleshopping.ca\/fr\/wp-json\/wp\/v2\/product_cat?post=33624"},{"taxonomy":"product_tag","embeddable":true,"href":"https:\/\/aigleshopping.ca\/fr\/wp-json\/wp\/v2\/product_tag?post=33624"}],"curies":[{"name":"wp","href":"https:\/\/api.w.org\/{rel}","templated":true}]}}