{"id":33641,"date":"2025-01-24T14:03:03","date_gmt":"2025-01-24T14:03:03","guid":{"rendered":"https:\/\/aigleshopping.ca\/produit\/resistance-bands-sealing-elastic-booty-sport-bodybuilding-rubber-band-for-fitness-gym-leagues-equipment-sports-mini-yoga\/"},"modified":"2025-01-24T14:03:03","modified_gmt":"2025-01-24T14:03:03","slug":"resistance-bands-sealing-elastic-booty-sport-bodybuilding-rubber-band-for-fitness-gym-leagues-equipment-sports-mini-yoga","status":"publish","type":"product","link":"https:\/\/aigleshopping.ca\/fr\/produit\/resistance-bands-sealing-elastic-booty-sport-bodybuilding-rubber-band-for-fitness-gym-leagues-equipment-sports-mini-yoga\/","title":{"rendered":"Resistance Bands Sealing Elastic Booty Sport Bodybuilding Rubber Band For Fitness Gym Leagues Equipment Sports Mini Yoga"},"content":{"rendered":"<p>\n <span style=\"font-weight: bold\">Vue d&rsquo;ensemble<\/span><br \/>\n <br \/> Convient aux jeunes et aux femmes ayant peu de force, il permet d&rsquo;\u00e9tirer et d&rsquo;exercer efficacement les muscles de tout le corps, de stabiliser la posture et de contr\u00f4ler la distance d&rsquo;\u00e9tirement, d&rsquo;am\u00e9liorer efficacement la capacit\u00e9 d&rsquo;activit\u00e9 physique et de dessiner une courbe corporelle parfaite. C&rsquo;est un auxiliaire pour le yoga et le pilates. Il peut augmenter le plaisir de l&rsquo;exercice, changer le style d&rsquo;exercice.<br \/>\n <br \/>  Le cercle a une bonne r\u00e9silience, et le mouvement dans l&rsquo;entra\u00eenement de yoga avec facilit\u00e9, pour atteindre de meilleurs objectifs plastiques.<br \/>\n <br \/>  4 courroies de traction de diff\u00e9rentes couleurs et \u00e9paisseurs + sacs en tissu + instructions doivent \u00eatre charg\u00e9es en m\u00eame temps dans la bo\u00eete de couleurs 120g\/ensemble.<\/p>\n<p>\n <span style=\"font-weight: bold\">Sp\u00e9cification <\/span><br \/>\n <br \/> Violet 600*50* 0,5mm valeur de tension 10-15lb 16g<br \/>\n <br \/>  Rose 600*50* 0,7mm valeur de tension 15-20lb 20g<br \/>\n <br \/>  Bleu 600*50*0.9mm valeur de tension 20-30lb 26g<br \/>\n <br \/>  Gris 600*50*1.1mm valeur de tension 30-40lb 31g<br \/>\n <br \/>  [sac en tissu] : 11*18.5cm<br \/>\n <br \/>  [bo\u00eete de couleur] : 17*9*1,8cm<br \/>\n <br \/>  [Dimensions de la bo\u00eete : 54*41*23cm 125 ensembles\/bo\u00eete Poids : environ 13kg<br \/>\n <br \/> [caract\u00e9ristiques] : la courroie de tension a des lignes ajout\u00e9es \u00e0 l&rsquo;int\u00e9rieur, ce qui peut avoir un effet antid\u00e9rapant<br \/>\n <br \/> Nettoyage et durabilit\u00e9 : lavable et s&rsquo;essuie avec un chiffon sec et humide.<br \/>\n <br \/>  [Avantages : doux, forte r\u00e9silience, r\u00e9sistance \u00e0 l&rsquo;usure, bonnes performances globales.<\/p>\n<p>\n <span style=\"font-weight: bold\">Contenu de l&#8217;emballage<\/span><br \/>\n <br \/> 1* bande<br \/>\n <br \/> <span style=\"text-align: center\">&nbsp;<\/span><br \/>\n <img decoding=\"async\" src=\"https:\/\/cf.cjdropshipping.com\/e9df107a-2ac0-4b26-9ca1-4058b1997e3a.jpg\" style=\"max-width: 100%\">\n<\/p>\n<p style=\"text-align: center\">\n <img decoding=\"async\" src=\"https:\/\/cf.cjdropshipping.com\/f26c611e-6b92-4b0c-9fa1-b763762a054d.jpg\" style=\"max-width:100%\"><br \/>\n <img decoding=\"async\" src=\"https:\/\/cf.cjdropshipping.com\/fe6a1eae-c9c0-4edf-a31f-6cd217a52f85.jpg\" style=\"max-width: 100%\"><br \/>\n <img decoding=\"async\" src=\"https:\/\/cf.cjdropshipping.com\/bbc54482-ec64-4c3d-be86-39f3f5e83308.jpg\" style=\"max-width: 100%\"><br \/>\n <img decoding=\"async\" src=\"https:\/\/cf.cjdropshipping.com\/a2514e25-34e8-4287-beeb-680128f57688.jpg\" style=\"max-width: 100%\"><br \/>\n <\/p>\n","protected":false},"excerpt":{"rendered":"<p>Vue d&rsquo;ensemble Convient aux jeunes et aux femmes ayant peu de force, il permet d&rsquo;\u00e9tirer et d&rsquo;exercer efficacement les muscles de tout le corps, de stabiliser la posture et de contr\u00f4ler la distance d&rsquo;\u00e9tirement, d&rsquo;am\u00e9liorer efficacement la capacit\u00e9 d&rsquo;activit\u00e9 physique et de dessiner une courbe corporelle parfaite. C&rsquo;est un auxiliaire pour le yoga et le [&hellip;]<\/p>\n","protected":false},"featured_media":7427,"comment_status":"open","ping_status":"closed","template":"","meta":{"content-type":""},"product_brand":[],"product_cat":[720],"product_tag":[],"class_list":{"0":"post-33641","1":"product","2":"type-product","3":"status-publish","4":"has-post-thumbnail","6":"product_cat-equipements-sportifs","8":"first","9":"instock","10":"taxable","11":"shipping-taxable","12":"purchasable","13":"product-type-variable","14":"add-to-wishlist-after_add_to_cart"},"yoast_head":"<!-- This site is optimized with the Yoast SEO plugin v27.4 - https:\/\/yoast.com\/product\/yoast-seo-wordpress\/ -->\n<title>Resistance Bands Sealing Elastic Booty Sport Bodybuilding Rubber Band For Fitness Gym Leagues Equipment Sports Mini Yoga - Aigle Shopping Canada<\/title>\n<meta name=\"robots\" content=\"index, follow, max-snippet:-1, max-image-preview:large, max-video-preview:-1\" \/>\n<link rel=\"canonical\" href=\"https:\/\/aigleshopping.ca\/fr\/produit\/resistance-bands-sealing-elastic-booty-sport-bodybuilding-rubber-band-for-fitness-gym-leagues-equipment-sports-mini-yoga\/\" \/>\n<meta property=\"og:locale\" content=\"fr_FR\" \/>\n<meta property=\"og:type\" content=\"article\" \/>\n<meta property=\"og:title\" content=\"Resistance Bands Sealing Elastic Booty Sport Bodybuilding Rubber Band For Fitness Gym Leagues Equipment Sports Mini Yoga - Aigle Shopping Canada\" \/>\n<meta property=\"og:description\" content=\"Vue d&rsquo;ensemble Convient aux jeunes et aux femmes ayant peu de force, il permet d&rsquo;\u00e9tirer et d&rsquo;exercer efficacement les muscles de tout le corps, de stabiliser la posture et de contr\u00f4ler la distance d&rsquo;\u00e9tirement, d&rsquo;am\u00e9liorer efficacement la capacit\u00e9 d&rsquo;activit\u00e9 physique et de dessiner une courbe corporelle parfaite. C&rsquo;est un auxiliaire pour le yoga et le [&hellip;]\" \/>\n<meta property=\"og:url\" content=\"https:\/\/aigleshopping.ca\/fr\/produit\/resistance-bands-sealing-elastic-booty-sport-bodybuilding-rubber-band-for-fitness-gym-leagues-equipment-sports-mini-yoga\/\" \/>\n<meta property=\"og:site_name\" content=\"Aigle Shopping Canada\" \/>\n<meta property=\"og:image\" content=\"https:\/\/aigleshopping.ca\/wp-content\/uploads\/2025\/01\/7aa6cbdc-22b3-4921-ac69-810b792945fb.jpg\" \/>\n\t<meta property=\"og:image:width\" content=\"1000\" \/>\n\t<meta property=\"og:image:height\" content=\"1000\" \/>\n\t<meta property=\"og:image:type\" content=\"image\/jpeg\" \/>\n<meta name=\"twitter:card\" content=\"summary_large_image\" \/>\n<meta name=\"twitter:label1\" content=\"Dur\u00e9e de lecture estim\u00e9e\" \/>\n\t<meta name=\"twitter:data1\" content=\"1 minute\" \/>\n<script type=\"application\/ld+json\" class=\"yoast-schema-graph\">{\"@context\":\"https:\\\/\\\/schema.org\",\"@graph\":[{\"@type\":\"WebPage\",\"@id\":\"https:\\\/\\\/aigleshopping.ca\\\/fr\\\/produit\\\/resistance-bands-sealing-elastic-booty-sport-bodybuilding-rubber-band-for-fitness-gym-leagues-equipment-sports-mini-yoga\\\/\",\"url\":\"https:\\\/\\\/aigleshopping.ca\\\/fr\\\/produit\\\/resistance-bands-sealing-elastic-booty-sport-bodybuilding-rubber-band-for-fitness-gym-leagues-equipment-sports-mini-yoga\\\/\",\"name\":\"Resistance Bands Sealing Elastic Booty Sport Bodybuilding Rubber Band For Fitness Gym Leagues Equipment Sports Mini Yoga - Aigle Shopping Canada\",\"isPartOf\":{\"@id\":\"https:\\\/\\\/aigleshopping.ca\\\/#website\"},\"primaryImageOfPage\":{\"@id\":\"https:\\\/\\\/aigleshopping.ca\\\/fr\\\/produit\\\/resistance-bands-sealing-elastic-booty-sport-bodybuilding-rubber-band-for-fitness-gym-leagues-equipment-sports-mini-yoga\\\/#primaryimage\"},\"image\":{\"@id\":\"https:\\\/\\\/aigleshopping.ca\\\/fr\\\/produit\\\/resistance-bands-sealing-elastic-booty-sport-bodybuilding-rubber-band-for-fitness-gym-leagues-equipment-sports-mini-yoga\\\/#primaryimage\"},\"thumbnailUrl\":\"https:\\\/\\\/aigleshopping.ca\\\/wp-content\\\/uploads\\\/2025\\\/01\\\/7aa6cbdc-22b3-4921-ac69-810b792945fb.jpg\",\"datePublished\":\"2025-01-24T14:03:03+00:00\",\"breadcrumb\":{\"@id\":\"https:\\\/\\\/aigleshopping.ca\\\/fr\\\/produit\\\/resistance-bands-sealing-elastic-booty-sport-bodybuilding-rubber-band-for-fitness-gym-leagues-equipment-sports-mini-yoga\\\/#breadcrumb\"},\"inLanguage\":\"fr-FR\",\"potentialAction\":[{\"@type\":\"ReadAction\",\"target\":[\"https:\\\/\\\/aigleshopping.ca\\\/fr\\\/produit\\\/resistance-bands-sealing-elastic-booty-sport-bodybuilding-rubber-band-for-fitness-gym-leagues-equipment-sports-mini-yoga\\\/\"]}]},{\"@type\":\"ImageObject\",\"inLanguage\":\"fr-FR\",\"@id\":\"https:\\\/\\\/aigleshopping.ca\\\/fr\\\/produit\\\/resistance-bands-sealing-elastic-booty-sport-bodybuilding-rubber-band-for-fitness-gym-leagues-equipment-sports-mini-yoga\\\/#primaryimage\",\"url\":\"https:\\\/\\\/aigleshopping.ca\\\/wp-content\\\/uploads\\\/2025\\\/01\\\/7aa6cbdc-22b3-4921-ac69-810b792945fb.jpg\",\"contentUrl\":\"https:\\\/\\\/aigleshopping.ca\\\/wp-content\\\/uploads\\\/2025\\\/01\\\/7aa6cbdc-22b3-4921-ac69-810b792945fb.jpg\",\"width\":1000,\"height\":1000},{\"@type\":\"BreadcrumbList\",\"@id\":\"https:\\\/\\\/aigleshopping.ca\\\/fr\\\/produit\\\/resistance-bands-sealing-elastic-booty-sport-bodybuilding-rubber-band-for-fitness-gym-leagues-equipment-sports-mini-yoga\\\/#breadcrumb\",\"itemListElement\":[{\"@type\":\"ListItem\",\"position\":1,\"name\":\"Home\",\"item\":\"https:\\\/\\\/aigleshopping.ca\\\/fr\\\/home\\\/\"},{\"@type\":\"ListItem\",\"position\":2,\"name\":\"Products\",\"item\":\"https:\\\/\\\/aigleshopping.ca\\\/shop\\\/\"},{\"@type\":\"ListItem\",\"position\":3,\"name\":\"Resistance Bands Sealing Elastic Booty Sport Bodybuilding Rubber Band For Fitness Gym Leagues Equipment Sports Mini Yoga\"}]},{\"@type\":\"WebSite\",\"@id\":\"https:\\\/\\\/aigleshopping.ca\\\/#website\",\"url\":\"https:\\\/\\\/aigleshopping.ca\\\/\",\"name\":\"Aigle Shopping Canada\",\"description\":\"Au-del\u00e0 des fronti\u00e8res, pour vous offrir le\u00a0meilleur!\",\"publisher\":{\"@id\":\"https:\\\/\\\/aigleshopping.ca\\\/#organization\"},\"potentialAction\":[{\"@type\":\"SearchAction\",\"target\":{\"@type\":\"EntryPoint\",\"urlTemplate\":\"https:\\\/\\\/aigleshopping.ca\\\/?s={search_term_string}\"},\"query-input\":{\"@type\":\"PropertyValueSpecification\",\"valueRequired\":true,\"valueName\":\"search_term_string\"}}],\"inLanguage\":\"fr-FR\"},{\"@type\":\"Organization\",\"@id\":\"https:\\\/\\\/aigleshopping.ca\\\/#organization\",\"name\":\"Aigle Shopping Canada\",\"url\":\"https:\\\/\\\/aigleshopping.ca\\\/\",\"logo\":{\"@type\":\"ImageObject\",\"inLanguage\":\"fr-FR\",\"@id\":\"https:\\\/\\\/aigleshopping.ca\\\/#\\\/schema\\\/logo\\\/image\\\/\",\"url\":\"https:\\\/\\\/aigleshopping.ca\\\/wp-content\\\/uploads\\\/2025\\\/12\\\/logo_aigleshopping_ca.png\",\"contentUrl\":\"https:\\\/\\\/aigleshopping.ca\\\/wp-content\\\/uploads\\\/2025\\\/12\\\/logo_aigleshopping_ca.png\",\"width\":800,\"height\":233,\"caption\":\"Aigle Shopping Canada\"},\"image\":{\"@id\":\"https:\\\/\\\/aigleshopping.ca\\\/#\\\/schema\\\/logo\\\/image\\\/\"}}]}<\/script>\n<!-- \/ Yoast SEO plugin. -->","yoast_head_json":{"title":"Resistance Bands Sealing Elastic Booty Sport Bodybuilding Rubber Band For Fitness Gym Leagues Equipment Sports Mini Yoga - Aigle Shopping Canada","robots":{"index":"index","follow":"follow","max-snippet":"max-snippet:-1","max-image-preview":"max-image-preview:large","max-video-preview":"max-video-preview:-1"},"canonical":"https:\/\/aigleshopping.ca\/fr\/produit\/resistance-bands-sealing-elastic-booty-sport-bodybuilding-rubber-band-for-fitness-gym-leagues-equipment-sports-mini-yoga\/","og_locale":"fr_FR","og_type":"article","og_title":"Resistance Bands Sealing Elastic Booty Sport Bodybuilding Rubber Band For Fitness Gym Leagues Equipment Sports Mini Yoga - Aigle Shopping Canada","og_description":"Vue d&rsquo;ensemble Convient aux jeunes et aux femmes ayant peu de force, il permet d&rsquo;\u00e9tirer et d&rsquo;exercer efficacement les muscles de tout le corps, de stabiliser la posture et de contr\u00f4ler la distance d&rsquo;\u00e9tirement, d&rsquo;am\u00e9liorer efficacement la capacit\u00e9 d&rsquo;activit\u00e9 physique et de dessiner une courbe corporelle parfaite. C&rsquo;est un auxiliaire pour le yoga et le [&hellip;]","og_url":"https:\/\/aigleshopping.ca\/fr\/produit\/resistance-bands-sealing-elastic-booty-sport-bodybuilding-rubber-band-for-fitness-gym-leagues-equipment-sports-mini-yoga\/","og_site_name":"Aigle Shopping Canada","og_image":[{"width":1000,"height":1000,"url":"https:\/\/aigleshopping.ca\/wp-content\/uploads\/2025\/01\/7aa6cbdc-22b3-4921-ac69-810b792945fb.jpg","type":"image\/jpeg"}],"twitter_card":"summary_large_image","twitter_misc":{"Dur\u00e9e de lecture estim\u00e9e":"1 minute"},"schema":{"@context":"https:\/\/schema.org","@graph":[{"@type":"WebPage","@id":"https:\/\/aigleshopping.ca\/fr\/produit\/resistance-bands-sealing-elastic-booty-sport-bodybuilding-rubber-band-for-fitness-gym-leagues-equipment-sports-mini-yoga\/","url":"https:\/\/aigleshopping.ca\/fr\/produit\/resistance-bands-sealing-elastic-booty-sport-bodybuilding-rubber-band-for-fitness-gym-leagues-equipment-sports-mini-yoga\/","name":"Resistance Bands Sealing Elastic Booty Sport Bodybuilding Rubber Band For Fitness Gym Leagues Equipment Sports Mini Yoga - Aigle Shopping Canada","isPartOf":{"@id":"https:\/\/aigleshopping.ca\/#website"},"primaryImageOfPage":{"@id":"https:\/\/aigleshopping.ca\/fr\/produit\/resistance-bands-sealing-elastic-booty-sport-bodybuilding-rubber-band-for-fitness-gym-leagues-equipment-sports-mini-yoga\/#primaryimage"},"image":{"@id":"https:\/\/aigleshopping.ca\/fr\/produit\/resistance-bands-sealing-elastic-booty-sport-bodybuilding-rubber-band-for-fitness-gym-leagues-equipment-sports-mini-yoga\/#primaryimage"},"thumbnailUrl":"https:\/\/aigleshopping.ca\/wp-content\/uploads\/2025\/01\/7aa6cbdc-22b3-4921-ac69-810b792945fb.jpg","datePublished":"2025-01-24T14:03:03+00:00","breadcrumb":{"@id":"https:\/\/aigleshopping.ca\/fr\/produit\/resistance-bands-sealing-elastic-booty-sport-bodybuilding-rubber-band-for-fitness-gym-leagues-equipment-sports-mini-yoga\/#breadcrumb"},"inLanguage":"fr-FR","potentialAction":[{"@type":"ReadAction","target":["https:\/\/aigleshopping.ca\/fr\/produit\/resistance-bands-sealing-elastic-booty-sport-bodybuilding-rubber-band-for-fitness-gym-leagues-equipment-sports-mini-yoga\/"]}]},{"@type":"ImageObject","inLanguage":"fr-FR","@id":"https:\/\/aigleshopping.ca\/fr\/produit\/resistance-bands-sealing-elastic-booty-sport-bodybuilding-rubber-band-for-fitness-gym-leagues-equipment-sports-mini-yoga\/#primaryimage","url":"https:\/\/aigleshopping.ca\/wp-content\/uploads\/2025\/01\/7aa6cbdc-22b3-4921-ac69-810b792945fb.jpg","contentUrl":"https:\/\/aigleshopping.ca\/wp-content\/uploads\/2025\/01\/7aa6cbdc-22b3-4921-ac69-810b792945fb.jpg","width":1000,"height":1000},{"@type":"BreadcrumbList","@id":"https:\/\/aigleshopping.ca\/fr\/produit\/resistance-bands-sealing-elastic-booty-sport-bodybuilding-rubber-band-for-fitness-gym-leagues-equipment-sports-mini-yoga\/#breadcrumb","itemListElement":[{"@type":"ListItem","position":1,"name":"Home","item":"https:\/\/aigleshopping.ca\/fr\/home\/"},{"@type":"ListItem","position":2,"name":"Products","item":"https:\/\/aigleshopping.ca\/shop\/"},{"@type":"ListItem","position":3,"name":"Resistance Bands Sealing Elastic Booty Sport Bodybuilding Rubber Band For Fitness Gym Leagues Equipment Sports Mini Yoga"}]},{"@type":"WebSite","@id":"https:\/\/aigleshopping.ca\/#website","url":"https:\/\/aigleshopping.ca\/","name":"Aigle Shopping Canada","description":"Au-del\u00e0 des fronti\u00e8res, pour vous offrir le\u00a0meilleur!","publisher":{"@id":"https:\/\/aigleshopping.ca\/#organization"},"potentialAction":[{"@type":"SearchAction","target":{"@type":"EntryPoint","urlTemplate":"https:\/\/aigleshopping.ca\/?s={search_term_string}"},"query-input":{"@type":"PropertyValueSpecification","valueRequired":true,"valueName":"search_term_string"}}],"inLanguage":"fr-FR"},{"@type":"Organization","@id":"https:\/\/aigleshopping.ca\/#organization","name":"Aigle Shopping Canada","url":"https:\/\/aigleshopping.ca\/","logo":{"@type":"ImageObject","inLanguage":"fr-FR","@id":"https:\/\/aigleshopping.ca\/#\/schema\/logo\/image\/","url":"https:\/\/aigleshopping.ca\/wp-content\/uploads\/2025\/12\/logo_aigleshopping_ca.png","contentUrl":"https:\/\/aigleshopping.ca\/wp-content\/uploads\/2025\/12\/logo_aigleshopping_ca.png","width":800,"height":233,"caption":"Aigle Shopping Canada"},"image":{"@id":"https:\/\/aigleshopping.ca\/#\/schema\/logo\/image\/"}}]}},"jetpack_sharing_enabled":true,"_links":{"self":[{"href":"https:\/\/aigleshopping.ca\/fr\/wp-json\/wp\/v2\/product\/33641","targetHints":{"allow":["GET"]}}],"collection":[{"href":"https:\/\/aigleshopping.ca\/fr\/wp-json\/wp\/v2\/product"}],"about":[{"href":"https:\/\/aigleshopping.ca\/fr\/wp-json\/wp\/v2\/types\/product"}],"replies":[{"embeddable":true,"href":"https:\/\/aigleshopping.ca\/fr\/wp-json\/wp\/v2\/comments?post=33641"}],"wp:featuredmedia":[{"embeddable":true,"href":"https:\/\/aigleshopping.ca\/fr\/wp-json\/wp\/v2\/media\/7427"}],"wp:attachment":[{"href":"https:\/\/aigleshopping.ca\/fr\/wp-json\/wp\/v2\/media?parent=33641"}],"wp:term":[{"taxonomy":"product_brand","embeddable":true,"href":"https:\/\/aigleshopping.ca\/fr\/wp-json\/wp\/v2\/product_brand?post=33641"},{"taxonomy":"product_cat","embeddable":true,"href":"https:\/\/aigleshopping.ca\/fr\/wp-json\/wp\/v2\/product_cat?post=33641"},{"taxonomy":"product_tag","embeddable":true,"href":"https:\/\/aigleshopping.ca\/fr\/wp-json\/wp\/v2\/product_tag?post=33641"}],"curies":[{"name":"wp","href":"https:\/\/api.w.org\/{rel}","templated":true}]}}