{"id":33649,"date":"2024-12-26T15:30:30","date_gmt":"2024-12-26T15:30:30","guid":{"rendered":"https:\/\/aigleshopping.ca\/produit\/mens-lapel-knitting-cardigan-fashion-button-sweater-with-pockets-outwear-long-sleeve-top-spring-fall\/"},"modified":"2024-12-26T15:30:30","modified_gmt":"2024-12-26T15:30:30","slug":"mens-lapel-knitting-cardigan-fashion-button-sweater-with-pockets-outwear-long-sleeve-top-spring-fall","status":"publish","type":"product","link":"https:\/\/aigleshopping.ca\/fr\/produit\/mens-lapel-knitting-cardigan-fashion-button-sweater-with-pockets-outwear-long-sleeve-top-spring-fall\/","title":{"rendered":"Men&rsquo;s Lapel Knitting Cardigan Fashion Button Sweater With Pockets Outwear Long Sleeve Top Spring Fall"},"content":{"rendered":"<p>\n <b>Vue d&rsquo;ensemble :<\/b><br \/>\n <br \/> Un design unique, \u00e9l\u00e9gant et beau.<br \/>\n <br \/> Mat\u00e9riau de qualit\u00e9, confortable \u00e0 porter.<br \/>\n <\/p>\n<p>\n <b>Informations sur le produit :<\/b><br \/>\n <br \/> Couleur : kaki<br \/>\n <br \/> Version : Droit<br \/>\n <br \/> Style : Cardigan<br \/>\n <br \/> \u00c9paisseur : ordinaire<br \/>\n <br \/> Composition du tissu principal : Fibre de polyester (polyester)<br \/>\n <br \/> Sexe applicable : Homme<br \/>\n <br \/> Longueur des manches : manches longues\n<\/p>\n<p><b><\/p>\n<div>\n  <b>Taille :<\/b>\n <\/div>\n<div>\n  <img decoding=\"async\" src=\"https:\/\/oss-cf.cjdropshipping.com\/product\/2024\/12\/26\/03\/7550ecb7-280a-45e1-9142-e51e763962f2.jpg\" style=\"max-width:100%\">\n <\/div>\n<p>  Note :<br \/>\n<\/b><\/p>\n<div>\n  1. Les tailles asiatiques sont 1 \u00e0 2 tailles plus petites que les tailles europ\u00e9ennes et am\u00e9ricaines. Choisissez la taille la plus grande si votre taille se situe entre deux tailles. Veuillez tenir compte d&rsquo;une diff\u00e9rence de 2 \u00e0 3 cm due aux mesures manuelles.  &nbsp;<br \/>\n <br \/>  2. Si vous ne savez pas comment choisir votre taille, veuillez contacter notre service client\u00e8le.&nbsp;<br \/>\n <br \/>  3. comme vous le savez, les ordinateurs affichent les couleurs diff\u00e9remment, la couleur de l&rsquo;article r\u00e9el peut varier l\u00e9g\u00e8rement par rapport aux images suivantes.<br \/>\n <br \/> <b><br \/>\n  <br \/> <\/b>\n<\/div>\n<div>\n <b>Liste d&#8217;emballage : <\/b><br \/>\n <br \/> Pull * 1<br \/>\n <br \/> <b><br \/>\n  <br \/> <\/b>\n<\/div>\n<div>\n <b>Image du produit :<\/b><br \/>\n <br \/> &nbsp;&nbsp;<br \/>\n <img decoding=\"async\" src=\"https:\/\/oss-cf.cjdropshipping.com\/product\/2024\/12\/24\/07\/1c0ef47d-606e-4689-86a2-4ae5cc374363_trans.jpeg\"><br \/>\n <img decoding=\"async\" src=\"https:\/\/oss-cf.cjdropshipping.com\/product\/2024\/12\/24\/07\/5e2f8d45-6eb5-4eed-8468-e43eb2045bef_trans.jpeg\"><br \/>\n &nbsp;<br \/>\n <img decoding=\"async\" src=\"https:\/\/cf.cjdropshipping.com\/quick\/product\/61465ac2-67c9-417e-a8b1-93c4a3e39e2e.jpg\"><br \/>\n &nbsp;<br \/>\n <img decoding=\"async\" src=\"https:\/\/cf.cjdropshipping.com\/quick\/product\/88f414b0-0508-453c-a5a1-1fca4d579b08.jpg\"><br \/>\n <img decoding=\"async\" src=\"https:\/\/cf.cjdropshipping.com\/quick\/product\/dcc4a51e-5cd8-4d42-87b4-eaf7db93dd65.jpg\">\n<\/div>\n","protected":false},"excerpt":{"rendered":"<p>Vue d&rsquo;ensemble : Un design unique, \u00e9l\u00e9gant et beau. Mat\u00e9riau de qualit\u00e9, confortable \u00e0 porter. Informations sur le produit : Couleur : kaki Version : Droit Style : Cardigan \u00c9paisseur : ordinaire Composition du tissu principal : Fibre de polyester (polyester) Sexe applicable : Homme Longueur des manches : manches longues Taille : Note : [&hellip;]<\/p>\n","protected":false},"featured_media":6847,"comment_status":"open","ping_status":"closed","template":"","meta":{"content-type":""},"product_brand":[],"product_cat":[630],"product_tag":[],"class_list":{"0":"post-33649","1":"product","2":"type-product","3":"status-publish","4":"has-post-thumbnail","6":"product_cat-manteaux","8":"first","9":"instock","10":"taxable","11":"shipping-taxable","12":"purchasable","13":"product-type-variable","14":"add-to-wishlist-after_add_to_cart"},"yoast_head":"<!-- This site is optimized with the Yoast SEO plugin v27.4 - https:\/\/yoast.com\/product\/yoast-seo-wordpress\/ -->\n<title>Men&#039;s Lapel Knitting Cardigan Fashion Button Sweater With Pockets Outwear Long Sleeve Top Spring Fall - Aigle Shopping Canada<\/title>\n<meta name=\"robots\" content=\"index, follow, max-snippet:-1, max-image-preview:large, max-video-preview:-1\" \/>\n<link rel=\"canonical\" href=\"https:\/\/aigleshopping.ca\/fr\/produit\/mens-lapel-knitting-cardigan-fashion-button-sweater-with-pockets-outwear-long-sleeve-top-spring-fall\/\" \/>\n<meta property=\"og:locale\" content=\"fr_FR\" \/>\n<meta property=\"og:type\" content=\"article\" \/>\n<meta property=\"og:title\" content=\"Men&#039;s Lapel Knitting Cardigan Fashion Button Sweater With Pockets Outwear Long Sleeve Top Spring Fall - Aigle Shopping Canada\" \/>\n<meta property=\"og:description\" content=\"Vue d&rsquo;ensemble : Un design unique, \u00e9l\u00e9gant et beau. Mat\u00e9riau de qualit\u00e9, confortable \u00e0 porter. Informations sur le produit : Couleur : kaki Version : Droit Style : Cardigan \u00c9paisseur : ordinaire Composition du tissu principal : Fibre de polyester (polyester) Sexe applicable : Homme Longueur des manches : manches longues Taille : Note : [&hellip;]\" \/>\n<meta property=\"og:url\" content=\"https:\/\/aigleshopping.ca\/fr\/produit\/mens-lapel-knitting-cardigan-fashion-button-sweater-with-pockets-outwear-long-sleeve-top-spring-fall\/\" \/>\n<meta property=\"og:site_name\" content=\"Aigle Shopping Canada\" \/>\n<meta property=\"og:image\" content=\"https:\/\/aigleshopping.ca\/wp-content\/uploads\/2024\/12\/e998a1c2-84ce-4303-b39a-01b17e278347.jpg\" \/>\n\t<meta property=\"og:image:width\" content=\"800\" \/>\n\t<meta property=\"og:image:height\" content=\"800\" \/>\n\t<meta property=\"og:image:type\" content=\"image\/jpeg\" \/>\n<meta name=\"twitter:card\" content=\"summary_large_image\" \/>\n<meta name=\"twitter:label1\" content=\"Dur\u00e9e de lecture estim\u00e9e\" \/>\n\t<meta name=\"twitter:data1\" content=\"1 minute\" \/>\n<script type=\"application\/ld+json\" class=\"yoast-schema-graph\">{\"@context\":\"https:\\\/\\\/schema.org\",\"@graph\":[{\"@type\":\"WebPage\",\"@id\":\"https:\\\/\\\/aigleshopping.ca\\\/fr\\\/produit\\\/mens-lapel-knitting-cardigan-fashion-button-sweater-with-pockets-outwear-long-sleeve-top-spring-fall\\\/\",\"url\":\"https:\\\/\\\/aigleshopping.ca\\\/fr\\\/produit\\\/mens-lapel-knitting-cardigan-fashion-button-sweater-with-pockets-outwear-long-sleeve-top-spring-fall\\\/\",\"name\":\"Men's Lapel Knitting Cardigan Fashion Button Sweater With Pockets Outwear Long Sleeve Top Spring Fall - Aigle Shopping Canada\",\"isPartOf\":{\"@id\":\"https:\\\/\\\/aigleshopping.ca\\\/#website\"},\"primaryImageOfPage\":{\"@id\":\"https:\\\/\\\/aigleshopping.ca\\\/fr\\\/produit\\\/mens-lapel-knitting-cardigan-fashion-button-sweater-with-pockets-outwear-long-sleeve-top-spring-fall\\\/#primaryimage\"},\"image\":{\"@id\":\"https:\\\/\\\/aigleshopping.ca\\\/fr\\\/produit\\\/mens-lapel-knitting-cardigan-fashion-button-sweater-with-pockets-outwear-long-sleeve-top-spring-fall\\\/#primaryimage\"},\"thumbnailUrl\":\"https:\\\/\\\/aigleshopping.ca\\\/wp-content\\\/uploads\\\/2024\\\/12\\\/e998a1c2-84ce-4303-b39a-01b17e278347.jpg\",\"datePublished\":\"2024-12-26T15:30:30+00:00\",\"breadcrumb\":{\"@id\":\"https:\\\/\\\/aigleshopping.ca\\\/fr\\\/produit\\\/mens-lapel-knitting-cardigan-fashion-button-sweater-with-pockets-outwear-long-sleeve-top-spring-fall\\\/#breadcrumb\"},\"inLanguage\":\"fr-FR\",\"potentialAction\":[{\"@type\":\"ReadAction\",\"target\":[\"https:\\\/\\\/aigleshopping.ca\\\/fr\\\/produit\\\/mens-lapel-knitting-cardigan-fashion-button-sweater-with-pockets-outwear-long-sleeve-top-spring-fall\\\/\"]}]},{\"@type\":\"ImageObject\",\"inLanguage\":\"fr-FR\",\"@id\":\"https:\\\/\\\/aigleshopping.ca\\\/fr\\\/produit\\\/mens-lapel-knitting-cardigan-fashion-button-sweater-with-pockets-outwear-long-sleeve-top-spring-fall\\\/#primaryimage\",\"url\":\"https:\\\/\\\/aigleshopping.ca\\\/wp-content\\\/uploads\\\/2024\\\/12\\\/e998a1c2-84ce-4303-b39a-01b17e278347.jpg\",\"contentUrl\":\"https:\\\/\\\/aigleshopping.ca\\\/wp-content\\\/uploads\\\/2024\\\/12\\\/e998a1c2-84ce-4303-b39a-01b17e278347.jpg\",\"width\":800,\"height\":800},{\"@type\":\"BreadcrumbList\",\"@id\":\"https:\\\/\\\/aigleshopping.ca\\\/fr\\\/produit\\\/mens-lapel-knitting-cardigan-fashion-button-sweater-with-pockets-outwear-long-sleeve-top-spring-fall\\\/#breadcrumb\",\"itemListElement\":[{\"@type\":\"ListItem\",\"position\":1,\"name\":\"Home\",\"item\":\"https:\\\/\\\/aigleshopping.ca\\\/fr\\\/home\\\/\"},{\"@type\":\"ListItem\",\"position\":2,\"name\":\"Products\",\"item\":\"https:\\\/\\\/aigleshopping.ca\\\/shop\\\/\"},{\"@type\":\"ListItem\",\"position\":3,\"name\":\"Men&#8217;s Lapel Knitting Cardigan Fashion Button Sweater With Pockets Outwear Long Sleeve Top Spring Fall\"}]},{\"@type\":\"WebSite\",\"@id\":\"https:\\\/\\\/aigleshopping.ca\\\/#website\",\"url\":\"https:\\\/\\\/aigleshopping.ca\\\/\",\"name\":\"Aigle Shopping Canada\",\"description\":\"Au-del\u00e0 des fronti\u00e8res, pour vous offrir le\u00a0meilleur!\",\"publisher\":{\"@id\":\"https:\\\/\\\/aigleshopping.ca\\\/#organization\"},\"potentialAction\":[{\"@type\":\"SearchAction\",\"target\":{\"@type\":\"EntryPoint\",\"urlTemplate\":\"https:\\\/\\\/aigleshopping.ca\\\/?s={search_term_string}\"},\"query-input\":{\"@type\":\"PropertyValueSpecification\",\"valueRequired\":true,\"valueName\":\"search_term_string\"}}],\"inLanguage\":\"fr-FR\"},{\"@type\":\"Organization\",\"@id\":\"https:\\\/\\\/aigleshopping.ca\\\/#organization\",\"name\":\"Aigle Shopping Canada\",\"url\":\"https:\\\/\\\/aigleshopping.ca\\\/\",\"logo\":{\"@type\":\"ImageObject\",\"inLanguage\":\"fr-FR\",\"@id\":\"https:\\\/\\\/aigleshopping.ca\\\/#\\\/schema\\\/logo\\\/image\\\/\",\"url\":\"https:\\\/\\\/aigleshopping.ca\\\/wp-content\\\/uploads\\\/2025\\\/12\\\/logo_aigleshopping_ca.png\",\"contentUrl\":\"https:\\\/\\\/aigleshopping.ca\\\/wp-content\\\/uploads\\\/2025\\\/12\\\/logo_aigleshopping_ca.png\",\"width\":800,\"height\":233,\"caption\":\"Aigle Shopping Canada\"},\"image\":{\"@id\":\"https:\\\/\\\/aigleshopping.ca\\\/#\\\/schema\\\/logo\\\/image\\\/\"}}]}<\/script>\n<!-- \/ Yoast SEO plugin. -->","yoast_head_json":{"title":"Men's Lapel Knitting Cardigan Fashion Button Sweater With Pockets Outwear Long Sleeve Top Spring Fall - Aigle Shopping Canada","robots":{"index":"index","follow":"follow","max-snippet":"max-snippet:-1","max-image-preview":"max-image-preview:large","max-video-preview":"max-video-preview:-1"},"canonical":"https:\/\/aigleshopping.ca\/fr\/produit\/mens-lapel-knitting-cardigan-fashion-button-sweater-with-pockets-outwear-long-sleeve-top-spring-fall\/","og_locale":"fr_FR","og_type":"article","og_title":"Men's Lapel Knitting Cardigan Fashion Button Sweater With Pockets Outwear Long Sleeve Top Spring Fall - Aigle Shopping Canada","og_description":"Vue d&rsquo;ensemble : Un design unique, \u00e9l\u00e9gant et beau. Mat\u00e9riau de qualit\u00e9, confortable \u00e0 porter. Informations sur le produit : Couleur : kaki Version : Droit Style : Cardigan \u00c9paisseur : ordinaire Composition du tissu principal : Fibre de polyester (polyester) Sexe applicable : Homme Longueur des manches : manches longues Taille : Note : [&hellip;]","og_url":"https:\/\/aigleshopping.ca\/fr\/produit\/mens-lapel-knitting-cardigan-fashion-button-sweater-with-pockets-outwear-long-sleeve-top-spring-fall\/","og_site_name":"Aigle Shopping Canada","og_image":[{"width":800,"height":800,"url":"https:\/\/aigleshopping.ca\/wp-content\/uploads\/2024\/12\/e998a1c2-84ce-4303-b39a-01b17e278347.jpg","type":"image\/jpeg"}],"twitter_card":"summary_large_image","twitter_misc":{"Dur\u00e9e de lecture estim\u00e9e":"1 minute"},"schema":{"@context":"https:\/\/schema.org","@graph":[{"@type":"WebPage","@id":"https:\/\/aigleshopping.ca\/fr\/produit\/mens-lapel-knitting-cardigan-fashion-button-sweater-with-pockets-outwear-long-sleeve-top-spring-fall\/","url":"https:\/\/aigleshopping.ca\/fr\/produit\/mens-lapel-knitting-cardigan-fashion-button-sweater-with-pockets-outwear-long-sleeve-top-spring-fall\/","name":"Men's Lapel Knitting Cardigan Fashion Button Sweater With Pockets Outwear Long Sleeve Top Spring Fall - Aigle Shopping Canada","isPartOf":{"@id":"https:\/\/aigleshopping.ca\/#website"},"primaryImageOfPage":{"@id":"https:\/\/aigleshopping.ca\/fr\/produit\/mens-lapel-knitting-cardigan-fashion-button-sweater-with-pockets-outwear-long-sleeve-top-spring-fall\/#primaryimage"},"image":{"@id":"https:\/\/aigleshopping.ca\/fr\/produit\/mens-lapel-knitting-cardigan-fashion-button-sweater-with-pockets-outwear-long-sleeve-top-spring-fall\/#primaryimage"},"thumbnailUrl":"https:\/\/aigleshopping.ca\/wp-content\/uploads\/2024\/12\/e998a1c2-84ce-4303-b39a-01b17e278347.jpg","datePublished":"2024-12-26T15:30:30+00:00","breadcrumb":{"@id":"https:\/\/aigleshopping.ca\/fr\/produit\/mens-lapel-knitting-cardigan-fashion-button-sweater-with-pockets-outwear-long-sleeve-top-spring-fall\/#breadcrumb"},"inLanguage":"fr-FR","potentialAction":[{"@type":"ReadAction","target":["https:\/\/aigleshopping.ca\/fr\/produit\/mens-lapel-knitting-cardigan-fashion-button-sweater-with-pockets-outwear-long-sleeve-top-spring-fall\/"]}]},{"@type":"ImageObject","inLanguage":"fr-FR","@id":"https:\/\/aigleshopping.ca\/fr\/produit\/mens-lapel-knitting-cardigan-fashion-button-sweater-with-pockets-outwear-long-sleeve-top-spring-fall\/#primaryimage","url":"https:\/\/aigleshopping.ca\/wp-content\/uploads\/2024\/12\/e998a1c2-84ce-4303-b39a-01b17e278347.jpg","contentUrl":"https:\/\/aigleshopping.ca\/wp-content\/uploads\/2024\/12\/e998a1c2-84ce-4303-b39a-01b17e278347.jpg","width":800,"height":800},{"@type":"BreadcrumbList","@id":"https:\/\/aigleshopping.ca\/fr\/produit\/mens-lapel-knitting-cardigan-fashion-button-sweater-with-pockets-outwear-long-sleeve-top-spring-fall\/#breadcrumb","itemListElement":[{"@type":"ListItem","position":1,"name":"Home","item":"https:\/\/aigleshopping.ca\/fr\/home\/"},{"@type":"ListItem","position":2,"name":"Products","item":"https:\/\/aigleshopping.ca\/shop\/"},{"@type":"ListItem","position":3,"name":"Men&#8217;s Lapel Knitting Cardigan Fashion Button Sweater With Pockets Outwear Long Sleeve Top Spring Fall"}]},{"@type":"WebSite","@id":"https:\/\/aigleshopping.ca\/#website","url":"https:\/\/aigleshopping.ca\/","name":"Aigle Shopping Canada","description":"Au-del\u00e0 des fronti\u00e8res, pour vous offrir le\u00a0meilleur!","publisher":{"@id":"https:\/\/aigleshopping.ca\/#organization"},"potentialAction":[{"@type":"SearchAction","target":{"@type":"EntryPoint","urlTemplate":"https:\/\/aigleshopping.ca\/?s={search_term_string}"},"query-input":{"@type":"PropertyValueSpecification","valueRequired":true,"valueName":"search_term_string"}}],"inLanguage":"fr-FR"},{"@type":"Organization","@id":"https:\/\/aigleshopping.ca\/#organization","name":"Aigle Shopping Canada","url":"https:\/\/aigleshopping.ca\/","logo":{"@type":"ImageObject","inLanguage":"fr-FR","@id":"https:\/\/aigleshopping.ca\/#\/schema\/logo\/image\/","url":"https:\/\/aigleshopping.ca\/wp-content\/uploads\/2025\/12\/logo_aigleshopping_ca.png","contentUrl":"https:\/\/aigleshopping.ca\/wp-content\/uploads\/2025\/12\/logo_aigleshopping_ca.png","width":800,"height":233,"caption":"Aigle Shopping Canada"},"image":{"@id":"https:\/\/aigleshopping.ca\/#\/schema\/logo\/image\/"}}]}},"jetpack_sharing_enabled":true,"_links":{"self":[{"href":"https:\/\/aigleshopping.ca\/fr\/wp-json\/wp\/v2\/product\/33649","targetHints":{"allow":["GET"]}}],"collection":[{"href":"https:\/\/aigleshopping.ca\/fr\/wp-json\/wp\/v2\/product"}],"about":[{"href":"https:\/\/aigleshopping.ca\/fr\/wp-json\/wp\/v2\/types\/product"}],"replies":[{"embeddable":true,"href":"https:\/\/aigleshopping.ca\/fr\/wp-json\/wp\/v2\/comments?post=33649"}],"wp:featuredmedia":[{"embeddable":true,"href":"https:\/\/aigleshopping.ca\/fr\/wp-json\/wp\/v2\/media\/6847"}],"wp:attachment":[{"href":"https:\/\/aigleshopping.ca\/fr\/wp-json\/wp\/v2\/media?parent=33649"}],"wp:term":[{"taxonomy":"product_brand","embeddable":true,"href":"https:\/\/aigleshopping.ca\/fr\/wp-json\/wp\/v2\/product_brand?post=33649"},{"taxonomy":"product_cat","embeddable":true,"href":"https:\/\/aigleshopping.ca\/fr\/wp-json\/wp\/v2\/product_cat?post=33649"},{"taxonomy":"product_tag","embeddable":true,"href":"https:\/\/aigleshopping.ca\/fr\/wp-json\/wp\/v2\/product_tag?post=33649"}],"curies":[{"name":"wp","href":"https:\/\/api.w.org\/{rel}","templated":true}]}}