{"id":33702,"date":"2024-12-30T00:22:04","date_gmt":"2024-12-30T00:22:04","guid":{"rendered":"https:\/\/aigleshopping.ca\/produit\/hiver-shark-slippers-detachable-warm-fuzzy-slippers-bedroom-house-shoes-women\/"},"modified":"2024-12-30T00:22:04","modified_gmt":"2024-12-30T00:22:04","slug":"hiver-shark-slippers-detachable-warm-fuzzy-slippers-bedroom-house-shoes-women","status":"publish","type":"product","link":"https:\/\/aigleshopping.ca\/fr\/produit\/hiver-shark-slippers-detachable-warm-fuzzy-slippers-bedroom-house-shoes-women\/","title":{"rendered":"Hiver Shark Slippers Detachable Warm Fuzzy Slippers Bedroom House Shoes Women"},"content":{"rendered":"<p>\n <b>Vue d&rsquo;ensemble :<\/b><br \/>\n <\/p>\n<p>\n  Un design unique, \u00e9l\u00e9gant et beau.<br \/>\n <br \/>  Bonne mati\u00e8re, pieds confortables.<br \/>\n <br \/>  Une vari\u00e9t\u00e9 de couleurs, au choix.<\/p>\n<p> <b>Sp\u00e9cification :<\/b><br \/>\n <\/p>\n<p>\n  Sexe : unisexe \/ hommes et femmes<br \/>\n <br \/>  Mat\u00e9riau de la semelle : EVA<br \/>\n <br \/>  Fonction : imperm\u00e9able, antid\u00e9rapant, chaud<br \/>\n <br \/>  Mat\u00e9riau sup\u00e9rieur : EVA<br \/>\n <br \/>  \u00c9l\u00e9ment populaire : requin<br \/>\n <br \/>  \u00c9paisseur de la semelle : 3,5 cm et plus<br \/>\n <br \/>  Type de public concern\u00e9 : couples<br \/>\n <br \/>  Style : Baotou<br \/>\n <br \/>  Technologie des semelles : chaussures moul\u00e9es par injection<br \/>\n <br \/>  Type de pantoufles : Pantoufles en EVA<br \/>\n <br \/>  \u00c9paisseur : \u00e9paissie<br \/>\n <br \/>  Couleur : gris montagne lointain, gris, bleu brume, rose<br \/>\n <br \/>  Taille : 36-37 [code standard], 38-39 [code standard], 40-41 [code standard], 42-43 [code standard], 44-45 [code standard]\n<\/p>\n<p>\n <img decoding=\"async\" src=\"https:\/\/cf.cjdropshipping.com\/4987f468-47cc-47aa-b244-7a8f523c33f5.jpg\" style=\"max-width:100%\">\n<\/p>\n<p>\n <br \/> <b>Contenu du paquet :<\/b><br \/>\n <br \/> 1 paire de chaussures<br \/>\n <\/p>\n<p>\n <img decoding=\"async\" src=\"https:\/\/cf.cjdropshipping.com\/af8da393-58fd-4f75-99b1-88fa33bf80db.jpg\" style=\"max-width:100%\"><br \/>\n <img decoding=\"async\" src=\"https:\/\/cf.cjdropshipping.com\/72aebdca-24d6-4e9a-bf16-60136c55e160.jpg\" style=\"max-width:100%\"><br \/>\n <img decoding=\"async\" src=\"https:\/\/cf.cjdropshipping.com\/4019c6d2-d625-47d7-b73c-740992a6e3a9.jpg\" style=\"max-width:100%\"><br \/>\n <img decoding=\"async\" src=\"https:\/\/cf.cjdropshipping.com\/6f34a2bb-03e5-4bda-8b6d-361cc6a39d73.jpg\" style=\"max-width:100%\"><br \/>\n <img decoding=\"async\" src=\"https:\/\/cf.cjdropshipping.com\/993fb829-938d-44c3-b92d-b04fb1518e3b.jpg\" style=\"max-width:100%\"><br \/>\n <img decoding=\"async\" src=\"https:\/\/cf.cjdropshipping.com\/d6b3dc2f-ee04-4d16-9752-af8636c5c042.jpg\" style=\"max-width:100%\"><br \/>\n <img decoding=\"async\" src=\"https:\/\/cf.cjdropshipping.com\/7711c7b4-569a-41d1-969c-c85a8cfedf3d.jpg\" style=\"max-width:100%\"><br \/>\n <img decoding=\"async\" src=\"https:\/\/cf.cjdropshipping.com\/099f7a5b-fc73-4e63-863c-46a3496fdf66.jpg\" style=\"max-width:100%\"><\/p>\n<h2>\n <b id=\"kxdbo\"><br \/>\n  <font color=\"#ffffff\">&nbsp;L&rsquo;image r\u00e9elle :&nbsp;<\/font><br \/>\n <\/b><br \/>\n<\/h2>\n<div>\n <img decoding=\"async\" src=\"https:\/\/cf.cjdropshipping.com\/dafa661f-a009-401b-aea2-b96632977f75.jpg\" style=\"max-width:100%\">\n<\/div>\n<p><\/p>\n","protected":false},"excerpt":{"rendered":"<p>Vue d&rsquo;ensemble : Un design unique, \u00e9l\u00e9gant et beau. Bonne mati\u00e8re, pieds confortables. Une vari\u00e9t\u00e9 de couleurs, au choix. Sp\u00e9cification : Sexe : unisexe \/ hommes et femmes Mat\u00e9riau de la semelle : EVA Fonction : imperm\u00e9able, antid\u00e9rapant, chaud Mat\u00e9riau sup\u00e9rieur : EVA \u00c9l\u00e9ment populaire : requin \u00c9paisseur de la semelle : 3,5 cm et [&hellip;]<\/p>\n","protected":false},"featured_media":7159,"comment_status":"open","ping_status":"closed","template":"","meta":{"content-type":""},"product_brand":[],"product_cat":[653],"product_tag":[],"class_list":{"0":"post-33702","1":"product","2":"type-product","3":"status-publish","4":"has-post-thumbnail","6":"product_cat-sandales-fr-2","8":"first","9":"instock","10":"taxable","11":"shipping-taxable","12":"purchasable","13":"product-type-variable","14":"add-to-wishlist-after_add_to_cart"},"yoast_head":"<!-- This site is optimized with the Yoast SEO plugin v27.4 - https:\/\/yoast.com\/product\/yoast-seo-wordpress\/ -->\n<title>Hiver Shark Slippers Detachable Warm Fuzzy Slippers Bedroom House Shoes Women - Aigle Shopping Canada<\/title>\n<meta name=\"robots\" content=\"index, follow, max-snippet:-1, max-image-preview:large, max-video-preview:-1\" \/>\n<link rel=\"canonical\" href=\"https:\/\/aigleshopping.ca\/fr\/produit\/hiver-shark-slippers-detachable-warm-fuzzy-slippers-bedroom-house-shoes-women\/\" \/>\n<meta property=\"og:locale\" content=\"fr_FR\" \/>\n<meta property=\"og:type\" content=\"article\" \/>\n<meta property=\"og:title\" content=\"Hiver Shark Slippers Detachable Warm Fuzzy Slippers Bedroom House Shoes Women - Aigle Shopping Canada\" \/>\n<meta property=\"og:description\" content=\"Vue d&rsquo;ensemble : Un design unique, \u00e9l\u00e9gant et beau. Bonne mati\u00e8re, pieds confortables. Une vari\u00e9t\u00e9 de couleurs, au choix. Sp\u00e9cification : Sexe : unisexe \/ hommes et femmes Mat\u00e9riau de la semelle : EVA Fonction : imperm\u00e9able, antid\u00e9rapant, chaud Mat\u00e9riau sup\u00e9rieur : EVA \u00c9l\u00e9ment populaire : requin \u00c9paisseur de la semelle : 3,5 cm et [&hellip;]\" \/>\n<meta property=\"og:url\" content=\"https:\/\/aigleshopping.ca\/fr\/produit\/hiver-shark-slippers-detachable-warm-fuzzy-slippers-bedroom-house-shoes-women\/\" \/>\n<meta property=\"og:site_name\" content=\"Aigle Shopping Canada\" \/>\n<meta property=\"og:image\" content=\"https:\/\/aigleshopping.ca\/wp-content\/uploads\/2024\/12\/c345c5df-cc82-4ae3-ab94-2d1c45abb7f6.jpg\" \/>\n\t<meta property=\"og:image:width\" content=\"800\" \/>\n\t<meta property=\"og:image:height\" content=\"800\" \/>\n\t<meta property=\"og:image:type\" content=\"image\/jpeg\" \/>\n<meta name=\"twitter:card\" content=\"summary_large_image\" \/>\n<meta name=\"twitter:label1\" content=\"Dur\u00e9e de lecture estim\u00e9e\" \/>\n\t<meta name=\"twitter:data1\" content=\"1 minute\" \/>\n<script type=\"application\/ld+json\" class=\"yoast-schema-graph\">{\"@context\":\"https:\\\/\\\/schema.org\",\"@graph\":[{\"@type\":\"WebPage\",\"@id\":\"https:\\\/\\\/aigleshopping.ca\\\/fr\\\/produit\\\/hiver-shark-slippers-detachable-warm-fuzzy-slippers-bedroom-house-shoes-women\\\/\",\"url\":\"https:\\\/\\\/aigleshopping.ca\\\/fr\\\/produit\\\/hiver-shark-slippers-detachable-warm-fuzzy-slippers-bedroom-house-shoes-women\\\/\",\"name\":\"Hiver Shark Slippers Detachable Warm Fuzzy Slippers Bedroom House Shoes Women - Aigle Shopping Canada\",\"isPartOf\":{\"@id\":\"https:\\\/\\\/aigleshopping.ca\\\/#website\"},\"primaryImageOfPage\":{\"@id\":\"https:\\\/\\\/aigleshopping.ca\\\/fr\\\/produit\\\/hiver-shark-slippers-detachable-warm-fuzzy-slippers-bedroom-house-shoes-women\\\/#primaryimage\"},\"image\":{\"@id\":\"https:\\\/\\\/aigleshopping.ca\\\/fr\\\/produit\\\/hiver-shark-slippers-detachable-warm-fuzzy-slippers-bedroom-house-shoes-women\\\/#primaryimage\"},\"thumbnailUrl\":\"https:\\\/\\\/aigleshopping.ca\\\/wp-content\\\/uploads\\\/2024\\\/12\\\/c345c5df-cc82-4ae3-ab94-2d1c45abb7f6.jpg\",\"datePublished\":\"2024-12-30T00:22:04+00:00\",\"breadcrumb\":{\"@id\":\"https:\\\/\\\/aigleshopping.ca\\\/fr\\\/produit\\\/hiver-shark-slippers-detachable-warm-fuzzy-slippers-bedroom-house-shoes-women\\\/#breadcrumb\"},\"inLanguage\":\"fr-FR\",\"potentialAction\":[{\"@type\":\"ReadAction\",\"target\":[\"https:\\\/\\\/aigleshopping.ca\\\/fr\\\/produit\\\/hiver-shark-slippers-detachable-warm-fuzzy-slippers-bedroom-house-shoes-women\\\/\"]}]},{\"@type\":\"ImageObject\",\"inLanguage\":\"fr-FR\",\"@id\":\"https:\\\/\\\/aigleshopping.ca\\\/fr\\\/produit\\\/hiver-shark-slippers-detachable-warm-fuzzy-slippers-bedroom-house-shoes-women\\\/#primaryimage\",\"url\":\"https:\\\/\\\/aigleshopping.ca\\\/wp-content\\\/uploads\\\/2024\\\/12\\\/c345c5df-cc82-4ae3-ab94-2d1c45abb7f6.jpg\",\"contentUrl\":\"https:\\\/\\\/aigleshopping.ca\\\/wp-content\\\/uploads\\\/2024\\\/12\\\/c345c5df-cc82-4ae3-ab94-2d1c45abb7f6.jpg\",\"width\":800,\"height\":800},{\"@type\":\"BreadcrumbList\",\"@id\":\"https:\\\/\\\/aigleshopping.ca\\\/fr\\\/produit\\\/hiver-shark-slippers-detachable-warm-fuzzy-slippers-bedroom-house-shoes-women\\\/#breadcrumb\",\"itemListElement\":[{\"@type\":\"ListItem\",\"position\":1,\"name\":\"Home\",\"item\":\"https:\\\/\\\/aigleshopping.ca\\\/fr\\\/home\\\/\"},{\"@type\":\"ListItem\",\"position\":2,\"name\":\"Products\",\"item\":\"https:\\\/\\\/aigleshopping.ca\\\/shop\\\/\"},{\"@type\":\"ListItem\",\"position\":3,\"name\":\"Hiver Shark Slippers Detachable Warm Fuzzy Slippers Bedroom House Shoes Women\"}]},{\"@type\":\"WebSite\",\"@id\":\"https:\\\/\\\/aigleshopping.ca\\\/#website\",\"url\":\"https:\\\/\\\/aigleshopping.ca\\\/\",\"name\":\"Aigle Shopping Canada\",\"description\":\"Au-del\u00e0 des fronti\u00e8res, pour vous offrir le\u00a0meilleur!\",\"publisher\":{\"@id\":\"https:\\\/\\\/aigleshopping.ca\\\/#organization\"},\"potentialAction\":[{\"@type\":\"SearchAction\",\"target\":{\"@type\":\"EntryPoint\",\"urlTemplate\":\"https:\\\/\\\/aigleshopping.ca\\\/?s={search_term_string}\"},\"query-input\":{\"@type\":\"PropertyValueSpecification\",\"valueRequired\":true,\"valueName\":\"search_term_string\"}}],\"inLanguage\":\"fr-FR\"},{\"@type\":\"Organization\",\"@id\":\"https:\\\/\\\/aigleshopping.ca\\\/#organization\",\"name\":\"Aigle Shopping Canada\",\"url\":\"https:\\\/\\\/aigleshopping.ca\\\/\",\"logo\":{\"@type\":\"ImageObject\",\"inLanguage\":\"fr-FR\",\"@id\":\"https:\\\/\\\/aigleshopping.ca\\\/#\\\/schema\\\/logo\\\/image\\\/\",\"url\":\"https:\\\/\\\/aigleshopping.ca\\\/wp-content\\\/uploads\\\/2025\\\/12\\\/logo_aigleshopping_ca.png\",\"contentUrl\":\"https:\\\/\\\/aigleshopping.ca\\\/wp-content\\\/uploads\\\/2025\\\/12\\\/logo_aigleshopping_ca.png\",\"width\":800,\"height\":233,\"caption\":\"Aigle Shopping Canada\"},\"image\":{\"@id\":\"https:\\\/\\\/aigleshopping.ca\\\/#\\\/schema\\\/logo\\\/image\\\/\"}}]}<\/script>\n<!-- \/ Yoast SEO plugin. -->","yoast_head_json":{"title":"Hiver Shark Slippers Detachable Warm Fuzzy Slippers Bedroom House Shoes Women - Aigle Shopping Canada","robots":{"index":"index","follow":"follow","max-snippet":"max-snippet:-1","max-image-preview":"max-image-preview:large","max-video-preview":"max-video-preview:-1"},"canonical":"https:\/\/aigleshopping.ca\/fr\/produit\/hiver-shark-slippers-detachable-warm-fuzzy-slippers-bedroom-house-shoes-women\/","og_locale":"fr_FR","og_type":"article","og_title":"Hiver Shark Slippers Detachable Warm Fuzzy Slippers Bedroom House Shoes Women - Aigle Shopping Canada","og_description":"Vue d&rsquo;ensemble : Un design unique, \u00e9l\u00e9gant et beau. Bonne mati\u00e8re, pieds confortables. Une vari\u00e9t\u00e9 de couleurs, au choix. Sp\u00e9cification : Sexe : unisexe \/ hommes et femmes Mat\u00e9riau de la semelle : EVA Fonction : imperm\u00e9able, antid\u00e9rapant, chaud Mat\u00e9riau sup\u00e9rieur : EVA \u00c9l\u00e9ment populaire : requin \u00c9paisseur de la semelle : 3,5 cm et [&hellip;]","og_url":"https:\/\/aigleshopping.ca\/fr\/produit\/hiver-shark-slippers-detachable-warm-fuzzy-slippers-bedroom-house-shoes-women\/","og_site_name":"Aigle Shopping Canada","og_image":[{"width":800,"height":800,"url":"https:\/\/aigleshopping.ca\/wp-content\/uploads\/2024\/12\/c345c5df-cc82-4ae3-ab94-2d1c45abb7f6.jpg","type":"image\/jpeg"}],"twitter_card":"summary_large_image","twitter_misc":{"Dur\u00e9e de lecture estim\u00e9e":"1 minute"},"schema":{"@context":"https:\/\/schema.org","@graph":[{"@type":"WebPage","@id":"https:\/\/aigleshopping.ca\/fr\/produit\/hiver-shark-slippers-detachable-warm-fuzzy-slippers-bedroom-house-shoes-women\/","url":"https:\/\/aigleshopping.ca\/fr\/produit\/hiver-shark-slippers-detachable-warm-fuzzy-slippers-bedroom-house-shoes-women\/","name":"Hiver Shark Slippers Detachable Warm Fuzzy Slippers Bedroom House Shoes Women - Aigle Shopping Canada","isPartOf":{"@id":"https:\/\/aigleshopping.ca\/#website"},"primaryImageOfPage":{"@id":"https:\/\/aigleshopping.ca\/fr\/produit\/hiver-shark-slippers-detachable-warm-fuzzy-slippers-bedroom-house-shoes-women\/#primaryimage"},"image":{"@id":"https:\/\/aigleshopping.ca\/fr\/produit\/hiver-shark-slippers-detachable-warm-fuzzy-slippers-bedroom-house-shoes-women\/#primaryimage"},"thumbnailUrl":"https:\/\/aigleshopping.ca\/wp-content\/uploads\/2024\/12\/c345c5df-cc82-4ae3-ab94-2d1c45abb7f6.jpg","datePublished":"2024-12-30T00:22:04+00:00","breadcrumb":{"@id":"https:\/\/aigleshopping.ca\/fr\/produit\/hiver-shark-slippers-detachable-warm-fuzzy-slippers-bedroom-house-shoes-women\/#breadcrumb"},"inLanguage":"fr-FR","potentialAction":[{"@type":"ReadAction","target":["https:\/\/aigleshopping.ca\/fr\/produit\/hiver-shark-slippers-detachable-warm-fuzzy-slippers-bedroom-house-shoes-women\/"]}]},{"@type":"ImageObject","inLanguage":"fr-FR","@id":"https:\/\/aigleshopping.ca\/fr\/produit\/hiver-shark-slippers-detachable-warm-fuzzy-slippers-bedroom-house-shoes-women\/#primaryimage","url":"https:\/\/aigleshopping.ca\/wp-content\/uploads\/2024\/12\/c345c5df-cc82-4ae3-ab94-2d1c45abb7f6.jpg","contentUrl":"https:\/\/aigleshopping.ca\/wp-content\/uploads\/2024\/12\/c345c5df-cc82-4ae3-ab94-2d1c45abb7f6.jpg","width":800,"height":800},{"@type":"BreadcrumbList","@id":"https:\/\/aigleshopping.ca\/fr\/produit\/hiver-shark-slippers-detachable-warm-fuzzy-slippers-bedroom-house-shoes-women\/#breadcrumb","itemListElement":[{"@type":"ListItem","position":1,"name":"Home","item":"https:\/\/aigleshopping.ca\/fr\/home\/"},{"@type":"ListItem","position":2,"name":"Products","item":"https:\/\/aigleshopping.ca\/shop\/"},{"@type":"ListItem","position":3,"name":"Hiver Shark Slippers Detachable Warm Fuzzy Slippers Bedroom House Shoes Women"}]},{"@type":"WebSite","@id":"https:\/\/aigleshopping.ca\/#website","url":"https:\/\/aigleshopping.ca\/","name":"Aigle Shopping Canada","description":"Au-del\u00e0 des fronti\u00e8res, pour vous offrir le\u00a0meilleur!","publisher":{"@id":"https:\/\/aigleshopping.ca\/#organization"},"potentialAction":[{"@type":"SearchAction","target":{"@type":"EntryPoint","urlTemplate":"https:\/\/aigleshopping.ca\/?s={search_term_string}"},"query-input":{"@type":"PropertyValueSpecification","valueRequired":true,"valueName":"search_term_string"}}],"inLanguage":"fr-FR"},{"@type":"Organization","@id":"https:\/\/aigleshopping.ca\/#organization","name":"Aigle Shopping Canada","url":"https:\/\/aigleshopping.ca\/","logo":{"@type":"ImageObject","inLanguage":"fr-FR","@id":"https:\/\/aigleshopping.ca\/#\/schema\/logo\/image\/","url":"https:\/\/aigleshopping.ca\/wp-content\/uploads\/2025\/12\/logo_aigleshopping_ca.png","contentUrl":"https:\/\/aigleshopping.ca\/wp-content\/uploads\/2025\/12\/logo_aigleshopping_ca.png","width":800,"height":233,"caption":"Aigle Shopping Canada"},"image":{"@id":"https:\/\/aigleshopping.ca\/#\/schema\/logo\/image\/"}}]}},"jetpack_sharing_enabled":true,"_links":{"self":[{"href":"https:\/\/aigleshopping.ca\/fr\/wp-json\/wp\/v2\/product\/33702","targetHints":{"allow":["GET"]}}],"collection":[{"href":"https:\/\/aigleshopping.ca\/fr\/wp-json\/wp\/v2\/product"}],"about":[{"href":"https:\/\/aigleshopping.ca\/fr\/wp-json\/wp\/v2\/types\/product"}],"replies":[{"embeddable":true,"href":"https:\/\/aigleshopping.ca\/fr\/wp-json\/wp\/v2\/comments?post=33702"}],"wp:featuredmedia":[{"embeddable":true,"href":"https:\/\/aigleshopping.ca\/fr\/wp-json\/wp\/v2\/media\/7159"}],"wp:attachment":[{"href":"https:\/\/aigleshopping.ca\/fr\/wp-json\/wp\/v2\/media?parent=33702"}],"wp:term":[{"taxonomy":"product_brand","embeddable":true,"href":"https:\/\/aigleshopping.ca\/fr\/wp-json\/wp\/v2\/product_brand?post=33702"},{"taxonomy":"product_cat","embeddable":true,"href":"https:\/\/aigleshopping.ca\/fr\/wp-json\/wp\/v2\/product_cat?post=33702"},{"taxonomy":"product_tag","embeddable":true,"href":"https:\/\/aigleshopping.ca\/fr\/wp-json\/wp\/v2\/product_tag?post=33702"}],"curies":[{"name":"wp","href":"https:\/\/api.w.org\/{rel}","templated":true}]}}