{"id":33721,"date":"2024-12-26T16:08:27","date_gmt":"2024-12-26T16:08:27","guid":{"rendered":"https:\/\/aigleshopping.ca\/produit\/teen-trend-versatile-lattice-coat\/"},"modified":"2024-12-26T16:08:27","modified_gmt":"2024-12-26T16:08:27","slug":"teen-trend-versatile-lattice-coat","status":"publish","type":"product","link":"https:\/\/aigleshopping.ca\/fr\/produit\/teen-trend-versatile-lattice-coat\/","title":{"rendered":"Teen Trend Versatile Lattice Coat"},"content":{"rendered":"<p>\n <b>Informations sur le produit :<\/b><br \/>\n <br \/> Motif : Plaid<br \/>\n <br \/> Couleur : CM11 grille marine, CM11 grille bleu et blanc, CM11 grille blanc et vert, CM11 grille noir et blanc<br \/>\n <br \/> Taille : M,L,XL,2XL,3XL<br \/>\n <br \/> Version : Loose<br \/>\n <br \/> Style : Cardigan<br \/>\n <br \/> Composition du tissu principal : Fibre de polyester<br \/>\n <br \/> Processus : rectification\n<\/p>\n<p><b>Note :<\/b><br \/>\n1. Les tailles asiatiques sont 1 \u00e0 2 tailles plus petites que les tailles europ\u00e9ennes et am\u00e9ricaines. Choisissez la taille la plus grande si votre taille se situe entre deux tailles. Veuillez tenir compte d&rsquo;une diff\u00e9rence de 2 \u00e0 3 cm due aux mesures manuelles. 2. Si vous ne savez pas comment choisir votre taille, veuillez contacter notre service client\u00e8le.    3. comme vous le savez, les ordinateurs affichent les couleurs diff\u00e9remment, la couleur de l&rsquo;article r\u00e9el peut varier l\u00e9g\u00e8rement par rapport aux images suivantes.<br \/>\n<br \/><b>Liste d&#8217;emballage :  <\/b><br \/>\n<br \/>Haut*1<br \/>\n<br \/><b>Image du produit :<\/b><br \/>\n<br \/><img decoding=\"async\" src=\"https:\/\/oss-cf.cjdropshipping.com\/product\/2024\/12\/26\/01\/08e0efa9-b361-4d49-beeb-3dd57a76bf48_trans.jpeg\"><br \/>\n<img decoding=\"async\" src=\"https:\/\/oss-cf.cjdropshipping.com\/product\/2024\/12\/26\/01\/83eca562-1604-4d98-9cd2-2865aff6f757_trans.jpeg\"><br \/>\n<img decoding=\"async\" src=\"https:\/\/oss-cf.cjdropshipping.com\/product\/2024\/12\/26\/01\/ce99cadd-1231-4801-9130-a123a23c9e2b_trans.jpeg\"><br \/>\n<img decoding=\"async\" src=\"https:\/\/oss-cf.cjdropshipping.com\/product\/2024\/12\/26\/01\/587d31eb-2445-4218-816e-456e7946e8bf.jpg\"><br \/>\n<img decoding=\"async\" src=\"https:\/\/oss-cf.cjdropshipping.com\/product\/2024\/12\/26\/01\/18fbb949-a3c1-4ef2-99f2-1ed4f3e5f872.jpg\"><br \/>\n<img decoding=\"async\" src=\"https:\/\/oss-cf.cjdropshipping.com\/product\/2024\/12\/26\/01\/721a3958-cb85-4f37-804f-67a2ad23a8dd.jpg\"><\/p>\n","protected":false},"excerpt":{"rendered":"<p>Informations sur le produit : Motif : Plaid Couleur : CM11 grille marine, CM11 grille bleu et blanc, CM11 grille blanc et vert, CM11 grille noir et blanc Taille : M,L,XL,2XL,3XL Version : Loose Style : Cardigan Composition du tissu principal : Fibre de polyester Processus : rectification Note : 1. Les tailles asiatiques sont [&hellip;]<\/p>\n","protected":false},"featured_media":6901,"comment_status":"open","ping_status":"closed","template":"","meta":{"content-type":""},"product_brand":[],"product_cat":[630],"product_tag":[],"class_list":{"0":"post-33721","1":"product","2":"type-product","3":"status-publish","4":"has-post-thumbnail","6":"product_cat-manteaux","8":"first","9":"instock","10":"taxable","11":"shipping-taxable","12":"purchasable","13":"product-type-variable","14":"add-to-wishlist-after_add_to_cart"},"yoast_head":"<!-- This site is optimized with the Yoast SEO plugin v27.4 - https:\/\/yoast.com\/product\/yoast-seo-wordpress\/ -->\n<title>Teen Trend Versatile Lattice Coat - Aigle Shopping Canada<\/title>\n<meta name=\"robots\" content=\"index, follow, max-snippet:-1, max-image-preview:large, max-video-preview:-1\" \/>\n<link rel=\"canonical\" href=\"https:\/\/aigleshopping.ca\/fr\/produit\/teen-trend-versatile-lattice-coat\/\" \/>\n<meta property=\"og:locale\" content=\"fr_FR\" \/>\n<meta property=\"og:type\" content=\"article\" \/>\n<meta property=\"og:title\" content=\"Teen Trend Versatile Lattice Coat - Aigle Shopping Canada\" \/>\n<meta property=\"og:description\" content=\"Informations sur le produit : Motif : Plaid Couleur : CM11 grille marine, CM11 grille bleu et blanc, CM11 grille blanc et vert, CM11 grille noir et blanc Taille : M,L,XL,2XL,3XL Version : Loose Style : Cardigan Composition du tissu principal : Fibre de polyester Processus : rectification Note : 1. Les tailles asiatiques sont [&hellip;]\" \/>\n<meta property=\"og:url\" content=\"https:\/\/aigleshopping.ca\/fr\/produit\/teen-trend-versatile-lattice-coat\/\" \/>\n<meta property=\"og:site_name\" content=\"Aigle Shopping Canada\" \/>\n<meta property=\"og:image\" content=\"https:\/\/aigleshopping.ca\/wp-content\/uploads\/2024\/12\/f1ac8a42-b09e-4c01-9aed-82d21e3c104a.jpg\" \/>\n\t<meta property=\"og:image:width\" content=\"800\" \/>\n\t<meta property=\"og:image:height\" content=\"800\" \/>\n\t<meta property=\"og:image:type\" content=\"image\/jpeg\" \/>\n<meta name=\"twitter:card\" content=\"summary_large_image\" \/>\n<meta name=\"twitter:label1\" content=\"Dur\u00e9e de lecture estim\u00e9e\" \/>\n\t<meta name=\"twitter:data1\" content=\"1 minute\" \/>\n<script type=\"application\/ld+json\" class=\"yoast-schema-graph\">{\"@context\":\"https:\\\/\\\/schema.org\",\"@graph\":[{\"@type\":\"WebPage\",\"@id\":\"https:\\\/\\\/aigleshopping.ca\\\/fr\\\/produit\\\/teen-trend-versatile-lattice-coat\\\/\",\"url\":\"https:\\\/\\\/aigleshopping.ca\\\/fr\\\/produit\\\/teen-trend-versatile-lattice-coat\\\/\",\"name\":\"Teen Trend Versatile Lattice Coat - Aigle Shopping Canada\",\"isPartOf\":{\"@id\":\"https:\\\/\\\/aigleshopping.ca\\\/#website\"},\"primaryImageOfPage\":{\"@id\":\"https:\\\/\\\/aigleshopping.ca\\\/fr\\\/produit\\\/teen-trend-versatile-lattice-coat\\\/#primaryimage\"},\"image\":{\"@id\":\"https:\\\/\\\/aigleshopping.ca\\\/fr\\\/produit\\\/teen-trend-versatile-lattice-coat\\\/#primaryimage\"},\"thumbnailUrl\":\"https:\\\/\\\/aigleshopping.ca\\\/wp-content\\\/uploads\\\/2024\\\/12\\\/f1ac8a42-b09e-4c01-9aed-82d21e3c104a.jpg\",\"datePublished\":\"2024-12-26T16:08:27+00:00\",\"breadcrumb\":{\"@id\":\"https:\\\/\\\/aigleshopping.ca\\\/fr\\\/produit\\\/teen-trend-versatile-lattice-coat\\\/#breadcrumb\"},\"inLanguage\":\"fr-FR\",\"potentialAction\":[{\"@type\":\"ReadAction\",\"target\":[\"https:\\\/\\\/aigleshopping.ca\\\/fr\\\/produit\\\/teen-trend-versatile-lattice-coat\\\/\"]}]},{\"@type\":\"ImageObject\",\"inLanguage\":\"fr-FR\",\"@id\":\"https:\\\/\\\/aigleshopping.ca\\\/fr\\\/produit\\\/teen-trend-versatile-lattice-coat\\\/#primaryimage\",\"url\":\"https:\\\/\\\/aigleshopping.ca\\\/wp-content\\\/uploads\\\/2024\\\/12\\\/f1ac8a42-b09e-4c01-9aed-82d21e3c104a.jpg\",\"contentUrl\":\"https:\\\/\\\/aigleshopping.ca\\\/wp-content\\\/uploads\\\/2024\\\/12\\\/f1ac8a42-b09e-4c01-9aed-82d21e3c104a.jpg\",\"width\":800,\"height\":800},{\"@type\":\"BreadcrumbList\",\"@id\":\"https:\\\/\\\/aigleshopping.ca\\\/fr\\\/produit\\\/teen-trend-versatile-lattice-coat\\\/#breadcrumb\",\"itemListElement\":[{\"@type\":\"ListItem\",\"position\":1,\"name\":\"Home\",\"item\":\"https:\\\/\\\/aigleshopping.ca\\\/fr\\\/home\\\/\"},{\"@type\":\"ListItem\",\"position\":2,\"name\":\"Products\",\"item\":\"https:\\\/\\\/aigleshopping.ca\\\/shop\\\/\"},{\"@type\":\"ListItem\",\"position\":3,\"name\":\"Teen Trend Versatile Lattice Coat\"}]},{\"@type\":\"WebSite\",\"@id\":\"https:\\\/\\\/aigleshopping.ca\\\/#website\",\"url\":\"https:\\\/\\\/aigleshopping.ca\\\/\",\"name\":\"Aigle Shopping Canada\",\"description\":\"Au-del\u00e0 des fronti\u00e8res, pour vous offrir le\u00a0meilleur!\",\"publisher\":{\"@id\":\"https:\\\/\\\/aigleshopping.ca\\\/#organization\"},\"potentialAction\":[{\"@type\":\"SearchAction\",\"target\":{\"@type\":\"EntryPoint\",\"urlTemplate\":\"https:\\\/\\\/aigleshopping.ca\\\/?s={search_term_string}\"},\"query-input\":{\"@type\":\"PropertyValueSpecification\",\"valueRequired\":true,\"valueName\":\"search_term_string\"}}],\"inLanguage\":\"fr-FR\"},{\"@type\":\"Organization\",\"@id\":\"https:\\\/\\\/aigleshopping.ca\\\/#organization\",\"name\":\"Aigle Shopping Canada\",\"url\":\"https:\\\/\\\/aigleshopping.ca\\\/\",\"logo\":{\"@type\":\"ImageObject\",\"inLanguage\":\"fr-FR\",\"@id\":\"https:\\\/\\\/aigleshopping.ca\\\/#\\\/schema\\\/logo\\\/image\\\/\",\"url\":\"https:\\\/\\\/aigleshopping.ca\\\/wp-content\\\/uploads\\\/2025\\\/12\\\/logo_aigleshopping_ca.png\",\"contentUrl\":\"https:\\\/\\\/aigleshopping.ca\\\/wp-content\\\/uploads\\\/2025\\\/12\\\/logo_aigleshopping_ca.png\",\"width\":800,\"height\":233,\"caption\":\"Aigle Shopping Canada\"},\"image\":{\"@id\":\"https:\\\/\\\/aigleshopping.ca\\\/#\\\/schema\\\/logo\\\/image\\\/\"}}]}<\/script>\n<!-- \/ Yoast SEO plugin. -->","yoast_head_json":{"title":"Teen Trend Versatile Lattice Coat - Aigle Shopping Canada","robots":{"index":"index","follow":"follow","max-snippet":"max-snippet:-1","max-image-preview":"max-image-preview:large","max-video-preview":"max-video-preview:-1"},"canonical":"https:\/\/aigleshopping.ca\/fr\/produit\/teen-trend-versatile-lattice-coat\/","og_locale":"fr_FR","og_type":"article","og_title":"Teen Trend Versatile Lattice Coat - Aigle Shopping Canada","og_description":"Informations sur le produit : Motif : Plaid Couleur : CM11 grille marine, CM11 grille bleu et blanc, CM11 grille blanc et vert, CM11 grille noir et blanc Taille : M,L,XL,2XL,3XL Version : Loose Style : Cardigan Composition du tissu principal : Fibre de polyester Processus : rectification Note : 1. Les tailles asiatiques sont [&hellip;]","og_url":"https:\/\/aigleshopping.ca\/fr\/produit\/teen-trend-versatile-lattice-coat\/","og_site_name":"Aigle Shopping Canada","og_image":[{"width":800,"height":800,"url":"https:\/\/aigleshopping.ca\/wp-content\/uploads\/2024\/12\/f1ac8a42-b09e-4c01-9aed-82d21e3c104a.jpg","type":"image\/jpeg"}],"twitter_card":"summary_large_image","twitter_misc":{"Dur\u00e9e de lecture estim\u00e9e":"1 minute"},"schema":{"@context":"https:\/\/schema.org","@graph":[{"@type":"WebPage","@id":"https:\/\/aigleshopping.ca\/fr\/produit\/teen-trend-versatile-lattice-coat\/","url":"https:\/\/aigleshopping.ca\/fr\/produit\/teen-trend-versatile-lattice-coat\/","name":"Teen Trend Versatile Lattice Coat - Aigle Shopping Canada","isPartOf":{"@id":"https:\/\/aigleshopping.ca\/#website"},"primaryImageOfPage":{"@id":"https:\/\/aigleshopping.ca\/fr\/produit\/teen-trend-versatile-lattice-coat\/#primaryimage"},"image":{"@id":"https:\/\/aigleshopping.ca\/fr\/produit\/teen-trend-versatile-lattice-coat\/#primaryimage"},"thumbnailUrl":"https:\/\/aigleshopping.ca\/wp-content\/uploads\/2024\/12\/f1ac8a42-b09e-4c01-9aed-82d21e3c104a.jpg","datePublished":"2024-12-26T16:08:27+00:00","breadcrumb":{"@id":"https:\/\/aigleshopping.ca\/fr\/produit\/teen-trend-versatile-lattice-coat\/#breadcrumb"},"inLanguage":"fr-FR","potentialAction":[{"@type":"ReadAction","target":["https:\/\/aigleshopping.ca\/fr\/produit\/teen-trend-versatile-lattice-coat\/"]}]},{"@type":"ImageObject","inLanguage":"fr-FR","@id":"https:\/\/aigleshopping.ca\/fr\/produit\/teen-trend-versatile-lattice-coat\/#primaryimage","url":"https:\/\/aigleshopping.ca\/wp-content\/uploads\/2024\/12\/f1ac8a42-b09e-4c01-9aed-82d21e3c104a.jpg","contentUrl":"https:\/\/aigleshopping.ca\/wp-content\/uploads\/2024\/12\/f1ac8a42-b09e-4c01-9aed-82d21e3c104a.jpg","width":800,"height":800},{"@type":"BreadcrumbList","@id":"https:\/\/aigleshopping.ca\/fr\/produit\/teen-trend-versatile-lattice-coat\/#breadcrumb","itemListElement":[{"@type":"ListItem","position":1,"name":"Home","item":"https:\/\/aigleshopping.ca\/fr\/home\/"},{"@type":"ListItem","position":2,"name":"Products","item":"https:\/\/aigleshopping.ca\/shop\/"},{"@type":"ListItem","position":3,"name":"Teen Trend Versatile Lattice Coat"}]},{"@type":"WebSite","@id":"https:\/\/aigleshopping.ca\/#website","url":"https:\/\/aigleshopping.ca\/","name":"Aigle Shopping Canada","description":"Au-del\u00e0 des fronti\u00e8res, pour vous offrir le\u00a0meilleur!","publisher":{"@id":"https:\/\/aigleshopping.ca\/#organization"},"potentialAction":[{"@type":"SearchAction","target":{"@type":"EntryPoint","urlTemplate":"https:\/\/aigleshopping.ca\/?s={search_term_string}"},"query-input":{"@type":"PropertyValueSpecification","valueRequired":true,"valueName":"search_term_string"}}],"inLanguage":"fr-FR"},{"@type":"Organization","@id":"https:\/\/aigleshopping.ca\/#organization","name":"Aigle Shopping Canada","url":"https:\/\/aigleshopping.ca\/","logo":{"@type":"ImageObject","inLanguage":"fr-FR","@id":"https:\/\/aigleshopping.ca\/#\/schema\/logo\/image\/","url":"https:\/\/aigleshopping.ca\/wp-content\/uploads\/2025\/12\/logo_aigleshopping_ca.png","contentUrl":"https:\/\/aigleshopping.ca\/wp-content\/uploads\/2025\/12\/logo_aigleshopping_ca.png","width":800,"height":233,"caption":"Aigle Shopping Canada"},"image":{"@id":"https:\/\/aigleshopping.ca\/#\/schema\/logo\/image\/"}}]}},"jetpack_sharing_enabled":true,"_links":{"self":[{"href":"https:\/\/aigleshopping.ca\/fr\/wp-json\/wp\/v2\/product\/33721","targetHints":{"allow":["GET"]}}],"collection":[{"href":"https:\/\/aigleshopping.ca\/fr\/wp-json\/wp\/v2\/product"}],"about":[{"href":"https:\/\/aigleshopping.ca\/fr\/wp-json\/wp\/v2\/types\/product"}],"replies":[{"embeddable":true,"href":"https:\/\/aigleshopping.ca\/fr\/wp-json\/wp\/v2\/comments?post=33721"}],"wp:featuredmedia":[{"embeddable":true,"href":"https:\/\/aigleshopping.ca\/fr\/wp-json\/wp\/v2\/media\/6901"}],"wp:attachment":[{"href":"https:\/\/aigleshopping.ca\/fr\/wp-json\/wp\/v2\/media?parent=33721"}],"wp:term":[{"taxonomy":"product_brand","embeddable":true,"href":"https:\/\/aigleshopping.ca\/fr\/wp-json\/wp\/v2\/product_brand?post=33721"},{"taxonomy":"product_cat","embeddable":true,"href":"https:\/\/aigleshopping.ca\/fr\/wp-json\/wp\/v2\/product_cat?post=33721"},{"taxonomy":"product_tag","embeddable":true,"href":"https:\/\/aigleshopping.ca\/fr\/wp-json\/wp\/v2\/product_tag?post=33721"}],"curies":[{"name":"wp","href":"https:\/\/api.w.org\/{rel}","templated":true}]}}