{"id":33742,"date":"2024-12-30T00:54:31","date_gmt":"2024-12-30T00:54:31","guid":{"rendered":"https:\/\/aigleshopping.ca\/produit\/modele-rechargeable-tasse-a-remuer-automatique-tasse-a-cafe-tasse-a-remuer-electrique-de-grande-valeur-tasse-a-eau-magnetique-rotative-lazy-milkshake\/"},"modified":"2025-08-24T22:11:47","modified_gmt":"2025-08-24T22:11:47","slug":"modele-rechargeable-tasse-a-remuer-automatique-tasse-a-cafe-tasse-a-remuer-electrique-de-grande-valeur-tasse-a-eau-magnetique-rotative-lazy-milkshake","status":"publish","type":"product","link":"https:\/\/aigleshopping.ca\/fr\/produit\/modele-rechargeable-tasse-a-remuer-automatique-tasse-a-cafe-tasse-a-remuer-electrique-de-grande-valeur-tasse-a-eau-magnetique-rotative-lazy-milkshake\/","title":{"rendered":"Mod\u00e8le rechargeable Tasse \u00e0 remuer automatique Tasse \u00e0 caf\u00e9 Tasse \u00e0 remuer \u00e9lectrique de grande valeur Tasse \u00e0 eau magn\u00e9tique rotative Lazy Milkshake"},"content":{"rendered":"<p>\n <b>Vue d&rsquo;ensemble :<\/b>\n<\/p>\n<p>\n  Fabriqu\u00e9 \u00e0 partir de mat\u00e9riaux de qualit\u00e9 alimentaire, s\u00fbrs et sains, le rev\u00eatement int\u00e9rieur est ferm\u00e9 et l&rsquo;eau ne fuit pas.<br \/>\n <br \/>  Fonction d&rsquo;agitation automatique, appuyez sur l&rsquo;interrupteur et vous obtiendrez un m\u00e9lange complet de caf\u00e9 chaud.<br \/>\n <br \/>  Parfait pour une utilisation \u00e0 la maison ou au bureau, et pour garder votre caf\u00e9, th\u00e9 ou autre boisson au chaud.<br \/>\n <br \/>  L\u00e9ger et portable, vous pouvez le transporter partout o\u00f9 vous le souhaitez.<br \/>\n <b><br \/>\n  <br \/> <\/b>\n<\/p>\n<p>\n <b><br \/>\n  <br \/> <\/b>\n<\/p>\n<p>\n <b>Informations sur le produit :<\/b>\n<\/p>\n<p>\n  Nom du produit : gobelet d&rsquo;agitation magn\u00e9tis\u00e9<br \/>\n <br \/> Mat\u00e9riau de la coque : ABS<br \/>\n <br \/> Mat\u00e9riau : Acier inoxydable 304 de qualit\u00e9 alimentaire<br \/>\n <br \/> Capacit\u00e9 : 301-400ml<br \/>\n <br \/> Style : moderne et simple<br \/>\n <br \/> Couleur : blanc, marron\n<\/p>\n<p>\n <\/p>\n<p>\n <b>Liste d&#8217;emballage :<\/b>\n<\/p>\n<p>\n <span style=\"font-size: 1em\">Gobelet d&rsquo;agitation magn\u00e9tis\u00e9*1<\/span>\n<\/p>\n<p>\n <img decoding=\"async\" src=\"https:\/\/cf.cjdropshipping.com\/17213472\/2407190737330327000.jpg\" style=\"max-width:100%\"><br \/>\n <span style=\"font-size: 1em\"><br \/>\n  <br \/> <\/span>\n<\/p>\n<p>\n <img decoding=\"async\" src=\"https:\/\/cf.cjdropshipping.com\/17213472\/2407190737330327500.jpg\"><br \/>\n <img decoding=\"async\" src=\"https:\/\/cf.cjdropshipping.com\/17213472\/2407190737330327900.jpg\" style=\"max-width: 100%\"><br \/>\n <img decoding=\"async\" src=\"https:\/\/cf.cjdropshipping.com\/17213472\/2407190737330328400.jpg\" style=\"max-width: 100%\"><br \/>\n <img decoding=\"async\" src=\"https:\/\/cf.cjdropshipping.com\/17213472\/2407190737330328900.jpg\" style=\"max-width: 100%\"><br \/>\n <\/p>\n<p>\n <img decoding=\"async\" src=\"https:\/\/cf.cjdropshipping.com\/17213472\/2407190737330329300.jpg\" style=\"font-size: 1em;max-width: 100%\"><br \/>\n <img decoding=\"async\" src=\"https:\/\/cf.cjdropshipping.com\/17213472\/2407190737330329800.jpg\" style=\"font-size: 1em;max-width: 100%\"><br \/>\n <img decoding=\"async\" src=\"https:\/\/cf.cjdropshipping.com\/17213472\/2407190737340320400.jpg\"><\/p>\n","protected":false},"excerpt":{"rendered":"<p>Vue d&rsquo;ensemble : Fabriqu\u00e9 \u00e0 partir de mat\u00e9riaux de qualit\u00e9 alimentaire, s\u00fbrs et sains, le rev\u00eatement int\u00e9rieur est ferm\u00e9 et l&rsquo;eau ne fuit pas. Fonction d&rsquo;agitation automatique, appuyez sur l&rsquo;interrupteur et vous obtiendrez un m\u00e9lange complet de caf\u00e9 chaud. Parfait pour une utilisation \u00e0 la maison ou au bureau, et pour garder votre caf\u00e9, th\u00e9 [&hellip;]<\/p>\n","protected":false},"featured_media":7251,"comment_status":"open","ping_status":"closed","template":"","meta":{"content-type":""},"product_brand":[],"product_cat":[832],"product_tag":[],"class_list":{"0":"post-33742","1":"product","2":"type-product","3":"status-publish","4":"has-post-thumbnail","6":"product_cat-cuisine","8":"first","9":"instock","10":"taxable","11":"shipping-taxable","12":"purchasable","13":"product-type-variable","14":"add-to-wishlist-after_add_to_cart"},"yoast_head":"<!-- This site is optimized with the Yoast SEO plugin v27.5 - https:\/\/yoast.com\/product\/yoast-seo-wordpress\/ -->\n<title>Mod\u00e8le rechargeable Tasse \u00e0 remuer automatique Tasse \u00e0 caf\u00e9 Tasse \u00e0 remuer \u00e9lectrique de grande valeur Tasse \u00e0 eau magn\u00e9tique rotative Lazy Milkshake - Aigle Shopping Canada<\/title>\n<meta name=\"robots\" content=\"index, follow, max-snippet:-1, max-image-preview:large, max-video-preview:-1\" \/>\n<link rel=\"canonical\" href=\"https:\/\/aigleshopping.ca\/fr\/produit\/modele-rechargeable-tasse-a-remuer-automatique-tasse-a-cafe-tasse-a-remuer-electrique-de-grande-valeur-tasse-a-eau-magnetique-rotative-lazy-milkshake\/\" \/>\n<meta property=\"og:locale\" content=\"fr_FR\" \/>\n<meta property=\"og:type\" content=\"article\" \/>\n<meta property=\"og:title\" content=\"Mod\u00e8le rechargeable Tasse \u00e0 remuer automatique Tasse \u00e0 caf\u00e9 Tasse \u00e0 remuer \u00e9lectrique de grande valeur Tasse \u00e0 eau magn\u00e9tique rotative Lazy Milkshake - Aigle Shopping Canada\" \/>\n<meta property=\"og:description\" content=\"Vue d&rsquo;ensemble : Fabriqu\u00e9 \u00e0 partir de mat\u00e9riaux de qualit\u00e9 alimentaire, s\u00fbrs et sains, le rev\u00eatement int\u00e9rieur est ferm\u00e9 et l&rsquo;eau ne fuit pas. Fonction d&rsquo;agitation automatique, appuyez sur l&rsquo;interrupteur et vous obtiendrez un m\u00e9lange complet de caf\u00e9 chaud. Parfait pour une utilisation \u00e0 la maison ou au bureau, et pour garder votre caf\u00e9, th\u00e9 [&hellip;]\" \/>\n<meta property=\"og:url\" content=\"https:\/\/aigleshopping.ca\/fr\/produit\/modele-rechargeable-tasse-a-remuer-automatique-tasse-a-cafe-tasse-a-remuer-electrique-de-grande-valeur-tasse-a-eau-magnetique-rotative-lazy-milkshake\/\" \/>\n<meta property=\"og:site_name\" content=\"Aigle Shopping Canada\" \/>\n<meta property=\"article:modified_time\" content=\"2025-08-24T22:11:47+00:00\" \/>\n<meta property=\"og:image\" content=\"https:\/\/aigleshopping.ca\/wp-content\/uploads\/2024\/12\/f3056a17-58dd-451b-81c1-6b3845de34d8.jpg\" \/>\n\t<meta property=\"og:image:width\" content=\"800\" \/>\n\t<meta property=\"og:image:height\" content=\"800\" \/>\n\t<meta property=\"og:image:type\" content=\"image\/jpeg\" \/>\n<meta name=\"twitter:card\" content=\"summary_large_image\" \/>\n<meta name=\"twitter:label1\" content=\"Dur\u00e9e de lecture estim\u00e9e\" \/>\n\t<meta name=\"twitter:data1\" content=\"1 minute\" \/>\n<script type=\"application\/ld+json\" class=\"yoast-schema-graph\">{\"@context\":\"https:\\\/\\\/schema.org\",\"@graph\":[{\"@type\":\"WebPage\",\"@id\":\"https:\\\/\\\/aigleshopping.ca\\\/fr\\\/produit\\\/modele-rechargeable-tasse-a-remuer-automatique-tasse-a-cafe-tasse-a-remuer-electrique-de-grande-valeur-tasse-a-eau-magnetique-rotative-lazy-milkshake\\\/\",\"url\":\"https:\\\/\\\/aigleshopping.ca\\\/fr\\\/produit\\\/modele-rechargeable-tasse-a-remuer-automatique-tasse-a-cafe-tasse-a-remuer-electrique-de-grande-valeur-tasse-a-eau-magnetique-rotative-lazy-milkshake\\\/\",\"name\":\"Mod\u00e8le rechargeable Tasse \u00e0 remuer automatique Tasse \u00e0 caf\u00e9 Tasse \u00e0 remuer \u00e9lectrique de grande valeur Tasse \u00e0 eau magn\u00e9tique rotative Lazy Milkshake - Aigle Shopping Canada\",\"isPartOf\":{\"@id\":\"https:\\\/\\\/aigleshopping.ca\\\/#website\"},\"primaryImageOfPage\":{\"@id\":\"https:\\\/\\\/aigleshopping.ca\\\/fr\\\/produit\\\/modele-rechargeable-tasse-a-remuer-automatique-tasse-a-cafe-tasse-a-remuer-electrique-de-grande-valeur-tasse-a-eau-magnetique-rotative-lazy-milkshake\\\/#primaryimage\"},\"image\":{\"@id\":\"https:\\\/\\\/aigleshopping.ca\\\/fr\\\/produit\\\/modele-rechargeable-tasse-a-remuer-automatique-tasse-a-cafe-tasse-a-remuer-electrique-de-grande-valeur-tasse-a-eau-magnetique-rotative-lazy-milkshake\\\/#primaryimage\"},\"thumbnailUrl\":\"https:\\\/\\\/aigleshopping.ca\\\/wp-content\\\/uploads\\\/2024\\\/12\\\/f3056a17-58dd-451b-81c1-6b3845de34d8.jpg\",\"datePublished\":\"2024-12-30T00:54:31+00:00\",\"dateModified\":\"2025-08-24T22:11:47+00:00\",\"breadcrumb\":{\"@id\":\"https:\\\/\\\/aigleshopping.ca\\\/fr\\\/produit\\\/modele-rechargeable-tasse-a-remuer-automatique-tasse-a-cafe-tasse-a-remuer-electrique-de-grande-valeur-tasse-a-eau-magnetique-rotative-lazy-milkshake\\\/#breadcrumb\"},\"inLanguage\":\"fr-FR\",\"potentialAction\":[{\"@type\":\"ReadAction\",\"target\":[\"https:\\\/\\\/aigleshopping.ca\\\/fr\\\/produit\\\/modele-rechargeable-tasse-a-remuer-automatique-tasse-a-cafe-tasse-a-remuer-electrique-de-grande-valeur-tasse-a-eau-magnetique-rotative-lazy-milkshake\\\/\"]}]},{\"@type\":\"ImageObject\",\"inLanguage\":\"fr-FR\",\"@id\":\"https:\\\/\\\/aigleshopping.ca\\\/fr\\\/produit\\\/modele-rechargeable-tasse-a-remuer-automatique-tasse-a-cafe-tasse-a-remuer-electrique-de-grande-valeur-tasse-a-eau-magnetique-rotative-lazy-milkshake\\\/#primaryimage\",\"url\":\"https:\\\/\\\/aigleshopping.ca\\\/wp-content\\\/uploads\\\/2024\\\/12\\\/f3056a17-58dd-451b-81c1-6b3845de34d8.jpg\",\"contentUrl\":\"https:\\\/\\\/aigleshopping.ca\\\/wp-content\\\/uploads\\\/2024\\\/12\\\/f3056a17-58dd-451b-81c1-6b3845de34d8.jpg\",\"width\":800,\"height\":800},{\"@type\":\"BreadcrumbList\",\"@id\":\"https:\\\/\\\/aigleshopping.ca\\\/fr\\\/produit\\\/modele-rechargeable-tasse-a-remuer-automatique-tasse-a-cafe-tasse-a-remuer-electrique-de-grande-valeur-tasse-a-eau-magnetique-rotative-lazy-milkshake\\\/#breadcrumb\",\"itemListElement\":[{\"@type\":\"ListItem\",\"position\":1,\"name\":\"Home\",\"item\":\"https:\\\/\\\/aigleshopping.ca\\\/fr\\\/home\\\/\"},{\"@type\":\"ListItem\",\"position\":2,\"name\":\"Products\",\"item\":\"https:\\\/\\\/aigleshopping.ca\\\/shop\\\/\"},{\"@type\":\"ListItem\",\"position\":3,\"name\":\"Mod\u00e8le rechargeable Tasse \u00e0 remuer automatique Tasse \u00e0 caf\u00e9 Tasse \u00e0 remuer \u00e9lectrique de grande valeur Tasse \u00e0 eau magn\u00e9tique rotative Lazy Milkshake\"}]},{\"@type\":\"WebSite\",\"@id\":\"https:\\\/\\\/aigleshopping.ca\\\/#website\",\"url\":\"https:\\\/\\\/aigleshopping.ca\\\/\",\"name\":\"Aigle Shopping Canada\",\"description\":\"Au-del\u00e0 des fronti\u00e8res, pour vous offrir le\u00a0meilleur!\",\"publisher\":{\"@id\":\"https:\\\/\\\/aigleshopping.ca\\\/#organization\"},\"potentialAction\":[{\"@type\":\"SearchAction\",\"target\":{\"@type\":\"EntryPoint\",\"urlTemplate\":\"https:\\\/\\\/aigleshopping.ca\\\/?s={search_term_string}\"},\"query-input\":{\"@type\":\"PropertyValueSpecification\",\"valueRequired\":true,\"valueName\":\"search_term_string\"}}],\"inLanguage\":\"fr-FR\"},{\"@type\":\"Organization\",\"@id\":\"https:\\\/\\\/aigleshopping.ca\\\/#organization\",\"name\":\"Aigle Shopping Canada\",\"url\":\"https:\\\/\\\/aigleshopping.ca\\\/\",\"logo\":{\"@type\":\"ImageObject\",\"inLanguage\":\"fr-FR\",\"@id\":\"https:\\\/\\\/aigleshopping.ca\\\/#\\\/schema\\\/logo\\\/image\\\/\",\"url\":\"https:\\\/\\\/aigleshopping.ca\\\/wp-content\\\/uploads\\\/2025\\\/12\\\/logo_aigleshopping_ca.png\",\"contentUrl\":\"https:\\\/\\\/aigleshopping.ca\\\/wp-content\\\/uploads\\\/2025\\\/12\\\/logo_aigleshopping_ca.png\",\"width\":800,\"height\":233,\"caption\":\"Aigle Shopping Canada\"},\"image\":{\"@id\":\"https:\\\/\\\/aigleshopping.ca\\\/#\\\/schema\\\/logo\\\/image\\\/\"}}]}<\/script>\n<!-- \/ Yoast SEO plugin. -->","yoast_head_json":{"title":"Mod\u00e8le rechargeable Tasse \u00e0 remuer automatique Tasse \u00e0 caf\u00e9 Tasse \u00e0 remuer \u00e9lectrique de grande valeur Tasse \u00e0 eau magn\u00e9tique rotative Lazy Milkshake - Aigle Shopping Canada","robots":{"index":"index","follow":"follow","max-snippet":"max-snippet:-1","max-image-preview":"max-image-preview:large","max-video-preview":"max-video-preview:-1"},"canonical":"https:\/\/aigleshopping.ca\/fr\/produit\/modele-rechargeable-tasse-a-remuer-automatique-tasse-a-cafe-tasse-a-remuer-electrique-de-grande-valeur-tasse-a-eau-magnetique-rotative-lazy-milkshake\/","og_locale":"fr_FR","og_type":"article","og_title":"Mod\u00e8le rechargeable Tasse \u00e0 remuer automatique Tasse \u00e0 caf\u00e9 Tasse \u00e0 remuer \u00e9lectrique de grande valeur Tasse \u00e0 eau magn\u00e9tique rotative Lazy Milkshake - Aigle Shopping Canada","og_description":"Vue d&rsquo;ensemble : Fabriqu\u00e9 \u00e0 partir de mat\u00e9riaux de qualit\u00e9 alimentaire, s\u00fbrs et sains, le rev\u00eatement int\u00e9rieur est ferm\u00e9 et l&rsquo;eau ne fuit pas. Fonction d&rsquo;agitation automatique, appuyez sur l&rsquo;interrupteur et vous obtiendrez un m\u00e9lange complet de caf\u00e9 chaud. Parfait pour une utilisation \u00e0 la maison ou au bureau, et pour garder votre caf\u00e9, th\u00e9 [&hellip;]","og_url":"https:\/\/aigleshopping.ca\/fr\/produit\/modele-rechargeable-tasse-a-remuer-automatique-tasse-a-cafe-tasse-a-remuer-electrique-de-grande-valeur-tasse-a-eau-magnetique-rotative-lazy-milkshake\/","og_site_name":"Aigle Shopping Canada","article_modified_time":"2025-08-24T22:11:47+00:00","og_image":[{"width":800,"height":800,"url":"https:\/\/aigleshopping.ca\/wp-content\/uploads\/2024\/12\/f3056a17-58dd-451b-81c1-6b3845de34d8.jpg","type":"image\/jpeg"}],"twitter_card":"summary_large_image","twitter_misc":{"Dur\u00e9e de lecture estim\u00e9e":"1 minute"},"schema":{"@context":"https:\/\/schema.org","@graph":[{"@type":"WebPage","@id":"https:\/\/aigleshopping.ca\/fr\/produit\/modele-rechargeable-tasse-a-remuer-automatique-tasse-a-cafe-tasse-a-remuer-electrique-de-grande-valeur-tasse-a-eau-magnetique-rotative-lazy-milkshake\/","url":"https:\/\/aigleshopping.ca\/fr\/produit\/modele-rechargeable-tasse-a-remuer-automatique-tasse-a-cafe-tasse-a-remuer-electrique-de-grande-valeur-tasse-a-eau-magnetique-rotative-lazy-milkshake\/","name":"Mod\u00e8le rechargeable Tasse \u00e0 remuer automatique Tasse \u00e0 caf\u00e9 Tasse \u00e0 remuer \u00e9lectrique de grande valeur Tasse \u00e0 eau magn\u00e9tique rotative Lazy Milkshake - Aigle Shopping Canada","isPartOf":{"@id":"https:\/\/aigleshopping.ca\/#website"},"primaryImageOfPage":{"@id":"https:\/\/aigleshopping.ca\/fr\/produit\/modele-rechargeable-tasse-a-remuer-automatique-tasse-a-cafe-tasse-a-remuer-electrique-de-grande-valeur-tasse-a-eau-magnetique-rotative-lazy-milkshake\/#primaryimage"},"image":{"@id":"https:\/\/aigleshopping.ca\/fr\/produit\/modele-rechargeable-tasse-a-remuer-automatique-tasse-a-cafe-tasse-a-remuer-electrique-de-grande-valeur-tasse-a-eau-magnetique-rotative-lazy-milkshake\/#primaryimage"},"thumbnailUrl":"https:\/\/aigleshopping.ca\/wp-content\/uploads\/2024\/12\/f3056a17-58dd-451b-81c1-6b3845de34d8.jpg","datePublished":"2024-12-30T00:54:31+00:00","dateModified":"2025-08-24T22:11:47+00:00","breadcrumb":{"@id":"https:\/\/aigleshopping.ca\/fr\/produit\/modele-rechargeable-tasse-a-remuer-automatique-tasse-a-cafe-tasse-a-remuer-electrique-de-grande-valeur-tasse-a-eau-magnetique-rotative-lazy-milkshake\/#breadcrumb"},"inLanguage":"fr-FR","potentialAction":[{"@type":"ReadAction","target":["https:\/\/aigleshopping.ca\/fr\/produit\/modele-rechargeable-tasse-a-remuer-automatique-tasse-a-cafe-tasse-a-remuer-electrique-de-grande-valeur-tasse-a-eau-magnetique-rotative-lazy-milkshake\/"]}]},{"@type":"ImageObject","inLanguage":"fr-FR","@id":"https:\/\/aigleshopping.ca\/fr\/produit\/modele-rechargeable-tasse-a-remuer-automatique-tasse-a-cafe-tasse-a-remuer-electrique-de-grande-valeur-tasse-a-eau-magnetique-rotative-lazy-milkshake\/#primaryimage","url":"https:\/\/aigleshopping.ca\/wp-content\/uploads\/2024\/12\/f3056a17-58dd-451b-81c1-6b3845de34d8.jpg","contentUrl":"https:\/\/aigleshopping.ca\/wp-content\/uploads\/2024\/12\/f3056a17-58dd-451b-81c1-6b3845de34d8.jpg","width":800,"height":800},{"@type":"BreadcrumbList","@id":"https:\/\/aigleshopping.ca\/fr\/produit\/modele-rechargeable-tasse-a-remuer-automatique-tasse-a-cafe-tasse-a-remuer-electrique-de-grande-valeur-tasse-a-eau-magnetique-rotative-lazy-milkshake\/#breadcrumb","itemListElement":[{"@type":"ListItem","position":1,"name":"Home","item":"https:\/\/aigleshopping.ca\/fr\/home\/"},{"@type":"ListItem","position":2,"name":"Products","item":"https:\/\/aigleshopping.ca\/shop\/"},{"@type":"ListItem","position":3,"name":"Mod\u00e8le rechargeable Tasse \u00e0 remuer automatique Tasse \u00e0 caf\u00e9 Tasse \u00e0 remuer \u00e9lectrique de grande valeur Tasse \u00e0 eau magn\u00e9tique rotative Lazy Milkshake"}]},{"@type":"WebSite","@id":"https:\/\/aigleshopping.ca\/#website","url":"https:\/\/aigleshopping.ca\/","name":"Aigle Shopping Canada","description":"Au-del\u00e0 des fronti\u00e8res, pour vous offrir le\u00a0meilleur!","publisher":{"@id":"https:\/\/aigleshopping.ca\/#organization"},"potentialAction":[{"@type":"SearchAction","target":{"@type":"EntryPoint","urlTemplate":"https:\/\/aigleshopping.ca\/?s={search_term_string}"},"query-input":{"@type":"PropertyValueSpecification","valueRequired":true,"valueName":"search_term_string"}}],"inLanguage":"fr-FR"},{"@type":"Organization","@id":"https:\/\/aigleshopping.ca\/#organization","name":"Aigle Shopping Canada","url":"https:\/\/aigleshopping.ca\/","logo":{"@type":"ImageObject","inLanguage":"fr-FR","@id":"https:\/\/aigleshopping.ca\/#\/schema\/logo\/image\/","url":"https:\/\/aigleshopping.ca\/wp-content\/uploads\/2025\/12\/logo_aigleshopping_ca.png","contentUrl":"https:\/\/aigleshopping.ca\/wp-content\/uploads\/2025\/12\/logo_aigleshopping_ca.png","width":800,"height":233,"caption":"Aigle Shopping Canada"},"image":{"@id":"https:\/\/aigleshopping.ca\/#\/schema\/logo\/image\/"}}]}},"jetpack_sharing_enabled":true,"_links":{"self":[{"href":"https:\/\/aigleshopping.ca\/fr\/wp-json\/wp\/v2\/product\/33742","targetHints":{"allow":["GET"]}}],"collection":[{"href":"https:\/\/aigleshopping.ca\/fr\/wp-json\/wp\/v2\/product"}],"about":[{"href":"https:\/\/aigleshopping.ca\/fr\/wp-json\/wp\/v2\/types\/product"}],"replies":[{"embeddable":true,"href":"https:\/\/aigleshopping.ca\/fr\/wp-json\/wp\/v2\/comments?post=33742"}],"wp:featuredmedia":[{"embeddable":true,"href":"https:\/\/aigleshopping.ca\/fr\/wp-json\/wp\/v2\/media\/7251"}],"wp:attachment":[{"href":"https:\/\/aigleshopping.ca\/fr\/wp-json\/wp\/v2\/media?parent=33742"}],"wp:term":[{"taxonomy":"product_brand","embeddable":true,"href":"https:\/\/aigleshopping.ca\/fr\/wp-json\/wp\/v2\/product_brand?post=33742"},{"taxonomy":"product_cat","embeddable":true,"href":"https:\/\/aigleshopping.ca\/fr\/wp-json\/wp\/v2\/product_cat?post=33742"},{"taxonomy":"product_tag","embeddable":true,"href":"https:\/\/aigleshopping.ca\/fr\/wp-json\/wp\/v2\/product_tag?post=33742"}],"curies":[{"name":"wp","href":"https:\/\/api.w.org\/{rel}","templated":true}]}}