{"id":33769,"date":"2024-12-29T20:51:51","date_gmt":"2024-12-29T20:51:51","guid":{"rendered":"https:\/\/aigleshopping.ca\/produit\/hommes-mode-laine-dagneau-manteau-sweatshirt-sweat-a-capuche-design-ligne-patchwork-hommes-tops-casual\/"},"modified":"2024-12-29T20:51:51","modified_gmt":"2024-12-29T20:51:51","slug":"hommes-mode-laine-dagneau-manteau-sweatshirt-sweat-a-capuche-design-ligne-patchwork-hommes-tops-casual","status":"publish","type":"product","link":"https:\/\/aigleshopping.ca\/fr\/produit\/hommes-mode-laine-dagneau-manteau-sweatshirt-sweat-a-capuche-design-ligne-patchwork-hommes-tops-casual\/","title":{"rendered":"Hommes Mode Laine d&rsquo;Agneau Manteau Sweatshirt Sweat \u00e0 Capuche Design Ligne Patchwork Hommes Tops Casual"},"content":{"rendered":"<p>\n <b>Vue d&rsquo;ensemble :<\/b><br \/>\n <br \/> Un design unique, \u00e9l\u00e9gant et beau.<br \/>\n <br \/> Mat\u00e9riau de qualit\u00e9, confortable \u00e0 porter.<br \/>\n <br \/> Une vari\u00e9t\u00e9 de couleurs, au choix.\n<\/p>\n<p>\n <b><br \/>\n  <br \/> <\/b>\n<\/p>\n<p>\n <b>Informations sur le produit :<\/b><br \/>\n <br \/> Version : En vrac<br \/>\n <br \/>  Patte de boutonnage : fermeture \u00e0 glissi\u00e8re<br \/>\n <br \/>  Nom du tissu : m\u00e9lange de fibres chimiques<br \/>\n <br \/>  Composition du tissu principal : Fibre de polyester (polyester)<br \/>\n <br \/>  Type de manche : manche normale<br \/>\n <br \/>  Longueur des manches : manches longues<br \/>\n <br \/>  Couleur : noir, gris clair, gris fonc\u00e9, collier gris<br \/>\n <br \/>  Taille : XS, S, M, L, XL, XXL\n<\/p>\n<p><b>Taille :<\/b><br \/>\n<br \/><img decoding=\"async\" src=\"https:\/\/oss-cf.cjdropshipping.com\/product\/2024\/12\/04\/01\/009d6240-1d44-43a1-b194-6358d88c9b56.jpg?x-oss-process=image\/quality,q_100\"><\/p>\n<p>\n <\/p>\n<p><b>Note :<\/b><br \/>\n1. Les tailles asiatiques sont 1 \u00e0 2 tailles plus petites que les tailles europ\u00e9ennes et am\u00e9ricaines. Choisissez la taille la plus grande si votre taille se situe entre deux tailles. Veuillez tenir compte d&rsquo;une diff\u00e9rence de 2 \u00e0 3 cm due aux mesures manuelles. 2. Si vous ne savez pas comment choisir votre taille, veuillez contacter notre service client\u00e8le.    3. comme vous le savez, les ordinateurs affichent les couleurs diff\u00e9remment, la couleur de l&rsquo;article r\u00e9el peut varier l\u00e9g\u00e8rement par rapport aux images suivantes.<br \/>\n<br \/><b>Liste d&#8217;emballage :  <\/b><br \/>\n<br \/>1* Veste<br \/>\n<br \/><b>Image du produit :<\/b><br \/>\n<br \/><img decoding=\"async\" src=\"https:\/\/oss-cf.cjdropshipping.com\/product\/2024\/12\/04\/01\/51cc8f20-e49a-40e1-be18-1b5b636c8b86.jpg\"><br \/>\n<img decoding=\"async\" src=\"https:\/\/oss-cf.cjdropshipping.com\/product\/2024\/12\/04\/01\/54c7373a-f498-4e1f-8b7e-de9f0be39ece.jpg\" width=\"853\" height=\"1001.83\"><br \/>\n<img decoding=\"async\" src=\"https:\/\/oss-cf.cjdropshipping.com\/product\/2024\/12\/04\/01\/33bcc6a3-3026-42b3-9ac9-29ac6b8bdc08.jpg\"><br \/>\n<img decoding=\"async\" src=\"https:\/\/oss-cf.cjdropshipping.com\/product\/2024\/12\/04\/01\/51bfd437-cbb2-4762-b032-1e32245ed8d2.jpg\" width=\"751\" height=\"910.23\"><br \/>\n<img decoding=\"async\" src=\"https:\/\/oss-cf.cjdropshipping.com\/product\/2024\/12\/04\/01\/73ae18ed-cfa1-4afe-b2c5-7cf10ac4fe08.jpg\"><br \/>\n<img decoding=\"async\" src=\"https:\/\/oss-cf.cjdropshipping.com\/product\/2024\/12\/04\/01\/91415cde-a919-4c1f-88d0-2a6c3465103a.jpg\"><br \/>\n<img decoding=\"async\" src=\"https:\/\/oss-cf.cjdropshipping.com\/product\/2024\/12\/04\/01\/e7229e67-a2ef-4abc-ae66-f72f9a3587c0.jpg\"><br \/>\n<img decoding=\"async\" src=\"https:\/\/oss-cf.cjdropshipping.com\/product\/2024\/12\/04\/01\/224b5586-b885-417c-9be6-141ecf776fb4.jpg\"><\/p>\n","protected":false},"excerpt":{"rendered":"<p>Vue d&rsquo;ensemble : Un design unique, \u00e9l\u00e9gant et beau. Mat\u00e9riau de qualit\u00e9, confortable \u00e0 porter. Une vari\u00e9t\u00e9 de couleurs, au choix. Informations sur le produit : Version : En vrac Patte de boutonnage : fermeture \u00e0 glissi\u00e8re Nom du tissu : m\u00e9lange de fibres chimiques Composition du tissu principal : Fibre de polyester (polyester) Type [&hellip;]<\/p>\n","protected":false},"featured_media":7001,"comment_status":"open","ping_status":"closed","template":"","meta":{"content-type":""},"product_brand":[],"product_cat":[691],"product_tag":[],"class_list":{"0":"post-33769","1":"product","2":"type-product","3":"status-publish","4":"has-post-thumbnail","6":"product_cat-sweatshirt-fr-2","8":"first","9":"instock","10":"taxable","11":"shipping-taxable","12":"purchasable","13":"product-type-variable","14":"add-to-wishlist-after_add_to_cart"},"yoast_head":"<!-- This site is optimized with the Yoast SEO plugin v27.4 - https:\/\/yoast.com\/product\/yoast-seo-wordpress\/ -->\n<title>Hommes Mode Laine d&#039;Agneau Manteau Sweatshirt Sweat \u00e0 Capuche Design Ligne Patchwork Hommes Tops Casual - Aigle Shopping Canada<\/title>\n<meta name=\"robots\" content=\"index, follow, max-snippet:-1, max-image-preview:large, max-video-preview:-1\" \/>\n<link rel=\"canonical\" href=\"https:\/\/aigleshopping.ca\/fr\/produit\/hommes-mode-laine-dagneau-manteau-sweatshirt-sweat-a-capuche-design-ligne-patchwork-hommes-tops-casual\/\" \/>\n<meta property=\"og:locale\" content=\"fr_FR\" \/>\n<meta property=\"og:type\" content=\"article\" \/>\n<meta property=\"og:title\" content=\"Hommes Mode Laine d&#039;Agneau Manteau Sweatshirt Sweat \u00e0 Capuche Design Ligne Patchwork Hommes Tops Casual - Aigle Shopping Canada\" \/>\n<meta property=\"og:description\" content=\"Vue d&rsquo;ensemble : Un design unique, \u00e9l\u00e9gant et beau. Mat\u00e9riau de qualit\u00e9, confortable \u00e0 porter. Une vari\u00e9t\u00e9 de couleurs, au choix. Informations sur le produit : Version : En vrac Patte de boutonnage : fermeture \u00e0 glissi\u00e8re Nom du tissu : m\u00e9lange de fibres chimiques Composition du tissu principal : Fibre de polyester (polyester) Type [&hellip;]\" \/>\n<meta property=\"og:url\" content=\"https:\/\/aigleshopping.ca\/fr\/produit\/hommes-mode-laine-dagneau-manteau-sweatshirt-sweat-a-capuche-design-ligne-patchwork-hommes-tops-casual\/\" \/>\n<meta property=\"og:site_name\" content=\"Aigle Shopping Canada\" \/>\n<meta property=\"og:image\" content=\"https:\/\/aigleshopping.ca\/wp-content\/uploads\/2024\/12\/b25e1118-19ba-4b4a-a89c-48d6895d39b0.jpg\" \/>\n\t<meta property=\"og:image:width\" content=\"1200\" \/>\n\t<meta property=\"og:image:height\" content=\"1200\" \/>\n\t<meta property=\"og:image:type\" content=\"image\/jpeg\" \/>\n<meta name=\"twitter:card\" content=\"summary_large_image\" \/>\n<meta name=\"twitter:label1\" content=\"Dur\u00e9e de lecture estim\u00e9e\" \/>\n\t<meta name=\"twitter:data1\" content=\"1 minute\" \/>\n<script type=\"application\/ld+json\" class=\"yoast-schema-graph\">{\"@context\":\"https:\\\/\\\/schema.org\",\"@graph\":[{\"@type\":\"WebPage\",\"@id\":\"https:\\\/\\\/aigleshopping.ca\\\/fr\\\/produit\\\/hommes-mode-laine-dagneau-manteau-sweatshirt-sweat-a-capuche-design-ligne-patchwork-hommes-tops-casual\\\/\",\"url\":\"https:\\\/\\\/aigleshopping.ca\\\/fr\\\/produit\\\/hommes-mode-laine-dagneau-manteau-sweatshirt-sweat-a-capuche-design-ligne-patchwork-hommes-tops-casual\\\/\",\"name\":\"Hommes Mode Laine d'Agneau Manteau Sweatshirt Sweat \u00e0 Capuche Design Ligne Patchwork Hommes Tops Casual - Aigle Shopping Canada\",\"isPartOf\":{\"@id\":\"https:\\\/\\\/aigleshopping.ca\\\/#website\"},\"primaryImageOfPage\":{\"@id\":\"https:\\\/\\\/aigleshopping.ca\\\/fr\\\/produit\\\/hommes-mode-laine-dagneau-manteau-sweatshirt-sweat-a-capuche-design-ligne-patchwork-hommes-tops-casual\\\/#primaryimage\"},\"image\":{\"@id\":\"https:\\\/\\\/aigleshopping.ca\\\/fr\\\/produit\\\/hommes-mode-laine-dagneau-manteau-sweatshirt-sweat-a-capuche-design-ligne-patchwork-hommes-tops-casual\\\/#primaryimage\"},\"thumbnailUrl\":\"https:\\\/\\\/aigleshopping.ca\\\/wp-content\\\/uploads\\\/2024\\\/12\\\/b25e1118-19ba-4b4a-a89c-48d6895d39b0.jpg\",\"datePublished\":\"2024-12-29T20:51:51+00:00\",\"breadcrumb\":{\"@id\":\"https:\\\/\\\/aigleshopping.ca\\\/fr\\\/produit\\\/hommes-mode-laine-dagneau-manteau-sweatshirt-sweat-a-capuche-design-ligne-patchwork-hommes-tops-casual\\\/#breadcrumb\"},\"inLanguage\":\"fr-FR\",\"potentialAction\":[{\"@type\":\"ReadAction\",\"target\":[\"https:\\\/\\\/aigleshopping.ca\\\/fr\\\/produit\\\/hommes-mode-laine-dagneau-manteau-sweatshirt-sweat-a-capuche-design-ligne-patchwork-hommes-tops-casual\\\/\"]}]},{\"@type\":\"ImageObject\",\"inLanguage\":\"fr-FR\",\"@id\":\"https:\\\/\\\/aigleshopping.ca\\\/fr\\\/produit\\\/hommes-mode-laine-dagneau-manteau-sweatshirt-sweat-a-capuche-design-ligne-patchwork-hommes-tops-casual\\\/#primaryimage\",\"url\":\"https:\\\/\\\/aigleshopping.ca\\\/wp-content\\\/uploads\\\/2024\\\/12\\\/b25e1118-19ba-4b4a-a89c-48d6895d39b0.jpg\",\"contentUrl\":\"https:\\\/\\\/aigleshopping.ca\\\/wp-content\\\/uploads\\\/2024\\\/12\\\/b25e1118-19ba-4b4a-a89c-48d6895d39b0.jpg\",\"width\":1200,\"height\":1200},{\"@type\":\"BreadcrumbList\",\"@id\":\"https:\\\/\\\/aigleshopping.ca\\\/fr\\\/produit\\\/hommes-mode-laine-dagneau-manteau-sweatshirt-sweat-a-capuche-design-ligne-patchwork-hommes-tops-casual\\\/#breadcrumb\",\"itemListElement\":[{\"@type\":\"ListItem\",\"position\":1,\"name\":\"Home\",\"item\":\"https:\\\/\\\/aigleshopping.ca\\\/fr\\\/home\\\/\"},{\"@type\":\"ListItem\",\"position\":2,\"name\":\"Products\",\"item\":\"https:\\\/\\\/aigleshopping.ca\\\/shop\\\/\"},{\"@type\":\"ListItem\",\"position\":3,\"name\":\"Hommes Mode Laine d&#8217;Agneau Manteau Sweatshirt Sweat \u00e0 Capuche Design Ligne Patchwork Hommes Tops Casual\"}]},{\"@type\":\"WebSite\",\"@id\":\"https:\\\/\\\/aigleshopping.ca\\\/#website\",\"url\":\"https:\\\/\\\/aigleshopping.ca\\\/\",\"name\":\"Aigle Shopping Canada\",\"description\":\"Au-del\u00e0 des fronti\u00e8res, pour vous offrir le\u00a0meilleur!\",\"publisher\":{\"@id\":\"https:\\\/\\\/aigleshopping.ca\\\/#organization\"},\"potentialAction\":[{\"@type\":\"SearchAction\",\"target\":{\"@type\":\"EntryPoint\",\"urlTemplate\":\"https:\\\/\\\/aigleshopping.ca\\\/?s={search_term_string}\"},\"query-input\":{\"@type\":\"PropertyValueSpecification\",\"valueRequired\":true,\"valueName\":\"search_term_string\"}}],\"inLanguage\":\"fr-FR\"},{\"@type\":\"Organization\",\"@id\":\"https:\\\/\\\/aigleshopping.ca\\\/#organization\",\"name\":\"Aigle Shopping Canada\",\"url\":\"https:\\\/\\\/aigleshopping.ca\\\/\",\"logo\":{\"@type\":\"ImageObject\",\"inLanguage\":\"fr-FR\",\"@id\":\"https:\\\/\\\/aigleshopping.ca\\\/#\\\/schema\\\/logo\\\/image\\\/\",\"url\":\"https:\\\/\\\/aigleshopping.ca\\\/wp-content\\\/uploads\\\/2025\\\/12\\\/logo_aigleshopping_ca.png\",\"contentUrl\":\"https:\\\/\\\/aigleshopping.ca\\\/wp-content\\\/uploads\\\/2025\\\/12\\\/logo_aigleshopping_ca.png\",\"width\":800,\"height\":233,\"caption\":\"Aigle Shopping Canada\"},\"image\":{\"@id\":\"https:\\\/\\\/aigleshopping.ca\\\/#\\\/schema\\\/logo\\\/image\\\/\"}}]}<\/script>\n<!-- \/ Yoast SEO plugin. -->","yoast_head_json":{"title":"Hommes Mode Laine d'Agneau Manteau Sweatshirt Sweat \u00e0 Capuche Design Ligne Patchwork Hommes Tops Casual - Aigle Shopping Canada","robots":{"index":"index","follow":"follow","max-snippet":"max-snippet:-1","max-image-preview":"max-image-preview:large","max-video-preview":"max-video-preview:-1"},"canonical":"https:\/\/aigleshopping.ca\/fr\/produit\/hommes-mode-laine-dagneau-manteau-sweatshirt-sweat-a-capuche-design-ligne-patchwork-hommes-tops-casual\/","og_locale":"fr_FR","og_type":"article","og_title":"Hommes Mode Laine d'Agneau Manteau Sweatshirt Sweat \u00e0 Capuche Design Ligne Patchwork Hommes Tops Casual - Aigle Shopping Canada","og_description":"Vue d&rsquo;ensemble : Un design unique, \u00e9l\u00e9gant et beau. Mat\u00e9riau de qualit\u00e9, confortable \u00e0 porter. Une vari\u00e9t\u00e9 de couleurs, au choix. Informations sur le produit : Version : En vrac Patte de boutonnage : fermeture \u00e0 glissi\u00e8re Nom du tissu : m\u00e9lange de fibres chimiques Composition du tissu principal : Fibre de polyester (polyester) Type [&hellip;]","og_url":"https:\/\/aigleshopping.ca\/fr\/produit\/hommes-mode-laine-dagneau-manteau-sweatshirt-sweat-a-capuche-design-ligne-patchwork-hommes-tops-casual\/","og_site_name":"Aigle Shopping Canada","og_image":[{"width":1200,"height":1200,"url":"https:\/\/aigleshopping.ca\/wp-content\/uploads\/2024\/12\/b25e1118-19ba-4b4a-a89c-48d6895d39b0.jpg","type":"image\/jpeg"}],"twitter_card":"summary_large_image","twitter_misc":{"Dur\u00e9e de lecture estim\u00e9e":"1 minute"},"schema":{"@context":"https:\/\/schema.org","@graph":[{"@type":"WebPage","@id":"https:\/\/aigleshopping.ca\/fr\/produit\/hommes-mode-laine-dagneau-manteau-sweatshirt-sweat-a-capuche-design-ligne-patchwork-hommes-tops-casual\/","url":"https:\/\/aigleshopping.ca\/fr\/produit\/hommes-mode-laine-dagneau-manteau-sweatshirt-sweat-a-capuche-design-ligne-patchwork-hommes-tops-casual\/","name":"Hommes Mode Laine d'Agneau Manteau Sweatshirt Sweat \u00e0 Capuche Design Ligne Patchwork Hommes Tops Casual - Aigle Shopping Canada","isPartOf":{"@id":"https:\/\/aigleshopping.ca\/#website"},"primaryImageOfPage":{"@id":"https:\/\/aigleshopping.ca\/fr\/produit\/hommes-mode-laine-dagneau-manteau-sweatshirt-sweat-a-capuche-design-ligne-patchwork-hommes-tops-casual\/#primaryimage"},"image":{"@id":"https:\/\/aigleshopping.ca\/fr\/produit\/hommes-mode-laine-dagneau-manteau-sweatshirt-sweat-a-capuche-design-ligne-patchwork-hommes-tops-casual\/#primaryimage"},"thumbnailUrl":"https:\/\/aigleshopping.ca\/wp-content\/uploads\/2024\/12\/b25e1118-19ba-4b4a-a89c-48d6895d39b0.jpg","datePublished":"2024-12-29T20:51:51+00:00","breadcrumb":{"@id":"https:\/\/aigleshopping.ca\/fr\/produit\/hommes-mode-laine-dagneau-manteau-sweatshirt-sweat-a-capuche-design-ligne-patchwork-hommes-tops-casual\/#breadcrumb"},"inLanguage":"fr-FR","potentialAction":[{"@type":"ReadAction","target":["https:\/\/aigleshopping.ca\/fr\/produit\/hommes-mode-laine-dagneau-manteau-sweatshirt-sweat-a-capuche-design-ligne-patchwork-hommes-tops-casual\/"]}]},{"@type":"ImageObject","inLanguage":"fr-FR","@id":"https:\/\/aigleshopping.ca\/fr\/produit\/hommes-mode-laine-dagneau-manteau-sweatshirt-sweat-a-capuche-design-ligne-patchwork-hommes-tops-casual\/#primaryimage","url":"https:\/\/aigleshopping.ca\/wp-content\/uploads\/2024\/12\/b25e1118-19ba-4b4a-a89c-48d6895d39b0.jpg","contentUrl":"https:\/\/aigleshopping.ca\/wp-content\/uploads\/2024\/12\/b25e1118-19ba-4b4a-a89c-48d6895d39b0.jpg","width":1200,"height":1200},{"@type":"BreadcrumbList","@id":"https:\/\/aigleshopping.ca\/fr\/produit\/hommes-mode-laine-dagneau-manteau-sweatshirt-sweat-a-capuche-design-ligne-patchwork-hommes-tops-casual\/#breadcrumb","itemListElement":[{"@type":"ListItem","position":1,"name":"Home","item":"https:\/\/aigleshopping.ca\/fr\/home\/"},{"@type":"ListItem","position":2,"name":"Products","item":"https:\/\/aigleshopping.ca\/shop\/"},{"@type":"ListItem","position":3,"name":"Hommes Mode Laine d&#8217;Agneau Manteau Sweatshirt Sweat \u00e0 Capuche Design Ligne Patchwork Hommes Tops Casual"}]},{"@type":"WebSite","@id":"https:\/\/aigleshopping.ca\/#website","url":"https:\/\/aigleshopping.ca\/","name":"Aigle Shopping Canada","description":"Au-del\u00e0 des fronti\u00e8res, pour vous offrir le\u00a0meilleur!","publisher":{"@id":"https:\/\/aigleshopping.ca\/#organization"},"potentialAction":[{"@type":"SearchAction","target":{"@type":"EntryPoint","urlTemplate":"https:\/\/aigleshopping.ca\/?s={search_term_string}"},"query-input":{"@type":"PropertyValueSpecification","valueRequired":true,"valueName":"search_term_string"}}],"inLanguage":"fr-FR"},{"@type":"Organization","@id":"https:\/\/aigleshopping.ca\/#organization","name":"Aigle Shopping Canada","url":"https:\/\/aigleshopping.ca\/","logo":{"@type":"ImageObject","inLanguage":"fr-FR","@id":"https:\/\/aigleshopping.ca\/#\/schema\/logo\/image\/","url":"https:\/\/aigleshopping.ca\/wp-content\/uploads\/2025\/12\/logo_aigleshopping_ca.png","contentUrl":"https:\/\/aigleshopping.ca\/wp-content\/uploads\/2025\/12\/logo_aigleshopping_ca.png","width":800,"height":233,"caption":"Aigle Shopping Canada"},"image":{"@id":"https:\/\/aigleshopping.ca\/#\/schema\/logo\/image\/"}}]}},"jetpack_sharing_enabled":true,"_links":{"self":[{"href":"https:\/\/aigleshopping.ca\/fr\/wp-json\/wp\/v2\/product\/33769","targetHints":{"allow":["GET"]}}],"collection":[{"href":"https:\/\/aigleshopping.ca\/fr\/wp-json\/wp\/v2\/product"}],"about":[{"href":"https:\/\/aigleshopping.ca\/fr\/wp-json\/wp\/v2\/types\/product"}],"replies":[{"embeddable":true,"href":"https:\/\/aigleshopping.ca\/fr\/wp-json\/wp\/v2\/comments?post=33769"}],"wp:featuredmedia":[{"embeddable":true,"href":"https:\/\/aigleshopping.ca\/fr\/wp-json\/wp\/v2\/media\/7001"}],"wp:attachment":[{"href":"https:\/\/aigleshopping.ca\/fr\/wp-json\/wp\/v2\/media?parent=33769"}],"wp:term":[{"taxonomy":"product_brand","embeddable":true,"href":"https:\/\/aigleshopping.ca\/fr\/wp-json\/wp\/v2\/product_brand?post=33769"},{"taxonomy":"product_cat","embeddable":true,"href":"https:\/\/aigleshopping.ca\/fr\/wp-json\/wp\/v2\/product_cat?post=33769"},{"taxonomy":"product_tag","embeddable":true,"href":"https:\/\/aigleshopping.ca\/fr\/wp-json\/wp\/v2\/product_tag?post=33769"}],"curies":[{"name":"wp","href":"https:\/\/api.w.org\/{rel}","templated":true}]}}