{"id":5334,"date":"2024-10-24T00:14:23","date_gmt":"2024-10-24T00:14:23","guid":{"rendered":"https:\/\/aigleshopping.ca\/?post_type=product&#038;p=5334"},"modified":"2024-10-24T00:14:23","modified_gmt":"2024-10-24T00:14:23","slug":"montre-intelligente-pour-telephone-portable-android-samsung","status":"publish","type":"product","link":"https:\/\/aigleshopping.ca\/fr\/produit\/montre-intelligente-pour-telephone-portable-android-samsung\/","title":{"rendered":"Montre intelligente pour t\u00e9l\u00e9phone portable Android samsung"},"content":{"rendered":"<h1>DESCRIPTION<\/h1>\n<p>Musique \u00e0 la demande: avec la capacit\u00e9 des chansons, toutes vos chansons pr\u00e9f\u00e9r\u00e9es peuvent \u00eatre stock\u00e9es. Vous pouvez non seulement vous connecter avec des \u00e9couteurs, mais aussi jouer directement la voix, afin que vous puissiez profiter de la double exp\u00e9rience de relaxation du sport et de la musique. 2. Analyse professionnelle des donn\u00e9es sportives: capteur de mouvements pr\u00e9cis, enregistrement des donn\u00e9es de mouvement toute la journ\u00e9e, d\u00e9tection automatique du comptage des pas d&rsquo;exercice, calcul intelligent de la distance de marche et de la consommation de chaleur, nouvelle exp\u00e9rience sportive, nous aimons la vie saine. 3. Fonction de r\u00e9veil: dites adieu \u00e0 la sonnette d&rsquo;alarme traditionnelle dure, r\u00e9veillez-vous par vibration le matin et informez les jours et les heures importants. 4. Portabilit\u00e9: ce produit est de petite taille et l\u00e9ger, tr\u00e8s pratique \u00e0 transporter. 5. Conception ergonomique: ce produit adopte un design ergonomique et est tr\u00e8s pratique \u00e0 utiliser.<\/p>\n<h1>CARACTERISTIQUES<\/h1>\n<ul>\n<li>Point d&rsquo;origine : China<br \/>\nForme de lu0027article : Carr\u00e9<br \/>\nPersonnes applicables : Unisexe<br \/>\nTaille de l&rsquo;\u00e9cran : 28mm<br \/>\nAutonomie de la batterie : 3 mois et ci-dessus<br \/>\nNorme imperm\u00e9able \u00e0 l&rsquo;eau: IPX-6<br \/>\nMoule priv\u00e9: OUI<br \/>\nMarque nom: Hopora<br \/>\nNum\u00e9ro de Type : DZ09-2<br \/>\nSyst\u00e8me d&rsquo;op\u00e9ration: Andro\u00efde, Ios<br \/>\nAppareil-photo: Pas de cam\u00e9ra<br \/>\nMat\u00e9riel de bande: Caoutchouc<br \/>\nMat\u00e9riel de mallettes: Alliage<br \/>\nDispositif: 3G, \u00c9CRAN TACTILE, APP Contr\u00f4le<br \/>\nTaille : 1.44 \u00ab\u00a0TFT HD LCD<br \/>\nMat\u00e9riel: Plastique d&rsquo;ABS<br \/>\nMots cl\u00e9s: Montre Smartwatch Fitness<br \/>\nType : Montre intelligente extr\u00eame de traqueur de fr\u00e9quence cardiaque de 1,44 pouces NFC<br \/>\nEmballage: Bo\u00eete de couleur<br \/>\nSyst\u00e8me d&rsquo;op\u00e9ration: ANDROID, IOS<br \/>\n\u00c9cran : &lt;2\u00bb<br \/>\nCouleur d&rsquo;affichage: Couleur<br \/>\nCaract\u00e9ristique : Auto Focus<\/li>\n<\/ul>\n<p><img fetchpriority=\"high\" decoding=\"async\" class=\"alignnone wp-image-5342\" src=\"https:\/\/aigleshopping.ca\/wp-content\/uploads\/2024\/10\/H2e522c4c8afb4374ae35dfaa2031c46ev-300x164.avif\" alt=\"\" width=\"553\" height=\"302\" \/> <img decoding=\"async\" class=\"size-medium wp-image-5344 alignleft\" src=\"https:\/\/aigleshopping.ca\/wp-content\/uploads\/2024\/10\/H6bb89e8668904926ba493e3ce8e7590eh-268x300.avif\" alt=\"\" width=\"268\" height=\"300\" \/> <img decoding=\"async\" class=\"size-medium wp-image-5346 alignleft\" src=\"https:\/\/aigleshopping.ca\/wp-content\/uploads\/2024\/10\/H418f973dbd4a471fb0307240fe5f95b7y-300x300.avif\" alt=\"\" width=\"300\" height=\"300\" \/><\/p>\n","protected":false},"excerpt":{"rendered":"<h1 title=\"Montre intelligente avec cam\u00e9ra SIM, appel vid\u00e9o, WiFi, suivi sportif, Dz09, avec carte Sim, pour t\u00e9l\u00e9phone portable Android samsung\" data-spm-anchor-id=\"a2700.details.0.i46.43327eb1iXwBKB\">Montre intelligente avec cam\u00e9ra SIM, appel vid\u00e9o, WiFi, suivi sportif, Dz09, avec carte Sim, pour t\u00e9l\u00e9phone portable Android samsung<\/h1>\n","protected":false},"featured_media":5335,"comment_status":"open","ping_status":"closed","template":"","meta":{"content-type":""},"product_brand":[],"product_cat":[70],"product_tag":[],"class_list":{"0":"post-5334","1":"product","2":"type-product","3":"status-publish","4":"has-post-thumbnail","6":"product_cat-electronique","8":"first","9":"instock","10":"taxable","11":"shipping-taxable","12":"purchasable","13":"product-type-variable","14":"add-to-wishlist-after_add_to_cart"},"yoast_head":"<!-- This site is optimized with the Yoast SEO plugin v27.5 - https:\/\/yoast.com\/product\/yoast-seo-wordpress\/ -->\n<title>Montre intelligente pour t\u00e9l\u00e9phone portable Android samsung - Aigle Shopping Canada<\/title>\n<meta name=\"robots\" content=\"index, follow, max-snippet:-1, max-image-preview:large, max-video-preview:-1\" \/>\n<link rel=\"canonical\" href=\"https:\/\/aigleshopping.ca\/fr\/produit\/montre-intelligente-pour-telephone-portable-android-samsung\/\" \/>\n<meta property=\"og:locale\" content=\"fr_FR\" \/>\n<meta property=\"og:type\" content=\"article\" \/>\n<meta property=\"og:title\" content=\"Montre intelligente pour t\u00e9l\u00e9phone portable Android samsung - Aigle Shopping Canada\" \/>\n<meta property=\"og:description\" content=\"Montre intelligente avec cam\u00e9ra SIM, appel vid\u00e9o, WiFi, suivi sportif, Dz09, avec carte Sim, pour t\u00e9l\u00e9phone portable Android samsung\" \/>\n<meta property=\"og:url\" content=\"https:\/\/aigleshopping.ca\/fr\/produit\/montre-intelligente-pour-telephone-portable-android-samsung\/\" \/>\n<meta property=\"og:site_name\" content=\"Aigle Shopping Canada\" \/>\n<meta name=\"twitter:card\" content=\"summary_large_image\" \/>\n<meta name=\"twitter:label1\" content=\"Dur\u00e9e de lecture estim\u00e9e\" \/>\n\t<meta name=\"twitter:data1\" content=\"1 minute\" \/>\n<script type=\"application\/ld+json\" class=\"yoast-schema-graph\">{\"@context\":\"https:\\\/\\\/schema.org\",\"@graph\":[{\"@type\":\"WebPage\",\"@id\":\"https:\\\/\\\/aigleshopping.ca\\\/fr\\\/produit\\\/montre-intelligente-pour-telephone-portable-android-samsung\\\/\",\"url\":\"https:\\\/\\\/aigleshopping.ca\\\/fr\\\/produit\\\/montre-intelligente-pour-telephone-portable-android-samsung\\\/\",\"name\":\"Montre intelligente pour t\u00e9l\u00e9phone portable Android samsung - Aigle Shopping Canada\",\"isPartOf\":{\"@id\":\"https:\\\/\\\/aigleshopping.ca\\\/#website\"},\"primaryImageOfPage\":{\"@id\":\"https:\\\/\\\/aigleshopping.ca\\\/fr\\\/produit\\\/montre-intelligente-pour-telephone-portable-android-samsung\\\/#primaryimage\"},\"image\":{\"@id\":\"https:\\\/\\\/aigleshopping.ca\\\/fr\\\/produit\\\/montre-intelligente-pour-telephone-portable-android-samsung\\\/#primaryimage\"},\"thumbnailUrl\":\"https:\\\/\\\/aigleshopping.ca\\\/wp-content\\\/uploads\\\/2024\\\/10\\\/H02ca8bb881c54f0a94d8260dba1377aeM.avif\",\"datePublished\":\"2024-10-24T00:14:23+00:00\",\"breadcrumb\":{\"@id\":\"https:\\\/\\\/aigleshopping.ca\\\/fr\\\/produit\\\/montre-intelligente-pour-telephone-portable-android-samsung\\\/#breadcrumb\"},\"inLanguage\":\"fr-FR\",\"potentialAction\":[{\"@type\":\"ReadAction\",\"target\":[\"https:\\\/\\\/aigleshopping.ca\\\/fr\\\/produit\\\/montre-intelligente-pour-telephone-portable-android-samsung\\\/\"]}]},{\"@type\":\"ImageObject\",\"inLanguage\":\"fr-FR\",\"@id\":\"https:\\\/\\\/aigleshopping.ca\\\/fr\\\/produit\\\/montre-intelligente-pour-telephone-portable-android-samsung\\\/#primaryimage\",\"url\":\"https:\\\/\\\/aigleshopping.ca\\\/wp-content\\\/uploads\\\/2024\\\/10\\\/H02ca8bb881c54f0a94d8260dba1377aeM.avif\",\"contentUrl\":\"https:\\\/\\\/aigleshopping.ca\\\/wp-content\\\/uploads\\\/2024\\\/10\\\/H02ca8bb881c54f0a94d8260dba1377aeM.avif\",\"width\":926,\"height\":926},{\"@type\":\"BreadcrumbList\",\"@id\":\"https:\\\/\\\/aigleshopping.ca\\\/fr\\\/produit\\\/montre-intelligente-pour-telephone-portable-android-samsung\\\/#breadcrumb\",\"itemListElement\":[{\"@type\":\"ListItem\",\"position\":1,\"name\":\"Home\",\"item\":\"https:\\\/\\\/aigleshopping.ca\\\/fr\\\/home\\\/\"},{\"@type\":\"ListItem\",\"position\":2,\"name\":\"Products\",\"item\":\"https:\\\/\\\/aigleshopping.ca\\\/shop\\\/\"},{\"@type\":\"ListItem\",\"position\":3,\"name\":\"Montre intelligente pour t\u00e9l\u00e9phone portable Android samsung\"}]},{\"@type\":\"WebSite\",\"@id\":\"https:\\\/\\\/aigleshopping.ca\\\/#website\",\"url\":\"https:\\\/\\\/aigleshopping.ca\\\/\",\"name\":\"Aigle Shopping Canada\",\"description\":\"Au-del\u00e0 des fronti\u00e8res, pour vous offrir le\u00a0meilleur!\",\"publisher\":{\"@id\":\"https:\\\/\\\/aigleshopping.ca\\\/#organization\"},\"potentialAction\":[{\"@type\":\"SearchAction\",\"target\":{\"@type\":\"EntryPoint\",\"urlTemplate\":\"https:\\\/\\\/aigleshopping.ca\\\/?s={search_term_string}\"},\"query-input\":{\"@type\":\"PropertyValueSpecification\",\"valueRequired\":true,\"valueName\":\"search_term_string\"}}],\"inLanguage\":\"fr-FR\"},{\"@type\":\"Organization\",\"@id\":\"https:\\\/\\\/aigleshopping.ca\\\/#organization\",\"name\":\"Aigle Shopping Canada\",\"url\":\"https:\\\/\\\/aigleshopping.ca\\\/\",\"logo\":{\"@type\":\"ImageObject\",\"inLanguage\":\"fr-FR\",\"@id\":\"https:\\\/\\\/aigleshopping.ca\\\/#\\\/schema\\\/logo\\\/image\\\/\",\"url\":\"https:\\\/\\\/aigleshopping.ca\\\/wp-content\\\/uploads\\\/2025\\\/12\\\/logo_aigleshopping_ca.png\",\"contentUrl\":\"https:\\\/\\\/aigleshopping.ca\\\/wp-content\\\/uploads\\\/2025\\\/12\\\/logo_aigleshopping_ca.png\",\"width\":800,\"height\":233,\"caption\":\"Aigle Shopping Canada\"},\"image\":{\"@id\":\"https:\\\/\\\/aigleshopping.ca\\\/#\\\/schema\\\/logo\\\/image\\\/\"}}]}<\/script>\n<!-- \/ Yoast SEO plugin. -->","yoast_head_json":{"title":"Montre intelligente pour t\u00e9l\u00e9phone portable Android samsung - Aigle Shopping Canada","robots":{"index":"index","follow":"follow","max-snippet":"max-snippet:-1","max-image-preview":"max-image-preview:large","max-video-preview":"max-video-preview:-1"},"canonical":"https:\/\/aigleshopping.ca\/fr\/produit\/montre-intelligente-pour-telephone-portable-android-samsung\/","og_locale":"fr_FR","og_type":"article","og_title":"Montre intelligente pour t\u00e9l\u00e9phone portable Android samsung - Aigle Shopping Canada","og_description":"Montre intelligente avec cam\u00e9ra SIM, appel vid\u00e9o, WiFi, suivi sportif, Dz09, avec carte Sim, pour t\u00e9l\u00e9phone portable Android samsung","og_url":"https:\/\/aigleshopping.ca\/fr\/produit\/montre-intelligente-pour-telephone-portable-android-samsung\/","og_site_name":"Aigle Shopping Canada","twitter_card":"summary_large_image","twitter_misc":{"Dur\u00e9e de lecture estim\u00e9e":"1 minute"},"schema":{"@context":"https:\/\/schema.org","@graph":[{"@type":"WebPage","@id":"https:\/\/aigleshopping.ca\/fr\/produit\/montre-intelligente-pour-telephone-portable-android-samsung\/","url":"https:\/\/aigleshopping.ca\/fr\/produit\/montre-intelligente-pour-telephone-portable-android-samsung\/","name":"Montre intelligente pour t\u00e9l\u00e9phone portable Android samsung - Aigle Shopping Canada","isPartOf":{"@id":"https:\/\/aigleshopping.ca\/#website"},"primaryImageOfPage":{"@id":"https:\/\/aigleshopping.ca\/fr\/produit\/montre-intelligente-pour-telephone-portable-android-samsung\/#primaryimage"},"image":{"@id":"https:\/\/aigleshopping.ca\/fr\/produit\/montre-intelligente-pour-telephone-portable-android-samsung\/#primaryimage"},"thumbnailUrl":"https:\/\/aigleshopping.ca\/wp-content\/uploads\/2024\/10\/H02ca8bb881c54f0a94d8260dba1377aeM.avif","datePublished":"2024-10-24T00:14:23+00:00","breadcrumb":{"@id":"https:\/\/aigleshopping.ca\/fr\/produit\/montre-intelligente-pour-telephone-portable-android-samsung\/#breadcrumb"},"inLanguage":"fr-FR","potentialAction":[{"@type":"ReadAction","target":["https:\/\/aigleshopping.ca\/fr\/produit\/montre-intelligente-pour-telephone-portable-android-samsung\/"]}]},{"@type":"ImageObject","inLanguage":"fr-FR","@id":"https:\/\/aigleshopping.ca\/fr\/produit\/montre-intelligente-pour-telephone-portable-android-samsung\/#primaryimage","url":"https:\/\/aigleshopping.ca\/wp-content\/uploads\/2024\/10\/H02ca8bb881c54f0a94d8260dba1377aeM.avif","contentUrl":"https:\/\/aigleshopping.ca\/wp-content\/uploads\/2024\/10\/H02ca8bb881c54f0a94d8260dba1377aeM.avif","width":926,"height":926},{"@type":"BreadcrumbList","@id":"https:\/\/aigleshopping.ca\/fr\/produit\/montre-intelligente-pour-telephone-portable-android-samsung\/#breadcrumb","itemListElement":[{"@type":"ListItem","position":1,"name":"Home","item":"https:\/\/aigleshopping.ca\/fr\/home\/"},{"@type":"ListItem","position":2,"name":"Products","item":"https:\/\/aigleshopping.ca\/shop\/"},{"@type":"ListItem","position":3,"name":"Montre intelligente pour t\u00e9l\u00e9phone portable Android samsung"}]},{"@type":"WebSite","@id":"https:\/\/aigleshopping.ca\/#website","url":"https:\/\/aigleshopping.ca\/","name":"Aigle Shopping Canada","description":"Au-del\u00e0 des fronti\u00e8res, pour vous offrir le\u00a0meilleur!","publisher":{"@id":"https:\/\/aigleshopping.ca\/#organization"},"potentialAction":[{"@type":"SearchAction","target":{"@type":"EntryPoint","urlTemplate":"https:\/\/aigleshopping.ca\/?s={search_term_string}"},"query-input":{"@type":"PropertyValueSpecification","valueRequired":true,"valueName":"search_term_string"}}],"inLanguage":"fr-FR"},{"@type":"Organization","@id":"https:\/\/aigleshopping.ca\/#organization","name":"Aigle Shopping Canada","url":"https:\/\/aigleshopping.ca\/","logo":{"@type":"ImageObject","inLanguage":"fr-FR","@id":"https:\/\/aigleshopping.ca\/#\/schema\/logo\/image\/","url":"https:\/\/aigleshopping.ca\/wp-content\/uploads\/2025\/12\/logo_aigleshopping_ca.png","contentUrl":"https:\/\/aigleshopping.ca\/wp-content\/uploads\/2025\/12\/logo_aigleshopping_ca.png","width":800,"height":233,"caption":"Aigle Shopping Canada"},"image":{"@id":"https:\/\/aigleshopping.ca\/#\/schema\/logo\/image\/"}}]}},"jetpack_sharing_enabled":true,"_links":{"self":[{"href":"https:\/\/aigleshopping.ca\/fr\/wp-json\/wp\/v2\/product\/5334","targetHints":{"allow":["GET"]}}],"collection":[{"href":"https:\/\/aigleshopping.ca\/fr\/wp-json\/wp\/v2\/product"}],"about":[{"href":"https:\/\/aigleshopping.ca\/fr\/wp-json\/wp\/v2\/types\/product"}],"replies":[{"embeddable":true,"href":"https:\/\/aigleshopping.ca\/fr\/wp-json\/wp\/v2\/comments?post=5334"}],"wp:featuredmedia":[{"embeddable":true,"href":"https:\/\/aigleshopping.ca\/fr\/wp-json\/wp\/v2\/media\/5335"}],"wp:attachment":[{"href":"https:\/\/aigleshopping.ca\/fr\/wp-json\/wp\/v2\/media?parent=5334"}],"wp:term":[{"taxonomy":"product_brand","embeddable":true,"href":"https:\/\/aigleshopping.ca\/fr\/wp-json\/wp\/v2\/product_brand?post=5334"},{"taxonomy":"product_cat","embeddable":true,"href":"https:\/\/aigleshopping.ca\/fr\/wp-json\/wp\/v2\/product_cat?post=5334"},{"taxonomy":"product_tag","embeddable":true,"href":"https:\/\/aigleshopping.ca\/fr\/wp-json\/wp\/v2\/product_tag?post=5334"}],"curies":[{"name":"wp","href":"https:\/\/api.w.org\/{rel}","templated":true}]}}