{"id":8862,"date":"2025-01-29T17:03:29","date_gmt":"2025-01-29T17:03:29","guid":{"rendered":"https:\/\/aigleshopping.ca\/produit\/wine-red-faux-leather-suit-collar-long-sleeve-jacket\/"},"modified":"2025-01-30T12:35:47","modified_gmt":"2025-01-30T12:35:47","slug":"wine-red-faux-leather-suit-collar-long-sleeve-jacket","status":"publish","type":"product","link":"https:\/\/aigleshopping.ca\/fr\/produit\/wine-red-faux-leather-suit-collar-long-sleeve-jacket\/","title":{"rendered":"Veste \u00e0 manches longues avec col de costume en similicuir rouge vin"},"content":{"rendered":"<p>\n <b>Informations sur le produit :<\/b><br \/>Motif : couleur unie <br \/>  Couleur : rouge vin, en stock, livraison rapide, composition : PU 50% ; Polyester 50%, poids : 505g  <br \/>  Taille : S, M, L  <br \/>  Version : En vrac  <br \/>  Type de style : commut\u00e9 par le temp\u00e9rament  <br \/>  \u00c9l\u00e9ments populaires : veste en cuir  <br \/>  \u00c9paisseur : \u00e9paisse  <br \/>  Nom du tissu : cuir artificiel  <br \/>  Type de manche : manche normale  <br \/>  Composition du tissu principal : PU  <br \/>  Longueur : normale (50 cm)  &lt;longueur \u2264=\u00a0\u00bb\u00a0\u00bb 65cm)<br \/>  Sexe applicable : F\u00e9minin  <br \/>  Longueur des manches : manches longues  <br \/>  Style : style pendulaire  <br \/>  Artisanat : collage\/couture  <\/p>\n<p><b>Note :<\/b> 1. les tailles asiatiques sont 1 \u00e0 2 tailles plus petites que les tailles europ\u00e9ennes et am\u00e9ricaines. Choisissez la taille la plus grande si votre taille se situe entre deux tailles. Veuillez tenir compte d&rsquo;une diff\u00e9rence de 2 \u00e0 3 cm due aux mesures manuelles. 2. Si vous ne savez pas comment choisir votre taille, veuillez contacter notre service client\u00e8le. 3) Comme vous le savez, les ordinateurs affichent les couleurs diff\u00e9remment, la couleur de l&rsquo;article r\u00e9el peut varier l\u00e9g\u00e8rement par rapport aux images suivantes. <br \/><b>Liste d&#8217;emballage : <\/b><br \/> Veste*1 <br \/><b>Image du produit :<\/b><br \/>\n<br \/>\n<img decoding=\"async\" src=\"https:\/\/oss-cf.cjdropshipping.com\/product\/2024\/12\/29\/02\/ab1a9d9c-ec51-437d-9644-03d5487f037a_trans.jpeg\" data-key=\"1\"><br \/>\n<img decoding=\"async\" src=\"https:\/\/oss-cf.cjdropshipping.com\/product\/2024\/12\/29\/02\/e60fd68f-3065-494a-8194-4ca5bc3af815.jpg\" data-src=\"https:\/\/cbu01.alicdn.com\/img\/ibank\/O1CN01r3bK5w1dqUu4fb7GE_!!3020913787-0-cib.jpg\" data-key=\"2\" data-uploadossfail=\"false\"><br \/>\n<img decoding=\"async\" src=\"https:\/\/oss-cf.cjdropshipping.com\/product\/2024\/12\/29\/02\/83830e1f-331a-4021-a68d-0fdb725d2739.jpg\" data-src=\"https:\/\/cbu01.alicdn.com\/img\/ibank\/O1CN01tzA8991dqUtzInM3y_!!3020913787-0-cib.jpg\" data-key=\"3\" data-uploadossfail=\"false\"><br \/>\n<img decoding=\"async\" src=\"https:\/\/oss-cf.cjdropshipping.com\/product\/2024\/12\/29\/02\/f712202a-b704-4d3f-b8c6-118455166438.jpg\" data-src=\"https:\/\/cbu01.alicdn.com\/img\/ibank\/O1CN01z2q7CA1dqUu3f98ET_!!3020913787-0-cib.jpg\" data-key=\"4\" data-uploadossfail=\"false\"><br \/>\n<img decoding=\"async\" src=\"https:\/\/oss-cf.cjdropshipping.com\/product\/2024\/12\/29\/02\/5a8761d3-7836-4735-a6a8-605b3248fd48.jpg\" data-src=\"https:\/\/cbu01.alicdn.com\/img\/ibank\/O1CN014jeaAq1dqUu5wg13p_!!3020913787-0-cib.jpg\" data-key=\"5\" data-uploadossfail=\"false\"><br \/>\n<img decoding=\"async\" src=\"https:\/\/oss-cf.cjdropshipping.com\/product\/2024\/12\/29\/02\/949953d5-d21a-49aa-9f91-3b2371e0164e.jpg\" data-src=\"https:\/\/cbu01.alicdn.com\/img\/ibank\/O1CN01W0UDxE1dqUu8A7seS_!!3020913787-0-cib.jpg\" data-key=\"6\" data-uploadossfail=\"false\"><br \/>\n<img decoding=\"async\" src=\"https:\/\/oss-cf.cjdropshipping.com\/product\/2024\/12\/29\/02\/d44e862a-d076-4bd4-b9ec-e9b0f0a552c7.jpg\" data-src=\"https:\/\/cbu01.alicdn.com\/img\/ibank\/O1CN01Uh3xKw1dqUu8A9gs8_!!3020913787-0-cib.jpg\" data-key=\"7\" data-uploadossfail=\"false\"><br \/>\n<img decoding=\"async\" src=\"https:\/\/oss-cf.cjdropshipping.com\/product\/2024\/12\/29\/02\/5a5e48a5-057e-4a81-b354-bf7f0a962b92.jpg\" data-src=\"https:\/\/cbu01.alicdn.com\/img\/ibank\/O1CN01lS1T1R1dqUu7QVAAS_!!3020913787-0-cib.jpg\" data-key=\"8\" data-uploadossfail=\"false\"><br \/>\n<img decoding=\"async\" src=\"https:\/\/oss-cf.cjdropshipping.com\/product\/2024\/12\/29\/02\/6f9519ad-42d0-4c57-889f-a66a9c6f8e6b.jpg\" data-src=\"https:\/\/cbu01.alicdn.com\/img\/ibank\/O1CN01kp6VxN1dqUtzIkKrn_!!3020913787-0-cib.jpg\" data-key=\"9\" data-uploadossfail=\"false\"><br \/>\n<img decoding=\"async\" src=\"https:\/\/oss-cf.cjdropshipping.com\/product\/2024\/12\/29\/02\/a3277b3c-2612-4962-adc9-74297e5e436d.jpg\" data-src=\"https:\/\/cbu01.alicdn.com\/img\/ibank\/O1CN01CPqYSt1dqUu6VfafL_!!3020913787-0-cib.jpg\" data-key=\"10\" data-uploadossfail=\"false\"><br \/>\n<img decoding=\"async\" src=\"https:\/\/oss-cf.cjdropshipping.com\/product\/2024\/12\/29\/02\/9f03a57c-1e4e-452a-abfd-6395ea1697a4.jpg\" data-src=\"https:\/\/cbu01.alicdn.com\/img\/ibank\/O1CN01829pdY1dqUu7Qpe1Z_!!3020913787-0-cib.jpg\" data-key=\"11\" data-uploadossfail=\"false\"><br \/>\n<img decoding=\"async\" src=\"https:\/\/oss-cf.cjdropshipping.com\/product\/2024\/12\/29\/02\/fec6318e-fb62-44eb-95f6-f8de0293a5bb.jpg\" data-src=\"https:\/\/cbu01.alicdn.com\/img\/ibank\/O1CN01FFzeFm1dqUu8p5qiQ_!!3020913787-0-cib.jpg\" data-key=\"12\" data-uploadossfail=\"false\"><br \/>\n<img decoding=\"async\" src=\"https:\/\/oss-cf.cjdropshipping.com\/product\/2024\/12\/29\/02\/21bb351b-4c91-4333-9861-791715b78020.jpg\" data-src=\"https:\/\/cbu01.alicdn.com\/img\/ibank\/O1CN010aixaf1dqUu7QpmK2_!!3020913787-0-cib.jpg\" data-key=\"13\" data-uploadossfail=\"false\"><br \/>\n<img decoding=\"async\" src=\"https:\/\/oss-cf.cjdropshipping.com\/product\/2024\/12\/29\/02\/ee87292b-96e0-47a2-9de6-d652b670444e.jpg\" data-src=\"https:\/\/cbu01.alicdn.com\/img\/ibank\/O1CN01bEBAYt1dqUtzIkKuW_!!3020913787-0-cib.jpg\" data-key=\"14\" data-uploadossfail=\"false\"><br \/>\n<img decoding=\"async\" src=\"https:\/\/oss-cf.cjdropshipping.com\/product\/2024\/12\/29\/02\/43596ded-b8d1-48e2-89a8-fda1dbf468e4.jpg\" data-src=\"https:\/\/cbu01.alicdn.com\/img\/ibank\/O1CN01bPXKq61dqUu7QSx0I_!!3020913787-0-cib.jpg\" data-key=\"15\" data-uploadossfail=\"false\"><br \/>\n<img decoding=\"async\" src=\"https:\/\/oss-cf.cjdropshipping.com\/product\/2024\/12\/29\/02\/a16045db-cea7-4a90-a773-1cbcdef20c56.jpg\" data-src=\"https:\/\/cbu01.alicdn.com\/img\/ibank\/O1CN018ifHLm1dqUu5wh1Px_!!3020913787-0-cib.jpg\" data-key=\"16\" data-uploadossfail=\"false\"><br \/>\n<img decoding=\"async\" src=\"https:\/\/oss-cf.cjdropshipping.com\/product\/2024\/12\/29\/02\/031aed32-7eeb-416b-ad1d-9f265242d350.jpg\" data-src=\"https:\/\/cbu01.alicdn.com\/img\/ibank\/O1CN01bP0igC1dqUu8KlLRH_!!3020913787-0-cib.jpg\" data-key=\"17\" data-uploadossfail=\"false\"><br \/>\n<img decoding=\"async\" src=\"https:\/\/oss-cf.cjdropshipping.com\/product\/2024\/12\/29\/02\/1843efd5-1d33-4399-be62-6999dba53a20.jpg\" data-src=\"https:\/\/cbu01.alicdn.com\/img\/ibank\/O1CN01fJ7o0f1dqUu6StXWc_!!3020913787-0-cib.jpg\" data-key=\"18\" data-uploadossfail=\"false\"><br \/>\n<img decoding=\"async\" src=\"https:\/\/oss-cf.cjdropshipping.com\/product\/2024\/12\/29\/02\/c61e03fa-3638-43a6-8e06-fabd458ab00f.jpg\" data-src=\"https:\/\/cbu01.alicdn.com\/img\/ibank\/O1CN01NJyoDL1dqUu5qVU9z_!!3020913787-0-cib.jpg\" data-key=\"19\" data-uploadossfail=\"false\"><\/p>\n","protected":false},"excerpt":{"rendered":"<p>Informations sur le produit :Motif : couleur unie Couleur : rouge vin, en stock, livraison rapide, composition : PU 50% ; Polyester 50%, poids : 505g Taille : S, M, L Version : En vrac Type de style : commut\u00e9 par le temp\u00e9rament \u00c9l\u00e9ments populaires : veste en cuir \u00c9paisseur : \u00e9paisse Nom du tissu [&hellip;]<\/p>\n","protected":false},"featured_media":8821,"comment_status":"open","ping_status":"closed","template":"","meta":{"content-type":""},"product_brand":[],"product_cat":[624],"product_tag":[],"class_list":{"0":"post-8862","1":"product","2":"type-product","3":"status-publish","4":"has-post-thumbnail","6":"product_cat-vestes-fr","8":"first","9":"instock","10":"taxable","11":"shipping-taxable","12":"purchasable","13":"product-type-variable","14":"add-to-wishlist-after_add_to_cart"},"yoast_head":"<!-- This site is optimized with the Yoast SEO plugin v27.5 - https:\/\/yoast.com\/product\/yoast-seo-wordpress\/ -->\n<title>Veste \u00e0 manches longues avec col de costume en similicuir rouge vin - Aigle Shopping Canada<\/title>\n<meta name=\"robots\" content=\"index, follow, max-snippet:-1, max-image-preview:large, max-video-preview:-1\" \/>\n<link rel=\"canonical\" href=\"https:\/\/aigleshopping.ca\/fr\/produit\/wine-red-faux-leather-suit-collar-long-sleeve-jacket\/\" \/>\n<meta property=\"og:locale\" content=\"fr_FR\" \/>\n<meta property=\"og:type\" content=\"article\" \/>\n<meta property=\"og:title\" content=\"Veste \u00e0 manches longues avec col de costume en similicuir rouge vin - Aigle Shopping Canada\" \/>\n<meta property=\"og:description\" content=\"Informations sur le produit :Motif : couleur unie Couleur : rouge vin, en stock, livraison rapide, composition : PU 50% ; Polyester 50%, poids : 505g Taille : S, M, L Version : En vrac Type de style : commut\u00e9 par le temp\u00e9rament \u00c9l\u00e9ments populaires : veste en cuir \u00c9paisseur : \u00e9paisse Nom du tissu [&hellip;]\" \/>\n<meta property=\"og:url\" content=\"https:\/\/aigleshopping.ca\/fr\/produit\/wine-red-faux-leather-suit-collar-long-sleeve-jacket\/\" \/>\n<meta property=\"og:site_name\" content=\"Aigle Shopping Canada\" \/>\n<meta property=\"article:modified_time\" content=\"2025-01-30T12:35:47+00:00\" \/>\n<meta property=\"og:image\" content=\"https:\/\/aigleshopping.ca\/wp-content\/uploads\/2025\/01\/O1CN01uwD2rC1dqUu7QU1Ql_3020913787-0-cib.jpg\" \/>\n\t<meta property=\"og:image:width\" content=\"850\" \/>\n\t<meta property=\"og:image:height\" content=\"850\" \/>\n\t<meta property=\"og:image:type\" content=\"image\/jpeg\" \/>\n<meta name=\"twitter:card\" content=\"summary_large_image\" \/>\n<meta name=\"twitter:label1\" content=\"Dur\u00e9e de lecture estim\u00e9e\" \/>\n\t<meta name=\"twitter:data1\" content=\"1 minute\" \/>\n<script type=\"application\/ld+json\" class=\"yoast-schema-graph\">{\"@context\":\"https:\\\/\\\/schema.org\",\"@graph\":[{\"@type\":\"WebPage\",\"@id\":\"https:\\\/\\\/aigleshopping.ca\\\/fr\\\/produit\\\/wine-red-faux-leather-suit-collar-long-sleeve-jacket\\\/\",\"url\":\"https:\\\/\\\/aigleshopping.ca\\\/fr\\\/produit\\\/wine-red-faux-leather-suit-collar-long-sleeve-jacket\\\/\",\"name\":\"Veste \u00e0 manches longues avec col de costume en similicuir rouge vin - Aigle Shopping Canada\",\"isPartOf\":{\"@id\":\"https:\\\/\\\/aigleshopping.ca\\\/#website\"},\"primaryImageOfPage\":{\"@id\":\"https:\\\/\\\/aigleshopping.ca\\\/fr\\\/produit\\\/wine-red-faux-leather-suit-collar-long-sleeve-jacket\\\/#primaryimage\"},\"image\":{\"@id\":\"https:\\\/\\\/aigleshopping.ca\\\/fr\\\/produit\\\/wine-red-faux-leather-suit-collar-long-sleeve-jacket\\\/#primaryimage\"},\"thumbnailUrl\":\"https:\\\/\\\/aigleshopping.ca\\\/wp-content\\\/uploads\\\/2025\\\/01\\\/O1CN01uwD2rC1dqUu7QU1Ql_3020913787-0-cib.jpg\",\"datePublished\":\"2025-01-29T17:03:29+00:00\",\"dateModified\":\"2025-01-30T12:35:47+00:00\",\"breadcrumb\":{\"@id\":\"https:\\\/\\\/aigleshopping.ca\\\/fr\\\/produit\\\/wine-red-faux-leather-suit-collar-long-sleeve-jacket\\\/#breadcrumb\"},\"inLanguage\":\"fr-FR\",\"potentialAction\":[{\"@type\":\"ReadAction\",\"target\":[\"https:\\\/\\\/aigleshopping.ca\\\/fr\\\/produit\\\/wine-red-faux-leather-suit-collar-long-sleeve-jacket\\\/\"]}]},{\"@type\":\"ImageObject\",\"inLanguage\":\"fr-FR\",\"@id\":\"https:\\\/\\\/aigleshopping.ca\\\/fr\\\/produit\\\/wine-red-faux-leather-suit-collar-long-sleeve-jacket\\\/#primaryimage\",\"url\":\"https:\\\/\\\/aigleshopping.ca\\\/wp-content\\\/uploads\\\/2025\\\/01\\\/O1CN01uwD2rC1dqUu7QU1Ql_3020913787-0-cib.jpg\",\"contentUrl\":\"https:\\\/\\\/aigleshopping.ca\\\/wp-content\\\/uploads\\\/2025\\\/01\\\/O1CN01uwD2rC1dqUu7QU1Ql_3020913787-0-cib.jpg\",\"width\":850,\"height\":850},{\"@type\":\"BreadcrumbList\",\"@id\":\"https:\\\/\\\/aigleshopping.ca\\\/fr\\\/produit\\\/wine-red-faux-leather-suit-collar-long-sleeve-jacket\\\/#breadcrumb\",\"itemListElement\":[{\"@type\":\"ListItem\",\"position\":1,\"name\":\"Home\",\"item\":\"https:\\\/\\\/aigleshopping.ca\\\/fr\\\/home\\\/\"},{\"@type\":\"ListItem\",\"position\":2,\"name\":\"Products\",\"item\":\"https:\\\/\\\/aigleshopping.ca\\\/shop\\\/\"},{\"@type\":\"ListItem\",\"position\":3,\"name\":\"Veste \u00e0 manches longues avec col de costume en similicuir rouge vin\"}]},{\"@type\":\"WebSite\",\"@id\":\"https:\\\/\\\/aigleshopping.ca\\\/#website\",\"url\":\"https:\\\/\\\/aigleshopping.ca\\\/\",\"name\":\"Aigle Shopping Canada\",\"description\":\"Au-del\u00e0 des fronti\u00e8res, pour vous offrir le\u00a0meilleur!\",\"publisher\":{\"@id\":\"https:\\\/\\\/aigleshopping.ca\\\/#organization\"},\"potentialAction\":[{\"@type\":\"SearchAction\",\"target\":{\"@type\":\"EntryPoint\",\"urlTemplate\":\"https:\\\/\\\/aigleshopping.ca\\\/?s={search_term_string}\"},\"query-input\":{\"@type\":\"PropertyValueSpecification\",\"valueRequired\":true,\"valueName\":\"search_term_string\"}}],\"inLanguage\":\"fr-FR\"},{\"@type\":\"Organization\",\"@id\":\"https:\\\/\\\/aigleshopping.ca\\\/#organization\",\"name\":\"Aigle Shopping Canada\",\"url\":\"https:\\\/\\\/aigleshopping.ca\\\/\",\"logo\":{\"@type\":\"ImageObject\",\"inLanguage\":\"fr-FR\",\"@id\":\"https:\\\/\\\/aigleshopping.ca\\\/#\\\/schema\\\/logo\\\/image\\\/\",\"url\":\"https:\\\/\\\/aigleshopping.ca\\\/wp-content\\\/uploads\\\/2025\\\/12\\\/logo_aigleshopping_ca.png\",\"contentUrl\":\"https:\\\/\\\/aigleshopping.ca\\\/wp-content\\\/uploads\\\/2025\\\/12\\\/logo_aigleshopping_ca.png\",\"width\":800,\"height\":233,\"caption\":\"Aigle Shopping Canada\"},\"image\":{\"@id\":\"https:\\\/\\\/aigleshopping.ca\\\/#\\\/schema\\\/logo\\\/image\\\/\"}}]}<\/script>\n<!-- \/ Yoast SEO plugin. -->","yoast_head_json":{"title":"Veste \u00e0 manches longues avec col de costume en similicuir rouge vin - Aigle Shopping Canada","robots":{"index":"index","follow":"follow","max-snippet":"max-snippet:-1","max-image-preview":"max-image-preview:large","max-video-preview":"max-video-preview:-1"},"canonical":"https:\/\/aigleshopping.ca\/fr\/produit\/wine-red-faux-leather-suit-collar-long-sleeve-jacket\/","og_locale":"fr_FR","og_type":"article","og_title":"Veste \u00e0 manches longues avec col de costume en similicuir rouge vin - Aigle Shopping Canada","og_description":"Informations sur le produit :Motif : couleur unie Couleur : rouge vin, en stock, livraison rapide, composition : PU 50% ; Polyester 50%, poids : 505g Taille : S, M, L Version : En vrac Type de style : commut\u00e9 par le temp\u00e9rament \u00c9l\u00e9ments populaires : veste en cuir \u00c9paisseur : \u00e9paisse Nom du tissu [&hellip;]","og_url":"https:\/\/aigleshopping.ca\/fr\/produit\/wine-red-faux-leather-suit-collar-long-sleeve-jacket\/","og_site_name":"Aigle Shopping Canada","article_modified_time":"2025-01-30T12:35:47+00:00","og_image":[{"width":850,"height":850,"url":"https:\/\/aigleshopping.ca\/wp-content\/uploads\/2025\/01\/O1CN01uwD2rC1dqUu7QU1Ql_3020913787-0-cib.jpg","type":"image\/jpeg"}],"twitter_card":"summary_large_image","twitter_misc":{"Dur\u00e9e de lecture estim\u00e9e":"1 minute"},"schema":{"@context":"https:\/\/schema.org","@graph":[{"@type":"WebPage","@id":"https:\/\/aigleshopping.ca\/fr\/produit\/wine-red-faux-leather-suit-collar-long-sleeve-jacket\/","url":"https:\/\/aigleshopping.ca\/fr\/produit\/wine-red-faux-leather-suit-collar-long-sleeve-jacket\/","name":"Veste \u00e0 manches longues avec col de costume en similicuir rouge vin - Aigle Shopping Canada","isPartOf":{"@id":"https:\/\/aigleshopping.ca\/#website"},"primaryImageOfPage":{"@id":"https:\/\/aigleshopping.ca\/fr\/produit\/wine-red-faux-leather-suit-collar-long-sleeve-jacket\/#primaryimage"},"image":{"@id":"https:\/\/aigleshopping.ca\/fr\/produit\/wine-red-faux-leather-suit-collar-long-sleeve-jacket\/#primaryimage"},"thumbnailUrl":"https:\/\/aigleshopping.ca\/wp-content\/uploads\/2025\/01\/O1CN01uwD2rC1dqUu7QU1Ql_3020913787-0-cib.jpg","datePublished":"2025-01-29T17:03:29+00:00","dateModified":"2025-01-30T12:35:47+00:00","breadcrumb":{"@id":"https:\/\/aigleshopping.ca\/fr\/produit\/wine-red-faux-leather-suit-collar-long-sleeve-jacket\/#breadcrumb"},"inLanguage":"fr-FR","potentialAction":[{"@type":"ReadAction","target":["https:\/\/aigleshopping.ca\/fr\/produit\/wine-red-faux-leather-suit-collar-long-sleeve-jacket\/"]}]},{"@type":"ImageObject","inLanguage":"fr-FR","@id":"https:\/\/aigleshopping.ca\/fr\/produit\/wine-red-faux-leather-suit-collar-long-sleeve-jacket\/#primaryimage","url":"https:\/\/aigleshopping.ca\/wp-content\/uploads\/2025\/01\/O1CN01uwD2rC1dqUu7QU1Ql_3020913787-0-cib.jpg","contentUrl":"https:\/\/aigleshopping.ca\/wp-content\/uploads\/2025\/01\/O1CN01uwD2rC1dqUu7QU1Ql_3020913787-0-cib.jpg","width":850,"height":850},{"@type":"BreadcrumbList","@id":"https:\/\/aigleshopping.ca\/fr\/produit\/wine-red-faux-leather-suit-collar-long-sleeve-jacket\/#breadcrumb","itemListElement":[{"@type":"ListItem","position":1,"name":"Home","item":"https:\/\/aigleshopping.ca\/fr\/home\/"},{"@type":"ListItem","position":2,"name":"Products","item":"https:\/\/aigleshopping.ca\/shop\/"},{"@type":"ListItem","position":3,"name":"Veste \u00e0 manches longues avec col de costume en similicuir rouge vin"}]},{"@type":"WebSite","@id":"https:\/\/aigleshopping.ca\/#website","url":"https:\/\/aigleshopping.ca\/","name":"Aigle Shopping Canada","description":"Au-del\u00e0 des fronti\u00e8res, pour vous offrir le\u00a0meilleur!","publisher":{"@id":"https:\/\/aigleshopping.ca\/#organization"},"potentialAction":[{"@type":"SearchAction","target":{"@type":"EntryPoint","urlTemplate":"https:\/\/aigleshopping.ca\/?s={search_term_string}"},"query-input":{"@type":"PropertyValueSpecification","valueRequired":true,"valueName":"search_term_string"}}],"inLanguage":"fr-FR"},{"@type":"Organization","@id":"https:\/\/aigleshopping.ca\/#organization","name":"Aigle Shopping Canada","url":"https:\/\/aigleshopping.ca\/","logo":{"@type":"ImageObject","inLanguage":"fr-FR","@id":"https:\/\/aigleshopping.ca\/#\/schema\/logo\/image\/","url":"https:\/\/aigleshopping.ca\/wp-content\/uploads\/2025\/12\/logo_aigleshopping_ca.png","contentUrl":"https:\/\/aigleshopping.ca\/wp-content\/uploads\/2025\/12\/logo_aigleshopping_ca.png","width":800,"height":233,"caption":"Aigle Shopping Canada"},"image":{"@id":"https:\/\/aigleshopping.ca\/#\/schema\/logo\/image\/"}}]}},"jetpack_sharing_enabled":true,"_links":{"self":[{"href":"https:\/\/aigleshopping.ca\/fr\/wp-json\/wp\/v2\/product\/8862","targetHints":{"allow":["GET"]}}],"collection":[{"href":"https:\/\/aigleshopping.ca\/fr\/wp-json\/wp\/v2\/product"}],"about":[{"href":"https:\/\/aigleshopping.ca\/fr\/wp-json\/wp\/v2\/types\/product"}],"replies":[{"embeddable":true,"href":"https:\/\/aigleshopping.ca\/fr\/wp-json\/wp\/v2\/comments?post=8862"}],"wp:featuredmedia":[{"embeddable":true,"href":"https:\/\/aigleshopping.ca\/fr\/wp-json\/wp\/v2\/media\/8821"}],"wp:attachment":[{"href":"https:\/\/aigleshopping.ca\/fr\/wp-json\/wp\/v2\/media?parent=8862"}],"wp:term":[{"taxonomy":"product_brand","embeddable":true,"href":"https:\/\/aigleshopping.ca\/fr\/wp-json\/wp\/v2\/product_brand?post=8862"},{"taxonomy":"product_cat","embeddable":true,"href":"https:\/\/aigleshopping.ca\/fr\/wp-json\/wp\/v2\/product_cat?post=8862"},{"taxonomy":"product_tag","embeddable":true,"href":"https:\/\/aigleshopping.ca\/fr\/wp-json\/wp\/v2\/product_tag?post=8862"}],"curies":[{"name":"wp","href":"https:\/\/api.w.org\/{rel}","templated":true}]}}