{"id":8864,"date":"2025-01-29T16:48:07","date_gmt":"2025-01-29T16:48:07","guid":{"rendered":"https:\/\/aigleshopping.ca\/produit\/manteau-pu-retro-pour-femmes-a-taille-moyenne-et-amincissant\/"},"modified":"2025-01-30T11:01:12","modified_gmt":"2025-01-30T11:01:12","slug":"manteau-pu-retro-pour-femmes-a-taille-moyenne-et-amincissant","status":"publish","type":"product","link":"https:\/\/aigleshopping.ca\/fr\/produit\/manteau-pu-retro-pour-femmes-a-taille-moyenne-et-amincissant\/","title":{"rendered":"Manteau Pu Retro pour femmes \u00e0 taille moyenne et amincissant"},"content":{"rendered":"<p>\n <b>Informations sur le produit :<\/b><br \/> Couleur : Noir, Marron  <br \/>  Taille : S, M, L, XL  <br \/>  Version : Droite  <br \/>  Type de style : commut\u00e9 par le temp\u00e9rament  <br \/>  Avec collier de fourrure ou non : sans collier de fourrure  <br \/>  \u00c9l\u00e9ments populaires : Autres  <br \/>  Classification du cuir : Cuir  <br \/>  Nom du tissu : PU  <br \/>  Type de manche : R\u00e9guli\u00e8res  <br \/>  Composition du tissu principal : pu  <br \/>  Longueur : mi-longueur (65cm)  &lt;longueur \u2264=\u00a0\u00bb\u00a0\u00bb 80cm)<br \/>  Sexe applicable : F\u00e9minin  <br \/>  Groupe d&rsquo;\u00e2ge concern\u00e9 : Adulte  <br \/>  Longueur des manches : manches longues  <br \/>  Style : Style britannique  <br \/>  Proc\u00e9d\u00e9 : traitement sans repassage  \n<\/p>\n<p><b>Note :<\/b><\/p>\n<p>  1. Les tailles asiatiques sont 1 \u00e0 2 tailles plus petites que les tailles europ\u00e9ennes et am\u00e9ricaines. Choisissez la taille la plus grande si votre taille se situe entre deux tailles. Veuillez tenir compte d&rsquo;une diff\u00e9rence de 2 \u00e0 3 cm due aux mesures manuelles. 2. Si vous ne savez pas comment choisir votre taille, veuillez contacter notre service client\u00e8le. 3) Comme vous le savez, les ordinateurs affichent les couleurs diff\u00e9remment, la couleur de l&rsquo;article r\u00e9el peut varier l\u00e9g\u00e8rement par rapport aux images suivantes.      <\/p>\n<p>\n<b>Liste d&#8217;emballage : <\/b><br \/> Manteau*1  <\/p>\n<p><b>Image du produit :<\/b><br \/>\n<br \/>\n<img decoding=\"async\" src=\"https:\/\/cf.cjdropshipping.com\/quick\/product\/1fbe54e1-b342-4d27-bf41-c7a9ad99563c.jpg\"><br \/>\n<img decoding=\"async\" src=\"https:\/\/cf.cjdropshipping.com\/quick\/product\/245240c1-1def-4b00-a85d-44cefa79e80c.jpg\"><br \/>\n<img decoding=\"async\" src=\"https:\/\/cf.cjdropshipping.com\/quick\/product\/c8a2ed84-5bbc-43a9-aef6-310e6761216e.jpg\"><br \/>\n<img decoding=\"async\" src=\"https:\/\/cf.cjdropshipping.com\/quick\/product\/7c7f82d4-70d9-4b0e-8817-f45be978a63a.jpg\"><br \/>\n<img decoding=\"async\" src=\"https:\/\/cf.cjdropshipping.com\/quick\/product\/b7d5ae81-4b24-48f7-ba4f-70edcacb8b1c.jpg\"><br \/>\n<img decoding=\"async\" src=\"https:\/\/cf.cjdropshipping.com\/quick\/product\/db6f5d5f-baf9-468a-845c-1b24ccd41990.jpg\"><br \/>\n<img decoding=\"async\" src=\"https:\/\/cf.cjdropshipping.com\/quick\/product\/b8842ae8-c270-41f8-b614-8bbc19ec1ec7.jpg\"><\/p>\n","protected":false},"excerpt":{"rendered":"<p>Informations sur le produit : Couleur : Noir, Marron Taille : S, M, L, XL Version : Droite Type de style : commut\u00e9 par le temp\u00e9rament Avec collier de fourrure ou non : sans collier de fourrure \u00c9l\u00e9ments populaires : Autres Classification du cuir : Cuir Nom du tissu : PU Type de manche : [&hellip;]<\/p>\n","protected":false},"featured_media":8697,"comment_status":"open","ping_status":"closed","template":"","meta":{"content-type":""},"product_brand":[],"product_cat":[664],"product_tag":[],"class_list":{"0":"post-8864","1":"product","2":"type-product","3":"status-publish","4":"has-post-thumbnail","6":"product_cat-manteaux-fr","8":"first","9":"instock","10":"taxable","11":"shipping-taxable","12":"purchasable","13":"product-type-variable","14":"add-to-wishlist-after_add_to_cart"},"yoast_head":"<!-- This site is optimized with the Yoast SEO plugin v27.5 - https:\/\/yoast.com\/product\/yoast-seo-wordpress\/ -->\n<title>Manteau Pu Retro pour femmes \u00e0 taille moyenne et amincissant - Aigle Shopping Canada<\/title>\n<meta name=\"robots\" content=\"index, follow, max-snippet:-1, max-image-preview:large, max-video-preview:-1\" \/>\n<link rel=\"canonical\" href=\"https:\/\/aigleshopping.ca\/fr\/produit\/manteau-pu-retro-pour-femmes-a-taille-moyenne-et-amincissant\/\" \/>\n<meta property=\"og:locale\" content=\"fr_FR\" \/>\n<meta property=\"og:type\" content=\"article\" \/>\n<meta property=\"og:title\" content=\"Manteau Pu Retro pour femmes \u00e0 taille moyenne et amincissant - Aigle Shopping Canada\" \/>\n<meta property=\"og:description\" content=\"Informations sur le produit : Couleur : Noir, Marron Taille : S, M, L, XL Version : Droite Type de style : commut\u00e9 par le temp\u00e9rament Avec collier de fourrure ou non : sans collier de fourrure \u00c9l\u00e9ments populaires : Autres Classification du cuir : Cuir Nom du tissu : PU Type de manche : [&hellip;]\" \/>\n<meta property=\"og:url\" content=\"https:\/\/aigleshopping.ca\/fr\/produit\/manteau-pu-retro-pour-femmes-a-taille-moyenne-et-amincissant\/\" \/>\n<meta property=\"og:site_name\" content=\"Aigle Shopping Canada\" \/>\n<meta property=\"article:modified_time\" content=\"2025-01-30T11:01:12+00:00\" \/>\n<meta property=\"og:image\" content=\"https:\/\/aigleshopping.ca\/wp-content\/uploads\/2025\/01\/b7d5ae81-4b24-48f7-ba4f-70edcacb8b1c.jpg\" \/>\n\t<meta property=\"og:image:width\" content=\"750\" \/>\n\t<meta property=\"og:image:height\" content=\"750\" \/>\n\t<meta property=\"og:image:type\" content=\"image\/jpeg\" \/>\n<meta name=\"twitter:card\" content=\"summary_large_image\" \/>\n<meta name=\"twitter:label1\" content=\"Dur\u00e9e de lecture estim\u00e9e\" \/>\n\t<meta name=\"twitter:data1\" content=\"1 minute\" \/>\n<script type=\"application\/ld+json\" class=\"yoast-schema-graph\">{\"@context\":\"https:\\\/\\\/schema.org\",\"@graph\":[{\"@type\":\"WebPage\",\"@id\":\"https:\\\/\\\/aigleshopping.ca\\\/fr\\\/produit\\\/manteau-pu-retro-pour-femmes-a-taille-moyenne-et-amincissant\\\/\",\"url\":\"https:\\\/\\\/aigleshopping.ca\\\/fr\\\/produit\\\/manteau-pu-retro-pour-femmes-a-taille-moyenne-et-amincissant\\\/\",\"name\":\"Manteau Pu Retro pour femmes \u00e0 taille moyenne et amincissant - Aigle Shopping Canada\",\"isPartOf\":{\"@id\":\"https:\\\/\\\/aigleshopping.ca\\\/#website\"},\"primaryImageOfPage\":{\"@id\":\"https:\\\/\\\/aigleshopping.ca\\\/fr\\\/produit\\\/manteau-pu-retro-pour-femmes-a-taille-moyenne-et-amincissant\\\/#primaryimage\"},\"image\":{\"@id\":\"https:\\\/\\\/aigleshopping.ca\\\/fr\\\/produit\\\/manteau-pu-retro-pour-femmes-a-taille-moyenne-et-amincissant\\\/#primaryimage\"},\"thumbnailUrl\":\"https:\\\/\\\/aigleshopping.ca\\\/wp-content\\\/uploads\\\/2025\\\/01\\\/b7d5ae81-4b24-48f7-ba4f-70edcacb8b1c.jpg\",\"datePublished\":\"2025-01-29T16:48:07+00:00\",\"dateModified\":\"2025-01-30T11:01:12+00:00\",\"breadcrumb\":{\"@id\":\"https:\\\/\\\/aigleshopping.ca\\\/fr\\\/produit\\\/manteau-pu-retro-pour-femmes-a-taille-moyenne-et-amincissant\\\/#breadcrumb\"},\"inLanguage\":\"fr-FR\",\"potentialAction\":[{\"@type\":\"ReadAction\",\"target\":[\"https:\\\/\\\/aigleshopping.ca\\\/fr\\\/produit\\\/manteau-pu-retro-pour-femmes-a-taille-moyenne-et-amincissant\\\/\"]}]},{\"@type\":\"ImageObject\",\"inLanguage\":\"fr-FR\",\"@id\":\"https:\\\/\\\/aigleshopping.ca\\\/fr\\\/produit\\\/manteau-pu-retro-pour-femmes-a-taille-moyenne-et-amincissant\\\/#primaryimage\",\"url\":\"https:\\\/\\\/aigleshopping.ca\\\/wp-content\\\/uploads\\\/2025\\\/01\\\/b7d5ae81-4b24-48f7-ba4f-70edcacb8b1c.jpg\",\"contentUrl\":\"https:\\\/\\\/aigleshopping.ca\\\/wp-content\\\/uploads\\\/2025\\\/01\\\/b7d5ae81-4b24-48f7-ba4f-70edcacb8b1c.jpg\",\"width\":750,\"height\":750},{\"@type\":\"BreadcrumbList\",\"@id\":\"https:\\\/\\\/aigleshopping.ca\\\/fr\\\/produit\\\/manteau-pu-retro-pour-femmes-a-taille-moyenne-et-amincissant\\\/#breadcrumb\",\"itemListElement\":[{\"@type\":\"ListItem\",\"position\":1,\"name\":\"Home\",\"item\":\"https:\\\/\\\/aigleshopping.ca\\\/fr\\\/home\\\/\"},{\"@type\":\"ListItem\",\"position\":2,\"name\":\"Products\",\"item\":\"https:\\\/\\\/aigleshopping.ca\\\/shop\\\/\"},{\"@type\":\"ListItem\",\"position\":3,\"name\":\"Manteau Pu Retro pour femmes \u00e0 taille moyenne et amincissant\"}]},{\"@type\":\"WebSite\",\"@id\":\"https:\\\/\\\/aigleshopping.ca\\\/#website\",\"url\":\"https:\\\/\\\/aigleshopping.ca\\\/\",\"name\":\"Aigle Shopping Canada\",\"description\":\"Au-del\u00e0 des fronti\u00e8res, pour vous offrir le\u00a0meilleur!\",\"publisher\":{\"@id\":\"https:\\\/\\\/aigleshopping.ca\\\/#organization\"},\"potentialAction\":[{\"@type\":\"SearchAction\",\"target\":{\"@type\":\"EntryPoint\",\"urlTemplate\":\"https:\\\/\\\/aigleshopping.ca\\\/?s={search_term_string}\"},\"query-input\":{\"@type\":\"PropertyValueSpecification\",\"valueRequired\":true,\"valueName\":\"search_term_string\"}}],\"inLanguage\":\"fr-FR\"},{\"@type\":\"Organization\",\"@id\":\"https:\\\/\\\/aigleshopping.ca\\\/#organization\",\"name\":\"Aigle Shopping Canada\",\"url\":\"https:\\\/\\\/aigleshopping.ca\\\/\",\"logo\":{\"@type\":\"ImageObject\",\"inLanguage\":\"fr-FR\",\"@id\":\"https:\\\/\\\/aigleshopping.ca\\\/#\\\/schema\\\/logo\\\/image\\\/\",\"url\":\"https:\\\/\\\/aigleshopping.ca\\\/wp-content\\\/uploads\\\/2025\\\/12\\\/logo_aigleshopping_ca.png\",\"contentUrl\":\"https:\\\/\\\/aigleshopping.ca\\\/wp-content\\\/uploads\\\/2025\\\/12\\\/logo_aigleshopping_ca.png\",\"width\":800,\"height\":233,\"caption\":\"Aigle Shopping Canada\"},\"image\":{\"@id\":\"https:\\\/\\\/aigleshopping.ca\\\/#\\\/schema\\\/logo\\\/image\\\/\"}}]}<\/script>\n<!-- \/ Yoast SEO plugin. -->","yoast_head_json":{"title":"Manteau Pu Retro pour femmes \u00e0 taille moyenne et amincissant - Aigle Shopping Canada","robots":{"index":"index","follow":"follow","max-snippet":"max-snippet:-1","max-image-preview":"max-image-preview:large","max-video-preview":"max-video-preview:-1"},"canonical":"https:\/\/aigleshopping.ca\/fr\/produit\/manteau-pu-retro-pour-femmes-a-taille-moyenne-et-amincissant\/","og_locale":"fr_FR","og_type":"article","og_title":"Manteau Pu Retro pour femmes \u00e0 taille moyenne et amincissant - Aigle Shopping Canada","og_description":"Informations sur le produit : Couleur : Noir, Marron Taille : S, M, L, XL Version : Droite Type de style : commut\u00e9 par le temp\u00e9rament Avec collier de fourrure ou non : sans collier de fourrure \u00c9l\u00e9ments populaires : Autres Classification du cuir : Cuir Nom du tissu : PU Type de manche : [&hellip;]","og_url":"https:\/\/aigleshopping.ca\/fr\/produit\/manteau-pu-retro-pour-femmes-a-taille-moyenne-et-amincissant\/","og_site_name":"Aigle Shopping Canada","article_modified_time":"2025-01-30T11:01:12+00:00","og_image":[{"width":750,"height":750,"url":"https:\/\/aigleshopping.ca\/wp-content\/uploads\/2025\/01\/b7d5ae81-4b24-48f7-ba4f-70edcacb8b1c.jpg","type":"image\/jpeg"}],"twitter_card":"summary_large_image","twitter_misc":{"Dur\u00e9e de lecture estim\u00e9e":"1 minute"},"schema":{"@context":"https:\/\/schema.org","@graph":[{"@type":"WebPage","@id":"https:\/\/aigleshopping.ca\/fr\/produit\/manteau-pu-retro-pour-femmes-a-taille-moyenne-et-amincissant\/","url":"https:\/\/aigleshopping.ca\/fr\/produit\/manteau-pu-retro-pour-femmes-a-taille-moyenne-et-amincissant\/","name":"Manteau Pu Retro pour femmes \u00e0 taille moyenne et amincissant - Aigle Shopping Canada","isPartOf":{"@id":"https:\/\/aigleshopping.ca\/#website"},"primaryImageOfPage":{"@id":"https:\/\/aigleshopping.ca\/fr\/produit\/manteau-pu-retro-pour-femmes-a-taille-moyenne-et-amincissant\/#primaryimage"},"image":{"@id":"https:\/\/aigleshopping.ca\/fr\/produit\/manteau-pu-retro-pour-femmes-a-taille-moyenne-et-amincissant\/#primaryimage"},"thumbnailUrl":"https:\/\/aigleshopping.ca\/wp-content\/uploads\/2025\/01\/b7d5ae81-4b24-48f7-ba4f-70edcacb8b1c.jpg","datePublished":"2025-01-29T16:48:07+00:00","dateModified":"2025-01-30T11:01:12+00:00","breadcrumb":{"@id":"https:\/\/aigleshopping.ca\/fr\/produit\/manteau-pu-retro-pour-femmes-a-taille-moyenne-et-amincissant\/#breadcrumb"},"inLanguage":"fr-FR","potentialAction":[{"@type":"ReadAction","target":["https:\/\/aigleshopping.ca\/fr\/produit\/manteau-pu-retro-pour-femmes-a-taille-moyenne-et-amincissant\/"]}]},{"@type":"ImageObject","inLanguage":"fr-FR","@id":"https:\/\/aigleshopping.ca\/fr\/produit\/manteau-pu-retro-pour-femmes-a-taille-moyenne-et-amincissant\/#primaryimage","url":"https:\/\/aigleshopping.ca\/wp-content\/uploads\/2025\/01\/b7d5ae81-4b24-48f7-ba4f-70edcacb8b1c.jpg","contentUrl":"https:\/\/aigleshopping.ca\/wp-content\/uploads\/2025\/01\/b7d5ae81-4b24-48f7-ba4f-70edcacb8b1c.jpg","width":750,"height":750},{"@type":"BreadcrumbList","@id":"https:\/\/aigleshopping.ca\/fr\/produit\/manteau-pu-retro-pour-femmes-a-taille-moyenne-et-amincissant\/#breadcrumb","itemListElement":[{"@type":"ListItem","position":1,"name":"Home","item":"https:\/\/aigleshopping.ca\/fr\/home\/"},{"@type":"ListItem","position":2,"name":"Products","item":"https:\/\/aigleshopping.ca\/shop\/"},{"@type":"ListItem","position":3,"name":"Manteau Pu Retro pour femmes \u00e0 taille moyenne et amincissant"}]},{"@type":"WebSite","@id":"https:\/\/aigleshopping.ca\/#website","url":"https:\/\/aigleshopping.ca\/","name":"Aigle Shopping Canada","description":"Au-del\u00e0 des fronti\u00e8res, pour vous offrir le\u00a0meilleur!","publisher":{"@id":"https:\/\/aigleshopping.ca\/#organization"},"potentialAction":[{"@type":"SearchAction","target":{"@type":"EntryPoint","urlTemplate":"https:\/\/aigleshopping.ca\/?s={search_term_string}"},"query-input":{"@type":"PropertyValueSpecification","valueRequired":true,"valueName":"search_term_string"}}],"inLanguage":"fr-FR"},{"@type":"Organization","@id":"https:\/\/aigleshopping.ca\/#organization","name":"Aigle Shopping Canada","url":"https:\/\/aigleshopping.ca\/","logo":{"@type":"ImageObject","inLanguage":"fr-FR","@id":"https:\/\/aigleshopping.ca\/#\/schema\/logo\/image\/","url":"https:\/\/aigleshopping.ca\/wp-content\/uploads\/2025\/12\/logo_aigleshopping_ca.png","contentUrl":"https:\/\/aigleshopping.ca\/wp-content\/uploads\/2025\/12\/logo_aigleshopping_ca.png","width":800,"height":233,"caption":"Aigle Shopping Canada"},"image":{"@id":"https:\/\/aigleshopping.ca\/#\/schema\/logo\/image\/"}}]}},"jetpack_sharing_enabled":true,"_links":{"self":[{"href":"https:\/\/aigleshopping.ca\/fr\/wp-json\/wp\/v2\/product\/8864","targetHints":{"allow":["GET"]}}],"collection":[{"href":"https:\/\/aigleshopping.ca\/fr\/wp-json\/wp\/v2\/product"}],"about":[{"href":"https:\/\/aigleshopping.ca\/fr\/wp-json\/wp\/v2\/types\/product"}],"replies":[{"embeddable":true,"href":"https:\/\/aigleshopping.ca\/fr\/wp-json\/wp\/v2\/comments?post=8864"}],"wp:featuredmedia":[{"embeddable":true,"href":"https:\/\/aigleshopping.ca\/fr\/wp-json\/wp\/v2\/media\/8697"}],"wp:attachment":[{"href":"https:\/\/aigleshopping.ca\/fr\/wp-json\/wp\/v2\/media?parent=8864"}],"wp:term":[{"taxonomy":"product_brand","embeddable":true,"href":"https:\/\/aigleshopping.ca\/fr\/wp-json\/wp\/v2\/product_brand?post=8864"},{"taxonomy":"product_cat","embeddable":true,"href":"https:\/\/aigleshopping.ca\/fr\/wp-json\/wp\/v2\/product_cat?post=8864"},{"taxonomy":"product_tag","embeddable":true,"href":"https:\/\/aigleshopping.ca\/fr\/wp-json\/wp\/v2\/product_tag?post=8864"}],"curies":[{"name":"wp","href":"https:\/\/api.w.org\/{rel}","templated":true}]}}