{"id":8880,"date":"2025-01-28T17:03:28","date_gmt":"2025-01-28T17:03:28","guid":{"rendered":"https:\/\/aigleshopping.ca\/produit\/manteau-court-en-coton-a-grand-col-de-fourrure-detachable-pour-femmes\/"},"modified":"2025-01-28T17:03:28","modified_gmt":"2025-01-28T17:03:28","slug":"manteau-court-en-coton-a-grand-col-de-fourrure-detachable-pour-femmes","status":"publish","type":"product","link":"https:\/\/aigleshopping.ca\/fr\/produit\/manteau-court-en-coton-a-grand-col-de-fourrure-detachable-pour-femmes\/","title":{"rendered":"Manteau court en coton \u00e0 grand col de fourrure d\u00e9tachable pour femmes"},"content":{"rendered":"<p>\n <b>Informations sur le produit :<\/b><br \/> Couleur : rose, noir, bleu, rouge <br \/> Taille : M,L,XL,XXL,XXXL <br \/> \u00c9paisseur : \u00e9paisse <br \/> Composition du tissu principal : Fibre de polyester &lt;longueur \u2264=\u00a0\u00bb\u00a0\u00bb 65cm)<\/p>\n<p> Longueur des manches : manches longues <br \/> Garniture : duvet de coton.  <\/p>\n<p><b>Taille :<\/b><br \/>\n<br \/>\n<img decoding=\"async\" src=\"https:\/\/oss-cf.cjdropshipping.com\/product\/2025\/01\/15\/02\/fe66ace8-4401-4a42-96cf-45338123abd2.jpeg?x-oss-process=image\/quality,q_100\"><br \/>\n<b>Note :<\/b> 1. les tailles asiatiques sont 1 \u00e0 2 tailles plus petites que les tailles europ\u00e9ennes et am\u00e9ricaines. Choisissez la taille la plus grande si votre taille se situe entre deux tailles. Veuillez tenir compte d&rsquo;une diff\u00e9rence de 2 \u00e0 3 cm due aux mesures manuelles. 2. Si vous ne savez pas comment choisir votre taille, veuillez contacter notre service client\u00e8le. 3) Comme vous le savez, les ordinateurs affichent les couleurs diff\u00e9remment, la couleur de l&rsquo;article r\u00e9el peut varier l\u00e9g\u00e8rement par rapport aux images suivantes. <br \/><b>Liste d&#8217;emballage : <\/b><br \/> 1* Manteau <br \/><b>Image du produit :<\/b><br \/>\n<br \/>\n<img decoding=\"async\" src=\"https:\/\/oss-cf.cjdropshipping.com\/product\/2025\/01\/15\/02\/88fe6e41-4ad6-4a89-b50d-191ce6f280c4_trans.jpeg\"><br \/>\n<img decoding=\"async\" src=\"https:\/\/oss-cf.cjdropshipping.com\/product\/2025\/01\/15\/02\/2e735dfc-f18e-491e-9f88-4cf5d7971667_trans.jpeg\"><br \/>\n<img decoding=\"async\" src=\"https:\/\/oss-cf.cjdropshipping.com\/product\/2025\/01\/15\/02\/7fed89e6-56f6-4b70-b79a-2b1b8e66a575_trans.jpeg\"><br \/>\n<img decoding=\"async\" src=\"https:\/\/oss-cf.cjdropshipping.com\/product\/2025\/01\/15\/02\/8086c44c-d2c1-4a6e-b81b-6ebd6ae337f1_trans.jpeg\"><br \/>\n<img decoding=\"async\" src=\"https:\/\/oss-cf.cjdropshipping.com\/product\/2025\/01\/15\/02\/12e63772-0879-4a22-b6a0-a19aff467f5e_trans.jpeg\"><br \/>\n<img decoding=\"async\" src=\"https:\/\/oss-cf.cjdropshipping.com\/product\/2025\/01\/15\/02\/6bd2c16a-2b68-49df-812b-437789883c9c_trans.jpeg\"><br \/>\n<img decoding=\"async\" src=\"https:\/\/oss-cf.cjdropshipping.com\/product\/2025\/01\/15\/02\/d0f8904c-9b59-40d0-8969-bc0386a6d526_trans.jpeg\"><br \/>\n<img decoding=\"async\" src=\"https:\/\/oss-cf.cjdropshipping.com\/product\/2025\/01\/15\/02\/ff443428-ef0e-4f3f-b4c1-a8ac48705c1c_trans.jpeg\"><br \/>\n<img decoding=\"async\" src=\"https:\/\/oss-cf.cjdropshipping.com\/product\/2025\/01\/15\/02\/e817b2b6-02d3-4948-bdb4-c17641b7bcbe_trans.jpeg\"><br \/>\n<img decoding=\"async\" src=\"https:\/\/oss-cf.cjdropshipping.com\/product\/2025\/01\/15\/02\/663d9eb8-36cb-4378-8744-3f7ee91e7406_trans.jpeg\"><br \/>\n<img decoding=\"async\" src=\"https:\/\/oss-cf.cjdropshipping.com\/product\/2025\/01\/15\/02\/a334eebf-34f8-479b-af0f-d2b4af1d98b8_trans.jpeg\"><br \/>\n<img decoding=\"async\" src=\"https:\/\/oss-cf.cjdropshipping.com\/product\/2025\/01\/15\/02\/662452bf-c73b-44a0-8c5f-2aa79dbeafc8_trans.jpeg\"><br \/>\n<img decoding=\"async\" src=\"https:\/\/oss-cf.cjdropshipping.com\/product\/2025\/01\/15\/02\/1dab0224-4dfa-4aeb-83c9-08bcdf82ca65_trans.jpeg\"><br \/>\n<img decoding=\"async\" src=\"https:\/\/oss-cf.cjdropshipping.com\/product\/2025\/01\/15\/02\/1c061d5e-0ba2-49ee-ab70-03dd563c6c8f_trans.jpeg\"><br \/>\n<img decoding=\"async\" src=\"https:\/\/oss-cf.cjdropshipping.com\/product\/2025\/01\/15\/02\/c6c73c2e-282a-4217-b4a7-91ae23f39971_trans.jpeg\"><br \/>\n<img decoding=\"async\" src=\"https:\/\/oss-cf.cjdropshipping.com\/product\/2025\/01\/15\/02\/3dcdfab4-57e8-4cb0-a9f0-712bd87701c3_trans.jpeg\"><br \/>\n<img decoding=\"async\" src=\"https:\/\/oss-cf.cjdropshipping.com\/product\/2025\/01\/15\/02\/d961ca7e-ebae-4b3d-9ded-b1debfea8d13_trans.jpeg\"><br \/>\n<img decoding=\"async\" src=\"https:\/\/oss-cf.cjdropshipping.com\/product\/2025\/01\/15\/02\/9b8a0478-e014-480f-9d02-187088463d6c_trans.jpeg\"><br \/>\n<img decoding=\"async\" src=\"https:\/\/oss-cf.cjdropshipping.com\/product\/2025\/01\/15\/02\/79901305-3feb-4c2e-a45d-7837f3ef9853_trans.jpeg\"><br \/>\n<img decoding=\"async\" src=\"https:\/\/oss-cf.cjdropshipping.com\/product\/2025\/01\/15\/02\/1caaea13-168a-4f24-be71-cad040291c97_trans.jpeg\"><br \/>\n<img decoding=\"async\" src=\"https:\/\/oss-cf.cjdropshipping.com\/product\/2025\/01\/15\/02\/bf22461a-30eb-4a64-a20a-680f2151ff31_trans.jpeg\"><br \/>\n<img decoding=\"async\" src=\"https:\/\/oss-cf.cjdropshipping.com\/product\/2025\/01\/15\/02\/387524d1-c196-452f-ac82-78655217c05b_trans.jpeg\"><br \/>\n<img decoding=\"async\" src=\"https:\/\/oss-cf.cjdropshipping.com\/product\/2025\/01\/15\/02\/43f2a1e5-4d15-4ba1-b3e6-d1b7d5518f61_trans.jpeg\"><br \/>\n<img decoding=\"async\" src=\"https:\/\/oss-cf.cjdropshipping.com\/product\/2025\/01\/15\/02\/3038f78a-b03b-4d37-a894-054491355403_trans.jpeg\"><br \/>\n<img decoding=\"async\" src=\"https:\/\/oss-cf.cjdropshipping.com\/product\/2025\/01\/15\/02\/14fc5433-8fc1-4c22-ae41-13115d84bae3_trans.jpeg\"><br \/>\n<img decoding=\"async\" src=\"https:\/\/oss-cf.cjdropshipping.com\/product\/2025\/01\/15\/02\/792b5136-f3a2-43e0-b2a0-d0210d206eac_trans.jpeg\"><br \/>\n<img decoding=\"async\" src=\"https:\/\/oss-cf.cjdropshipping.com\/product\/2025\/01\/15\/02\/77698f69-c04b-407c-a1b8-38a664b25c5b_trans.jpeg\"><br \/>\n<img decoding=\"async\" src=\"https:\/\/oss-cf.cjdropshipping.com\/product\/2025\/01\/15\/02\/938caeaa-cdc8-41ea-88ee-2e0a0a51c7e2_trans.jpeg\"><br \/>\n<img decoding=\"async\" src=\"https:\/\/oss-cf.cjdropshipping.com\/product\/2025\/01\/15\/02\/b069b806-3a75-4a3f-b30c-0b7e1ad03e71_trans.jpeg\"><br \/>\n<img decoding=\"async\" src=\"https:\/\/oss-cf.cjdropshipping.com\/product\/2025\/01\/15\/02\/5d60162f-f5a2-4649-ad80-0a8dad07ff62_trans.jpeg\"><\/p>\n","protected":false},"excerpt":{"rendered":"<p>Informations sur le produit : Couleur : rose, noir, bleu, rouge Taille : M,L,XL,XXL,XXXL \u00c9paisseur : \u00e9paisse Composition du tissu principal : Fibre de polyester &lt;longueur \u2264=\u00a0\u00bb\u00a0\u00bb 65cm) Longueur des manches : manches longues Garniture : duvet de coton. Taille : Note : 1. les tailles asiatiques sont 1 \u00e0 2 tailles plus petites que [&hellip;]<\/p>\n","protected":false},"featured_media":8030,"comment_status":"open","ping_status":"closed","template":"","meta":{"content-type":""},"product_brand":[],"product_cat":[664],"product_tag":[],"class_list":{"0":"post-8880","1":"product","2":"type-product","3":"status-publish","4":"has-post-thumbnail","6":"product_cat-manteaux-fr","8":"first","9":"instock","10":"taxable","11":"shipping-taxable","12":"purchasable","13":"product-type-variable","14":"add-to-wishlist-after_add_to_cart"},"yoast_head":"<!-- This site is optimized with the Yoast SEO plugin v27.4 - https:\/\/yoast.com\/product\/yoast-seo-wordpress\/ -->\n<title>Manteau court en coton \u00e0 grand col de fourrure d\u00e9tachable pour femmes - Aigle Shopping Canada<\/title>\n<meta name=\"robots\" content=\"index, follow, max-snippet:-1, max-image-preview:large, max-video-preview:-1\" \/>\n<link rel=\"canonical\" href=\"https:\/\/aigleshopping.ca\/fr\/produit\/manteau-court-en-coton-a-grand-col-de-fourrure-detachable-pour-femmes\/\" \/>\n<meta property=\"og:locale\" content=\"fr_FR\" \/>\n<meta property=\"og:type\" content=\"article\" \/>\n<meta property=\"og:title\" content=\"Manteau court en coton \u00e0 grand col de fourrure d\u00e9tachable pour femmes - Aigle Shopping Canada\" \/>\n<meta property=\"og:description\" content=\"Informations sur le produit : Couleur : rose, noir, bleu, rouge Taille : M,L,XL,XXL,XXXL \u00c9paisseur : \u00e9paisse Composition du tissu principal : Fibre de polyester &lt;longueur \u2264=\u00a0\u00bb\u00a0\u00bb 65cm) Longueur des manches : manches longues Garniture : duvet de coton. Taille : Note : 1. les tailles asiatiques sont 1 \u00e0 2 tailles plus petites que [&hellip;]\" \/>\n<meta property=\"og:url\" content=\"https:\/\/aigleshopping.ca\/fr\/produit\/manteau-court-en-coton-a-grand-col-de-fourrure-detachable-pour-femmes\/\" \/>\n<meta property=\"og:site_name\" content=\"Aigle Shopping Canada\" \/>\n<meta property=\"og:image\" content=\"https:\/\/aigleshopping.ca\/wp-content\/uploads\/2025\/01\/eee9eae9-0709-4b31-af04-362d643795b2.jpg\" \/>\n\t<meta property=\"og:image:width\" content=\"800\" \/>\n\t<meta property=\"og:image:height\" content=\"800\" \/>\n\t<meta property=\"og:image:type\" content=\"image\/jpeg\" \/>\n<meta name=\"twitter:card\" content=\"summary_large_image\" \/>\n<meta name=\"twitter:label1\" content=\"Dur\u00e9e de lecture estim\u00e9e\" \/>\n\t<meta name=\"twitter:data1\" content=\"1 minute\" \/>\n<script type=\"application\/ld+json\" class=\"yoast-schema-graph\">{\"@context\":\"https:\\\/\\\/schema.org\",\"@graph\":[{\"@type\":\"WebPage\",\"@id\":\"https:\\\/\\\/aigleshopping.ca\\\/fr\\\/produit\\\/manteau-court-en-coton-a-grand-col-de-fourrure-detachable-pour-femmes\\\/\",\"url\":\"https:\\\/\\\/aigleshopping.ca\\\/fr\\\/produit\\\/manteau-court-en-coton-a-grand-col-de-fourrure-detachable-pour-femmes\\\/\",\"name\":\"Manteau court en coton \u00e0 grand col de fourrure d\u00e9tachable pour femmes - Aigle Shopping Canada\",\"isPartOf\":{\"@id\":\"https:\\\/\\\/aigleshopping.ca\\\/#website\"},\"primaryImageOfPage\":{\"@id\":\"https:\\\/\\\/aigleshopping.ca\\\/fr\\\/produit\\\/manteau-court-en-coton-a-grand-col-de-fourrure-detachable-pour-femmes\\\/#primaryimage\"},\"image\":{\"@id\":\"https:\\\/\\\/aigleshopping.ca\\\/fr\\\/produit\\\/manteau-court-en-coton-a-grand-col-de-fourrure-detachable-pour-femmes\\\/#primaryimage\"},\"thumbnailUrl\":\"https:\\\/\\\/aigleshopping.ca\\\/wp-content\\\/uploads\\\/2025\\\/01\\\/eee9eae9-0709-4b31-af04-362d643795b2.jpg\",\"datePublished\":\"2025-01-28T17:03:28+00:00\",\"breadcrumb\":{\"@id\":\"https:\\\/\\\/aigleshopping.ca\\\/fr\\\/produit\\\/manteau-court-en-coton-a-grand-col-de-fourrure-detachable-pour-femmes\\\/#breadcrumb\"},\"inLanguage\":\"fr-FR\",\"potentialAction\":[{\"@type\":\"ReadAction\",\"target\":[\"https:\\\/\\\/aigleshopping.ca\\\/fr\\\/produit\\\/manteau-court-en-coton-a-grand-col-de-fourrure-detachable-pour-femmes\\\/\"]}]},{\"@type\":\"ImageObject\",\"inLanguage\":\"fr-FR\",\"@id\":\"https:\\\/\\\/aigleshopping.ca\\\/fr\\\/produit\\\/manteau-court-en-coton-a-grand-col-de-fourrure-detachable-pour-femmes\\\/#primaryimage\",\"url\":\"https:\\\/\\\/aigleshopping.ca\\\/wp-content\\\/uploads\\\/2025\\\/01\\\/eee9eae9-0709-4b31-af04-362d643795b2.jpg\",\"contentUrl\":\"https:\\\/\\\/aigleshopping.ca\\\/wp-content\\\/uploads\\\/2025\\\/01\\\/eee9eae9-0709-4b31-af04-362d643795b2.jpg\",\"width\":800,\"height\":800},{\"@type\":\"BreadcrumbList\",\"@id\":\"https:\\\/\\\/aigleshopping.ca\\\/fr\\\/produit\\\/manteau-court-en-coton-a-grand-col-de-fourrure-detachable-pour-femmes\\\/#breadcrumb\",\"itemListElement\":[{\"@type\":\"ListItem\",\"position\":1,\"name\":\"Home\",\"item\":\"https:\\\/\\\/aigleshopping.ca\\\/fr\\\/home\\\/\"},{\"@type\":\"ListItem\",\"position\":2,\"name\":\"Products\",\"item\":\"https:\\\/\\\/aigleshopping.ca\\\/shop\\\/\"},{\"@type\":\"ListItem\",\"position\":3,\"name\":\"Manteau court en coton \u00e0 grand col de fourrure d\u00e9tachable pour femmes\"}]},{\"@type\":\"WebSite\",\"@id\":\"https:\\\/\\\/aigleshopping.ca\\\/#website\",\"url\":\"https:\\\/\\\/aigleshopping.ca\\\/\",\"name\":\"Aigle Shopping Canada\",\"description\":\"Au-del\u00e0 des fronti\u00e8res, pour vous offrir le\u00a0meilleur!\",\"publisher\":{\"@id\":\"https:\\\/\\\/aigleshopping.ca\\\/#organization\"},\"potentialAction\":[{\"@type\":\"SearchAction\",\"target\":{\"@type\":\"EntryPoint\",\"urlTemplate\":\"https:\\\/\\\/aigleshopping.ca\\\/?s={search_term_string}\"},\"query-input\":{\"@type\":\"PropertyValueSpecification\",\"valueRequired\":true,\"valueName\":\"search_term_string\"}}],\"inLanguage\":\"fr-FR\"},{\"@type\":\"Organization\",\"@id\":\"https:\\\/\\\/aigleshopping.ca\\\/#organization\",\"name\":\"Aigle Shopping Canada\",\"url\":\"https:\\\/\\\/aigleshopping.ca\\\/\",\"logo\":{\"@type\":\"ImageObject\",\"inLanguage\":\"fr-FR\",\"@id\":\"https:\\\/\\\/aigleshopping.ca\\\/#\\\/schema\\\/logo\\\/image\\\/\",\"url\":\"https:\\\/\\\/aigleshopping.ca\\\/wp-content\\\/uploads\\\/2025\\\/12\\\/logo_aigleshopping_ca.png\",\"contentUrl\":\"https:\\\/\\\/aigleshopping.ca\\\/wp-content\\\/uploads\\\/2025\\\/12\\\/logo_aigleshopping_ca.png\",\"width\":800,\"height\":233,\"caption\":\"Aigle Shopping Canada\"},\"image\":{\"@id\":\"https:\\\/\\\/aigleshopping.ca\\\/#\\\/schema\\\/logo\\\/image\\\/\"}}]}<\/script>\n<!-- \/ Yoast SEO plugin. -->","yoast_head_json":{"title":"Manteau court en coton \u00e0 grand col de fourrure d\u00e9tachable pour femmes - Aigle Shopping Canada","robots":{"index":"index","follow":"follow","max-snippet":"max-snippet:-1","max-image-preview":"max-image-preview:large","max-video-preview":"max-video-preview:-1"},"canonical":"https:\/\/aigleshopping.ca\/fr\/produit\/manteau-court-en-coton-a-grand-col-de-fourrure-detachable-pour-femmes\/","og_locale":"fr_FR","og_type":"article","og_title":"Manteau court en coton \u00e0 grand col de fourrure d\u00e9tachable pour femmes - Aigle Shopping Canada","og_description":"Informations sur le produit : Couleur : rose, noir, bleu, rouge Taille : M,L,XL,XXL,XXXL \u00c9paisseur : \u00e9paisse Composition du tissu principal : Fibre de polyester &lt;longueur \u2264=\u00a0\u00bb\u00a0\u00bb 65cm) Longueur des manches : manches longues Garniture : duvet de coton. Taille : Note : 1. les tailles asiatiques sont 1 \u00e0 2 tailles plus petites que [&hellip;]","og_url":"https:\/\/aigleshopping.ca\/fr\/produit\/manteau-court-en-coton-a-grand-col-de-fourrure-detachable-pour-femmes\/","og_site_name":"Aigle Shopping Canada","og_image":[{"width":800,"height":800,"url":"https:\/\/aigleshopping.ca\/wp-content\/uploads\/2025\/01\/eee9eae9-0709-4b31-af04-362d643795b2.jpg","type":"image\/jpeg"}],"twitter_card":"summary_large_image","twitter_misc":{"Dur\u00e9e de lecture estim\u00e9e":"1 minute"},"schema":{"@context":"https:\/\/schema.org","@graph":[{"@type":"WebPage","@id":"https:\/\/aigleshopping.ca\/fr\/produit\/manteau-court-en-coton-a-grand-col-de-fourrure-detachable-pour-femmes\/","url":"https:\/\/aigleshopping.ca\/fr\/produit\/manteau-court-en-coton-a-grand-col-de-fourrure-detachable-pour-femmes\/","name":"Manteau court en coton \u00e0 grand col de fourrure d\u00e9tachable pour femmes - Aigle Shopping Canada","isPartOf":{"@id":"https:\/\/aigleshopping.ca\/#website"},"primaryImageOfPage":{"@id":"https:\/\/aigleshopping.ca\/fr\/produit\/manteau-court-en-coton-a-grand-col-de-fourrure-detachable-pour-femmes\/#primaryimage"},"image":{"@id":"https:\/\/aigleshopping.ca\/fr\/produit\/manteau-court-en-coton-a-grand-col-de-fourrure-detachable-pour-femmes\/#primaryimage"},"thumbnailUrl":"https:\/\/aigleshopping.ca\/wp-content\/uploads\/2025\/01\/eee9eae9-0709-4b31-af04-362d643795b2.jpg","datePublished":"2025-01-28T17:03:28+00:00","breadcrumb":{"@id":"https:\/\/aigleshopping.ca\/fr\/produit\/manteau-court-en-coton-a-grand-col-de-fourrure-detachable-pour-femmes\/#breadcrumb"},"inLanguage":"fr-FR","potentialAction":[{"@type":"ReadAction","target":["https:\/\/aigleshopping.ca\/fr\/produit\/manteau-court-en-coton-a-grand-col-de-fourrure-detachable-pour-femmes\/"]}]},{"@type":"ImageObject","inLanguage":"fr-FR","@id":"https:\/\/aigleshopping.ca\/fr\/produit\/manteau-court-en-coton-a-grand-col-de-fourrure-detachable-pour-femmes\/#primaryimage","url":"https:\/\/aigleshopping.ca\/wp-content\/uploads\/2025\/01\/eee9eae9-0709-4b31-af04-362d643795b2.jpg","contentUrl":"https:\/\/aigleshopping.ca\/wp-content\/uploads\/2025\/01\/eee9eae9-0709-4b31-af04-362d643795b2.jpg","width":800,"height":800},{"@type":"BreadcrumbList","@id":"https:\/\/aigleshopping.ca\/fr\/produit\/manteau-court-en-coton-a-grand-col-de-fourrure-detachable-pour-femmes\/#breadcrumb","itemListElement":[{"@type":"ListItem","position":1,"name":"Home","item":"https:\/\/aigleshopping.ca\/fr\/home\/"},{"@type":"ListItem","position":2,"name":"Products","item":"https:\/\/aigleshopping.ca\/shop\/"},{"@type":"ListItem","position":3,"name":"Manteau court en coton \u00e0 grand col de fourrure d\u00e9tachable pour femmes"}]},{"@type":"WebSite","@id":"https:\/\/aigleshopping.ca\/#website","url":"https:\/\/aigleshopping.ca\/","name":"Aigle Shopping Canada","description":"Au-del\u00e0 des fronti\u00e8res, pour vous offrir le\u00a0meilleur!","publisher":{"@id":"https:\/\/aigleshopping.ca\/#organization"},"potentialAction":[{"@type":"SearchAction","target":{"@type":"EntryPoint","urlTemplate":"https:\/\/aigleshopping.ca\/?s={search_term_string}"},"query-input":{"@type":"PropertyValueSpecification","valueRequired":true,"valueName":"search_term_string"}}],"inLanguage":"fr-FR"},{"@type":"Organization","@id":"https:\/\/aigleshopping.ca\/#organization","name":"Aigle Shopping Canada","url":"https:\/\/aigleshopping.ca\/","logo":{"@type":"ImageObject","inLanguage":"fr-FR","@id":"https:\/\/aigleshopping.ca\/#\/schema\/logo\/image\/","url":"https:\/\/aigleshopping.ca\/wp-content\/uploads\/2025\/12\/logo_aigleshopping_ca.png","contentUrl":"https:\/\/aigleshopping.ca\/wp-content\/uploads\/2025\/12\/logo_aigleshopping_ca.png","width":800,"height":233,"caption":"Aigle Shopping Canada"},"image":{"@id":"https:\/\/aigleshopping.ca\/#\/schema\/logo\/image\/"}}]}},"jetpack_sharing_enabled":true,"_links":{"self":[{"href":"https:\/\/aigleshopping.ca\/fr\/wp-json\/wp\/v2\/product\/8880","targetHints":{"allow":["GET"]}}],"collection":[{"href":"https:\/\/aigleshopping.ca\/fr\/wp-json\/wp\/v2\/product"}],"about":[{"href":"https:\/\/aigleshopping.ca\/fr\/wp-json\/wp\/v2\/types\/product"}],"replies":[{"embeddable":true,"href":"https:\/\/aigleshopping.ca\/fr\/wp-json\/wp\/v2\/comments?post=8880"}],"wp:featuredmedia":[{"embeddable":true,"href":"https:\/\/aigleshopping.ca\/fr\/wp-json\/wp\/v2\/media\/8030"}],"wp:attachment":[{"href":"https:\/\/aigleshopping.ca\/fr\/wp-json\/wp\/v2\/media?parent=8880"}],"wp:term":[{"taxonomy":"product_brand","embeddable":true,"href":"https:\/\/aigleshopping.ca\/fr\/wp-json\/wp\/v2\/product_brand?post=8880"},{"taxonomy":"product_cat","embeddable":true,"href":"https:\/\/aigleshopping.ca\/fr\/wp-json\/wp\/v2\/product_cat?post=8880"},{"taxonomy":"product_tag","embeddable":true,"href":"https:\/\/aigleshopping.ca\/fr\/wp-json\/wp\/v2\/product_tag?post=8880"}],"curies":[{"name":"wp","href":"https:\/\/api.w.org\/{rel}","templated":true}]}}