{"id":8882,"date":"2025-01-29T14:59:07","date_gmt":"2025-01-29T14:59:07","guid":{"rendered":"https:\/\/aigleshopping.ca\/produit\/manteau-mi-long-ample-et-confortable-en-laine-artificielle-a-grand-revers\/"},"modified":"2025-01-30T11:01:10","modified_gmt":"2025-01-30T11:01:10","slug":"manteau-mi-long-ample-et-confortable-en-laine-artificielle-a-grand-revers","status":"publish","type":"product","link":"https:\/\/aigleshopping.ca\/fr\/produit\/manteau-mi-long-ample-et-confortable-en-laine-artificielle-a-grand-revers\/","title":{"rendered":"Manteau mi-long, ample et confortable, en laine artificielle \u00e0 grand revers"},"content":{"rendered":"<p>\n <b>Informations sur le produit :<\/b><br \/> Nom du tissu : fourrure artificielle <br \/> Couleur : gris brun, blanc, noir, rose <br \/> Type de manche : manche r\u00e9guli\u00e8re <br \/> Composition principale du tissu : Fausse fourrure <br \/> Taille : S,M,L,XL <br \/> Longueur : longueur moyenne (65cm &lt;longueur \u2264=\u00a0\u00bb\u00a0\u00bb 80cm)<br \/> Type de style : temp\u00e9rament commute <br \/> Longueur de manche : manche longue.  <\/p>\n<p><b>Note :<\/b>  1. Les tailles asiatiques sont 1 \u00e0 2 tailles plus petites que les tailles europ\u00e9ennes et am\u00e9ricaines. Choisissez la taille la plus grande si votre taille se situe entre deux tailles. Veuillez tenir compte d&rsquo;une diff\u00e9rence de 2 \u00e0 3 cm due aux mesures manuelles. 2. Si vous ne savez pas comment choisir votre taille, veuillez contacter notre service client\u00e8le. 3) Comme vous le savez, les ordinateurs affichent les couleurs diff\u00e9remment, la couleur de l&rsquo;article r\u00e9el peut varier l\u00e9g\u00e8rement par rapport aux images suivantes. <br \/><b>Liste d&#8217;emballage : <\/b><br \/> Manteau*1 <br \/><b>Image du produit :<\/b><br \/>\n<br \/>\n<img decoding=\"async\" src=\"https:\/\/oss-cf.cjdropshipping.com\/product\/2024\/11\/10\/15\/f9f5334f-b1e1-42f5-b63b-ed533d5f7412_trans.jpeg\"><br \/>\n<img decoding=\"async\" src=\"https:\/\/oss-cf.cjdropshipping.com\/product\/2024\/11\/10\/15\/f1ceba34-8c33-44e7-9641-1529fa1c42b3_trans.jpeg\"><br \/>\n<img decoding=\"async\" src=\"https:\/\/oss-cf.cjdropshipping.com\/product\/2024\/11\/10\/15\/00bc29ee-7a37-4fe8-a343-197671c5ce50_trans.jpeg\"><br \/>\n<img decoding=\"async\" src=\"https:\/\/oss-cf.cjdropshipping.com\/product\/2024\/11\/10\/15\/d7151542-af14-4e2c-8c2e-08fc6aa55807_trans.jpeg\"><br \/>\n<img decoding=\"async\" src=\"https:\/\/oss-cf.cjdropshipping.com\/product\/2024\/11\/10\/15\/86a08ad7-058c-4b99-81f5-c9eff8c6e4fd_trans.jpeg\"><br \/>\n<img decoding=\"async\" src=\"https:\/\/oss-cf.cjdropshipping.com\/product\/2024\/11\/10\/15\/6eecfb2c-68a7-4148-aa8b-c0432df8ad78_trans.jpeg\"><br \/>\n<img decoding=\"async\" src=\"https:\/\/oss-cf.cjdropshipping.com\/product\/2024\/11\/10\/15\/0b9178e4-1fe2-43bb-9071-579f22ceb9c1_trans.jpeg\"><br \/>\n<img decoding=\"async\" src=\"https:\/\/oss-cf.cjdropshipping.com\/product\/2024\/11\/10\/15\/1a5f9f6e-b564-49e1-8951-6556bda1ac62_fine.jpeg\"><br \/>\n<img decoding=\"async\" src=\"https:\/\/oss-cf.cjdropshipping.com\/product\/2024\/11\/10\/15\/f267cb54-c7fe-4797-b1b4-285745504109_fine.jpeg\"><br \/>\n<img decoding=\"async\" src=\"https:\/\/oss-cf.cjdropshipping.com\/product\/2024\/11\/10\/15\/549753a7-7069-42c2-b327-ba76b77b413b_fine.jpeg\"><\/p>\n","protected":false},"excerpt":{"rendered":"<p>Informations sur le produit : Nom du tissu : fourrure artificielle Couleur : gris brun, blanc, noir, rose Type de manche : manche r\u00e9guli\u00e8re Composition principale du tissu : Fausse fourrure Taille : S,M,L,XL Longueur : longueur moyenne (65cm &lt;longueur \u2264=\u00a0\u00bb\u00a0\u00bb 80cm) Type de style : temp\u00e9rament commute Longueur de manche : manche longue. Note [&hellip;]<\/p>\n","protected":false},"featured_media":8617,"comment_status":"open","ping_status":"closed","template":"","meta":{"content-type":""},"product_brand":[],"product_cat":[664],"product_tag":[],"class_list":{"0":"post-8882","1":"product","2":"type-product","3":"status-publish","4":"has-post-thumbnail","6":"product_cat-manteaux-fr","8":"first","9":"instock","10":"taxable","11":"shipping-taxable","12":"purchasable","13":"product-type-variable","14":"add-to-wishlist-after_add_to_cart"},"yoast_head":"<!-- This site is optimized with the Yoast SEO plugin v27.5 - https:\/\/yoast.com\/product\/yoast-seo-wordpress\/ -->\n<title>Manteau mi-long, ample et confortable, en laine artificielle \u00e0 grand revers - Aigle Shopping Canada<\/title>\n<meta name=\"robots\" content=\"index, follow, max-snippet:-1, max-image-preview:large, max-video-preview:-1\" \/>\n<link rel=\"canonical\" href=\"https:\/\/aigleshopping.ca\/fr\/produit\/manteau-mi-long-ample-et-confortable-en-laine-artificielle-a-grand-revers\/\" \/>\n<meta property=\"og:locale\" content=\"fr_FR\" \/>\n<meta property=\"og:type\" content=\"article\" \/>\n<meta property=\"og:title\" content=\"Manteau mi-long, ample et confortable, en laine artificielle \u00e0 grand revers - Aigle Shopping Canada\" \/>\n<meta property=\"og:description\" content=\"Informations sur le produit : Nom du tissu : fourrure artificielle Couleur : gris brun, blanc, noir, rose Type de manche : manche r\u00e9guli\u00e8re Composition principale du tissu : Fausse fourrure Taille : S,M,L,XL Longueur : longueur moyenne (65cm &lt;longueur \u2264=\u00a0\u00bb\u00a0\u00bb 80cm) Type de style : temp\u00e9rament commute Longueur de manche : manche longue. Note [&hellip;]\" \/>\n<meta property=\"og:url\" content=\"https:\/\/aigleshopping.ca\/fr\/produit\/manteau-mi-long-ample-et-confortable-en-laine-artificielle-a-grand-revers\/\" \/>\n<meta property=\"og:site_name\" content=\"Aigle Shopping Canada\" \/>\n<meta property=\"article:modified_time\" content=\"2025-01-30T11:01:10+00:00\" \/>\n<meta property=\"og:image\" content=\"https:\/\/aigleshopping.ca\/wp-content\/uploads\/2025\/01\/e5837785-8a48-4a00-b094-85e3720dee2d_fine.jpeg\" \/>\n\t<meta property=\"og:image:width\" content=\"796\" \/>\n\t<meta property=\"og:image:height\" content=\"796\" \/>\n\t<meta property=\"og:image:type\" content=\"image\/jpeg\" \/>\n<meta name=\"twitter:card\" content=\"summary_large_image\" \/>\n<meta name=\"twitter:label1\" content=\"Dur\u00e9e de lecture estim\u00e9e\" \/>\n\t<meta name=\"twitter:data1\" content=\"1 minute\" \/>\n<script type=\"application\/ld+json\" class=\"yoast-schema-graph\">{\"@context\":\"https:\\\/\\\/schema.org\",\"@graph\":[{\"@type\":\"WebPage\",\"@id\":\"https:\\\/\\\/aigleshopping.ca\\\/fr\\\/produit\\\/manteau-mi-long-ample-et-confortable-en-laine-artificielle-a-grand-revers\\\/\",\"url\":\"https:\\\/\\\/aigleshopping.ca\\\/fr\\\/produit\\\/manteau-mi-long-ample-et-confortable-en-laine-artificielle-a-grand-revers\\\/\",\"name\":\"Manteau mi-long, ample et confortable, en laine artificielle \u00e0 grand revers - Aigle Shopping Canada\",\"isPartOf\":{\"@id\":\"https:\\\/\\\/aigleshopping.ca\\\/#website\"},\"primaryImageOfPage\":{\"@id\":\"https:\\\/\\\/aigleshopping.ca\\\/fr\\\/produit\\\/manteau-mi-long-ample-et-confortable-en-laine-artificielle-a-grand-revers\\\/#primaryimage\"},\"image\":{\"@id\":\"https:\\\/\\\/aigleshopping.ca\\\/fr\\\/produit\\\/manteau-mi-long-ample-et-confortable-en-laine-artificielle-a-grand-revers\\\/#primaryimage\"},\"thumbnailUrl\":\"https:\\\/\\\/aigleshopping.ca\\\/wp-content\\\/uploads\\\/2025\\\/01\\\/e5837785-8a48-4a00-b094-85e3720dee2d_fine.jpeg\",\"datePublished\":\"2025-01-29T14:59:07+00:00\",\"dateModified\":\"2025-01-30T11:01:10+00:00\",\"breadcrumb\":{\"@id\":\"https:\\\/\\\/aigleshopping.ca\\\/fr\\\/produit\\\/manteau-mi-long-ample-et-confortable-en-laine-artificielle-a-grand-revers\\\/#breadcrumb\"},\"inLanguage\":\"fr-FR\",\"potentialAction\":[{\"@type\":\"ReadAction\",\"target\":[\"https:\\\/\\\/aigleshopping.ca\\\/fr\\\/produit\\\/manteau-mi-long-ample-et-confortable-en-laine-artificielle-a-grand-revers\\\/\"]}]},{\"@type\":\"ImageObject\",\"inLanguage\":\"fr-FR\",\"@id\":\"https:\\\/\\\/aigleshopping.ca\\\/fr\\\/produit\\\/manteau-mi-long-ample-et-confortable-en-laine-artificielle-a-grand-revers\\\/#primaryimage\",\"url\":\"https:\\\/\\\/aigleshopping.ca\\\/wp-content\\\/uploads\\\/2025\\\/01\\\/e5837785-8a48-4a00-b094-85e3720dee2d_fine.jpeg\",\"contentUrl\":\"https:\\\/\\\/aigleshopping.ca\\\/wp-content\\\/uploads\\\/2025\\\/01\\\/e5837785-8a48-4a00-b094-85e3720dee2d_fine.jpeg\",\"width\":796,\"height\":796},{\"@type\":\"BreadcrumbList\",\"@id\":\"https:\\\/\\\/aigleshopping.ca\\\/fr\\\/produit\\\/manteau-mi-long-ample-et-confortable-en-laine-artificielle-a-grand-revers\\\/#breadcrumb\",\"itemListElement\":[{\"@type\":\"ListItem\",\"position\":1,\"name\":\"Home\",\"item\":\"https:\\\/\\\/aigleshopping.ca\\\/fr\\\/home\\\/\"},{\"@type\":\"ListItem\",\"position\":2,\"name\":\"Products\",\"item\":\"https:\\\/\\\/aigleshopping.ca\\\/shop\\\/\"},{\"@type\":\"ListItem\",\"position\":3,\"name\":\"Manteau mi-long, ample et confortable, en laine artificielle \u00e0 grand revers\"}]},{\"@type\":\"WebSite\",\"@id\":\"https:\\\/\\\/aigleshopping.ca\\\/#website\",\"url\":\"https:\\\/\\\/aigleshopping.ca\\\/\",\"name\":\"Aigle Shopping Canada\",\"description\":\"Au-del\u00e0 des fronti\u00e8res, pour vous offrir le\u00a0meilleur!\",\"publisher\":{\"@id\":\"https:\\\/\\\/aigleshopping.ca\\\/#organization\"},\"potentialAction\":[{\"@type\":\"SearchAction\",\"target\":{\"@type\":\"EntryPoint\",\"urlTemplate\":\"https:\\\/\\\/aigleshopping.ca\\\/?s={search_term_string}\"},\"query-input\":{\"@type\":\"PropertyValueSpecification\",\"valueRequired\":true,\"valueName\":\"search_term_string\"}}],\"inLanguage\":\"fr-FR\"},{\"@type\":\"Organization\",\"@id\":\"https:\\\/\\\/aigleshopping.ca\\\/#organization\",\"name\":\"Aigle Shopping Canada\",\"url\":\"https:\\\/\\\/aigleshopping.ca\\\/\",\"logo\":{\"@type\":\"ImageObject\",\"inLanguage\":\"fr-FR\",\"@id\":\"https:\\\/\\\/aigleshopping.ca\\\/#\\\/schema\\\/logo\\\/image\\\/\",\"url\":\"https:\\\/\\\/aigleshopping.ca\\\/wp-content\\\/uploads\\\/2025\\\/12\\\/logo_aigleshopping_ca.png\",\"contentUrl\":\"https:\\\/\\\/aigleshopping.ca\\\/wp-content\\\/uploads\\\/2025\\\/12\\\/logo_aigleshopping_ca.png\",\"width\":800,\"height\":233,\"caption\":\"Aigle Shopping Canada\"},\"image\":{\"@id\":\"https:\\\/\\\/aigleshopping.ca\\\/#\\\/schema\\\/logo\\\/image\\\/\"}}]}<\/script>\n<!-- \/ Yoast SEO plugin. -->","yoast_head_json":{"title":"Manteau mi-long, ample et confortable, en laine artificielle \u00e0 grand revers - Aigle Shopping Canada","robots":{"index":"index","follow":"follow","max-snippet":"max-snippet:-1","max-image-preview":"max-image-preview:large","max-video-preview":"max-video-preview:-1"},"canonical":"https:\/\/aigleshopping.ca\/fr\/produit\/manteau-mi-long-ample-et-confortable-en-laine-artificielle-a-grand-revers\/","og_locale":"fr_FR","og_type":"article","og_title":"Manteau mi-long, ample et confortable, en laine artificielle \u00e0 grand revers - Aigle Shopping Canada","og_description":"Informations sur le produit : Nom du tissu : fourrure artificielle Couleur : gris brun, blanc, noir, rose Type de manche : manche r\u00e9guli\u00e8re Composition principale du tissu : Fausse fourrure Taille : S,M,L,XL Longueur : longueur moyenne (65cm &lt;longueur \u2264=\u00a0\u00bb\u00a0\u00bb 80cm) Type de style : temp\u00e9rament commute Longueur de manche : manche longue. Note [&hellip;]","og_url":"https:\/\/aigleshopping.ca\/fr\/produit\/manteau-mi-long-ample-et-confortable-en-laine-artificielle-a-grand-revers\/","og_site_name":"Aigle Shopping Canada","article_modified_time":"2025-01-30T11:01:10+00:00","og_image":[{"width":796,"height":796,"url":"https:\/\/aigleshopping.ca\/wp-content\/uploads\/2025\/01\/e5837785-8a48-4a00-b094-85e3720dee2d_fine.jpeg","type":"image\/jpeg"}],"twitter_card":"summary_large_image","twitter_misc":{"Dur\u00e9e de lecture estim\u00e9e":"1 minute"},"schema":{"@context":"https:\/\/schema.org","@graph":[{"@type":"WebPage","@id":"https:\/\/aigleshopping.ca\/fr\/produit\/manteau-mi-long-ample-et-confortable-en-laine-artificielle-a-grand-revers\/","url":"https:\/\/aigleshopping.ca\/fr\/produit\/manteau-mi-long-ample-et-confortable-en-laine-artificielle-a-grand-revers\/","name":"Manteau mi-long, ample et confortable, en laine artificielle \u00e0 grand revers - Aigle Shopping Canada","isPartOf":{"@id":"https:\/\/aigleshopping.ca\/#website"},"primaryImageOfPage":{"@id":"https:\/\/aigleshopping.ca\/fr\/produit\/manteau-mi-long-ample-et-confortable-en-laine-artificielle-a-grand-revers\/#primaryimage"},"image":{"@id":"https:\/\/aigleshopping.ca\/fr\/produit\/manteau-mi-long-ample-et-confortable-en-laine-artificielle-a-grand-revers\/#primaryimage"},"thumbnailUrl":"https:\/\/aigleshopping.ca\/wp-content\/uploads\/2025\/01\/e5837785-8a48-4a00-b094-85e3720dee2d_fine.jpeg","datePublished":"2025-01-29T14:59:07+00:00","dateModified":"2025-01-30T11:01:10+00:00","breadcrumb":{"@id":"https:\/\/aigleshopping.ca\/fr\/produit\/manteau-mi-long-ample-et-confortable-en-laine-artificielle-a-grand-revers\/#breadcrumb"},"inLanguage":"fr-FR","potentialAction":[{"@type":"ReadAction","target":["https:\/\/aigleshopping.ca\/fr\/produit\/manteau-mi-long-ample-et-confortable-en-laine-artificielle-a-grand-revers\/"]}]},{"@type":"ImageObject","inLanguage":"fr-FR","@id":"https:\/\/aigleshopping.ca\/fr\/produit\/manteau-mi-long-ample-et-confortable-en-laine-artificielle-a-grand-revers\/#primaryimage","url":"https:\/\/aigleshopping.ca\/wp-content\/uploads\/2025\/01\/e5837785-8a48-4a00-b094-85e3720dee2d_fine.jpeg","contentUrl":"https:\/\/aigleshopping.ca\/wp-content\/uploads\/2025\/01\/e5837785-8a48-4a00-b094-85e3720dee2d_fine.jpeg","width":796,"height":796},{"@type":"BreadcrumbList","@id":"https:\/\/aigleshopping.ca\/fr\/produit\/manteau-mi-long-ample-et-confortable-en-laine-artificielle-a-grand-revers\/#breadcrumb","itemListElement":[{"@type":"ListItem","position":1,"name":"Home","item":"https:\/\/aigleshopping.ca\/fr\/home\/"},{"@type":"ListItem","position":2,"name":"Products","item":"https:\/\/aigleshopping.ca\/shop\/"},{"@type":"ListItem","position":3,"name":"Manteau mi-long, ample et confortable, en laine artificielle \u00e0 grand revers"}]},{"@type":"WebSite","@id":"https:\/\/aigleshopping.ca\/#website","url":"https:\/\/aigleshopping.ca\/","name":"Aigle Shopping Canada","description":"Au-del\u00e0 des fronti\u00e8res, pour vous offrir le\u00a0meilleur!","publisher":{"@id":"https:\/\/aigleshopping.ca\/#organization"},"potentialAction":[{"@type":"SearchAction","target":{"@type":"EntryPoint","urlTemplate":"https:\/\/aigleshopping.ca\/?s={search_term_string}"},"query-input":{"@type":"PropertyValueSpecification","valueRequired":true,"valueName":"search_term_string"}}],"inLanguage":"fr-FR"},{"@type":"Organization","@id":"https:\/\/aigleshopping.ca\/#organization","name":"Aigle Shopping Canada","url":"https:\/\/aigleshopping.ca\/","logo":{"@type":"ImageObject","inLanguage":"fr-FR","@id":"https:\/\/aigleshopping.ca\/#\/schema\/logo\/image\/","url":"https:\/\/aigleshopping.ca\/wp-content\/uploads\/2025\/12\/logo_aigleshopping_ca.png","contentUrl":"https:\/\/aigleshopping.ca\/wp-content\/uploads\/2025\/12\/logo_aigleshopping_ca.png","width":800,"height":233,"caption":"Aigle Shopping Canada"},"image":{"@id":"https:\/\/aigleshopping.ca\/#\/schema\/logo\/image\/"}}]}},"jetpack_sharing_enabled":true,"_links":{"self":[{"href":"https:\/\/aigleshopping.ca\/fr\/wp-json\/wp\/v2\/product\/8882","targetHints":{"allow":["GET"]}}],"collection":[{"href":"https:\/\/aigleshopping.ca\/fr\/wp-json\/wp\/v2\/product"}],"about":[{"href":"https:\/\/aigleshopping.ca\/fr\/wp-json\/wp\/v2\/types\/product"}],"replies":[{"embeddable":true,"href":"https:\/\/aigleshopping.ca\/fr\/wp-json\/wp\/v2\/comments?post=8882"}],"wp:featuredmedia":[{"embeddable":true,"href":"https:\/\/aigleshopping.ca\/fr\/wp-json\/wp\/v2\/media\/8617"}],"wp:attachment":[{"href":"https:\/\/aigleshopping.ca\/fr\/wp-json\/wp\/v2\/media?parent=8882"}],"wp:term":[{"taxonomy":"product_brand","embeddable":true,"href":"https:\/\/aigleshopping.ca\/fr\/wp-json\/wp\/v2\/product_brand?post=8882"},{"taxonomy":"product_cat","embeddable":true,"href":"https:\/\/aigleshopping.ca\/fr\/wp-json\/wp\/v2\/product_cat?post=8882"},{"taxonomy":"product_tag","embeddable":true,"href":"https:\/\/aigleshopping.ca\/fr\/wp-json\/wp\/v2\/product_tag?post=8882"}],"curies":[{"name":"wp","href":"https:\/\/api.w.org\/{rel}","templated":true}]}}