{"id":8947,"date":"2025-01-29T03:59:55","date_gmt":"2025-01-29T03:59:55","guid":{"rendered":"https:\/\/aigleshopping.ca\/produit\/manteau-ample-mi-long-en-coton-pour-femmes-manteau-epais-cintre-double-de-polaire\/"},"modified":"2025-01-30T11:01:23","modified_gmt":"2025-01-30T11:01:23","slug":"manteau-ample-mi-long-en-coton-pour-femmes-manteau-epais-cintre-double-de-polaire","status":"publish","type":"product","link":"https:\/\/aigleshopping.ca\/fr\/produit\/manteau-ample-mi-long-en-coton-pour-femmes-manteau-epais-cintre-double-de-polaire\/","title":{"rendered":"Manteau ample mi-long en coton pour femmes Manteau \u00e9pais cintr\u00e9 doubl\u00e9 de polaire"},"content":{"rendered":"<p>\n <b>Informations sur le produit :<\/b><br \/> Couleur : blanc laiteux, noir, kaki, marron, vert \u0153uf conserv\u00e9 <br \/> Taille : M,L,XL,2XL,3XL <br \/> Nom du tissu : Polyester &lt;longueur \u2264=\u00a0\u00bb\u00a0\u00bb 80cm)<\/p>\n<p> Mat\u00e9riau du col en fourrure : laine artificielle <br \/> Longueur des manches : manches longues <br \/> Garniture : duvet de coton  <\/p>\n<p><b>Taille :<\/b><br \/>\n<br \/>\n<img decoding=\"async\" src=\"https:\/\/oss-cf.cjdropshipping.com\/product\/2025\/01\/13\/07\/86249219-c4fa-4fc7-b40d-959a11db27fe.jpeg?x-oss-process=image\/quality,q_100\"><br \/>\n<b>Note :<\/b> 1. les tailles asiatiques sont 1 \u00e0 2 tailles plus petites que les tailles europ\u00e9ennes et am\u00e9ricaines. Choisissez la taille la plus grande si votre taille se situe entre deux tailles. Veuillez tenir compte d&rsquo;une diff\u00e9rence de 2 \u00e0 3 cm due aux mesures manuelles. 2. Si vous ne savez pas comment choisir votre taille, veuillez contacter notre service client\u00e8le. 3) Comme vous le savez, les ordinateurs affichent les couleurs diff\u00e9remment, la couleur de l&rsquo;article r\u00e9el peut varier l\u00e9g\u00e8rement par rapport aux images suivantes. <br \/><b>Liste d&#8217;emballage : <\/b><br \/> 1* Manteau <br \/><b>Image du produit :<\/b><br \/>\n<br \/>\n<img decoding=\"async\" src=\"https:\/\/oss-cf.cjdropshipping.com\/product\/2025\/01\/13\/07\/ffe85931-b13c-4381-b8c6-2eb45b58fb15_trans.jpeg\"><br \/>\n<img decoding=\"async\" src=\"https:\/\/oss-cf.cjdropshipping.com\/product\/2025\/01\/13\/07\/4acc248f-756a-494b-a36f-e8d108a16682_trans.jpeg\"><br \/>\n<img decoding=\"async\" src=\"https:\/\/oss-cf.cjdropshipping.com\/product\/2025\/01\/13\/07\/ca033b60-418b-4855-b1c7-5f553db4b746_trans.jpeg\"><br \/>\n<img decoding=\"async\" src=\"https:\/\/oss-cf.cjdropshipping.com\/product\/2025\/01\/13\/07\/a929881a-9631-4b71-a796-15710413d174_trans.jpeg\"><br \/>\n<img decoding=\"async\" src=\"https:\/\/oss-cf.cjdropshipping.com\/product\/2025\/01\/13\/07\/9792ab9c-d14a-40f0-a4f8-059ef9d12936_trans.jpeg\"><br \/>\n<img decoding=\"async\" src=\"https:\/\/oss-cf.cjdropshipping.com\/product\/2025\/01\/13\/07\/b1c444dc-9c19-439a-bbde-b2cffd3588ed_trans.jpeg\"><br \/>\n<img decoding=\"async\" src=\"https:\/\/oss-cf.cjdropshipping.com\/product\/2025\/01\/13\/07\/73c81cd9-dc41-46ad-9908-553ba8846859_trans.jpeg\"><br \/>\n<img decoding=\"async\" src=\"https:\/\/oss-cf.cjdropshipping.com\/product\/2025\/01\/13\/07\/6c980df1-0e2b-4dad-909b-3d4167a82d44_trans.jpeg\"><br \/>\n<img decoding=\"async\" src=\"https:\/\/oss-cf.cjdropshipping.com\/product\/2025\/01\/13\/07\/d2d0c690-24d9-4ee9-a1b5-1d22cab9b212_trans.jpeg\"><br \/>\n<img decoding=\"async\" src=\"https:\/\/oss-cf.cjdropshipping.com\/product\/2025\/01\/13\/07\/531dadff-5335-47eb-adb4-ac29e063c102_trans.jpeg\"><br \/>\n<img decoding=\"async\" src=\"https:\/\/oss-cf.cjdropshipping.com\/product\/2025\/01\/13\/07\/be237e17-66b7-467d-a6d5-d989d13d3b80_trans.jpeg\"><br \/>\n<img decoding=\"async\" src=\"https:\/\/oss-cf.cjdropshipping.com\/product\/2025\/01\/13\/07\/0422b54b-f213-4470-a1bf-b69cf57f2f4b_trans.jpeg\"><br \/>\n<img decoding=\"async\" src=\"https:\/\/oss-cf.cjdropshipping.com\/product\/2025\/01\/13\/07\/70d0942a-6df6-4fb9-b903-4332717277d9_trans.jpeg\"><\/p>\n","protected":false},"excerpt":{"rendered":"<p>Informations sur le produit : Couleur : blanc laiteux, noir, kaki, marron, vert \u0153uf conserv\u00e9 Taille : M,L,XL,2XL,3XL Nom du tissu : Polyester &lt;longueur \u2264=\u00a0\u00bb\u00a0\u00bb 80cm) Mat\u00e9riau du col en fourrure : laine artificielle Longueur des manches : manches longues Garniture : duvet de coton Taille : Note : 1. les tailles asiatiques sont 1 [&hellip;]<\/p>\n","protected":false},"featured_media":8369,"comment_status":"open","ping_status":"closed","template":"","meta":{"content-type":""},"product_brand":[],"product_cat":[664],"product_tag":[],"class_list":{"0":"post-8947","1":"product","2":"type-product","3":"status-publish","4":"has-post-thumbnail","6":"product_cat-manteaux-fr","8":"first","9":"instock","10":"taxable","11":"shipping-taxable","12":"purchasable","13":"product-type-variable","14":"add-to-wishlist-after_add_to_cart"},"yoast_head":"<!-- This site is optimized with the Yoast SEO plugin v27.4 - https:\/\/yoast.com\/product\/yoast-seo-wordpress\/ -->\n<title>Manteau ample mi-long en coton pour femmes Manteau \u00e9pais cintr\u00e9 doubl\u00e9 de polaire - Aigle Shopping Canada<\/title>\n<meta name=\"robots\" content=\"index, follow, max-snippet:-1, max-image-preview:large, max-video-preview:-1\" \/>\n<link rel=\"canonical\" href=\"https:\/\/aigleshopping.ca\/fr\/produit\/manteau-ample-mi-long-en-coton-pour-femmes-manteau-epais-cintre-double-de-polaire\/\" \/>\n<meta property=\"og:locale\" content=\"fr_FR\" \/>\n<meta property=\"og:type\" content=\"article\" \/>\n<meta property=\"og:title\" content=\"Manteau ample mi-long en coton pour femmes Manteau \u00e9pais cintr\u00e9 doubl\u00e9 de polaire - Aigle Shopping Canada\" \/>\n<meta property=\"og:description\" content=\"Informations sur le produit : Couleur : blanc laiteux, noir, kaki, marron, vert \u0153uf conserv\u00e9 Taille : M,L,XL,2XL,3XL Nom du tissu : Polyester &lt;longueur \u2264=\u00a0\u00bb\u00a0\u00bb 80cm) Mat\u00e9riau du col en fourrure : laine artificielle Longueur des manches : manches longues Garniture : duvet de coton Taille : Note : 1. les tailles asiatiques sont 1 [&hellip;]\" \/>\n<meta property=\"og:url\" content=\"https:\/\/aigleshopping.ca\/fr\/produit\/manteau-ample-mi-long-en-coton-pour-femmes-manteau-epais-cintre-double-de-polaire\/\" \/>\n<meta property=\"og:site_name\" content=\"Aigle Shopping Canada\" \/>\n<meta property=\"article:modified_time\" content=\"2025-01-30T11:01:23+00:00\" \/>\n<meta property=\"og:image\" content=\"https:\/\/aigleshopping.ca\/wp-content\/uploads\/2025\/01\/504ed39e-8903-4e5d-9d97-a6eb292cb480.jpg\" \/>\n\t<meta property=\"og:image:width\" content=\"800\" \/>\n\t<meta property=\"og:image:height\" content=\"800\" \/>\n\t<meta property=\"og:image:type\" content=\"image\/jpeg\" \/>\n<meta name=\"twitter:card\" content=\"summary_large_image\" \/>\n<meta name=\"twitter:label1\" content=\"Dur\u00e9e de lecture estim\u00e9e\" \/>\n\t<meta name=\"twitter:data1\" content=\"1 minute\" \/>\n<script type=\"application\/ld+json\" class=\"yoast-schema-graph\">{\"@context\":\"https:\\\/\\\/schema.org\",\"@graph\":[{\"@type\":\"WebPage\",\"@id\":\"https:\\\/\\\/aigleshopping.ca\\\/fr\\\/produit\\\/manteau-ample-mi-long-en-coton-pour-femmes-manteau-epais-cintre-double-de-polaire\\\/\",\"url\":\"https:\\\/\\\/aigleshopping.ca\\\/fr\\\/produit\\\/manteau-ample-mi-long-en-coton-pour-femmes-manteau-epais-cintre-double-de-polaire\\\/\",\"name\":\"Manteau ample mi-long en coton pour femmes Manteau \u00e9pais cintr\u00e9 doubl\u00e9 de polaire - Aigle Shopping Canada\",\"isPartOf\":{\"@id\":\"https:\\\/\\\/aigleshopping.ca\\\/#website\"},\"primaryImageOfPage\":{\"@id\":\"https:\\\/\\\/aigleshopping.ca\\\/fr\\\/produit\\\/manteau-ample-mi-long-en-coton-pour-femmes-manteau-epais-cintre-double-de-polaire\\\/#primaryimage\"},\"image\":{\"@id\":\"https:\\\/\\\/aigleshopping.ca\\\/fr\\\/produit\\\/manteau-ample-mi-long-en-coton-pour-femmes-manteau-epais-cintre-double-de-polaire\\\/#primaryimage\"},\"thumbnailUrl\":\"https:\\\/\\\/aigleshopping.ca\\\/wp-content\\\/uploads\\\/2025\\\/01\\\/504ed39e-8903-4e5d-9d97-a6eb292cb480.jpg\",\"datePublished\":\"2025-01-29T03:59:55+00:00\",\"dateModified\":\"2025-01-30T11:01:23+00:00\",\"breadcrumb\":{\"@id\":\"https:\\\/\\\/aigleshopping.ca\\\/fr\\\/produit\\\/manteau-ample-mi-long-en-coton-pour-femmes-manteau-epais-cintre-double-de-polaire\\\/#breadcrumb\"},\"inLanguage\":\"fr-FR\",\"potentialAction\":[{\"@type\":\"ReadAction\",\"target\":[\"https:\\\/\\\/aigleshopping.ca\\\/fr\\\/produit\\\/manteau-ample-mi-long-en-coton-pour-femmes-manteau-epais-cintre-double-de-polaire\\\/\"]}]},{\"@type\":\"ImageObject\",\"inLanguage\":\"fr-FR\",\"@id\":\"https:\\\/\\\/aigleshopping.ca\\\/fr\\\/produit\\\/manteau-ample-mi-long-en-coton-pour-femmes-manteau-epais-cintre-double-de-polaire\\\/#primaryimage\",\"url\":\"https:\\\/\\\/aigleshopping.ca\\\/wp-content\\\/uploads\\\/2025\\\/01\\\/504ed39e-8903-4e5d-9d97-a6eb292cb480.jpg\",\"contentUrl\":\"https:\\\/\\\/aigleshopping.ca\\\/wp-content\\\/uploads\\\/2025\\\/01\\\/504ed39e-8903-4e5d-9d97-a6eb292cb480.jpg\",\"width\":800,\"height\":800},{\"@type\":\"BreadcrumbList\",\"@id\":\"https:\\\/\\\/aigleshopping.ca\\\/fr\\\/produit\\\/manteau-ample-mi-long-en-coton-pour-femmes-manteau-epais-cintre-double-de-polaire\\\/#breadcrumb\",\"itemListElement\":[{\"@type\":\"ListItem\",\"position\":1,\"name\":\"Home\",\"item\":\"https:\\\/\\\/aigleshopping.ca\\\/fr\\\/home\\\/\"},{\"@type\":\"ListItem\",\"position\":2,\"name\":\"Products\",\"item\":\"https:\\\/\\\/aigleshopping.ca\\\/shop\\\/\"},{\"@type\":\"ListItem\",\"position\":3,\"name\":\"Manteau ample mi-long en coton pour femmes Manteau \u00e9pais cintr\u00e9 doubl\u00e9 de polaire\"}]},{\"@type\":\"WebSite\",\"@id\":\"https:\\\/\\\/aigleshopping.ca\\\/#website\",\"url\":\"https:\\\/\\\/aigleshopping.ca\\\/\",\"name\":\"Aigle Shopping Canada\",\"description\":\"Au-del\u00e0 des fronti\u00e8res, pour vous offrir le\u00a0meilleur!\",\"publisher\":{\"@id\":\"https:\\\/\\\/aigleshopping.ca\\\/#organization\"},\"potentialAction\":[{\"@type\":\"SearchAction\",\"target\":{\"@type\":\"EntryPoint\",\"urlTemplate\":\"https:\\\/\\\/aigleshopping.ca\\\/?s={search_term_string}\"},\"query-input\":{\"@type\":\"PropertyValueSpecification\",\"valueRequired\":true,\"valueName\":\"search_term_string\"}}],\"inLanguage\":\"fr-FR\"},{\"@type\":\"Organization\",\"@id\":\"https:\\\/\\\/aigleshopping.ca\\\/#organization\",\"name\":\"Aigle Shopping Canada\",\"url\":\"https:\\\/\\\/aigleshopping.ca\\\/\",\"logo\":{\"@type\":\"ImageObject\",\"inLanguage\":\"fr-FR\",\"@id\":\"https:\\\/\\\/aigleshopping.ca\\\/#\\\/schema\\\/logo\\\/image\\\/\",\"url\":\"https:\\\/\\\/aigleshopping.ca\\\/wp-content\\\/uploads\\\/2025\\\/12\\\/logo_aigleshopping_ca.png\",\"contentUrl\":\"https:\\\/\\\/aigleshopping.ca\\\/wp-content\\\/uploads\\\/2025\\\/12\\\/logo_aigleshopping_ca.png\",\"width\":800,\"height\":233,\"caption\":\"Aigle Shopping Canada\"},\"image\":{\"@id\":\"https:\\\/\\\/aigleshopping.ca\\\/#\\\/schema\\\/logo\\\/image\\\/\"}}]}<\/script>\n<!-- \/ Yoast SEO plugin. -->","yoast_head_json":{"title":"Manteau ample mi-long en coton pour femmes Manteau \u00e9pais cintr\u00e9 doubl\u00e9 de polaire - Aigle Shopping Canada","robots":{"index":"index","follow":"follow","max-snippet":"max-snippet:-1","max-image-preview":"max-image-preview:large","max-video-preview":"max-video-preview:-1"},"canonical":"https:\/\/aigleshopping.ca\/fr\/produit\/manteau-ample-mi-long-en-coton-pour-femmes-manteau-epais-cintre-double-de-polaire\/","og_locale":"fr_FR","og_type":"article","og_title":"Manteau ample mi-long en coton pour femmes Manteau \u00e9pais cintr\u00e9 doubl\u00e9 de polaire - Aigle Shopping Canada","og_description":"Informations sur le produit : Couleur : blanc laiteux, noir, kaki, marron, vert \u0153uf conserv\u00e9 Taille : M,L,XL,2XL,3XL Nom du tissu : Polyester &lt;longueur \u2264=\u00a0\u00bb\u00a0\u00bb 80cm) Mat\u00e9riau du col en fourrure : laine artificielle Longueur des manches : manches longues Garniture : duvet de coton Taille : Note : 1. les tailles asiatiques sont 1 [&hellip;]","og_url":"https:\/\/aigleshopping.ca\/fr\/produit\/manteau-ample-mi-long-en-coton-pour-femmes-manteau-epais-cintre-double-de-polaire\/","og_site_name":"Aigle Shopping Canada","article_modified_time":"2025-01-30T11:01:23+00:00","og_image":[{"width":800,"height":800,"url":"https:\/\/aigleshopping.ca\/wp-content\/uploads\/2025\/01\/504ed39e-8903-4e5d-9d97-a6eb292cb480.jpg","type":"image\/jpeg"}],"twitter_card":"summary_large_image","twitter_misc":{"Dur\u00e9e de lecture estim\u00e9e":"1 minute"},"schema":{"@context":"https:\/\/schema.org","@graph":[{"@type":"WebPage","@id":"https:\/\/aigleshopping.ca\/fr\/produit\/manteau-ample-mi-long-en-coton-pour-femmes-manteau-epais-cintre-double-de-polaire\/","url":"https:\/\/aigleshopping.ca\/fr\/produit\/manteau-ample-mi-long-en-coton-pour-femmes-manteau-epais-cintre-double-de-polaire\/","name":"Manteau ample mi-long en coton pour femmes Manteau \u00e9pais cintr\u00e9 doubl\u00e9 de polaire - Aigle Shopping Canada","isPartOf":{"@id":"https:\/\/aigleshopping.ca\/#website"},"primaryImageOfPage":{"@id":"https:\/\/aigleshopping.ca\/fr\/produit\/manteau-ample-mi-long-en-coton-pour-femmes-manteau-epais-cintre-double-de-polaire\/#primaryimage"},"image":{"@id":"https:\/\/aigleshopping.ca\/fr\/produit\/manteau-ample-mi-long-en-coton-pour-femmes-manteau-epais-cintre-double-de-polaire\/#primaryimage"},"thumbnailUrl":"https:\/\/aigleshopping.ca\/wp-content\/uploads\/2025\/01\/504ed39e-8903-4e5d-9d97-a6eb292cb480.jpg","datePublished":"2025-01-29T03:59:55+00:00","dateModified":"2025-01-30T11:01:23+00:00","breadcrumb":{"@id":"https:\/\/aigleshopping.ca\/fr\/produit\/manteau-ample-mi-long-en-coton-pour-femmes-manteau-epais-cintre-double-de-polaire\/#breadcrumb"},"inLanguage":"fr-FR","potentialAction":[{"@type":"ReadAction","target":["https:\/\/aigleshopping.ca\/fr\/produit\/manteau-ample-mi-long-en-coton-pour-femmes-manteau-epais-cintre-double-de-polaire\/"]}]},{"@type":"ImageObject","inLanguage":"fr-FR","@id":"https:\/\/aigleshopping.ca\/fr\/produit\/manteau-ample-mi-long-en-coton-pour-femmes-manteau-epais-cintre-double-de-polaire\/#primaryimage","url":"https:\/\/aigleshopping.ca\/wp-content\/uploads\/2025\/01\/504ed39e-8903-4e5d-9d97-a6eb292cb480.jpg","contentUrl":"https:\/\/aigleshopping.ca\/wp-content\/uploads\/2025\/01\/504ed39e-8903-4e5d-9d97-a6eb292cb480.jpg","width":800,"height":800},{"@type":"BreadcrumbList","@id":"https:\/\/aigleshopping.ca\/fr\/produit\/manteau-ample-mi-long-en-coton-pour-femmes-manteau-epais-cintre-double-de-polaire\/#breadcrumb","itemListElement":[{"@type":"ListItem","position":1,"name":"Home","item":"https:\/\/aigleshopping.ca\/fr\/home\/"},{"@type":"ListItem","position":2,"name":"Products","item":"https:\/\/aigleshopping.ca\/shop\/"},{"@type":"ListItem","position":3,"name":"Manteau ample mi-long en coton pour femmes Manteau \u00e9pais cintr\u00e9 doubl\u00e9 de polaire"}]},{"@type":"WebSite","@id":"https:\/\/aigleshopping.ca\/#website","url":"https:\/\/aigleshopping.ca\/","name":"Aigle Shopping Canada","description":"Au-del\u00e0 des fronti\u00e8res, pour vous offrir le\u00a0meilleur!","publisher":{"@id":"https:\/\/aigleshopping.ca\/#organization"},"potentialAction":[{"@type":"SearchAction","target":{"@type":"EntryPoint","urlTemplate":"https:\/\/aigleshopping.ca\/?s={search_term_string}"},"query-input":{"@type":"PropertyValueSpecification","valueRequired":true,"valueName":"search_term_string"}}],"inLanguage":"fr-FR"},{"@type":"Organization","@id":"https:\/\/aigleshopping.ca\/#organization","name":"Aigle Shopping Canada","url":"https:\/\/aigleshopping.ca\/","logo":{"@type":"ImageObject","inLanguage":"fr-FR","@id":"https:\/\/aigleshopping.ca\/#\/schema\/logo\/image\/","url":"https:\/\/aigleshopping.ca\/wp-content\/uploads\/2025\/12\/logo_aigleshopping_ca.png","contentUrl":"https:\/\/aigleshopping.ca\/wp-content\/uploads\/2025\/12\/logo_aigleshopping_ca.png","width":800,"height":233,"caption":"Aigle Shopping Canada"},"image":{"@id":"https:\/\/aigleshopping.ca\/#\/schema\/logo\/image\/"}}]}},"jetpack_sharing_enabled":true,"_links":{"self":[{"href":"https:\/\/aigleshopping.ca\/fr\/wp-json\/wp\/v2\/product\/8947","targetHints":{"allow":["GET"]}}],"collection":[{"href":"https:\/\/aigleshopping.ca\/fr\/wp-json\/wp\/v2\/product"}],"about":[{"href":"https:\/\/aigleshopping.ca\/fr\/wp-json\/wp\/v2\/types\/product"}],"replies":[{"embeddable":true,"href":"https:\/\/aigleshopping.ca\/fr\/wp-json\/wp\/v2\/comments?post=8947"}],"wp:featuredmedia":[{"embeddable":true,"href":"https:\/\/aigleshopping.ca\/fr\/wp-json\/wp\/v2\/media\/8369"}],"wp:attachment":[{"href":"https:\/\/aigleshopping.ca\/fr\/wp-json\/wp\/v2\/media?parent=8947"}],"wp:term":[{"taxonomy":"product_brand","embeddable":true,"href":"https:\/\/aigleshopping.ca\/fr\/wp-json\/wp\/v2\/product_brand?post=8947"},{"taxonomy":"product_cat","embeddable":true,"href":"https:\/\/aigleshopping.ca\/fr\/wp-json\/wp\/v2\/product_cat?post=8947"},{"taxonomy":"product_tag","embeddable":true,"href":"https:\/\/aigleshopping.ca\/fr\/wp-json\/wp\/v2\/product_tag?post=8947"}],"curies":[{"name":"wp","href":"https:\/\/api.w.org\/{rel}","templated":true}]}}