{"id":8973,"date":"2025-01-28T16:57:13","date_gmt":"2025-01-28T16:57:13","guid":{"rendered":"https:\/\/aigleshopping.ca\/produit\/manteau-epais-en-faux-cachemire-mi-long-pour-femmes\/"},"modified":"2025-01-28T16:57:13","modified_gmt":"2025-01-28T16:57:13","slug":"manteau-epais-en-faux-cachemire-mi-long-pour-femmes","status":"publish","type":"product","link":"https:\/\/aigleshopping.ca\/fr\/produit\/manteau-epais-en-faux-cachemire-mi-long-pour-femmes\/","title":{"rendered":"Manteau \u00e9pais en faux cachemire mi-long pour femmes"},"content":{"rendered":"<p>\n <b>Informations sur le produit :<\/b><br \/> Motif : consultez le service client\u00e8le <br \/> Couleur : bleu saphir, caramel, rouge rose, marron fonc\u00e9, marron clair, rouge vin <br \/> Taille : M,L,XL,2XL,3XL,4XL,5XL,6XL <br \/> Version : Regular <br \/> Type de style : Art r\u00e9tro <br \/> \u00c9l\u00e9ments populaires : consultez le service client\u00e8le <br \/> \u00c9paisseur : \u00e9paisse <br \/> Nom du tissu : polyester  <\/p>\n<p>\n<b>Liste d&#8217;emballage : <\/b><br \/> Veste*1  <\/p>\n<p><b>Image du produit :<\/b><br \/>\n<br \/>\n<img decoding=\"async\" src=\"https:\/\/oss-cf.cjdropshipping.com\/product\/2025\/01\/21\/06\/2607a596-9d34-4caf-821e-c47c5dbe9677_trans.jpeg\"><br \/>\n<img decoding=\"async\" src=\"https:\/\/oss-cf.cjdropshipping.com\/product\/2025\/01\/21\/06\/600dc85e-6c89-4c63-9678-126056dcd735_trans.jpeg\"><br \/>\n<img decoding=\"async\" src=\"https:\/\/oss-cf.cjdropshipping.com\/product\/2025\/01\/21\/06\/3558ff8b-fa33-4257-9c59-000abd6fe74b_trans.jpeg\"><br \/>\n<img decoding=\"async\" src=\"https:\/\/oss-cf.cjdropshipping.com\/product\/2025\/01\/21\/06\/abf6d0f1-fc8a-4401-86ce-71f6b493ca49_trans.jpeg\"><br \/>\n<img decoding=\"async\" src=\"https:\/\/oss-cf.cjdropshipping.com\/product\/2025\/01\/21\/06\/27982e07-8565-4c14-be7d-3bd3e7c8f0fd_trans.jpeg\"><br \/>\n<img decoding=\"async\" src=\"https:\/\/oss-cf.cjdropshipping.com\/product\/2025\/01\/21\/06\/3513bec8-d463-449b-a171-95a201767770_trans.jpeg\"><br \/>\n<img decoding=\"async\" src=\"https:\/\/oss-cf.cjdropshipping.com\/product\/2025\/01\/21\/06\/80763196-830c-4cab-9faf-a29e5f45b3ba_trans.jpeg\"><br \/>\n<img decoding=\"async\" src=\"https:\/\/oss-cf.cjdropshipping.com\/product\/2025\/01\/21\/06\/118e21d3-9482-40bf-8407-01d9ebb0a93d_trans.jpeg\"><br \/>\n<img decoding=\"async\" src=\"https:\/\/oss-cf.cjdropshipping.com\/product\/2025\/01\/21\/06\/34870822-59b4-43ce-af9e-7fc64750d330_trans.jpeg\"><br \/>\n<img decoding=\"async\" src=\"https:\/\/oss-cf.cjdropshipping.com\/product\/2025\/01\/21\/06\/7afdba74-81e5-456b-9c08-47d79481e580_trans.jpeg\"><br \/>\n<img decoding=\"async\" src=\"https:\/\/oss-cf.cjdropshipping.com\/product\/2025\/01\/21\/06\/e33d9085-24c5-4f80-aa9e-77726455a13a_trans.jpeg\"><\/p>\n","protected":false},"excerpt":{"rendered":"<p>Informations sur le produit : Motif : consultez le service client\u00e8le Couleur : bleu saphir, caramel, rouge rose, marron fonc\u00e9, marron clair, rouge vin Taille : M,L,XL,2XL,3XL,4XL,5XL,6XL Version : Regular Type de style : Art r\u00e9tro \u00c9l\u00e9ments populaires : consultez le service client\u00e8le \u00c9paisseur : \u00e9paisse Nom du tissu : polyester Liste d&#8217;emballage : Veste*1 [&hellip;]<\/p>\n","protected":false},"featured_media":7869,"comment_status":"open","ping_status":"closed","template":"","meta":{"content-type":""},"product_brand":[],"product_cat":[624],"product_tag":[],"class_list":{"0":"post-8973","1":"product","2":"type-product","3":"status-publish","4":"has-post-thumbnail","6":"product_cat-vestes-fr","8":"first","9":"instock","10":"taxable","11":"shipping-taxable","12":"purchasable","13":"product-type-variable","14":"add-to-wishlist-after_add_to_cart"},"yoast_head":"<!-- This site is optimized with the Yoast SEO plugin v27.4 - https:\/\/yoast.com\/product\/yoast-seo-wordpress\/ -->\n<title>Manteau \u00e9pais en faux cachemire mi-long pour femmes - Aigle Shopping Canada<\/title>\n<meta name=\"robots\" content=\"index, follow, max-snippet:-1, max-image-preview:large, max-video-preview:-1\" \/>\n<link rel=\"canonical\" href=\"https:\/\/aigleshopping.ca\/fr\/produit\/manteau-epais-en-faux-cachemire-mi-long-pour-femmes\/\" \/>\n<meta property=\"og:locale\" content=\"fr_FR\" \/>\n<meta property=\"og:type\" content=\"article\" \/>\n<meta property=\"og:title\" content=\"Manteau \u00e9pais en faux cachemire mi-long pour femmes - Aigle Shopping Canada\" \/>\n<meta property=\"og:description\" content=\"Informations sur le produit : Motif : consultez le service client\u00e8le Couleur : bleu saphir, caramel, rouge rose, marron fonc\u00e9, marron clair, rouge vin Taille : M,L,XL,2XL,3XL,4XL,5XL,6XL Version : Regular Type de style : Art r\u00e9tro \u00c9l\u00e9ments populaires : consultez le service client\u00e8le \u00c9paisseur : \u00e9paisse Nom du tissu : polyester Liste d&#8217;emballage : Veste*1 [&hellip;]\" \/>\n<meta property=\"og:url\" content=\"https:\/\/aigleshopping.ca\/fr\/produit\/manteau-epais-en-faux-cachemire-mi-long-pour-femmes\/\" \/>\n<meta property=\"og:site_name\" content=\"Aigle Shopping Canada\" \/>\n<meta property=\"og:image\" content=\"https:\/\/aigleshopping.ca\/wp-content\/uploads\/2025\/01\/cb37a913-8e97-48f4-a5e4-d0d4f3c3e4ff.jpg\" \/>\n\t<meta property=\"og:image:width\" content=\"800\" \/>\n\t<meta property=\"og:image:height\" content=\"800\" \/>\n\t<meta property=\"og:image:type\" content=\"image\/jpeg\" \/>\n<meta name=\"twitter:card\" content=\"summary_large_image\" \/>\n<script type=\"application\/ld+json\" class=\"yoast-schema-graph\">{\"@context\":\"https:\\\/\\\/schema.org\",\"@graph\":[{\"@type\":\"WebPage\",\"@id\":\"https:\\\/\\\/aigleshopping.ca\\\/fr\\\/produit\\\/manteau-epais-en-faux-cachemire-mi-long-pour-femmes\\\/\",\"url\":\"https:\\\/\\\/aigleshopping.ca\\\/fr\\\/produit\\\/manteau-epais-en-faux-cachemire-mi-long-pour-femmes\\\/\",\"name\":\"Manteau \u00e9pais en faux cachemire mi-long pour femmes - Aigle Shopping Canada\",\"isPartOf\":{\"@id\":\"https:\\\/\\\/aigleshopping.ca\\\/#website\"},\"primaryImageOfPage\":{\"@id\":\"https:\\\/\\\/aigleshopping.ca\\\/fr\\\/produit\\\/manteau-epais-en-faux-cachemire-mi-long-pour-femmes\\\/#primaryimage\"},\"image\":{\"@id\":\"https:\\\/\\\/aigleshopping.ca\\\/fr\\\/produit\\\/manteau-epais-en-faux-cachemire-mi-long-pour-femmes\\\/#primaryimage\"},\"thumbnailUrl\":\"https:\\\/\\\/aigleshopping.ca\\\/wp-content\\\/uploads\\\/2025\\\/01\\\/cb37a913-8e97-48f4-a5e4-d0d4f3c3e4ff.jpg\",\"datePublished\":\"2025-01-28T16:57:13+00:00\",\"breadcrumb\":{\"@id\":\"https:\\\/\\\/aigleshopping.ca\\\/fr\\\/produit\\\/manteau-epais-en-faux-cachemire-mi-long-pour-femmes\\\/#breadcrumb\"},\"inLanguage\":\"fr-FR\",\"potentialAction\":[{\"@type\":\"ReadAction\",\"target\":[\"https:\\\/\\\/aigleshopping.ca\\\/fr\\\/produit\\\/manteau-epais-en-faux-cachemire-mi-long-pour-femmes\\\/\"]}]},{\"@type\":\"ImageObject\",\"inLanguage\":\"fr-FR\",\"@id\":\"https:\\\/\\\/aigleshopping.ca\\\/fr\\\/produit\\\/manteau-epais-en-faux-cachemire-mi-long-pour-femmes\\\/#primaryimage\",\"url\":\"https:\\\/\\\/aigleshopping.ca\\\/wp-content\\\/uploads\\\/2025\\\/01\\\/cb37a913-8e97-48f4-a5e4-d0d4f3c3e4ff.jpg\",\"contentUrl\":\"https:\\\/\\\/aigleshopping.ca\\\/wp-content\\\/uploads\\\/2025\\\/01\\\/cb37a913-8e97-48f4-a5e4-d0d4f3c3e4ff.jpg\",\"width\":800,\"height\":800},{\"@type\":\"BreadcrumbList\",\"@id\":\"https:\\\/\\\/aigleshopping.ca\\\/fr\\\/produit\\\/manteau-epais-en-faux-cachemire-mi-long-pour-femmes\\\/#breadcrumb\",\"itemListElement\":[{\"@type\":\"ListItem\",\"position\":1,\"name\":\"Home\",\"item\":\"https:\\\/\\\/aigleshopping.ca\\\/fr\\\/home\\\/\"},{\"@type\":\"ListItem\",\"position\":2,\"name\":\"Products\",\"item\":\"https:\\\/\\\/aigleshopping.ca\\\/shop\\\/\"},{\"@type\":\"ListItem\",\"position\":3,\"name\":\"Manteau \u00e9pais en faux cachemire mi-long pour femmes\"}]},{\"@type\":\"WebSite\",\"@id\":\"https:\\\/\\\/aigleshopping.ca\\\/#website\",\"url\":\"https:\\\/\\\/aigleshopping.ca\\\/\",\"name\":\"Aigle Shopping Canada\",\"description\":\"Au-del\u00e0 des fronti\u00e8res, pour vous offrir le\u00a0meilleur!\",\"publisher\":{\"@id\":\"https:\\\/\\\/aigleshopping.ca\\\/#organization\"},\"potentialAction\":[{\"@type\":\"SearchAction\",\"target\":{\"@type\":\"EntryPoint\",\"urlTemplate\":\"https:\\\/\\\/aigleshopping.ca\\\/?s={search_term_string}\"},\"query-input\":{\"@type\":\"PropertyValueSpecification\",\"valueRequired\":true,\"valueName\":\"search_term_string\"}}],\"inLanguage\":\"fr-FR\"},{\"@type\":\"Organization\",\"@id\":\"https:\\\/\\\/aigleshopping.ca\\\/#organization\",\"name\":\"Aigle Shopping Canada\",\"url\":\"https:\\\/\\\/aigleshopping.ca\\\/\",\"logo\":{\"@type\":\"ImageObject\",\"inLanguage\":\"fr-FR\",\"@id\":\"https:\\\/\\\/aigleshopping.ca\\\/#\\\/schema\\\/logo\\\/image\\\/\",\"url\":\"https:\\\/\\\/aigleshopping.ca\\\/wp-content\\\/uploads\\\/2025\\\/12\\\/logo_aigleshopping_ca.png\",\"contentUrl\":\"https:\\\/\\\/aigleshopping.ca\\\/wp-content\\\/uploads\\\/2025\\\/12\\\/logo_aigleshopping_ca.png\",\"width\":800,\"height\":233,\"caption\":\"Aigle Shopping Canada\"},\"image\":{\"@id\":\"https:\\\/\\\/aigleshopping.ca\\\/#\\\/schema\\\/logo\\\/image\\\/\"}}]}<\/script>\n<!-- \/ Yoast SEO plugin. -->","yoast_head_json":{"title":"Manteau \u00e9pais en faux cachemire mi-long pour femmes - Aigle Shopping Canada","robots":{"index":"index","follow":"follow","max-snippet":"max-snippet:-1","max-image-preview":"max-image-preview:large","max-video-preview":"max-video-preview:-1"},"canonical":"https:\/\/aigleshopping.ca\/fr\/produit\/manteau-epais-en-faux-cachemire-mi-long-pour-femmes\/","og_locale":"fr_FR","og_type":"article","og_title":"Manteau \u00e9pais en faux cachemire mi-long pour femmes - Aigle Shopping Canada","og_description":"Informations sur le produit : Motif : consultez le service client\u00e8le Couleur : bleu saphir, caramel, rouge rose, marron fonc\u00e9, marron clair, rouge vin Taille : M,L,XL,2XL,3XL,4XL,5XL,6XL Version : Regular Type de style : Art r\u00e9tro \u00c9l\u00e9ments populaires : consultez le service client\u00e8le \u00c9paisseur : \u00e9paisse Nom du tissu : polyester Liste d&#8217;emballage : Veste*1 [&hellip;]","og_url":"https:\/\/aigleshopping.ca\/fr\/produit\/manteau-epais-en-faux-cachemire-mi-long-pour-femmes\/","og_site_name":"Aigle Shopping Canada","og_image":[{"width":800,"height":800,"url":"https:\/\/aigleshopping.ca\/wp-content\/uploads\/2025\/01\/cb37a913-8e97-48f4-a5e4-d0d4f3c3e4ff.jpg","type":"image\/jpeg"}],"twitter_card":"summary_large_image","schema":{"@context":"https:\/\/schema.org","@graph":[{"@type":"WebPage","@id":"https:\/\/aigleshopping.ca\/fr\/produit\/manteau-epais-en-faux-cachemire-mi-long-pour-femmes\/","url":"https:\/\/aigleshopping.ca\/fr\/produit\/manteau-epais-en-faux-cachemire-mi-long-pour-femmes\/","name":"Manteau \u00e9pais en faux cachemire mi-long pour femmes - Aigle Shopping Canada","isPartOf":{"@id":"https:\/\/aigleshopping.ca\/#website"},"primaryImageOfPage":{"@id":"https:\/\/aigleshopping.ca\/fr\/produit\/manteau-epais-en-faux-cachemire-mi-long-pour-femmes\/#primaryimage"},"image":{"@id":"https:\/\/aigleshopping.ca\/fr\/produit\/manteau-epais-en-faux-cachemire-mi-long-pour-femmes\/#primaryimage"},"thumbnailUrl":"https:\/\/aigleshopping.ca\/wp-content\/uploads\/2025\/01\/cb37a913-8e97-48f4-a5e4-d0d4f3c3e4ff.jpg","datePublished":"2025-01-28T16:57:13+00:00","breadcrumb":{"@id":"https:\/\/aigleshopping.ca\/fr\/produit\/manteau-epais-en-faux-cachemire-mi-long-pour-femmes\/#breadcrumb"},"inLanguage":"fr-FR","potentialAction":[{"@type":"ReadAction","target":["https:\/\/aigleshopping.ca\/fr\/produit\/manteau-epais-en-faux-cachemire-mi-long-pour-femmes\/"]}]},{"@type":"ImageObject","inLanguage":"fr-FR","@id":"https:\/\/aigleshopping.ca\/fr\/produit\/manteau-epais-en-faux-cachemire-mi-long-pour-femmes\/#primaryimage","url":"https:\/\/aigleshopping.ca\/wp-content\/uploads\/2025\/01\/cb37a913-8e97-48f4-a5e4-d0d4f3c3e4ff.jpg","contentUrl":"https:\/\/aigleshopping.ca\/wp-content\/uploads\/2025\/01\/cb37a913-8e97-48f4-a5e4-d0d4f3c3e4ff.jpg","width":800,"height":800},{"@type":"BreadcrumbList","@id":"https:\/\/aigleshopping.ca\/fr\/produit\/manteau-epais-en-faux-cachemire-mi-long-pour-femmes\/#breadcrumb","itemListElement":[{"@type":"ListItem","position":1,"name":"Home","item":"https:\/\/aigleshopping.ca\/fr\/home\/"},{"@type":"ListItem","position":2,"name":"Products","item":"https:\/\/aigleshopping.ca\/shop\/"},{"@type":"ListItem","position":3,"name":"Manteau \u00e9pais en faux cachemire mi-long pour femmes"}]},{"@type":"WebSite","@id":"https:\/\/aigleshopping.ca\/#website","url":"https:\/\/aigleshopping.ca\/","name":"Aigle Shopping Canada","description":"Au-del\u00e0 des fronti\u00e8res, pour vous offrir le\u00a0meilleur!","publisher":{"@id":"https:\/\/aigleshopping.ca\/#organization"},"potentialAction":[{"@type":"SearchAction","target":{"@type":"EntryPoint","urlTemplate":"https:\/\/aigleshopping.ca\/?s={search_term_string}"},"query-input":{"@type":"PropertyValueSpecification","valueRequired":true,"valueName":"search_term_string"}}],"inLanguage":"fr-FR"},{"@type":"Organization","@id":"https:\/\/aigleshopping.ca\/#organization","name":"Aigle Shopping Canada","url":"https:\/\/aigleshopping.ca\/","logo":{"@type":"ImageObject","inLanguage":"fr-FR","@id":"https:\/\/aigleshopping.ca\/#\/schema\/logo\/image\/","url":"https:\/\/aigleshopping.ca\/wp-content\/uploads\/2025\/12\/logo_aigleshopping_ca.png","contentUrl":"https:\/\/aigleshopping.ca\/wp-content\/uploads\/2025\/12\/logo_aigleshopping_ca.png","width":800,"height":233,"caption":"Aigle Shopping Canada"},"image":{"@id":"https:\/\/aigleshopping.ca\/#\/schema\/logo\/image\/"}}]}},"jetpack_sharing_enabled":true,"_links":{"self":[{"href":"https:\/\/aigleshopping.ca\/fr\/wp-json\/wp\/v2\/product\/8973","targetHints":{"allow":["GET"]}}],"collection":[{"href":"https:\/\/aigleshopping.ca\/fr\/wp-json\/wp\/v2\/product"}],"about":[{"href":"https:\/\/aigleshopping.ca\/fr\/wp-json\/wp\/v2\/types\/product"}],"replies":[{"embeddable":true,"href":"https:\/\/aigleshopping.ca\/fr\/wp-json\/wp\/v2\/comments?post=8973"}],"wp:featuredmedia":[{"embeddable":true,"href":"https:\/\/aigleshopping.ca\/fr\/wp-json\/wp\/v2\/media\/7869"}],"wp:attachment":[{"href":"https:\/\/aigleshopping.ca\/fr\/wp-json\/wp\/v2\/media?parent=8973"}],"wp:term":[{"taxonomy":"product_brand","embeddable":true,"href":"https:\/\/aigleshopping.ca\/fr\/wp-json\/wp\/v2\/product_brand?post=8973"},{"taxonomy":"product_cat","embeddable":true,"href":"https:\/\/aigleshopping.ca\/fr\/wp-json\/wp\/v2\/product_cat?post=8973"},{"taxonomy":"product_tag","embeddable":true,"href":"https:\/\/aigleshopping.ca\/fr\/wp-json\/wp\/v2\/product_tag?post=8973"}],"curies":[{"name":"wp","href":"https:\/\/api.w.org\/{rel}","templated":true}]}}