{"id":8981,"date":"2025-01-29T14:50:39","date_gmt":"2025-01-29T14:50:39","guid":{"rendered":"https:\/\/aigleshopping.ca\/produit\/manteau-en-cuir-pour-femme-manteau-court-pour-femme-style-coreen\/"},"modified":"2025-01-29T14:50:39","modified_gmt":"2025-01-29T14:50:39","slug":"manteau-en-cuir-pour-femme-manteau-court-pour-femme-style-coreen","status":"publish","type":"product","link":"https:\/\/aigleshopping.ca\/fr\/produit\/manteau-en-cuir-pour-femme-manteau-court-pour-femme-style-coreen\/","title":{"rendered":"Manteau en cuir pour femme Manteau court pour femme style cor\u00e9en"},"content":{"rendered":"<p>\n <b><font style=\"vertical-align: inherit\"><font style=\"vertical-align: inherit\">Informations sur le produit :<\/font><\/font><\/b><br \/><font style=\"vertical-align: inherit\"><font style=\"vertical-align: inherit\"> Nom du tissu : cuir PU <\/font><\/font><br \/>\n <br \/>\n <font style=\"vertical-align: inherit\"><br \/>\n  <font style=\"vertical-align: inherit\">Couleur : noir  <\/font><br \/>\n <\/font><br \/>\n <br \/>\n <font style=\"vertical-align: inherit\"><br \/>\n  <font style=\"vertical-align: inherit\">Type de manche : manche r\u00e9guli\u00e8re  <\/font><br \/>\n <\/font><br \/>\n <br \/>\n <font style=\"vertical-align: inherit\"><br \/>\n  <font style=\"vertical-align: inherit\">Taille : S, M, L, XL, 2XL, 3XL  <\/font><br \/>\n <\/font><br \/>\n <br \/>\n <font style=\"vertical-align: inherit\"><br \/>\n  <font style=\"vertical-align: inherit\">Longueur des manches : manche longue<\/font><br \/>\n <\/font>\n<\/p>\n<p><b><br \/>\n <font style=\"vertical-align: inherit\"><br \/>\n  <font style=\"vertical-align: inherit\">Note :<\/font><br \/>\n <\/font><br \/>\n<\/b><\/p>\n<p><font style=\"vertical-align: inherit\"><br \/>\n <font style=\"vertical-align: inherit\">1. Les tailles asiatiques sont 1 \u00e0 2 tailles plus petites que celles des Europ\u00e9ens et des Am\u00e9ricains. Choisissez la taille la plus grande si votre taille est entre deux tailles. Veuillez pr\u00e9voir des diff\u00e9rences de 2 \u00e0 3 cm en raison de la mesure manuelle. 2. Veuillez v\u00e9rifier attentivement le tableau des tailles avant d&rsquo;acheter l&rsquo;article. Si vous ne savez pas comment choisir la taille, veuillez contacter notre service client. 3. Comme vous le savez, les diff\u00e9rents ordinateurs affichent les couleurs diff\u00e9remment, la couleur de l&rsquo;article r\u00e9el peut varier l\u00e9g\u00e8rement par rapport aux images suivantes.       <\/font><br \/>\n<\/font><\/p>\n<p>\n<b><font style=\"vertical-align: inherit\"><font style=\"vertical-align: inherit\">Liste de colisage :<\/font><\/font><\/b><br \/><font style=\"vertical-align: inherit\"><font style=\"vertical-align: inherit\"> Haut*1 <\/font><\/font><br \/>\n<\/p>\n<p><b><br \/>\n <font style=\"vertical-align: inherit\"><br \/>\n  <font style=\"vertical-align: inherit\">Image du produit :<\/font><br \/>\n <\/font><br \/>\n<\/b><br \/>\n<br \/>\n<img decoding=\"async\" src=\"https:\/\/oss-cf.cjdropshipping.com\/product\/2024\/11\/04\/03\/9fe7145a-c33a-4f3f-bb8b-d0af71dac535_trans.jpeg\"><br \/>\n<img decoding=\"async\" src=\"https:\/\/cf.cjdropshipping.com\/quick\/product\/8bff0e30-2081-41b3-9463-07a102e61468.jpg\"><br \/>\n<img decoding=\"async\" src=\"https:\/\/cf.cjdropshipping.com\/quick\/product\/47ab8997-5424-44de-9d82-e1539df452a3.jpg\"><br \/>\n<img decoding=\"async\" src=\"https:\/\/cf.cjdropshipping.com\/quick\/product\/d2a5ba69-0d49-45e8-9aee-39199cc9eaa8.jpg\"><br \/>\n<img decoding=\"async\" src=\"https:\/\/cf.cjdropshipping.com\/quick\/product\/21fc8480-02fc-4981-bd5f-318eaf6e5a3d.jpg\"><br \/>\n<img decoding=\"async\" src=\"https:\/\/cf.cjdropshipping.com\/quick\/product\/fb4e112b-b3d1-477c-90d5-6b36d1a9d303.jpg\"><br \/>\n<img decoding=\"async\" src=\"https:\/\/oss-cf.cjdropshipping.com\/product\/2024\/11\/04\/03\/7f8ab3af-25d6-4f8d-a1f2-5d2149458b5f_trans.jpeg\"><\/p>\n","protected":false},"excerpt":{"rendered":"<p>Informations sur le produit : Nom du tissu : cuir PU Couleur : noir Type de manche : manche r\u00e9guli\u00e8re Taille : S, M, L, XL, 2XL, 3XL Longueur des manches : manche longue Note : 1. Les tailles asiatiques sont 1 \u00e0 2 tailles plus petites que celles des Europ\u00e9ens et des Am\u00e9ricains. Choisissez [&hellip;]<\/p>\n","protected":false},"featured_media":8531,"comment_status":"open","ping_status":"closed","template":"","meta":{"content-type":""},"product_brand":[],"product_cat":[664],"product_tag":[],"class_list":{"0":"post-8981","1":"product","2":"type-product","3":"status-publish","4":"has-post-thumbnail","6":"product_cat-manteaux-fr","8":"first","9":"instock","10":"taxable","11":"shipping-taxable","12":"purchasable","13":"product-type-variable","14":"add-to-wishlist-after_add_to_cart"},"yoast_head":"<!-- This site is optimized with the Yoast SEO plugin v27.5 - https:\/\/yoast.com\/product\/yoast-seo-wordpress\/ -->\n<title>Manteau en cuir pour femme Manteau court pour femme style cor\u00e9en - Aigle Shopping Canada<\/title>\n<meta name=\"robots\" content=\"index, follow, max-snippet:-1, max-image-preview:large, max-video-preview:-1\" \/>\n<link rel=\"canonical\" href=\"https:\/\/aigleshopping.ca\/fr\/produit\/manteau-en-cuir-pour-femme-manteau-court-pour-femme-style-coreen\/\" \/>\n<meta property=\"og:locale\" content=\"fr_FR\" \/>\n<meta property=\"og:type\" content=\"article\" \/>\n<meta property=\"og:title\" content=\"Manteau en cuir pour femme Manteau court pour femme style cor\u00e9en - Aigle Shopping Canada\" \/>\n<meta property=\"og:description\" content=\"Informations sur le produit : Nom du tissu : cuir PU Couleur : noir Type de manche : manche r\u00e9guli\u00e8re Taille : S, M, L, XL, 2XL, 3XL Longueur des manches : manche longue Note : 1. Les tailles asiatiques sont 1 \u00e0 2 tailles plus petites que celles des Europ\u00e9ens et des Am\u00e9ricains. Choisissez [&hellip;]\" \/>\n<meta property=\"og:url\" content=\"https:\/\/aigleshopping.ca\/fr\/produit\/manteau-en-cuir-pour-femme-manteau-court-pour-femme-style-coreen\/\" \/>\n<meta property=\"og:site_name\" content=\"Aigle Shopping Canada\" \/>\n<meta property=\"og:image\" content=\"https:\/\/aigleshopping.ca\/wp-content\/uploads\/2025\/01\/39fb0854-8f60-40e6-986f-bf9d9f0df3e0.jpg\" \/>\n\t<meta property=\"og:image:width\" content=\"800\" \/>\n\t<meta property=\"og:image:height\" content=\"800\" \/>\n\t<meta property=\"og:image:type\" content=\"image\/jpeg\" \/>\n<meta name=\"twitter:card\" content=\"summary_large_image\" \/>\n<meta name=\"twitter:label1\" content=\"Dur\u00e9e de lecture estim\u00e9e\" \/>\n\t<meta name=\"twitter:data1\" content=\"1 minute\" \/>\n<script type=\"application\/ld+json\" class=\"yoast-schema-graph\">{\"@context\":\"https:\\\/\\\/schema.org\",\"@graph\":[{\"@type\":\"WebPage\",\"@id\":\"https:\\\/\\\/aigleshopping.ca\\\/fr\\\/produit\\\/manteau-en-cuir-pour-femme-manteau-court-pour-femme-style-coreen\\\/\",\"url\":\"https:\\\/\\\/aigleshopping.ca\\\/fr\\\/produit\\\/manteau-en-cuir-pour-femme-manteau-court-pour-femme-style-coreen\\\/\",\"name\":\"Manteau en cuir pour femme Manteau court pour femme style cor\u00e9en - Aigle Shopping Canada\",\"isPartOf\":{\"@id\":\"https:\\\/\\\/aigleshopping.ca\\\/#website\"},\"primaryImageOfPage\":{\"@id\":\"https:\\\/\\\/aigleshopping.ca\\\/fr\\\/produit\\\/manteau-en-cuir-pour-femme-manteau-court-pour-femme-style-coreen\\\/#primaryimage\"},\"image\":{\"@id\":\"https:\\\/\\\/aigleshopping.ca\\\/fr\\\/produit\\\/manteau-en-cuir-pour-femme-manteau-court-pour-femme-style-coreen\\\/#primaryimage\"},\"thumbnailUrl\":\"https:\\\/\\\/aigleshopping.ca\\\/wp-content\\\/uploads\\\/2025\\\/01\\\/39fb0854-8f60-40e6-986f-bf9d9f0df3e0.jpg\",\"datePublished\":\"2025-01-29T14:50:39+00:00\",\"breadcrumb\":{\"@id\":\"https:\\\/\\\/aigleshopping.ca\\\/fr\\\/produit\\\/manteau-en-cuir-pour-femme-manteau-court-pour-femme-style-coreen\\\/#breadcrumb\"},\"inLanguage\":\"fr-FR\",\"potentialAction\":[{\"@type\":\"ReadAction\",\"target\":[\"https:\\\/\\\/aigleshopping.ca\\\/fr\\\/produit\\\/manteau-en-cuir-pour-femme-manteau-court-pour-femme-style-coreen\\\/\"]}]},{\"@type\":\"ImageObject\",\"inLanguage\":\"fr-FR\",\"@id\":\"https:\\\/\\\/aigleshopping.ca\\\/fr\\\/produit\\\/manteau-en-cuir-pour-femme-manteau-court-pour-femme-style-coreen\\\/#primaryimage\",\"url\":\"https:\\\/\\\/aigleshopping.ca\\\/wp-content\\\/uploads\\\/2025\\\/01\\\/39fb0854-8f60-40e6-986f-bf9d9f0df3e0.jpg\",\"contentUrl\":\"https:\\\/\\\/aigleshopping.ca\\\/wp-content\\\/uploads\\\/2025\\\/01\\\/39fb0854-8f60-40e6-986f-bf9d9f0df3e0.jpg\",\"width\":800,\"height\":800},{\"@type\":\"BreadcrumbList\",\"@id\":\"https:\\\/\\\/aigleshopping.ca\\\/fr\\\/produit\\\/manteau-en-cuir-pour-femme-manteau-court-pour-femme-style-coreen\\\/#breadcrumb\",\"itemListElement\":[{\"@type\":\"ListItem\",\"position\":1,\"name\":\"Home\",\"item\":\"https:\\\/\\\/aigleshopping.ca\\\/fr\\\/home\\\/\"},{\"@type\":\"ListItem\",\"position\":2,\"name\":\"Products\",\"item\":\"https:\\\/\\\/aigleshopping.ca\\\/shop\\\/\"},{\"@type\":\"ListItem\",\"position\":3,\"name\":\"Manteau en cuir pour femme Manteau court pour femme style cor\u00e9en\"}]},{\"@type\":\"WebSite\",\"@id\":\"https:\\\/\\\/aigleshopping.ca\\\/#website\",\"url\":\"https:\\\/\\\/aigleshopping.ca\\\/\",\"name\":\"Aigle Shopping Canada\",\"description\":\"Au-del\u00e0 des fronti\u00e8res, pour vous offrir le\u00a0meilleur!\",\"publisher\":{\"@id\":\"https:\\\/\\\/aigleshopping.ca\\\/#organization\"},\"potentialAction\":[{\"@type\":\"SearchAction\",\"target\":{\"@type\":\"EntryPoint\",\"urlTemplate\":\"https:\\\/\\\/aigleshopping.ca\\\/?s={search_term_string}\"},\"query-input\":{\"@type\":\"PropertyValueSpecification\",\"valueRequired\":true,\"valueName\":\"search_term_string\"}}],\"inLanguage\":\"fr-FR\"},{\"@type\":\"Organization\",\"@id\":\"https:\\\/\\\/aigleshopping.ca\\\/#organization\",\"name\":\"Aigle Shopping Canada\",\"url\":\"https:\\\/\\\/aigleshopping.ca\\\/\",\"logo\":{\"@type\":\"ImageObject\",\"inLanguage\":\"fr-FR\",\"@id\":\"https:\\\/\\\/aigleshopping.ca\\\/#\\\/schema\\\/logo\\\/image\\\/\",\"url\":\"https:\\\/\\\/aigleshopping.ca\\\/wp-content\\\/uploads\\\/2025\\\/12\\\/logo_aigleshopping_ca.png\",\"contentUrl\":\"https:\\\/\\\/aigleshopping.ca\\\/wp-content\\\/uploads\\\/2025\\\/12\\\/logo_aigleshopping_ca.png\",\"width\":800,\"height\":233,\"caption\":\"Aigle Shopping Canada\"},\"image\":{\"@id\":\"https:\\\/\\\/aigleshopping.ca\\\/#\\\/schema\\\/logo\\\/image\\\/\"}}]}<\/script>\n<!-- \/ Yoast SEO plugin. -->","yoast_head_json":{"title":"Manteau en cuir pour femme Manteau court pour femme style cor\u00e9en - Aigle Shopping Canada","robots":{"index":"index","follow":"follow","max-snippet":"max-snippet:-1","max-image-preview":"max-image-preview:large","max-video-preview":"max-video-preview:-1"},"canonical":"https:\/\/aigleshopping.ca\/fr\/produit\/manteau-en-cuir-pour-femme-manteau-court-pour-femme-style-coreen\/","og_locale":"fr_FR","og_type":"article","og_title":"Manteau en cuir pour femme Manteau court pour femme style cor\u00e9en - Aigle Shopping Canada","og_description":"Informations sur le produit : Nom du tissu : cuir PU Couleur : noir Type de manche : manche r\u00e9guli\u00e8re Taille : S, M, L, XL, 2XL, 3XL Longueur des manches : manche longue Note : 1. Les tailles asiatiques sont 1 \u00e0 2 tailles plus petites que celles des Europ\u00e9ens et des Am\u00e9ricains. Choisissez [&hellip;]","og_url":"https:\/\/aigleshopping.ca\/fr\/produit\/manteau-en-cuir-pour-femme-manteau-court-pour-femme-style-coreen\/","og_site_name":"Aigle Shopping Canada","og_image":[{"width":800,"height":800,"url":"https:\/\/aigleshopping.ca\/wp-content\/uploads\/2025\/01\/39fb0854-8f60-40e6-986f-bf9d9f0df3e0.jpg","type":"image\/jpeg"}],"twitter_card":"summary_large_image","twitter_misc":{"Dur\u00e9e de lecture estim\u00e9e":"1 minute"},"schema":{"@context":"https:\/\/schema.org","@graph":[{"@type":"WebPage","@id":"https:\/\/aigleshopping.ca\/fr\/produit\/manteau-en-cuir-pour-femme-manteau-court-pour-femme-style-coreen\/","url":"https:\/\/aigleshopping.ca\/fr\/produit\/manteau-en-cuir-pour-femme-manteau-court-pour-femme-style-coreen\/","name":"Manteau en cuir pour femme Manteau court pour femme style cor\u00e9en - Aigle Shopping Canada","isPartOf":{"@id":"https:\/\/aigleshopping.ca\/#website"},"primaryImageOfPage":{"@id":"https:\/\/aigleshopping.ca\/fr\/produit\/manteau-en-cuir-pour-femme-manteau-court-pour-femme-style-coreen\/#primaryimage"},"image":{"@id":"https:\/\/aigleshopping.ca\/fr\/produit\/manteau-en-cuir-pour-femme-manteau-court-pour-femme-style-coreen\/#primaryimage"},"thumbnailUrl":"https:\/\/aigleshopping.ca\/wp-content\/uploads\/2025\/01\/39fb0854-8f60-40e6-986f-bf9d9f0df3e0.jpg","datePublished":"2025-01-29T14:50:39+00:00","breadcrumb":{"@id":"https:\/\/aigleshopping.ca\/fr\/produit\/manteau-en-cuir-pour-femme-manteau-court-pour-femme-style-coreen\/#breadcrumb"},"inLanguage":"fr-FR","potentialAction":[{"@type":"ReadAction","target":["https:\/\/aigleshopping.ca\/fr\/produit\/manteau-en-cuir-pour-femme-manteau-court-pour-femme-style-coreen\/"]}]},{"@type":"ImageObject","inLanguage":"fr-FR","@id":"https:\/\/aigleshopping.ca\/fr\/produit\/manteau-en-cuir-pour-femme-manteau-court-pour-femme-style-coreen\/#primaryimage","url":"https:\/\/aigleshopping.ca\/wp-content\/uploads\/2025\/01\/39fb0854-8f60-40e6-986f-bf9d9f0df3e0.jpg","contentUrl":"https:\/\/aigleshopping.ca\/wp-content\/uploads\/2025\/01\/39fb0854-8f60-40e6-986f-bf9d9f0df3e0.jpg","width":800,"height":800},{"@type":"BreadcrumbList","@id":"https:\/\/aigleshopping.ca\/fr\/produit\/manteau-en-cuir-pour-femme-manteau-court-pour-femme-style-coreen\/#breadcrumb","itemListElement":[{"@type":"ListItem","position":1,"name":"Home","item":"https:\/\/aigleshopping.ca\/fr\/home\/"},{"@type":"ListItem","position":2,"name":"Products","item":"https:\/\/aigleshopping.ca\/shop\/"},{"@type":"ListItem","position":3,"name":"Manteau en cuir pour femme Manteau court pour femme style cor\u00e9en"}]},{"@type":"WebSite","@id":"https:\/\/aigleshopping.ca\/#website","url":"https:\/\/aigleshopping.ca\/","name":"Aigle Shopping Canada","description":"Au-del\u00e0 des fronti\u00e8res, pour vous offrir le\u00a0meilleur!","publisher":{"@id":"https:\/\/aigleshopping.ca\/#organization"},"potentialAction":[{"@type":"SearchAction","target":{"@type":"EntryPoint","urlTemplate":"https:\/\/aigleshopping.ca\/?s={search_term_string}"},"query-input":{"@type":"PropertyValueSpecification","valueRequired":true,"valueName":"search_term_string"}}],"inLanguage":"fr-FR"},{"@type":"Organization","@id":"https:\/\/aigleshopping.ca\/#organization","name":"Aigle Shopping Canada","url":"https:\/\/aigleshopping.ca\/","logo":{"@type":"ImageObject","inLanguage":"fr-FR","@id":"https:\/\/aigleshopping.ca\/#\/schema\/logo\/image\/","url":"https:\/\/aigleshopping.ca\/wp-content\/uploads\/2025\/12\/logo_aigleshopping_ca.png","contentUrl":"https:\/\/aigleshopping.ca\/wp-content\/uploads\/2025\/12\/logo_aigleshopping_ca.png","width":800,"height":233,"caption":"Aigle Shopping Canada"},"image":{"@id":"https:\/\/aigleshopping.ca\/#\/schema\/logo\/image\/"}}]}},"jetpack_sharing_enabled":true,"_links":{"self":[{"href":"https:\/\/aigleshopping.ca\/fr\/wp-json\/wp\/v2\/product\/8981","targetHints":{"allow":["GET"]}}],"collection":[{"href":"https:\/\/aigleshopping.ca\/fr\/wp-json\/wp\/v2\/product"}],"about":[{"href":"https:\/\/aigleshopping.ca\/fr\/wp-json\/wp\/v2\/types\/product"}],"replies":[{"embeddable":true,"href":"https:\/\/aigleshopping.ca\/fr\/wp-json\/wp\/v2\/comments?post=8981"}],"wp:featuredmedia":[{"embeddable":true,"href":"https:\/\/aigleshopping.ca\/fr\/wp-json\/wp\/v2\/media\/8531"}],"wp:attachment":[{"href":"https:\/\/aigleshopping.ca\/fr\/wp-json\/wp\/v2\/media?parent=8981"}],"wp:term":[{"taxonomy":"product_brand","embeddable":true,"href":"https:\/\/aigleshopping.ca\/fr\/wp-json\/wp\/v2\/product_brand?post=8981"},{"taxonomy":"product_cat","embeddable":true,"href":"https:\/\/aigleshopping.ca\/fr\/wp-json\/wp\/v2\/product_cat?post=8981"},{"taxonomy":"product_tag","embeddable":true,"href":"https:\/\/aigleshopping.ca\/fr\/wp-json\/wp\/v2\/product_tag?post=8981"}],"curies":[{"name":"wp","href":"https:\/\/api.w.org\/{rel}","templated":true}]}}