{"id":9009,"date":"2025-01-29T14:52:45","date_gmt":"2025-01-29T14:52:45","guid":{"rendered":"https:\/\/aigleshopping.ca\/produit\/couleur-solide-faux-cuir-fourrure-tricotee-lapel-zipper-basic-style-street-fashion\/"},"modified":"2025-01-29T14:52:45","modified_gmt":"2025-01-29T14:52:45","slug":"couleur-solide-faux-cuir-fourrure-tricotee-lapel-zipper-basic-style-street-fashion","status":"publish","type":"product","link":"https:\/\/aigleshopping.ca\/fr\/produit\/couleur-solide-faux-cuir-fourrure-tricotee-lapel-zipper-basic-style-street-fashion\/","title":{"rendered":"Couleur solide Faux cuir Fourrure tricot\u00e9e Lapel Zipper Basic Style Street Fashion"},"content":{"rendered":"<p>\n <b>Informations sur le produit :<\/b><br \/> Couleur : Marron <br \/> Taille : S,M,L <br \/> Version : Loose <br \/> Type de style : Street hipster <br \/> \u00c9l\u00e9ments populaires : couleur contrast\u00e9e <br \/> \u00c9paisseur : moyenne <br \/> Nom du tissu : tricot\u00e9 <br \/> Composition du tissu principal : Polyester (fibre de polyester)  \n<\/p>\n<p><b>Note :<\/b><br \/>\n&nbsp;<br \/>\n<br \/>  1. Les tailles asiatiques sont 1 \u00e0 2 tailles plus petites que les tailles europ\u00e9ennes et am\u00e9ricaines. Choisissez la taille la plus grande si votre taille se situe entre deux tailles. Veuillez tenir compte d&rsquo;une diff\u00e9rence de 2 \u00e0 3 cm due aux mesures manuelles. 2. Si vous ne savez pas comment choisir votre taille, veuillez contacter notre service client\u00e8le. 3) Comme vous le savez, les ordinateurs affichent les couleurs diff\u00e9remment, la couleur de l&rsquo;article r\u00e9el peut varier l\u00e9g\u00e8rement par rapport aux images suivantes.      <br \/>\n<b><br \/>\n <br \/>\n<\/b><\/p>\n<div>\n <b><br \/>\n  <br \/>\n <\/b>\n<\/div>\n<div>\n <b>Liste d&#8217;emballage : <\/b><br \/> COAT*1&nbsp;<\/p>\n<p>\n  \n <\/p>\n<p> <b>Image du produit :<\/b><br \/>\n <br \/>\n <img decoding=\"async\" src=\"https:\/\/cf.cjdropshipping.com\/quick\/product\/a0f81898-3a35-461b-b993-d5396553caaf.jpg\"><br \/>\n <img decoding=\"async\" src=\"https:\/\/cf.cjdropshipping.com\/quick\/product\/7960b815-0f69-43fe-9fd9-40dd11f805d9.jpg\"><br \/>\n <img decoding=\"async\" src=\"https:\/\/cf.cjdropshipping.com\/quick\/product\/000d9264-17df-4a72-b188-a953fa7a0910.jpg\"><br \/>\n <img decoding=\"async\" src=\"https:\/\/cf.cjdropshipping.com\/quick\/product\/4b1a0750-ad80-4d8f-9a95-edc1a89a5ad1.jpg\"><br \/>\n <img decoding=\"async\" src=\"https:\/\/cf.cjdropshipping.com\/quick\/product\/d60b0d60-5980-40df-90b2-1a67339140f4.jpg\"><br \/>\n <img decoding=\"async\" src=\"https:\/\/cf.cjdropshipping.com\/quick\/product\/f531925b-0145-4065-8d71-58438ea2881f.jpg\"><br \/>\n <img decoding=\"async\" src=\"https:\/\/cf.cjdropshipping.com\/quick\/product\/a9534148-ee20-4d77-bd29-108a2f6a1f53.jpg\"><br \/>\n <img decoding=\"async\" src=\"https:\/\/cf.cjdropshipping.com\/quick\/product\/c42090ae-dd94-4a42-acbc-ee2ed6f963a1.jpg\"><br \/>\n <img decoding=\"async\" src=\"https:\/\/cf.cjdropshipping.com\/quick\/product\/7bc8b831-e9cf-4b31-a1c8-1cc1c247b471.jpg\"><br \/>\n <img decoding=\"async\" src=\"https:\/\/cf.cjdropshipping.com\/quick\/product\/882c3047-78d9-4fc4-b249-84c6c87245a1.jpg\"><br \/>\n <img decoding=\"async\" src=\"https:\/\/cf.cjdropshipping.com\/quick\/product\/2a06b932-eced-4c05-a667-c5c6db550019.jpg\"><br \/>\n <img decoding=\"async\" src=\"https:\/\/cf.cjdropshipping.com\/quick\/product\/7f39580d-cd6d-4948-b41a-ac4319903541.jpg\"><br \/>\n <img decoding=\"async\" src=\"https:\/\/cf.cjdropshipping.com\/quick\/product\/9cab346b-e7d5-4e60-aacb-6a32c7b08bf6.jpg\"><br \/>\n <img decoding=\"async\" src=\"https:\/\/cf.cjdropshipping.com\/quick\/product\/690cb8b1-08ad-4588-a29f-821e03badf57.jpg\"><br \/>\n <img decoding=\"async\" src=\"https:\/\/cf.cjdropshipping.com\/quick\/product\/bb2381b2-de25-425c-8762-6ff9bd600cb9.jpg\"><br \/>\n <img decoding=\"async\" src=\"https:\/\/cf.cjdropshipping.com\/quick\/product\/db974274-623b-4b43-9324-a2abe22a3d36.jpg\"><br \/>\n <img decoding=\"async\" src=\"https:\/\/cf.cjdropshipping.com\/quick\/product\/2572efc3-662d-400d-9312-256f04bc66e8.jpg\"><br \/>\n <img decoding=\"async\" src=\"https:\/\/cf.cjdropshipping.com\/quick\/product\/81c9a6b0-8be2-46c6-b159-4c29791825cd.jpg\"><br \/>\n <img decoding=\"async\" src=\"https:\/\/cf.cjdropshipping.com\/quick\/product\/ee91134b-121f-43c1-9108-4b52d010c876.jpg\">\n<\/div>\n","protected":false},"excerpt":{"rendered":"<p>Informations sur le produit : Couleur : Marron Taille : S,M,L Version : Loose Type de style : Street hipster \u00c9l\u00e9ments populaires : couleur contrast\u00e9e \u00c9paisseur : moyenne Nom du tissu : tricot\u00e9 Composition du tissu principal : Polyester (fibre de polyester) Note : &nbsp; 1. Les tailles asiatiques sont 1 \u00e0 2 tailles plus [&hellip;]<\/p>\n","protected":false},"featured_media":8560,"comment_status":"open","ping_status":"closed","template":"","meta":{"content-type":""},"product_brand":[],"product_cat":[664],"product_tag":[],"class_list":{"0":"post-9009","1":"product","2":"type-product","3":"status-publish","4":"has-post-thumbnail","6":"product_cat-manteaux-fr","8":"first","9":"instock","10":"taxable","11":"shipping-taxable","12":"purchasable","13":"product-type-variable","14":"add-to-wishlist-after_add_to_cart"},"yoast_head":"<!-- This site is optimized with the Yoast SEO plugin v27.5 - https:\/\/yoast.com\/product\/yoast-seo-wordpress\/ -->\n<title>Couleur solide Faux cuir Fourrure tricot\u00e9e Lapel Zipper Basic Style Street Fashion - Aigle Shopping Canada<\/title>\n<meta name=\"robots\" content=\"index, follow, max-snippet:-1, max-image-preview:large, max-video-preview:-1\" \/>\n<link rel=\"canonical\" href=\"https:\/\/aigleshopping.ca\/fr\/produit\/couleur-solide-faux-cuir-fourrure-tricotee-lapel-zipper-basic-style-street-fashion\/\" \/>\n<meta property=\"og:locale\" content=\"fr_FR\" \/>\n<meta property=\"og:type\" content=\"article\" \/>\n<meta property=\"og:title\" content=\"Couleur solide Faux cuir Fourrure tricot\u00e9e Lapel Zipper Basic Style Street Fashion - Aigle Shopping Canada\" \/>\n<meta property=\"og:description\" content=\"Informations sur le produit : Couleur : Marron Taille : S,M,L Version : Loose Type de style : Street hipster \u00c9l\u00e9ments populaires : couleur contrast\u00e9e \u00c9paisseur : moyenne Nom du tissu : tricot\u00e9 Composition du tissu principal : Polyester (fibre de polyester) Note : &nbsp; 1. Les tailles asiatiques sont 1 \u00e0 2 tailles plus [&hellip;]\" \/>\n<meta property=\"og:url\" content=\"https:\/\/aigleshopping.ca\/fr\/produit\/couleur-solide-faux-cuir-fourrure-tricotee-lapel-zipper-basic-style-street-fashion\/\" \/>\n<meta property=\"og:site_name\" content=\"Aigle Shopping Canada\" \/>\n<meta property=\"og:image\" content=\"https:\/\/aigleshopping.ca\/wp-content\/uploads\/2025\/01\/2572efc3-662d-400d-9312-256f04bc66e8.jpg\" \/>\n\t<meta property=\"og:image:width\" content=\"800\" \/>\n\t<meta property=\"og:image:height\" content=\"800\" \/>\n\t<meta property=\"og:image:type\" content=\"image\/jpeg\" \/>\n<meta name=\"twitter:card\" content=\"summary_large_image\" \/>\n<meta name=\"twitter:label1\" content=\"Dur\u00e9e de lecture estim\u00e9e\" \/>\n\t<meta name=\"twitter:data1\" content=\"1 minute\" \/>\n<script type=\"application\/ld+json\" class=\"yoast-schema-graph\">{\"@context\":\"https:\\\/\\\/schema.org\",\"@graph\":[{\"@type\":\"WebPage\",\"@id\":\"https:\\\/\\\/aigleshopping.ca\\\/fr\\\/produit\\\/couleur-solide-faux-cuir-fourrure-tricotee-lapel-zipper-basic-style-street-fashion\\\/\",\"url\":\"https:\\\/\\\/aigleshopping.ca\\\/fr\\\/produit\\\/couleur-solide-faux-cuir-fourrure-tricotee-lapel-zipper-basic-style-street-fashion\\\/\",\"name\":\"Couleur solide Faux cuir Fourrure tricot\u00e9e Lapel Zipper Basic Style Street Fashion - Aigle Shopping Canada\",\"isPartOf\":{\"@id\":\"https:\\\/\\\/aigleshopping.ca\\\/#website\"},\"primaryImageOfPage\":{\"@id\":\"https:\\\/\\\/aigleshopping.ca\\\/fr\\\/produit\\\/couleur-solide-faux-cuir-fourrure-tricotee-lapel-zipper-basic-style-street-fashion\\\/#primaryimage\"},\"image\":{\"@id\":\"https:\\\/\\\/aigleshopping.ca\\\/fr\\\/produit\\\/couleur-solide-faux-cuir-fourrure-tricotee-lapel-zipper-basic-style-street-fashion\\\/#primaryimage\"},\"thumbnailUrl\":\"https:\\\/\\\/aigleshopping.ca\\\/wp-content\\\/uploads\\\/2025\\\/01\\\/2572efc3-662d-400d-9312-256f04bc66e8.jpg\",\"datePublished\":\"2025-01-29T14:52:45+00:00\",\"breadcrumb\":{\"@id\":\"https:\\\/\\\/aigleshopping.ca\\\/fr\\\/produit\\\/couleur-solide-faux-cuir-fourrure-tricotee-lapel-zipper-basic-style-street-fashion\\\/#breadcrumb\"},\"inLanguage\":\"fr-FR\",\"potentialAction\":[{\"@type\":\"ReadAction\",\"target\":[\"https:\\\/\\\/aigleshopping.ca\\\/fr\\\/produit\\\/couleur-solide-faux-cuir-fourrure-tricotee-lapel-zipper-basic-style-street-fashion\\\/\"]}]},{\"@type\":\"ImageObject\",\"inLanguage\":\"fr-FR\",\"@id\":\"https:\\\/\\\/aigleshopping.ca\\\/fr\\\/produit\\\/couleur-solide-faux-cuir-fourrure-tricotee-lapel-zipper-basic-style-street-fashion\\\/#primaryimage\",\"url\":\"https:\\\/\\\/aigleshopping.ca\\\/wp-content\\\/uploads\\\/2025\\\/01\\\/2572efc3-662d-400d-9312-256f04bc66e8.jpg\",\"contentUrl\":\"https:\\\/\\\/aigleshopping.ca\\\/wp-content\\\/uploads\\\/2025\\\/01\\\/2572efc3-662d-400d-9312-256f04bc66e8.jpg\",\"width\":800,\"height\":800},{\"@type\":\"BreadcrumbList\",\"@id\":\"https:\\\/\\\/aigleshopping.ca\\\/fr\\\/produit\\\/couleur-solide-faux-cuir-fourrure-tricotee-lapel-zipper-basic-style-street-fashion\\\/#breadcrumb\",\"itemListElement\":[{\"@type\":\"ListItem\",\"position\":1,\"name\":\"Home\",\"item\":\"https:\\\/\\\/aigleshopping.ca\\\/fr\\\/home\\\/\"},{\"@type\":\"ListItem\",\"position\":2,\"name\":\"Products\",\"item\":\"https:\\\/\\\/aigleshopping.ca\\\/shop\\\/\"},{\"@type\":\"ListItem\",\"position\":3,\"name\":\"Couleur solide Faux cuir Fourrure tricot\u00e9e Lapel Zipper Basic Style Street Fashion\"}]},{\"@type\":\"WebSite\",\"@id\":\"https:\\\/\\\/aigleshopping.ca\\\/#website\",\"url\":\"https:\\\/\\\/aigleshopping.ca\\\/\",\"name\":\"Aigle Shopping Canada\",\"description\":\"Au-del\u00e0 des fronti\u00e8res, pour vous offrir le\u00a0meilleur!\",\"publisher\":{\"@id\":\"https:\\\/\\\/aigleshopping.ca\\\/#organization\"},\"potentialAction\":[{\"@type\":\"SearchAction\",\"target\":{\"@type\":\"EntryPoint\",\"urlTemplate\":\"https:\\\/\\\/aigleshopping.ca\\\/?s={search_term_string}\"},\"query-input\":{\"@type\":\"PropertyValueSpecification\",\"valueRequired\":true,\"valueName\":\"search_term_string\"}}],\"inLanguage\":\"fr-FR\"},{\"@type\":\"Organization\",\"@id\":\"https:\\\/\\\/aigleshopping.ca\\\/#organization\",\"name\":\"Aigle Shopping Canada\",\"url\":\"https:\\\/\\\/aigleshopping.ca\\\/\",\"logo\":{\"@type\":\"ImageObject\",\"inLanguage\":\"fr-FR\",\"@id\":\"https:\\\/\\\/aigleshopping.ca\\\/#\\\/schema\\\/logo\\\/image\\\/\",\"url\":\"https:\\\/\\\/aigleshopping.ca\\\/wp-content\\\/uploads\\\/2025\\\/12\\\/logo_aigleshopping_ca.png\",\"contentUrl\":\"https:\\\/\\\/aigleshopping.ca\\\/wp-content\\\/uploads\\\/2025\\\/12\\\/logo_aigleshopping_ca.png\",\"width\":800,\"height\":233,\"caption\":\"Aigle Shopping Canada\"},\"image\":{\"@id\":\"https:\\\/\\\/aigleshopping.ca\\\/#\\\/schema\\\/logo\\\/image\\\/\"}}]}<\/script>\n<!-- \/ Yoast SEO plugin. -->","yoast_head_json":{"title":"Couleur solide Faux cuir Fourrure tricot\u00e9e Lapel Zipper Basic Style Street Fashion - Aigle Shopping Canada","robots":{"index":"index","follow":"follow","max-snippet":"max-snippet:-1","max-image-preview":"max-image-preview:large","max-video-preview":"max-video-preview:-1"},"canonical":"https:\/\/aigleshopping.ca\/fr\/produit\/couleur-solide-faux-cuir-fourrure-tricotee-lapel-zipper-basic-style-street-fashion\/","og_locale":"fr_FR","og_type":"article","og_title":"Couleur solide Faux cuir Fourrure tricot\u00e9e Lapel Zipper Basic Style Street Fashion - Aigle Shopping Canada","og_description":"Informations sur le produit : Couleur : Marron Taille : S,M,L Version : Loose Type de style : Street hipster \u00c9l\u00e9ments populaires : couleur contrast\u00e9e \u00c9paisseur : moyenne Nom du tissu : tricot\u00e9 Composition du tissu principal : Polyester (fibre de polyester) Note : &nbsp; 1. Les tailles asiatiques sont 1 \u00e0 2 tailles plus [&hellip;]","og_url":"https:\/\/aigleshopping.ca\/fr\/produit\/couleur-solide-faux-cuir-fourrure-tricotee-lapel-zipper-basic-style-street-fashion\/","og_site_name":"Aigle Shopping Canada","og_image":[{"width":800,"height":800,"url":"https:\/\/aigleshopping.ca\/wp-content\/uploads\/2025\/01\/2572efc3-662d-400d-9312-256f04bc66e8.jpg","type":"image\/jpeg"}],"twitter_card":"summary_large_image","twitter_misc":{"Dur\u00e9e de lecture estim\u00e9e":"1 minute"},"schema":{"@context":"https:\/\/schema.org","@graph":[{"@type":"WebPage","@id":"https:\/\/aigleshopping.ca\/fr\/produit\/couleur-solide-faux-cuir-fourrure-tricotee-lapel-zipper-basic-style-street-fashion\/","url":"https:\/\/aigleshopping.ca\/fr\/produit\/couleur-solide-faux-cuir-fourrure-tricotee-lapel-zipper-basic-style-street-fashion\/","name":"Couleur solide Faux cuir Fourrure tricot\u00e9e Lapel Zipper Basic Style Street Fashion - Aigle Shopping Canada","isPartOf":{"@id":"https:\/\/aigleshopping.ca\/#website"},"primaryImageOfPage":{"@id":"https:\/\/aigleshopping.ca\/fr\/produit\/couleur-solide-faux-cuir-fourrure-tricotee-lapel-zipper-basic-style-street-fashion\/#primaryimage"},"image":{"@id":"https:\/\/aigleshopping.ca\/fr\/produit\/couleur-solide-faux-cuir-fourrure-tricotee-lapel-zipper-basic-style-street-fashion\/#primaryimage"},"thumbnailUrl":"https:\/\/aigleshopping.ca\/wp-content\/uploads\/2025\/01\/2572efc3-662d-400d-9312-256f04bc66e8.jpg","datePublished":"2025-01-29T14:52:45+00:00","breadcrumb":{"@id":"https:\/\/aigleshopping.ca\/fr\/produit\/couleur-solide-faux-cuir-fourrure-tricotee-lapel-zipper-basic-style-street-fashion\/#breadcrumb"},"inLanguage":"fr-FR","potentialAction":[{"@type":"ReadAction","target":["https:\/\/aigleshopping.ca\/fr\/produit\/couleur-solide-faux-cuir-fourrure-tricotee-lapel-zipper-basic-style-street-fashion\/"]}]},{"@type":"ImageObject","inLanguage":"fr-FR","@id":"https:\/\/aigleshopping.ca\/fr\/produit\/couleur-solide-faux-cuir-fourrure-tricotee-lapel-zipper-basic-style-street-fashion\/#primaryimage","url":"https:\/\/aigleshopping.ca\/wp-content\/uploads\/2025\/01\/2572efc3-662d-400d-9312-256f04bc66e8.jpg","contentUrl":"https:\/\/aigleshopping.ca\/wp-content\/uploads\/2025\/01\/2572efc3-662d-400d-9312-256f04bc66e8.jpg","width":800,"height":800},{"@type":"BreadcrumbList","@id":"https:\/\/aigleshopping.ca\/fr\/produit\/couleur-solide-faux-cuir-fourrure-tricotee-lapel-zipper-basic-style-street-fashion\/#breadcrumb","itemListElement":[{"@type":"ListItem","position":1,"name":"Home","item":"https:\/\/aigleshopping.ca\/fr\/home\/"},{"@type":"ListItem","position":2,"name":"Products","item":"https:\/\/aigleshopping.ca\/shop\/"},{"@type":"ListItem","position":3,"name":"Couleur solide Faux cuir Fourrure tricot\u00e9e Lapel Zipper Basic Style Street Fashion"}]},{"@type":"WebSite","@id":"https:\/\/aigleshopping.ca\/#website","url":"https:\/\/aigleshopping.ca\/","name":"Aigle Shopping Canada","description":"Au-del\u00e0 des fronti\u00e8res, pour vous offrir le\u00a0meilleur!","publisher":{"@id":"https:\/\/aigleshopping.ca\/#organization"},"potentialAction":[{"@type":"SearchAction","target":{"@type":"EntryPoint","urlTemplate":"https:\/\/aigleshopping.ca\/?s={search_term_string}"},"query-input":{"@type":"PropertyValueSpecification","valueRequired":true,"valueName":"search_term_string"}}],"inLanguage":"fr-FR"},{"@type":"Organization","@id":"https:\/\/aigleshopping.ca\/#organization","name":"Aigle Shopping Canada","url":"https:\/\/aigleshopping.ca\/","logo":{"@type":"ImageObject","inLanguage":"fr-FR","@id":"https:\/\/aigleshopping.ca\/#\/schema\/logo\/image\/","url":"https:\/\/aigleshopping.ca\/wp-content\/uploads\/2025\/12\/logo_aigleshopping_ca.png","contentUrl":"https:\/\/aigleshopping.ca\/wp-content\/uploads\/2025\/12\/logo_aigleshopping_ca.png","width":800,"height":233,"caption":"Aigle Shopping Canada"},"image":{"@id":"https:\/\/aigleshopping.ca\/#\/schema\/logo\/image\/"}}]}},"jetpack_sharing_enabled":true,"_links":{"self":[{"href":"https:\/\/aigleshopping.ca\/fr\/wp-json\/wp\/v2\/product\/9009","targetHints":{"allow":["GET"]}}],"collection":[{"href":"https:\/\/aigleshopping.ca\/fr\/wp-json\/wp\/v2\/product"}],"about":[{"href":"https:\/\/aigleshopping.ca\/fr\/wp-json\/wp\/v2\/types\/product"}],"replies":[{"embeddable":true,"href":"https:\/\/aigleshopping.ca\/fr\/wp-json\/wp\/v2\/comments?post=9009"}],"wp:featuredmedia":[{"embeddable":true,"href":"https:\/\/aigleshopping.ca\/fr\/wp-json\/wp\/v2\/media\/8560"}],"wp:attachment":[{"href":"https:\/\/aigleshopping.ca\/fr\/wp-json\/wp\/v2\/media?parent=9009"}],"wp:term":[{"taxonomy":"product_brand","embeddable":true,"href":"https:\/\/aigleshopping.ca\/fr\/wp-json\/wp\/v2\/product_brand?post=9009"},{"taxonomy":"product_cat","embeddable":true,"href":"https:\/\/aigleshopping.ca\/fr\/wp-json\/wp\/v2\/product_cat?post=9009"},{"taxonomy":"product_tag","embeddable":true,"href":"https:\/\/aigleshopping.ca\/fr\/wp-json\/wp\/v2\/product_tag?post=9009"}],"curies":[{"name":"wp","href":"https:\/\/api.w.org\/{rel}","templated":true}]}}