{"id":9028,"date":"2025-01-29T14:54:42","date_gmt":"2025-01-29T14:54:42","guid":{"rendered":"https:\/\/aigleshopping.ca\/produit\/veste-en-cuir-decontractee-de-couleur-unie-pour-femmes\/"},"modified":"2025-01-29T14:54:42","modified_gmt":"2025-01-29T14:54:42","slug":"veste-en-cuir-decontractee-de-couleur-unie-pour-femmes","status":"publish","type":"product","link":"https:\/\/aigleshopping.ca\/fr\/produit\/veste-en-cuir-decontractee-de-couleur-unie-pour-femmes\/","title":{"rendered":"Veste en cuir d\u00e9contract\u00e9e de couleur unie pour femmes"},"content":{"rendered":"<p>\n <b>Informations sur le produit :<\/b><br \/> Couleur : noir, blanc <br \/> Taille : S,M,L,XL <br \/> Version : Loose <br \/> Type de style : street fashion <br \/> Avec col en fourrure ou non : pas de col en fourrure <br \/> \u00c9l\u00e9ments populaires : Ceinture <br \/> Classification du cuir : Cuir <br \/> Nom du tissu : Polyester <br \/> Type de manche : manche r\u00e9guli\u00e8re <br \/> Composition du tissu principal : pu <br \/> Longueur : normale (50cm &lt;longueur \u2264=\u00a0\u00bb\u00a0\u00bb 65cm)<br \/> Groupe d&rsquo;\u00e2ge applicable : Adulte <br \/> Longueur des manches : manches longues  <\/p>\n<p><b>Taille :<\/b><br \/>\n<br \/>\n<img decoding=\"async\" src=\"https:\/\/oss-cf.cjdropshipping.com\/product\/2024\/11\/01\/08\/15b68bbf-3776-48a5-b93b-62d0dff3830d.jpg\"><br \/>\n<b>Note :<\/b> 1. les tailles asiatiques sont 1 \u00e0 2 tailles plus petites que les tailles europ\u00e9ennes et am\u00e9ricaines. Choisissez la taille la plus grande si votre taille se situe entre deux tailles. Veuillez tenir compte d&rsquo;une diff\u00e9rence de 2 \u00e0 3 cm due aux mesures manuelles. 2. Si vous ne savez pas comment choisir votre taille, veuillez contacter notre service client\u00e8le. 3) Comme vous le savez, les ordinateurs affichent les couleurs diff\u00e9remment, la couleur de l&rsquo;article r\u00e9el peut varier l\u00e9g\u00e8rement par rapport aux images suivantes. <br \/><b>Liste d&#8217;emballage : <\/b><br \/> Veste*1 <br \/><b>Image du produit :<\/b><br \/>\n<br \/>\n<img decoding=\"async\" src=\"https:\/\/cf.cjdropshipping.com\/quick\/product\/8aeebccd-a946-4fc3-8b11-2d2086500900.jpg\"><br \/>\n<img decoding=\"async\" src=\"https:\/\/cf.cjdropshipping.com\/quick\/product\/3bd0f744-e216-4be6-92d6-e46417e87664.jpg\"><br \/>\n<img decoding=\"async\" src=\"https:\/\/cf.cjdropshipping.com\/quick\/product\/53ff6473-b44d-4451-8a3d-706521338ac4.jpg\"><br \/>\n<img decoding=\"async\" src=\"https:\/\/cf.cjdropshipping.com\/quick\/product\/1498fa15-0692-4260-ae26-2a7566ac1bc2.jpg\"><br \/>\n<img decoding=\"async\" src=\"https:\/\/cf.cjdropshipping.com\/quick\/product\/35e1bd62-3ba7-4c63-b018-48f7f3d19bbc.jpg\"><br \/>\n<img decoding=\"async\" src=\"https:\/\/cf.cjdropshipping.com\/quick\/product\/06da1da8-d085-4969-ab38-3a5d9cc6d4fd.jpg\"><br \/>\n<img decoding=\"async\" src=\"https:\/\/cf.cjdropshipping.com\/quick\/product\/b5e0a059-a8fe-4882-b293-bb3427edf632.jpg\"><br \/>\n<img decoding=\"async\" src=\"https:\/\/cf.cjdropshipping.com\/quick\/product\/05f03f56-949a-483b-821b-89b70cd4291c.jpg\"><br \/>\n<img decoding=\"async\" src=\"https:\/\/cf.cjdropshipping.com\/quick\/product\/1c99d591-7413-475d-a9b4-61010de08aa6.jpg\"><br \/>\n<img decoding=\"async\" src=\"https:\/\/cf.cjdropshipping.com\/quick\/product\/330ce10a-bd96-4e6c-ade1-409f177f6f38.jpg\"><br \/>\n<img decoding=\"async\" src=\"https:\/\/cf.cjdropshipping.com\/quick\/product\/4472269f-52c1-43e0-9865-9c493dcf8733.jpg\"><br \/>\n<img decoding=\"async\" src=\"https:\/\/cf.cjdropshipping.com\/quick\/product\/844884e0-d69b-4921-baa2-2b00480b9150.jpg\"><\/p>\n","protected":false},"excerpt":{"rendered":"<p>Informations sur le produit : Couleur : noir, blanc Taille : S,M,L,XL Version : Loose Type de style : street fashion Avec col en fourrure ou non : pas de col en fourrure \u00c9l\u00e9ments populaires : Ceinture Classification du cuir : Cuir Nom du tissu : Polyester Type de manche : manche r\u00e9guli\u00e8re Composition du [&hellip;]<\/p>\n","protected":false},"featured_media":8582,"comment_status":"open","ping_status":"closed","template":"","meta":{"content-type":""},"product_brand":[],"product_cat":[624],"product_tag":[],"class_list":{"0":"post-9028","1":"product","2":"type-product","3":"status-publish","4":"has-post-thumbnail","6":"product_cat-vestes-fr","8":"first","9":"instock","10":"taxable","11":"shipping-taxable","12":"purchasable","13":"product-type-variable","14":"add-to-wishlist-after_add_to_cart"},"yoast_head":"<!-- This site is optimized with the Yoast SEO plugin v27.5 - https:\/\/yoast.com\/product\/yoast-seo-wordpress\/ -->\n<title>Veste en cuir d\u00e9contract\u00e9e de couleur unie pour femmes - Aigle Shopping Canada<\/title>\n<meta name=\"robots\" content=\"index, follow, max-snippet:-1, max-image-preview:large, max-video-preview:-1\" \/>\n<link rel=\"canonical\" href=\"https:\/\/aigleshopping.ca\/fr\/produit\/veste-en-cuir-decontractee-de-couleur-unie-pour-femmes\/\" \/>\n<meta property=\"og:locale\" content=\"fr_FR\" \/>\n<meta property=\"og:type\" content=\"article\" \/>\n<meta property=\"og:title\" content=\"Veste en cuir d\u00e9contract\u00e9e de couleur unie pour femmes - Aigle Shopping Canada\" \/>\n<meta property=\"og:description\" content=\"Informations sur le produit : Couleur : noir, blanc Taille : S,M,L,XL Version : Loose Type de style : street fashion Avec col en fourrure ou non : pas de col en fourrure \u00c9l\u00e9ments populaires : Ceinture Classification du cuir : Cuir Nom du tissu : Polyester Type de manche : manche r\u00e9guli\u00e8re Composition du [&hellip;]\" \/>\n<meta property=\"og:url\" content=\"https:\/\/aigleshopping.ca\/fr\/produit\/veste-en-cuir-decontractee-de-couleur-unie-pour-femmes\/\" \/>\n<meta property=\"og:site_name\" content=\"Aigle Shopping Canada\" \/>\n<meta property=\"og:image\" content=\"https:\/\/aigleshopping.ca\/wp-content\/uploads\/2025\/01\/8aeebccd-a946-4fc3-8b11-2d2086500900.jpg\" \/>\n\t<meta property=\"og:image:width\" content=\"1000\" \/>\n\t<meta property=\"og:image:height\" content=\"1000\" \/>\n\t<meta property=\"og:image:type\" content=\"image\/jpeg\" \/>\n<meta name=\"twitter:card\" content=\"summary_large_image\" \/>\n<meta name=\"twitter:label1\" content=\"Dur\u00e9e de lecture estim\u00e9e\" \/>\n\t<meta name=\"twitter:data1\" content=\"1 minute\" \/>\n<script type=\"application\/ld+json\" class=\"yoast-schema-graph\">{\"@context\":\"https:\\\/\\\/schema.org\",\"@graph\":[{\"@type\":\"WebPage\",\"@id\":\"https:\\\/\\\/aigleshopping.ca\\\/fr\\\/produit\\\/veste-en-cuir-decontractee-de-couleur-unie-pour-femmes\\\/\",\"url\":\"https:\\\/\\\/aigleshopping.ca\\\/fr\\\/produit\\\/veste-en-cuir-decontractee-de-couleur-unie-pour-femmes\\\/\",\"name\":\"Veste en cuir d\u00e9contract\u00e9e de couleur unie pour femmes - Aigle Shopping Canada\",\"isPartOf\":{\"@id\":\"https:\\\/\\\/aigleshopping.ca\\\/#website\"},\"primaryImageOfPage\":{\"@id\":\"https:\\\/\\\/aigleshopping.ca\\\/fr\\\/produit\\\/veste-en-cuir-decontractee-de-couleur-unie-pour-femmes\\\/#primaryimage\"},\"image\":{\"@id\":\"https:\\\/\\\/aigleshopping.ca\\\/fr\\\/produit\\\/veste-en-cuir-decontractee-de-couleur-unie-pour-femmes\\\/#primaryimage\"},\"thumbnailUrl\":\"https:\\\/\\\/aigleshopping.ca\\\/wp-content\\\/uploads\\\/2025\\\/01\\\/8aeebccd-a946-4fc3-8b11-2d2086500900.jpg\",\"datePublished\":\"2025-01-29T14:54:42+00:00\",\"breadcrumb\":{\"@id\":\"https:\\\/\\\/aigleshopping.ca\\\/fr\\\/produit\\\/veste-en-cuir-decontractee-de-couleur-unie-pour-femmes\\\/#breadcrumb\"},\"inLanguage\":\"fr-FR\",\"potentialAction\":[{\"@type\":\"ReadAction\",\"target\":[\"https:\\\/\\\/aigleshopping.ca\\\/fr\\\/produit\\\/veste-en-cuir-decontractee-de-couleur-unie-pour-femmes\\\/\"]}]},{\"@type\":\"ImageObject\",\"inLanguage\":\"fr-FR\",\"@id\":\"https:\\\/\\\/aigleshopping.ca\\\/fr\\\/produit\\\/veste-en-cuir-decontractee-de-couleur-unie-pour-femmes\\\/#primaryimage\",\"url\":\"https:\\\/\\\/aigleshopping.ca\\\/wp-content\\\/uploads\\\/2025\\\/01\\\/8aeebccd-a946-4fc3-8b11-2d2086500900.jpg\",\"contentUrl\":\"https:\\\/\\\/aigleshopping.ca\\\/wp-content\\\/uploads\\\/2025\\\/01\\\/8aeebccd-a946-4fc3-8b11-2d2086500900.jpg\",\"width\":1000,\"height\":1000},{\"@type\":\"BreadcrumbList\",\"@id\":\"https:\\\/\\\/aigleshopping.ca\\\/fr\\\/produit\\\/veste-en-cuir-decontractee-de-couleur-unie-pour-femmes\\\/#breadcrumb\",\"itemListElement\":[{\"@type\":\"ListItem\",\"position\":1,\"name\":\"Home\",\"item\":\"https:\\\/\\\/aigleshopping.ca\\\/fr\\\/home\\\/\"},{\"@type\":\"ListItem\",\"position\":2,\"name\":\"Products\",\"item\":\"https:\\\/\\\/aigleshopping.ca\\\/shop\\\/\"},{\"@type\":\"ListItem\",\"position\":3,\"name\":\"Veste en cuir d\u00e9contract\u00e9e de couleur unie pour femmes\"}]},{\"@type\":\"WebSite\",\"@id\":\"https:\\\/\\\/aigleshopping.ca\\\/#website\",\"url\":\"https:\\\/\\\/aigleshopping.ca\\\/\",\"name\":\"Aigle Shopping Canada\",\"description\":\"Au-del\u00e0 des fronti\u00e8res, pour vous offrir le\u00a0meilleur!\",\"publisher\":{\"@id\":\"https:\\\/\\\/aigleshopping.ca\\\/#organization\"},\"potentialAction\":[{\"@type\":\"SearchAction\",\"target\":{\"@type\":\"EntryPoint\",\"urlTemplate\":\"https:\\\/\\\/aigleshopping.ca\\\/?s={search_term_string}\"},\"query-input\":{\"@type\":\"PropertyValueSpecification\",\"valueRequired\":true,\"valueName\":\"search_term_string\"}}],\"inLanguage\":\"fr-FR\"},{\"@type\":\"Organization\",\"@id\":\"https:\\\/\\\/aigleshopping.ca\\\/#organization\",\"name\":\"Aigle Shopping Canada\",\"url\":\"https:\\\/\\\/aigleshopping.ca\\\/\",\"logo\":{\"@type\":\"ImageObject\",\"inLanguage\":\"fr-FR\",\"@id\":\"https:\\\/\\\/aigleshopping.ca\\\/#\\\/schema\\\/logo\\\/image\\\/\",\"url\":\"https:\\\/\\\/aigleshopping.ca\\\/wp-content\\\/uploads\\\/2025\\\/12\\\/logo_aigleshopping_ca.png\",\"contentUrl\":\"https:\\\/\\\/aigleshopping.ca\\\/wp-content\\\/uploads\\\/2025\\\/12\\\/logo_aigleshopping_ca.png\",\"width\":800,\"height\":233,\"caption\":\"Aigle Shopping Canada\"},\"image\":{\"@id\":\"https:\\\/\\\/aigleshopping.ca\\\/#\\\/schema\\\/logo\\\/image\\\/\"}}]}<\/script>\n<!-- \/ Yoast SEO plugin. -->","yoast_head_json":{"title":"Veste en cuir d\u00e9contract\u00e9e de couleur unie pour femmes - Aigle Shopping Canada","robots":{"index":"index","follow":"follow","max-snippet":"max-snippet:-1","max-image-preview":"max-image-preview:large","max-video-preview":"max-video-preview:-1"},"canonical":"https:\/\/aigleshopping.ca\/fr\/produit\/veste-en-cuir-decontractee-de-couleur-unie-pour-femmes\/","og_locale":"fr_FR","og_type":"article","og_title":"Veste en cuir d\u00e9contract\u00e9e de couleur unie pour femmes - Aigle Shopping Canada","og_description":"Informations sur le produit : Couleur : noir, blanc Taille : S,M,L,XL Version : Loose Type de style : street fashion Avec col en fourrure ou non : pas de col en fourrure \u00c9l\u00e9ments populaires : Ceinture Classification du cuir : Cuir Nom du tissu : Polyester Type de manche : manche r\u00e9guli\u00e8re Composition du [&hellip;]","og_url":"https:\/\/aigleshopping.ca\/fr\/produit\/veste-en-cuir-decontractee-de-couleur-unie-pour-femmes\/","og_site_name":"Aigle Shopping Canada","og_image":[{"width":1000,"height":1000,"url":"https:\/\/aigleshopping.ca\/wp-content\/uploads\/2025\/01\/8aeebccd-a946-4fc3-8b11-2d2086500900.jpg","type":"image\/jpeg"}],"twitter_card":"summary_large_image","twitter_misc":{"Dur\u00e9e de lecture estim\u00e9e":"1 minute"},"schema":{"@context":"https:\/\/schema.org","@graph":[{"@type":"WebPage","@id":"https:\/\/aigleshopping.ca\/fr\/produit\/veste-en-cuir-decontractee-de-couleur-unie-pour-femmes\/","url":"https:\/\/aigleshopping.ca\/fr\/produit\/veste-en-cuir-decontractee-de-couleur-unie-pour-femmes\/","name":"Veste en cuir d\u00e9contract\u00e9e de couleur unie pour femmes - Aigle Shopping Canada","isPartOf":{"@id":"https:\/\/aigleshopping.ca\/#website"},"primaryImageOfPage":{"@id":"https:\/\/aigleshopping.ca\/fr\/produit\/veste-en-cuir-decontractee-de-couleur-unie-pour-femmes\/#primaryimage"},"image":{"@id":"https:\/\/aigleshopping.ca\/fr\/produit\/veste-en-cuir-decontractee-de-couleur-unie-pour-femmes\/#primaryimage"},"thumbnailUrl":"https:\/\/aigleshopping.ca\/wp-content\/uploads\/2025\/01\/8aeebccd-a946-4fc3-8b11-2d2086500900.jpg","datePublished":"2025-01-29T14:54:42+00:00","breadcrumb":{"@id":"https:\/\/aigleshopping.ca\/fr\/produit\/veste-en-cuir-decontractee-de-couleur-unie-pour-femmes\/#breadcrumb"},"inLanguage":"fr-FR","potentialAction":[{"@type":"ReadAction","target":["https:\/\/aigleshopping.ca\/fr\/produit\/veste-en-cuir-decontractee-de-couleur-unie-pour-femmes\/"]}]},{"@type":"ImageObject","inLanguage":"fr-FR","@id":"https:\/\/aigleshopping.ca\/fr\/produit\/veste-en-cuir-decontractee-de-couleur-unie-pour-femmes\/#primaryimage","url":"https:\/\/aigleshopping.ca\/wp-content\/uploads\/2025\/01\/8aeebccd-a946-4fc3-8b11-2d2086500900.jpg","contentUrl":"https:\/\/aigleshopping.ca\/wp-content\/uploads\/2025\/01\/8aeebccd-a946-4fc3-8b11-2d2086500900.jpg","width":1000,"height":1000},{"@type":"BreadcrumbList","@id":"https:\/\/aigleshopping.ca\/fr\/produit\/veste-en-cuir-decontractee-de-couleur-unie-pour-femmes\/#breadcrumb","itemListElement":[{"@type":"ListItem","position":1,"name":"Home","item":"https:\/\/aigleshopping.ca\/fr\/home\/"},{"@type":"ListItem","position":2,"name":"Products","item":"https:\/\/aigleshopping.ca\/shop\/"},{"@type":"ListItem","position":3,"name":"Veste en cuir d\u00e9contract\u00e9e de couleur unie pour femmes"}]},{"@type":"WebSite","@id":"https:\/\/aigleshopping.ca\/#website","url":"https:\/\/aigleshopping.ca\/","name":"Aigle Shopping Canada","description":"Au-del\u00e0 des fronti\u00e8res, pour vous offrir le\u00a0meilleur!","publisher":{"@id":"https:\/\/aigleshopping.ca\/#organization"},"potentialAction":[{"@type":"SearchAction","target":{"@type":"EntryPoint","urlTemplate":"https:\/\/aigleshopping.ca\/?s={search_term_string}"},"query-input":{"@type":"PropertyValueSpecification","valueRequired":true,"valueName":"search_term_string"}}],"inLanguage":"fr-FR"},{"@type":"Organization","@id":"https:\/\/aigleshopping.ca\/#organization","name":"Aigle Shopping Canada","url":"https:\/\/aigleshopping.ca\/","logo":{"@type":"ImageObject","inLanguage":"fr-FR","@id":"https:\/\/aigleshopping.ca\/#\/schema\/logo\/image\/","url":"https:\/\/aigleshopping.ca\/wp-content\/uploads\/2025\/12\/logo_aigleshopping_ca.png","contentUrl":"https:\/\/aigleshopping.ca\/wp-content\/uploads\/2025\/12\/logo_aigleshopping_ca.png","width":800,"height":233,"caption":"Aigle Shopping Canada"},"image":{"@id":"https:\/\/aigleshopping.ca\/#\/schema\/logo\/image\/"}}]}},"jetpack_sharing_enabled":true,"_links":{"self":[{"href":"https:\/\/aigleshopping.ca\/fr\/wp-json\/wp\/v2\/product\/9028","targetHints":{"allow":["GET"]}}],"collection":[{"href":"https:\/\/aigleshopping.ca\/fr\/wp-json\/wp\/v2\/product"}],"about":[{"href":"https:\/\/aigleshopping.ca\/fr\/wp-json\/wp\/v2\/types\/product"}],"replies":[{"embeddable":true,"href":"https:\/\/aigleshopping.ca\/fr\/wp-json\/wp\/v2\/comments?post=9028"}],"wp:featuredmedia":[{"embeddable":true,"href":"https:\/\/aigleshopping.ca\/fr\/wp-json\/wp\/v2\/media\/8582"}],"wp:attachment":[{"href":"https:\/\/aigleshopping.ca\/fr\/wp-json\/wp\/v2\/media?parent=9028"}],"wp:term":[{"taxonomy":"product_brand","embeddable":true,"href":"https:\/\/aigleshopping.ca\/fr\/wp-json\/wp\/v2\/product_brand?post=9028"},{"taxonomy":"product_cat","embeddable":true,"href":"https:\/\/aigleshopping.ca\/fr\/wp-json\/wp\/v2\/product_cat?post=9028"},{"taxonomy":"product_tag","embeddable":true,"href":"https:\/\/aigleshopping.ca\/fr\/wp-json\/wp\/v2\/product_tag?post=9028"}],"curies":[{"name":"wp","href":"https:\/\/api.w.org\/{rel}","templated":true}]}}