{"id":9042,"date":"2025-01-27T14:01:58","date_gmt":"2025-01-27T14:01:58","guid":{"rendered":"https:\/\/aigleshopping.ca\/produit\/plus-size-mens-winter-new-fleece-thickening\/"},"modified":"2025-01-27T14:01:58","modified_gmt":"2025-01-27T14:01:58","slug":"plus-size-mens-winter-new-fleece-thickening","status":"publish","type":"product","link":"https:\/\/aigleshopping.ca\/fr\/produit\/plus-size-mens-winter-new-fleece-thickening\/","title":{"rendered":"Plus Size Men&rsquo;s Winter New Fleece Thickening"},"content":{"rendered":"<p>\n <b>Informations sur le produit :<\/b><br \/> Style : Couverture <br \/> Composition principale du tissu : viscose <br \/> Motif : Lettres <br \/> D\u00e9tails du style : Impression <br \/> Couleur : Noir <br \/> Composition principale du tissu : viscose <\/p>\n<p><b>Informations sur la taille :<\/b><br \/> Taille : 1XL, 2XL, 3XL, 4XL, 5XL, 6XL, 7XL  \n<\/p>\n<table>\n<colgroup>\n<col>\n<col>\n<col>\n<col>\n<col>\n <\/colgroup>\n<tbody>\n<tr>\n<td>Taille\uff08cm\uff09<\/td>\n<td>Buste<\/td>\n<td>Longueur du buste<\/td>\n<td>Longueur des manches<\/td>\n<td>Largeur des \u00e9paules<\/td>\n<\/tr>\n<tr>\n<td>XL<\/td>\n<td>115<\/td>\n<td>73<\/td>\n<td>64<\/td>\n<td>46<\/td>\n<\/tr>\n<tr>\n<td>2XL<\/td>\n<td>120<\/td>\n<td>74<\/td>\n<td>65<\/td>\n<td>48<\/td>\n<\/tr>\n<tr>\n<td>3XL&nbsp;&nbsp;&nbsp;&nbsp;&nbsp;&nbsp;&nbsp;<\/td>\n<td>125<\/td>\n<td>76<\/td>\n<td>666<\/td>\n<td>49<\/td>\n<\/tr>\n<tr>\n<td>4XL<\/td>\n<td>130<\/td>\n<td>77<\/td>\n<td>7<\/td>\n<td>51<\/td>\n<\/tr>\n<tr>\n<td>5XL<\/td>\n<td>135<\/td>\n<td>79<\/td>\n<td>68<\/td>\n<td>52<\/td>\n<\/tr>\n<tr>\n<td>6XL<\/td>\n<td>140<\/td>\n<td>80<\/td>\n<td>69<\/td>\n<td>54<\/td>\n<\/tr>\n<tr>\n<td>7XL<\/td>\n<td>145<\/td>\n<td>81<\/td>\n<td>69.5<\/td>\n<td>55<\/td>\n<\/tr>\n<\/tbody>\n<\/table>\n<p>\n <b>La pr\u00e9vention :<\/b><br \/>\n \n<\/p>\n<p>  1. Asian sizes are 1 to 2 sizes smaller than European and American people. Choose the larger size if your size between two sizes. Please allow 2-3cm differences due to manual measurement.     <br \/>  2. Please check the size chart carefully before you buy the item, if you don&rsquo;t know how to choose size, please contact our customer service.   <br \/>  3. comme vous le savez, les ordinateurs affichent les couleurs diff\u00e9remment, la couleur de l&rsquo;article r\u00e9el peut varier l\u00e9g\u00e8rement par rapport aux images suivantes.  <\/p>\n<p>\n <br \/>\n <b>Liste de colisage :<\/b><br \/> Sweatshirt en viscose pour hommes x1  <\/p>\n<p>\n <img decoding=\"async\" src=\"https:\/\/cf.cjdropshipping.com\/67a368e8-8f3c-4ba3-bc07-8bbf7369a779.jpg\" style=\"max-width:100%\"><br \/>\n <img decoding=\"async\" src=\"https:\/\/cf.cjdropshipping.com\/1c2d9f3b-50dd-4db1-b568-62e24249c7a8.png\" style=\"max-width: 100%\"><br \/>\n <img decoding=\"async\" src=\"https:\/\/cf.cjdropshipping.com\/5ede05ed-5801-4c53-b989-edd1b3d786eb.png\" style=\"max-width: 100%\"><br \/>\n <img decoding=\"async\" src=\"https:\/\/cf.cjdropshipping.com\/ce967231-b9ef-48cb-b134-ba31c8147a38.png\" style=\"max-width: 100%\"><br \/>\n <img decoding=\"async\" src=\"https:\/\/cf.cjdropshipping.com\/9ba2b9d0-7f06-40d7-b821-745dfdd1ba4c.png\" style=\"max-width: 100%\"><br \/>\n <img decoding=\"async\" src=\"https:\/\/cf.cjdropshipping.com\/7dc9da8a-0884-44aa-a4ff-73398c6e4181.png\" style=\"max-width: 100%\"><br \/>\n <img decoding=\"async\" src=\"https:\/\/cf.cjdropshipping.com\/08216677-6f7f-4f3e-bce6-5388cfa60f3c.jpg\" style=\"font-size: 1em;max-width: 100%\"><br \/>\n <img decoding=\"async\" src=\"https:\/\/cf.cjdropshipping.com\/9f69dde6-26ff-498d-bd4c-40c11d1bc828.jpg\" style=\"font-size: 1em;max-width: 100%\"><br \/>\n <img decoding=\"async\" src=\"https:\/\/cf.cjdropshipping.com\/fb3fcb6c-6a0f-42c5-8a95-34db4bf41f76.jpg\" style=\"font-size: 1em;max-width: 100%\"><br \/>\n <img decoding=\"async\" src=\"https:\/\/cf.cjdropshipping.com\/b432c241-c3d0-46d3-85f3-695be3a9e5ba.jpg\" style=\"font-size: 1em;max-width: 100%\"><\/p>\n","protected":false},"excerpt":{"rendered":"<p>Informations sur le produit : Style : Couverture Composition principale du tissu : viscose Motif : Lettres D\u00e9tails du style : Impression Couleur : Noir Composition principale du tissu : viscose Informations sur la taille : Taille : 1XL, 2XL, 3XL, 4XL, 5XL, 6XL, 7XL Taille\uff08cm\uff09 Buste Longueur du buste Longueur des manches Largeur des [&hellip;]<\/p>\n","protected":false},"featured_media":7709,"comment_status":"open","ping_status":"closed","template":"","meta":{"content-type":""},"product_brand":[],"product_cat":[695,630,120,690],"product_tag":[],"class_list":{"0":"post-9042","1":"product","2":"type-product","3":"status-publish","4":"has-post-thumbnail","6":"product_cat-man-fr","7":"product_cat-manteaux","8":"product_cat-mode","9":"product_cat-veste-fr","11":"first","12":"instock","13":"taxable","14":"shipping-taxable","15":"purchasable","16":"product-type-variable","17":"add-to-wishlist-after_add_to_cart"},"yoast_head":"<!-- This site is optimized with the Yoast SEO plugin v27.4 - https:\/\/yoast.com\/product\/yoast-seo-wordpress\/ -->\n<title>Plus Size Men&#039;s Winter New Fleece Thickening - Aigle Shopping Canada<\/title>\n<meta name=\"robots\" content=\"index, follow, max-snippet:-1, max-image-preview:large, max-video-preview:-1\" \/>\n<link rel=\"canonical\" href=\"https:\/\/aigleshopping.ca\/fr\/produit\/plus-size-mens-winter-new-fleece-thickening\/\" \/>\n<meta property=\"og:locale\" content=\"fr_FR\" \/>\n<meta property=\"og:type\" content=\"article\" \/>\n<meta property=\"og:title\" content=\"Plus Size Men&#039;s Winter New Fleece Thickening - Aigle Shopping Canada\" \/>\n<meta property=\"og:description\" content=\"Informations sur le produit : Style : Couverture Composition principale du tissu : viscose Motif : Lettres D\u00e9tails du style : Impression Couleur : Noir Composition principale du tissu : viscose Informations sur la taille : Taille : 1XL, 2XL, 3XL, 4XL, 5XL, 6XL, 7XL Taille\uff08cm\uff09 Buste Longueur du buste Longueur des manches Largeur des [&hellip;]\" \/>\n<meta property=\"og:url\" content=\"https:\/\/aigleshopping.ca\/fr\/produit\/plus-size-mens-winter-new-fleece-thickening\/\" \/>\n<meta property=\"og:site_name\" content=\"Aigle Shopping Canada\" \/>\n<meta property=\"og:image\" content=\"https:\/\/aigleshopping.ca\/wp-content\/uploads\/2025\/01\/cf5bca20-15b5-45c8-9457-4edf3afc55ab.jpg\" \/>\n\t<meta property=\"og:image:width\" content=\"800\" \/>\n\t<meta property=\"og:image:height\" content=\"800\" \/>\n\t<meta property=\"og:image:type\" content=\"image\/jpeg\" \/>\n<meta name=\"twitter:card\" content=\"summary_large_image\" \/>\n<meta name=\"twitter:label1\" content=\"Dur\u00e9e de lecture estim\u00e9e\" \/>\n\t<meta name=\"twitter:data1\" content=\"1 minute\" \/>\n<script type=\"application\/ld+json\" class=\"yoast-schema-graph\">{\"@context\":\"https:\\\/\\\/schema.org\",\"@graph\":[{\"@type\":\"WebPage\",\"@id\":\"https:\\\/\\\/aigleshopping.ca\\\/fr\\\/produit\\\/plus-size-mens-winter-new-fleece-thickening\\\/\",\"url\":\"https:\\\/\\\/aigleshopping.ca\\\/fr\\\/produit\\\/plus-size-mens-winter-new-fleece-thickening\\\/\",\"name\":\"Plus Size Men's Winter New Fleece Thickening - Aigle Shopping Canada\",\"isPartOf\":{\"@id\":\"https:\\\/\\\/aigleshopping.ca\\\/#website\"},\"primaryImageOfPage\":{\"@id\":\"https:\\\/\\\/aigleshopping.ca\\\/fr\\\/produit\\\/plus-size-mens-winter-new-fleece-thickening\\\/#primaryimage\"},\"image\":{\"@id\":\"https:\\\/\\\/aigleshopping.ca\\\/fr\\\/produit\\\/plus-size-mens-winter-new-fleece-thickening\\\/#primaryimage\"},\"thumbnailUrl\":\"https:\\\/\\\/aigleshopping.ca\\\/wp-content\\\/uploads\\\/2025\\\/01\\\/cf5bca20-15b5-45c8-9457-4edf3afc55ab.jpg\",\"datePublished\":\"2025-01-27T14:01:58+00:00\",\"breadcrumb\":{\"@id\":\"https:\\\/\\\/aigleshopping.ca\\\/fr\\\/produit\\\/plus-size-mens-winter-new-fleece-thickening\\\/#breadcrumb\"},\"inLanguage\":\"fr-FR\",\"potentialAction\":[{\"@type\":\"ReadAction\",\"target\":[\"https:\\\/\\\/aigleshopping.ca\\\/fr\\\/produit\\\/plus-size-mens-winter-new-fleece-thickening\\\/\"]}]},{\"@type\":\"ImageObject\",\"inLanguage\":\"fr-FR\",\"@id\":\"https:\\\/\\\/aigleshopping.ca\\\/fr\\\/produit\\\/plus-size-mens-winter-new-fleece-thickening\\\/#primaryimage\",\"url\":\"https:\\\/\\\/aigleshopping.ca\\\/wp-content\\\/uploads\\\/2025\\\/01\\\/cf5bca20-15b5-45c8-9457-4edf3afc55ab.jpg\",\"contentUrl\":\"https:\\\/\\\/aigleshopping.ca\\\/wp-content\\\/uploads\\\/2025\\\/01\\\/cf5bca20-15b5-45c8-9457-4edf3afc55ab.jpg\",\"width\":800,\"height\":800},{\"@type\":\"BreadcrumbList\",\"@id\":\"https:\\\/\\\/aigleshopping.ca\\\/fr\\\/produit\\\/plus-size-mens-winter-new-fleece-thickening\\\/#breadcrumb\",\"itemListElement\":[{\"@type\":\"ListItem\",\"position\":1,\"name\":\"Home\",\"item\":\"https:\\\/\\\/aigleshopping.ca\\\/fr\\\/home\\\/\"},{\"@type\":\"ListItem\",\"position\":2,\"name\":\"Products\",\"item\":\"https:\\\/\\\/aigleshopping.ca\\\/shop\\\/\"},{\"@type\":\"ListItem\",\"position\":3,\"name\":\"Plus Size Men&#8217;s Winter New Fleece Thickening\"}]},{\"@type\":\"WebSite\",\"@id\":\"https:\\\/\\\/aigleshopping.ca\\\/#website\",\"url\":\"https:\\\/\\\/aigleshopping.ca\\\/\",\"name\":\"Aigle Shopping Canada\",\"description\":\"Au-del\u00e0 des fronti\u00e8res, pour vous offrir le\u00a0meilleur!\",\"publisher\":{\"@id\":\"https:\\\/\\\/aigleshopping.ca\\\/#organization\"},\"potentialAction\":[{\"@type\":\"SearchAction\",\"target\":{\"@type\":\"EntryPoint\",\"urlTemplate\":\"https:\\\/\\\/aigleshopping.ca\\\/?s={search_term_string}\"},\"query-input\":{\"@type\":\"PropertyValueSpecification\",\"valueRequired\":true,\"valueName\":\"search_term_string\"}}],\"inLanguage\":\"fr-FR\"},{\"@type\":\"Organization\",\"@id\":\"https:\\\/\\\/aigleshopping.ca\\\/#organization\",\"name\":\"Aigle Shopping Canada\",\"url\":\"https:\\\/\\\/aigleshopping.ca\\\/\",\"logo\":{\"@type\":\"ImageObject\",\"inLanguage\":\"fr-FR\",\"@id\":\"https:\\\/\\\/aigleshopping.ca\\\/#\\\/schema\\\/logo\\\/image\\\/\",\"url\":\"https:\\\/\\\/aigleshopping.ca\\\/wp-content\\\/uploads\\\/2025\\\/12\\\/logo_aigleshopping_ca.png\",\"contentUrl\":\"https:\\\/\\\/aigleshopping.ca\\\/wp-content\\\/uploads\\\/2025\\\/12\\\/logo_aigleshopping_ca.png\",\"width\":800,\"height\":233,\"caption\":\"Aigle Shopping Canada\"},\"image\":{\"@id\":\"https:\\\/\\\/aigleshopping.ca\\\/#\\\/schema\\\/logo\\\/image\\\/\"}}]}<\/script>\n<!-- \/ Yoast SEO plugin. -->","yoast_head_json":{"title":"Plus Size Men's Winter New Fleece Thickening - Aigle Shopping Canada","robots":{"index":"index","follow":"follow","max-snippet":"max-snippet:-1","max-image-preview":"max-image-preview:large","max-video-preview":"max-video-preview:-1"},"canonical":"https:\/\/aigleshopping.ca\/fr\/produit\/plus-size-mens-winter-new-fleece-thickening\/","og_locale":"fr_FR","og_type":"article","og_title":"Plus Size Men's Winter New Fleece Thickening - Aigle Shopping Canada","og_description":"Informations sur le produit : Style : Couverture Composition principale du tissu : viscose Motif : Lettres D\u00e9tails du style : Impression Couleur : Noir Composition principale du tissu : viscose Informations sur la taille : Taille : 1XL, 2XL, 3XL, 4XL, 5XL, 6XL, 7XL Taille\uff08cm\uff09 Buste Longueur du buste Longueur des manches Largeur des [&hellip;]","og_url":"https:\/\/aigleshopping.ca\/fr\/produit\/plus-size-mens-winter-new-fleece-thickening\/","og_site_name":"Aigle Shopping Canada","og_image":[{"width":800,"height":800,"url":"https:\/\/aigleshopping.ca\/wp-content\/uploads\/2025\/01\/cf5bca20-15b5-45c8-9457-4edf3afc55ab.jpg","type":"image\/jpeg"}],"twitter_card":"summary_large_image","twitter_misc":{"Dur\u00e9e de lecture estim\u00e9e":"1 minute"},"schema":{"@context":"https:\/\/schema.org","@graph":[{"@type":"WebPage","@id":"https:\/\/aigleshopping.ca\/fr\/produit\/plus-size-mens-winter-new-fleece-thickening\/","url":"https:\/\/aigleshopping.ca\/fr\/produit\/plus-size-mens-winter-new-fleece-thickening\/","name":"Plus Size Men's Winter New Fleece Thickening - Aigle Shopping Canada","isPartOf":{"@id":"https:\/\/aigleshopping.ca\/#website"},"primaryImageOfPage":{"@id":"https:\/\/aigleshopping.ca\/fr\/produit\/plus-size-mens-winter-new-fleece-thickening\/#primaryimage"},"image":{"@id":"https:\/\/aigleshopping.ca\/fr\/produit\/plus-size-mens-winter-new-fleece-thickening\/#primaryimage"},"thumbnailUrl":"https:\/\/aigleshopping.ca\/wp-content\/uploads\/2025\/01\/cf5bca20-15b5-45c8-9457-4edf3afc55ab.jpg","datePublished":"2025-01-27T14:01:58+00:00","breadcrumb":{"@id":"https:\/\/aigleshopping.ca\/fr\/produit\/plus-size-mens-winter-new-fleece-thickening\/#breadcrumb"},"inLanguage":"fr-FR","potentialAction":[{"@type":"ReadAction","target":["https:\/\/aigleshopping.ca\/fr\/produit\/plus-size-mens-winter-new-fleece-thickening\/"]}]},{"@type":"ImageObject","inLanguage":"fr-FR","@id":"https:\/\/aigleshopping.ca\/fr\/produit\/plus-size-mens-winter-new-fleece-thickening\/#primaryimage","url":"https:\/\/aigleshopping.ca\/wp-content\/uploads\/2025\/01\/cf5bca20-15b5-45c8-9457-4edf3afc55ab.jpg","contentUrl":"https:\/\/aigleshopping.ca\/wp-content\/uploads\/2025\/01\/cf5bca20-15b5-45c8-9457-4edf3afc55ab.jpg","width":800,"height":800},{"@type":"BreadcrumbList","@id":"https:\/\/aigleshopping.ca\/fr\/produit\/plus-size-mens-winter-new-fleece-thickening\/#breadcrumb","itemListElement":[{"@type":"ListItem","position":1,"name":"Home","item":"https:\/\/aigleshopping.ca\/fr\/home\/"},{"@type":"ListItem","position":2,"name":"Products","item":"https:\/\/aigleshopping.ca\/shop\/"},{"@type":"ListItem","position":3,"name":"Plus Size Men&#8217;s Winter New Fleece Thickening"}]},{"@type":"WebSite","@id":"https:\/\/aigleshopping.ca\/#website","url":"https:\/\/aigleshopping.ca\/","name":"Aigle Shopping Canada","description":"Au-del\u00e0 des fronti\u00e8res, pour vous offrir le\u00a0meilleur!","publisher":{"@id":"https:\/\/aigleshopping.ca\/#organization"},"potentialAction":[{"@type":"SearchAction","target":{"@type":"EntryPoint","urlTemplate":"https:\/\/aigleshopping.ca\/?s={search_term_string}"},"query-input":{"@type":"PropertyValueSpecification","valueRequired":true,"valueName":"search_term_string"}}],"inLanguage":"fr-FR"},{"@type":"Organization","@id":"https:\/\/aigleshopping.ca\/#organization","name":"Aigle Shopping Canada","url":"https:\/\/aigleshopping.ca\/","logo":{"@type":"ImageObject","inLanguage":"fr-FR","@id":"https:\/\/aigleshopping.ca\/#\/schema\/logo\/image\/","url":"https:\/\/aigleshopping.ca\/wp-content\/uploads\/2025\/12\/logo_aigleshopping_ca.png","contentUrl":"https:\/\/aigleshopping.ca\/wp-content\/uploads\/2025\/12\/logo_aigleshopping_ca.png","width":800,"height":233,"caption":"Aigle Shopping Canada"},"image":{"@id":"https:\/\/aigleshopping.ca\/#\/schema\/logo\/image\/"}}]}},"jetpack_sharing_enabled":true,"_links":{"self":[{"href":"https:\/\/aigleshopping.ca\/fr\/wp-json\/wp\/v2\/product\/9042","targetHints":{"allow":["GET"]}}],"collection":[{"href":"https:\/\/aigleshopping.ca\/fr\/wp-json\/wp\/v2\/product"}],"about":[{"href":"https:\/\/aigleshopping.ca\/fr\/wp-json\/wp\/v2\/types\/product"}],"replies":[{"embeddable":true,"href":"https:\/\/aigleshopping.ca\/fr\/wp-json\/wp\/v2\/comments?post=9042"}],"wp:featuredmedia":[{"embeddable":true,"href":"https:\/\/aigleshopping.ca\/fr\/wp-json\/wp\/v2\/media\/7709"}],"wp:attachment":[{"href":"https:\/\/aigleshopping.ca\/fr\/wp-json\/wp\/v2\/media?parent=9042"}],"wp:term":[{"taxonomy":"product_brand","embeddable":true,"href":"https:\/\/aigleshopping.ca\/fr\/wp-json\/wp\/v2\/product_brand?post=9042"},{"taxonomy":"product_cat","embeddable":true,"href":"https:\/\/aigleshopping.ca\/fr\/wp-json\/wp\/v2\/product_cat?post=9042"},{"taxonomy":"product_tag","embeddable":true,"href":"https:\/\/aigleshopping.ca\/fr\/wp-json\/wp\/v2\/product_tag?post=9042"}],"curies":[{"name":"wp","href":"https:\/\/api.w.org\/{rel}","templated":true}]}}