{"id":9050,"date":"2025-01-28T17:08:02","date_gmt":"2025-01-28T17:08:02","guid":{"rendered":"https:\/\/aigleshopping.ca\/produit\/nouveau-manteau-en-coton-matelasse-avec-noeud-papillon-de-couleur-unie\/"},"modified":"2025-01-28T17:08:02","modified_gmt":"2025-01-28T17:08:02","slug":"nouveau-manteau-en-coton-matelasse-avec-noeud-papillon-de-couleur-unie","status":"publish","type":"product","link":"https:\/\/aigleshopping.ca\/fr\/produit\/nouveau-manteau-en-coton-matelasse-avec-noeud-papillon-de-couleur-unie\/","title":{"rendered":"Nouveau Manteau en coton matelass\u00e9 avec n\u0153ud papillon de couleur unie"},"content":{"rendered":"<p>\n <b>Informations sur le produit :<\/b><br \/> \u00c9paisseur : moyenne <br \/> Nom du tissu : polyester <br \/> Couleur : brun fonc\u00e9 <br \/> Taille : XS,S,M,L <br \/> Sexe applicable : Femme <br \/> Style : Mode  <\/p>\n<p><b>Note :<\/b><\/p>\n<p>  1. Les tailles asiatiques sont 1 \u00e0 2 tailles plus petites que les tailles europ\u00e9ennes et am\u00e9ricaines. Choisissez la taille la plus grande si votre taille se situe entre deux tailles. Veuillez tenir compte d&rsquo;une diff\u00e9rence de 2 \u00e0 3 cm due aux mesures manuelles. 2. Si vous ne savez pas comment choisir votre taille, veuillez contacter notre service client\u00e8le. 3) Comme vous le savez, les ordinateurs affichent les couleurs diff\u00e9remment, la couleur de l&rsquo;article r\u00e9el peut varier l\u00e9g\u00e8rement par rapport aux images suivantes.      <\/p>\n<p>\n<b>Liste d&#8217;emballage : <\/b><br \/> Veste matelass\u00e9e pour femme *1  <\/p>\n<p><b>Image du produit :<\/b><br \/>\n<br \/>\n<img decoding=\"async\" src=\"https:\/\/oss-cf.cjdropshipping.com\/product\/2025\/01\/23\/01\/f0ded33b-49dd-4f6f-a7df-c9c6c3c75388_trans.jpeg\"><br \/>\n<img decoding=\"async\" src=\"https:\/\/cbu01.alicdn.com\/img\/ibank\/O1CN010Br6MW2LptTWlpAgz_!!2215224229742-0-cib.jpg?__r__=1729753913332\"><br \/>\n<img decoding=\"async\" src=\"https:\/\/cbu01.alicdn.com\/img\/ibank\/O1CN01wLqNNc2LptTWK9CnB_!!2215224229742-0-cib.jpg?__r__=1729753913332\"><br \/>\n<img decoding=\"async\" src=\"https:\/\/cbu01.alicdn.com\/img\/ibank\/O1CN01ytDSTR2LptTWDa6eX_!!2215224229742-0-cib.jpg?__r__=1729753913332\"><br \/>\n<img decoding=\"async\" src=\"https:\/\/cbu01.alicdn.com\/img\/ibank\/O1CN01BB3iuw2LptTYXloNB_!!2215224229742-0-cib.jpg?__r__=1729753913332\"><br \/>\n<img decoding=\"async\" src=\"https:\/\/cbu01.alicdn.com\/img\/ibank\/O1CN01uGYX8f2LptTYieB9m_!!2215224229742-0-cib.jpg?__r__=1729753913332\"><br \/>\n<img decoding=\"async\" src=\"https:\/\/cbu01.alicdn.com\/img\/ibank\/O1CN01UYP0lw2LptTWDaAnh_!!2215224229742-0-cib.jpg?__r__=1729753913332\"><br \/>\n<img decoding=\"async\" src=\"https:\/\/cbu01.alicdn.com\/img\/ibank\/O1CN01BuyliS2LptTUmlrdL_!!2215224229742-0-cib.jpg?__r__=1729753913332\"><\/p>\n","protected":false},"excerpt":{"rendered":"<p>Informations sur le produit : \u00c9paisseur : moyenne Nom du tissu : polyester Couleur : brun fonc\u00e9 Taille : XS,S,M,L Sexe applicable : Femme Style : Mode Note : 1. Les tailles asiatiques sont 1 \u00e0 2 tailles plus petites que les tailles europ\u00e9ennes et am\u00e9ricaines. Choisissez la taille la plus grande si votre taille [&hellip;]<\/p>\n","protected":false},"featured_media":8124,"comment_status":"open","ping_status":"closed","template":"","meta":{"content-type":""},"product_brand":[],"product_cat":[664],"product_tag":[],"class_list":{"0":"post-9050","1":"product","2":"type-product","3":"status-publish","4":"has-post-thumbnail","6":"product_cat-manteaux-fr","8":"first","9":"instock","10":"taxable","11":"shipping-taxable","12":"purchasable","13":"product-type-variable","14":"add-to-wishlist-after_add_to_cart"},"yoast_head":"<!-- This site is optimized with the Yoast SEO plugin v27.3 - https:\/\/yoast.com\/product\/yoast-seo-wordpress\/ -->\n<title>Nouveau Manteau en coton matelass\u00e9 avec n\u0153ud papillon de couleur unie - Aigle Shopping Canada<\/title>\n<meta name=\"robots\" content=\"index, follow, max-snippet:-1, max-image-preview:large, max-video-preview:-1\" \/>\n<link rel=\"canonical\" href=\"https:\/\/aigleshopping.ca\/fr\/produit\/nouveau-manteau-en-coton-matelasse-avec-noeud-papillon-de-couleur-unie\/\" \/>\n<meta property=\"og:locale\" content=\"fr_FR\" \/>\n<meta property=\"og:type\" content=\"article\" \/>\n<meta property=\"og:title\" content=\"Nouveau Manteau en coton matelass\u00e9 avec n\u0153ud papillon de couleur unie - Aigle Shopping Canada\" \/>\n<meta property=\"og:description\" content=\"Informations sur le produit : \u00c9paisseur : moyenne Nom du tissu : polyester Couleur : brun fonc\u00e9 Taille : XS,S,M,L Sexe applicable : Femme Style : Mode Note : 1. Les tailles asiatiques sont 1 \u00e0 2 tailles plus petites que les tailles europ\u00e9ennes et am\u00e9ricaines. Choisissez la taille la plus grande si votre taille [&hellip;]\" \/>\n<meta property=\"og:url\" content=\"https:\/\/aigleshopping.ca\/fr\/produit\/nouveau-manteau-en-coton-matelasse-avec-noeud-papillon-de-couleur-unie\/\" \/>\n<meta property=\"og:site_name\" content=\"Aigle Shopping Canada\" \/>\n<meta property=\"og:image\" content=\"https:\/\/aigleshopping.ca\/wp-content\/uploads\/2025\/01\/O1CN010VUfc82LptTU2kRr1_2215224229742-0-cib.jpg\" \/>\n\t<meta property=\"og:image:width\" content=\"1000\" \/>\n\t<meta property=\"og:image:height\" content=\"1000\" \/>\n\t<meta property=\"og:image:type\" content=\"image\/jpeg\" \/>\n<meta name=\"twitter:card\" content=\"summary_large_image\" \/>\n<meta name=\"twitter:label1\" content=\"Dur\u00e9e de lecture estim\u00e9e\" \/>\n\t<meta name=\"twitter:data1\" content=\"1 minute\" \/>\n<script type=\"application\/ld+json\" class=\"yoast-schema-graph\">{\"@context\":\"https:\\\/\\\/schema.org\",\"@graph\":[{\"@type\":\"WebPage\",\"@id\":\"https:\\\/\\\/aigleshopping.ca\\\/fr\\\/produit\\\/nouveau-manteau-en-coton-matelasse-avec-noeud-papillon-de-couleur-unie\\\/\",\"url\":\"https:\\\/\\\/aigleshopping.ca\\\/fr\\\/produit\\\/nouveau-manteau-en-coton-matelasse-avec-noeud-papillon-de-couleur-unie\\\/\",\"name\":\"Nouveau Manteau en coton matelass\u00e9 avec n\u0153ud papillon de couleur unie - Aigle Shopping Canada\",\"isPartOf\":{\"@id\":\"https:\\\/\\\/aigleshopping.ca\\\/#website\"},\"primaryImageOfPage\":{\"@id\":\"https:\\\/\\\/aigleshopping.ca\\\/fr\\\/produit\\\/nouveau-manteau-en-coton-matelasse-avec-noeud-papillon-de-couleur-unie\\\/#primaryimage\"},\"image\":{\"@id\":\"https:\\\/\\\/aigleshopping.ca\\\/fr\\\/produit\\\/nouveau-manteau-en-coton-matelasse-avec-noeud-papillon-de-couleur-unie\\\/#primaryimage\"},\"thumbnailUrl\":\"https:\\\/\\\/aigleshopping.ca\\\/wp-content\\\/uploads\\\/2025\\\/01\\\/O1CN010VUfc82LptTU2kRr1_2215224229742-0-cib.jpg\",\"datePublished\":\"2025-01-28T17:08:02+00:00\",\"breadcrumb\":{\"@id\":\"https:\\\/\\\/aigleshopping.ca\\\/fr\\\/produit\\\/nouveau-manteau-en-coton-matelasse-avec-noeud-papillon-de-couleur-unie\\\/#breadcrumb\"},\"inLanguage\":\"fr-FR\",\"potentialAction\":[{\"@type\":\"ReadAction\",\"target\":[\"https:\\\/\\\/aigleshopping.ca\\\/fr\\\/produit\\\/nouveau-manteau-en-coton-matelasse-avec-noeud-papillon-de-couleur-unie\\\/\"]}]},{\"@type\":\"ImageObject\",\"inLanguage\":\"fr-FR\",\"@id\":\"https:\\\/\\\/aigleshopping.ca\\\/fr\\\/produit\\\/nouveau-manteau-en-coton-matelasse-avec-noeud-papillon-de-couleur-unie\\\/#primaryimage\",\"url\":\"https:\\\/\\\/aigleshopping.ca\\\/wp-content\\\/uploads\\\/2025\\\/01\\\/O1CN010VUfc82LptTU2kRr1_2215224229742-0-cib.jpg\",\"contentUrl\":\"https:\\\/\\\/aigleshopping.ca\\\/wp-content\\\/uploads\\\/2025\\\/01\\\/O1CN010VUfc82LptTU2kRr1_2215224229742-0-cib.jpg\",\"width\":1000,\"height\":1000},{\"@type\":\"BreadcrumbList\",\"@id\":\"https:\\\/\\\/aigleshopping.ca\\\/fr\\\/produit\\\/nouveau-manteau-en-coton-matelasse-avec-noeud-papillon-de-couleur-unie\\\/#breadcrumb\",\"itemListElement\":[{\"@type\":\"ListItem\",\"position\":1,\"name\":\"Home\",\"item\":\"https:\\\/\\\/aigleshopping.ca\\\/fr\\\/home\\\/\"},{\"@type\":\"ListItem\",\"position\":2,\"name\":\"Products\",\"item\":\"https:\\\/\\\/aigleshopping.ca\\\/shop\\\/\"},{\"@type\":\"ListItem\",\"position\":3,\"name\":\"Nouveau Manteau en coton matelass\u00e9 avec n\u0153ud papillon de couleur unie\"}]},{\"@type\":\"WebSite\",\"@id\":\"https:\\\/\\\/aigleshopping.ca\\\/#website\",\"url\":\"https:\\\/\\\/aigleshopping.ca\\\/\",\"name\":\"Aigle Shopping Canada\",\"description\":\"Au-del\u00e0 des fronti\u00e8res, pour vous offrir le\u00a0meilleur!\",\"publisher\":{\"@id\":\"https:\\\/\\\/aigleshopping.ca\\\/#organization\"},\"potentialAction\":[{\"@type\":\"SearchAction\",\"target\":{\"@type\":\"EntryPoint\",\"urlTemplate\":\"https:\\\/\\\/aigleshopping.ca\\\/?s={search_term_string}\"},\"query-input\":{\"@type\":\"PropertyValueSpecification\",\"valueRequired\":true,\"valueName\":\"search_term_string\"}}],\"inLanguage\":\"fr-FR\"},{\"@type\":\"Organization\",\"@id\":\"https:\\\/\\\/aigleshopping.ca\\\/#organization\",\"name\":\"Aigle Shopping Canada\",\"url\":\"https:\\\/\\\/aigleshopping.ca\\\/\",\"logo\":{\"@type\":\"ImageObject\",\"inLanguage\":\"fr-FR\",\"@id\":\"https:\\\/\\\/aigleshopping.ca\\\/#\\\/schema\\\/logo\\\/image\\\/\",\"url\":\"https:\\\/\\\/aigleshopping.ca\\\/wp-content\\\/uploads\\\/2025\\\/12\\\/logo_aigleshopping_ca.png\",\"contentUrl\":\"https:\\\/\\\/aigleshopping.ca\\\/wp-content\\\/uploads\\\/2025\\\/12\\\/logo_aigleshopping_ca.png\",\"width\":800,\"height\":233,\"caption\":\"Aigle Shopping Canada\"},\"image\":{\"@id\":\"https:\\\/\\\/aigleshopping.ca\\\/#\\\/schema\\\/logo\\\/image\\\/\"}}]}<\/script>\n<!-- \/ Yoast SEO plugin. -->","yoast_head_json":{"title":"Nouveau Manteau en coton matelass\u00e9 avec n\u0153ud papillon de couleur unie - Aigle Shopping Canada","robots":{"index":"index","follow":"follow","max-snippet":"max-snippet:-1","max-image-preview":"max-image-preview:large","max-video-preview":"max-video-preview:-1"},"canonical":"https:\/\/aigleshopping.ca\/fr\/produit\/nouveau-manteau-en-coton-matelasse-avec-noeud-papillon-de-couleur-unie\/","og_locale":"fr_FR","og_type":"article","og_title":"Nouveau Manteau en coton matelass\u00e9 avec n\u0153ud papillon de couleur unie - Aigle Shopping Canada","og_description":"Informations sur le produit : \u00c9paisseur : moyenne Nom du tissu : polyester Couleur : brun fonc\u00e9 Taille : XS,S,M,L Sexe applicable : Femme Style : Mode Note : 1. Les tailles asiatiques sont 1 \u00e0 2 tailles plus petites que les tailles europ\u00e9ennes et am\u00e9ricaines. Choisissez la taille la plus grande si votre taille [&hellip;]","og_url":"https:\/\/aigleshopping.ca\/fr\/produit\/nouveau-manteau-en-coton-matelasse-avec-noeud-papillon-de-couleur-unie\/","og_site_name":"Aigle Shopping Canada","og_image":[{"width":1000,"height":1000,"url":"https:\/\/aigleshopping.ca\/wp-content\/uploads\/2025\/01\/O1CN010VUfc82LptTU2kRr1_2215224229742-0-cib.jpg","type":"image\/jpeg"}],"twitter_card":"summary_large_image","twitter_misc":{"Dur\u00e9e de lecture estim\u00e9e":"1 minute"},"schema":{"@context":"https:\/\/schema.org","@graph":[{"@type":"WebPage","@id":"https:\/\/aigleshopping.ca\/fr\/produit\/nouveau-manteau-en-coton-matelasse-avec-noeud-papillon-de-couleur-unie\/","url":"https:\/\/aigleshopping.ca\/fr\/produit\/nouveau-manteau-en-coton-matelasse-avec-noeud-papillon-de-couleur-unie\/","name":"Nouveau Manteau en coton matelass\u00e9 avec n\u0153ud papillon de couleur unie - Aigle Shopping Canada","isPartOf":{"@id":"https:\/\/aigleshopping.ca\/#website"},"primaryImageOfPage":{"@id":"https:\/\/aigleshopping.ca\/fr\/produit\/nouveau-manteau-en-coton-matelasse-avec-noeud-papillon-de-couleur-unie\/#primaryimage"},"image":{"@id":"https:\/\/aigleshopping.ca\/fr\/produit\/nouveau-manteau-en-coton-matelasse-avec-noeud-papillon-de-couleur-unie\/#primaryimage"},"thumbnailUrl":"https:\/\/aigleshopping.ca\/wp-content\/uploads\/2025\/01\/O1CN010VUfc82LptTU2kRr1_2215224229742-0-cib.jpg","datePublished":"2025-01-28T17:08:02+00:00","breadcrumb":{"@id":"https:\/\/aigleshopping.ca\/fr\/produit\/nouveau-manteau-en-coton-matelasse-avec-noeud-papillon-de-couleur-unie\/#breadcrumb"},"inLanguage":"fr-FR","potentialAction":[{"@type":"ReadAction","target":["https:\/\/aigleshopping.ca\/fr\/produit\/nouveau-manteau-en-coton-matelasse-avec-noeud-papillon-de-couleur-unie\/"]}]},{"@type":"ImageObject","inLanguage":"fr-FR","@id":"https:\/\/aigleshopping.ca\/fr\/produit\/nouveau-manteau-en-coton-matelasse-avec-noeud-papillon-de-couleur-unie\/#primaryimage","url":"https:\/\/aigleshopping.ca\/wp-content\/uploads\/2025\/01\/O1CN010VUfc82LptTU2kRr1_2215224229742-0-cib.jpg","contentUrl":"https:\/\/aigleshopping.ca\/wp-content\/uploads\/2025\/01\/O1CN010VUfc82LptTU2kRr1_2215224229742-0-cib.jpg","width":1000,"height":1000},{"@type":"BreadcrumbList","@id":"https:\/\/aigleshopping.ca\/fr\/produit\/nouveau-manteau-en-coton-matelasse-avec-noeud-papillon-de-couleur-unie\/#breadcrumb","itemListElement":[{"@type":"ListItem","position":1,"name":"Home","item":"https:\/\/aigleshopping.ca\/fr\/home\/"},{"@type":"ListItem","position":2,"name":"Products","item":"https:\/\/aigleshopping.ca\/shop\/"},{"@type":"ListItem","position":3,"name":"Nouveau Manteau en coton matelass\u00e9 avec n\u0153ud papillon de couleur unie"}]},{"@type":"WebSite","@id":"https:\/\/aigleshopping.ca\/#website","url":"https:\/\/aigleshopping.ca\/","name":"Aigle Shopping Canada","description":"Au-del\u00e0 des fronti\u00e8res, pour vous offrir le\u00a0meilleur!","publisher":{"@id":"https:\/\/aigleshopping.ca\/#organization"},"potentialAction":[{"@type":"SearchAction","target":{"@type":"EntryPoint","urlTemplate":"https:\/\/aigleshopping.ca\/?s={search_term_string}"},"query-input":{"@type":"PropertyValueSpecification","valueRequired":true,"valueName":"search_term_string"}}],"inLanguage":"fr-FR"},{"@type":"Organization","@id":"https:\/\/aigleshopping.ca\/#organization","name":"Aigle Shopping Canada","url":"https:\/\/aigleshopping.ca\/","logo":{"@type":"ImageObject","inLanguage":"fr-FR","@id":"https:\/\/aigleshopping.ca\/#\/schema\/logo\/image\/","url":"https:\/\/aigleshopping.ca\/wp-content\/uploads\/2025\/12\/logo_aigleshopping_ca.png","contentUrl":"https:\/\/aigleshopping.ca\/wp-content\/uploads\/2025\/12\/logo_aigleshopping_ca.png","width":800,"height":233,"caption":"Aigle Shopping Canada"},"image":{"@id":"https:\/\/aigleshopping.ca\/#\/schema\/logo\/image\/"}}]}},"jetpack_sharing_enabled":true,"_links":{"self":[{"href":"https:\/\/aigleshopping.ca\/fr\/wp-json\/wp\/v2\/product\/9050","targetHints":{"allow":["GET"]}}],"collection":[{"href":"https:\/\/aigleshopping.ca\/fr\/wp-json\/wp\/v2\/product"}],"about":[{"href":"https:\/\/aigleshopping.ca\/fr\/wp-json\/wp\/v2\/types\/product"}],"replies":[{"embeddable":true,"href":"https:\/\/aigleshopping.ca\/fr\/wp-json\/wp\/v2\/comments?post=9050"}],"wp:featuredmedia":[{"embeddable":true,"href":"https:\/\/aigleshopping.ca\/fr\/wp-json\/wp\/v2\/media\/8124"}],"wp:attachment":[{"href":"https:\/\/aigleshopping.ca\/fr\/wp-json\/wp\/v2\/media?parent=9050"}],"wp:term":[{"taxonomy":"product_brand","embeddable":true,"href":"https:\/\/aigleshopping.ca\/fr\/wp-json\/wp\/v2\/product_brand?post=9050"},{"taxonomy":"product_cat","embeddable":true,"href":"https:\/\/aigleshopping.ca\/fr\/wp-json\/wp\/v2\/product_cat?post=9050"},{"taxonomy":"product_tag","embeddable":true,"href":"https:\/\/aigleshopping.ca\/fr\/wp-json\/wp\/v2\/product_tag?post=9050"}],"curies":[{"name":"wp","href":"https:\/\/api.w.org\/{rel}","templated":true}]}}