{"id":9055,"date":"2025-01-29T03:54:57","date_gmt":"2025-01-29T03:54:57","guid":{"rendered":"https:\/\/aigleshopping.ca\/produit\/plus-size-down-cotton-padded-coat-female-new-cotton-jacket\/"},"modified":"2025-01-29T03:54:57","modified_gmt":"2025-01-29T03:54:57","slug":"plus-size-down-cotton-padded-coat-female-new-cotton-jacket","status":"publish","type":"product","link":"https:\/\/aigleshopping.ca\/fr\/produit\/plus-size-down-cotton-padded-coat-female-new-cotton-jacket\/","title":{"rendered":"Plus Size Down Cotton-padded Coat Female New Cotton Jacket"},"content":{"rendered":"<p>\n <b><font style=\"vertical-align: inherit\"><font style=\"vertical-align: inherit\">Informations sur le produit :<\/font><\/font><\/b><br \/><font style=\"vertical-align: inherit\"><font style=\"vertical-align: inherit\"> Motif : couleur unie <\/font><\/font><br \/>\n <br \/>\n <font style=\"vertical-align: inherit\"><br \/>\n  <font style=\"vertical-align: inherit\">Couleur : rouge violac\u00e9, kaki, marron, blanc cr\u00e8me, noir  <\/font><br \/>\n <\/font><br \/>\n <br \/>\n <font style=\"vertical-align: inherit\"><br \/>\n  <font style=\"vertical-align: inherit\">Taille : M, L, XL, XXL, 3XL  <\/font><br \/>\n <\/font><br \/>\n <br \/>\n <font style=\"vertical-align: inherit\"><br \/>\n  <font style=\"vertical-align: inherit\">Version : ample  <\/font><br \/>\n <\/font><br \/>\n <br \/>\n <font style=\"vertical-align: inherit\"><br \/>\n  <font style=\"vertical-align: inherit\">Type de style : voyage de temp\u00e9rament  <\/font><br \/>\n <\/font><br \/>\n <br \/>\n <font style=\"vertical-align: inherit\"><br \/>\n  <font style=\"vertical-align: inherit\">Avec ou sans col en fourrure : pas de col en fourrure  <\/font><br \/>\n <\/font><br \/>\n <br \/>\n <font style=\"vertical-align: inherit\"><br \/>\n  <font style=\"vertical-align: inherit\">\u00c9l\u00e9ments populaires : poche  <\/font><br \/>\n <\/font><br \/>\n <br \/>\n <font style=\"vertical-align: inherit\"><br \/>\n  <font style=\"vertical-align: inherit\">Amovible ou non : non d\u00e9tachable  <\/font><br \/>\n <\/font><br \/>\n <br \/>\n <font style=\"vertical-align: inherit\"><br \/>\n  <font style=\"vertical-align: inherit\">\u00c9paisseur : \u00e9paisse  <\/font><br \/>\n <\/font><br \/>\n <br \/>\n <font style=\"vertical-align: inherit\"><br \/>\n  <font style=\"vertical-align: inherit\">Nom du tissu : soie dentaire  <\/font><br \/>\n <\/font><br \/>\n <br \/>\n <font style=\"vertical-align: inherit\"><br \/>\n  <font style=\"vertical-align: inherit\">Type de manche : manche r\u00e9guli\u00e8re  <\/font><br \/>\n <\/font><br \/>\n <br \/>\n <font style=\"vertical-align: inherit\"><br \/>\n  <font style=\"vertical-align: inherit\">Composition du tissu principal : fibre de polyester  <\/font><br \/>\n <\/font><br \/>\n <br \/>\n <font style=\"vertical-align: inherit\"><br \/>\n  <font style=\"vertical-align: inherit\">Longueur : mi-longue (65 cm)<\/font><br \/>\n <\/font><br \/>\n &lt;longueur \u2264=\u00a0\u00bb\u00a0\u00bb 80cm)<br \/>\n <font style=\"vertical-align: inherit\"><br \/>\n  <font style=\"vertical-align: inherit\">Sexe applicable : Femme  <\/font><br \/>\n <\/font><br \/>\n <br \/>\n <font style=\"vertical-align: inherit\"><br \/>\n  <font style=\"vertical-align: inherit\">Groupe d&rsquo;\u00e2ge applicable : Adulte  <\/font><br \/>\n <\/font><br \/>\n <br \/>\n <font style=\"vertical-align: inherit\"><br \/>\n  <font style=\"vertical-align: inherit\">Longueur des manches : manches longues  <\/font><br \/>\n <\/font><br \/>\n <br \/>\n <font style=\"vertical-align: inherit\"><br \/>\n  <font style=\"vertical-align: inherit\">Rembourrage : duvet de coton  <\/font><br \/>\n <\/font><br \/>\n <br \/>\n <font style=\"vertical-align: inherit\"><br \/>\n  <font style=\"vertical-align: inherit\">Style : style de d\u00e9placement<\/font><br \/>\n <\/font>\n<\/p>\n<p><b><br \/>\n <font style=\"vertical-align: inherit\"><br \/>\n  <font style=\"vertical-align: inherit\">Remarque :<\/font><br \/>\n <\/font><br \/>\n<\/b><br \/>\n<font style=\"vertical-align: inherit\"><br \/>\n <font style=\"vertical-align: inherit\">  1. Les tailles asiatiques sont 1 \u00e0 2 tailles plus petites que les tailles europ\u00e9ennes et am\u00e9ricaines. Choisissez la taille la plus grande si votre taille est entre deux tailles. Veuillez pr\u00e9voir une diff\u00e9rence de 2 \u00e0 3 cm en raison de la mesure manuelle. 2. Veuillez v\u00e9rifier attentivement le tableau des tailles avant d&rsquo;acheter l&rsquo;article. Si vous ne savez pas comment choisir la taille, veuillez contacter notre service client. 3. Comme vous le savez, les diff\u00e9rents ordinateurs affichent les couleurs diff\u00e9remment, la couleur de l&rsquo;article r\u00e9el peut varier l\u00e9g\u00e8rement par rapport aux images suivantes.       <\/font><br \/>\n<\/font><br \/>\n<br \/>\n<b><font style=\"vertical-align: inherit\"><font style=\"vertical-align: inherit\">Liste de colisage :<\/font><\/font><\/b><br \/><font style=\"vertical-align: inherit\"><font style=\"vertical-align: inherit\"> veste en polyester et coton pour femme \u00d7 1 pi\u00e8ce <\/font><\/font><br \/>\n<br \/>\n<b><br \/>\n <font style=\"vertical-align: inherit\"><br \/>\n  <font style=\"vertical-align: inherit\">Image du produit :<\/font><br \/>\n <\/font><br \/>\n<\/b><br \/>\n<br \/>\n<img decoding=\"async\" src=\"https:\/\/oss-cf.cjdropshipping.com\/product\/2025\/01\/15\/12\/fb83071f-e1c6-4b9c-a67c-e3942941b5af_trans.jpeg\" data-key=\"1\"><br \/>\n<img decoding=\"async\" src=\"https:\/\/oss-cf.cjdropshipping.com\/product\/2025\/01\/16\/05\/51604168-13ec-4c88-a0a6-3e308aada4fd.jpg\" data-src=\"https:\/\/cbu01.alicdn.com\/img\/ibank\/O1CN01rWIp361WAAy7P3jzj_!!2217254992747-0-cib.jpg\" data-key=\"2\" data-uploadossfail=\"false\"><br \/>\n<img decoding=\"async\" src=\"https:\/\/oss-cf.cjdropshipping.com\/product\/2025\/01\/16\/05\/6a227f06-4e62-47fc-aac3-b1739077ad90.jpg\" data-src=\"https:\/\/cbu01.alicdn.com\/img\/ibank\/O1CN01amrY181WAAyBi3V0m_!!2217254992747-0-cib.jpg\" data-key=\"3\" data-uploadossfail=\"false\"><br \/>\n<img decoding=\"async\" src=\"https:\/\/oss-cf.cjdropshipping.com\/product\/2025\/01\/16\/05\/60d90edf-ed02-4648-8587-a02f1259ded7.jpg\" data-src=\"https:\/\/cbu01.alicdn.com\/img\/ibank\/O1CN01L9yfk51WAAy9p0K8r_!!2217254992747-0-cib.jpg\" data-key=\"4\" data-uploadossfail=\"false\"><br \/>\n<img decoding=\"async\" src=\"https:\/\/oss-cf.cjdropshipping.com\/product\/2025\/01\/16\/05\/4ffef004-9d91-4118-b965-1f7bf65c1cc1.jpg\" data-src=\"https:\/\/cbu01.alicdn.com\/img\/ibank\/O1CN01rLKDyk1WAAyBKAAw1_!!2217254992747-0-cib.jpg\" data-key=\"5\" data-uploadossfail=\"false\"><br \/>\n<img decoding=\"async\" src=\"https:\/\/oss-cf.cjdropshipping.com\/product\/2025\/01\/16\/05\/f6d1979e-3103-4c7a-9c59-63c4b3c57b19.jpg\" data-src=\"https:\/\/cbu01.alicdn.com\/img\/ibank\/O1CN01wqQ5GD1WAAy8XFGPq_!!2217254992747-0-cib.jpg\" data-key=\"6\" data-uploadossfail=\"false\"><br \/>\n<img decoding=\"async\" src=\"https:\/\/oss-cf.cjdropshipping.com\/product\/2025\/01\/16\/05\/7e0ed9c6-fee3-46e9-af31-7cf52c5b68fb.jpg\" data-src=\"https:\/\/cbu01.alicdn.com\/img\/ibank\/O1CN01lStCHU1WAAy9xXL36_!!2217254992747-0-cib.jpg\" data-key=\"7\" data-uploadossfail=\"false\"><br \/>\n<img decoding=\"async\" src=\"https:\/\/oss-cf.cjdropshipping.com\/product\/2025\/01\/16\/05\/b678f375-a226-48bf-b078-999a986b1080.jpg\" data-src=\"https:\/\/cbu01.alicdn.com\/img\/ibank\/O1CN01uvdhqY1WAAy9oxdpP_!!2217254992747-0-cib.jpg\" data-key=\"8\" data-uploadossfail=\"false\"><br \/>\n<img decoding=\"async\" src=\"https:\/\/oss-cf.cjdropshipping.com\/product\/2025\/01\/16\/05\/5c273f10-b6f5-4870-902f-25767becd83c.jpg\" data-src=\"https:\/\/cbu01.alicdn.com\/img\/ibank\/O1CN01CWpAo41WAAyCokJYn_!!2217254992747-0-cib.jpg\" data-key=\"9\" data-uploadossfail=\"false\"><br \/>\n<img decoding=\"async\" src=\"https:\/\/oss-cf.cjdropshipping.com\/product\/2025\/01\/16\/05\/9a0beea7-d8d6-4379-b4aa-1c22bebc69e5.jpg\" data-src=\"https:\/\/cbu01.alicdn.com\/img\/ibank\/O1CN01g6hrh31WAAyAa0pxU_!!2217254992747-0-cib.jpg\" data-key=\"10\" data-uploadossfail=\"false\"><br \/>\n<img decoding=\"async\" src=\"https:\/\/oss-cf.cjdropshipping.com\/product\/2025\/01\/16\/05\/0ce8a021-7c06-4231-8eed-dbeb51314a59.jpg\" data-src=\"https:\/\/cbu01.alicdn.com\/img\/ibank\/O1CN01ucK0yB1WAAyCcpINk_!!2217254992747-0-cib.jpg\" data-key=\"11\" data-uploadossfail=\"false\"><br \/>\n<img decoding=\"async\" src=\"https:\/\/oss-cf.cjdropshipping.com\/product\/2025\/01\/16\/05\/bdc3118a-a988-487e-a22c-84bc11c97750.jpg\" data-src=\"https:\/\/cbu01.alicdn.com\/img\/ibank\/O1CN01MNXIXH1WAAyBi0kXO_!!2217254992747-0-cib.jpg\" data-key=\"12\" data-uploadossfail=\"false\"><br \/>\n<img decoding=\"async\" src=\"https:\/\/oss-cf.cjdropshipping.com\/product\/2025\/01\/16\/05\/2366919f-be4d-4da2-838c-f3306b102ecb.jpg\" data-src=\"https:\/\/cbu01.alicdn.com\/img\/ibank\/O1CN013UAoAx1WAAyCoji9F_!!2217254992747-0-cib.jpg\" data-key=\"13\" data-uploadossfail=\"false\"><br \/>\n<img decoding=\"async\" src=\"https:\/\/oss-cf.cjdropshipping.com\/product\/2025\/01\/16\/05\/d813a979-ae09-4120-a032-45718885dc77.jpg\" data-src=\"https:\/\/cbu01.alicdn.com\/img\/ibank\/O1CN01TGhPGT1WAAyAZygvI_!!2217254992747-0-cib.jpg\" data-key=\"14\" data-uploadossfail=\"false\"><br \/>\n<img decoding=\"async\" src=\"https:\/\/oss-cf.cjdropshipping.com\/product\/2025\/01\/16\/05\/489236e3-0dd3-4fa7-82db-c7f8568c25cb.jpg\" data-src=\"https:\/\/cbu01.alicdn.com\/img\/ibank\/O1CN0112Tk1N1WAAyCohlZW_!!2217254992747-0-cib.jpg\" data-key=\"15\" data-uploadossfail=\"false\"><br \/>\n<img decoding=\"async\" src=\"https:\/\/oss-cf.cjdropshipping.com\/product\/2025\/01\/16\/05\/5df7ca14-d0ec-4a3b-8a64-0afb79569a31.jpg\" data-src=\"https:\/\/cbu01.alicdn.com\/img\/ibank\/O1CN01I1sFKe1WAAy7P6Dqm_!!2217254992747-0-cib.jpg\" data-key=\"16\" data-uploadossfail=\"false\"><\/p>\n","protected":false},"excerpt":{"rendered":"<p>Informations sur le produit : Motif : couleur unie Couleur : rouge violac\u00e9, kaki, marron, blanc cr\u00e8me, noir Taille : M, L, XL, XXL, 3XL Version : ample Type de style : voyage de temp\u00e9rament Avec ou sans col en fourrure : pas de col en fourrure \u00c9l\u00e9ments populaires : poche Amovible ou non : [&hellip;]<\/p>\n","protected":false},"featured_media":8234,"comment_status":"open","ping_status":"closed","template":"","meta":{"content-type":""},"product_brand":[],"product_cat":[664],"product_tag":[],"class_list":{"0":"post-9055","1":"product","2":"type-product","3":"status-publish","4":"has-post-thumbnail","6":"product_cat-manteaux-fr","8":"first","9":"instock","10":"taxable","11":"shipping-taxable","12":"purchasable","13":"product-type-variable","14":"add-to-wishlist-after_add_to_cart"},"yoast_head":"<!-- This site is optimized with the Yoast SEO plugin v27.4 - https:\/\/yoast.com\/product\/yoast-seo-wordpress\/ -->\n<title>Plus Size Down Cotton-padded Coat Female New Cotton Jacket - Aigle Shopping Canada<\/title>\n<meta name=\"robots\" content=\"index, follow, max-snippet:-1, max-image-preview:large, max-video-preview:-1\" \/>\n<link rel=\"canonical\" href=\"https:\/\/aigleshopping.ca\/fr\/produit\/plus-size-down-cotton-padded-coat-female-new-cotton-jacket\/\" \/>\n<meta property=\"og:locale\" content=\"fr_FR\" \/>\n<meta property=\"og:type\" content=\"article\" \/>\n<meta property=\"og:title\" content=\"Plus Size Down Cotton-padded Coat Female New Cotton Jacket - Aigle Shopping Canada\" \/>\n<meta property=\"og:description\" content=\"Informations sur le produit : Motif : couleur unie Couleur : rouge violac\u00e9, kaki, marron, blanc cr\u00e8me, noir Taille : M, L, XL, XXL, 3XL Version : ample Type de style : voyage de temp\u00e9rament Avec ou sans col en fourrure : pas de col en fourrure \u00c9l\u00e9ments populaires : poche Amovible ou non : [&hellip;]\" \/>\n<meta property=\"og:url\" content=\"https:\/\/aigleshopping.ca\/fr\/produit\/plus-size-down-cotton-padded-coat-female-new-cotton-jacket\/\" \/>\n<meta property=\"og:site_name\" content=\"Aigle Shopping Canada\" \/>\n<meta property=\"og:image\" content=\"https:\/\/aigleshopping.ca\/wp-content\/uploads\/2025\/01\/O1CN010098AQ1WAAy8D1abd_2217254992747-0-cib.jpg\" \/>\n\t<meta property=\"og:image:width\" content=\"800\" \/>\n\t<meta property=\"og:image:height\" content=\"800\" \/>\n\t<meta property=\"og:image:type\" content=\"image\/jpeg\" \/>\n<meta name=\"twitter:card\" content=\"summary_large_image\" \/>\n<meta name=\"twitter:label1\" content=\"Dur\u00e9e de lecture estim\u00e9e\" \/>\n\t<meta name=\"twitter:data1\" content=\"1 minute\" \/>\n<script type=\"application\/ld+json\" class=\"yoast-schema-graph\">{\"@context\":\"https:\\\/\\\/schema.org\",\"@graph\":[{\"@type\":\"WebPage\",\"@id\":\"https:\\\/\\\/aigleshopping.ca\\\/fr\\\/produit\\\/plus-size-down-cotton-padded-coat-female-new-cotton-jacket\\\/\",\"url\":\"https:\\\/\\\/aigleshopping.ca\\\/fr\\\/produit\\\/plus-size-down-cotton-padded-coat-female-new-cotton-jacket\\\/\",\"name\":\"Plus Size Down Cotton-padded Coat Female New Cotton Jacket - Aigle Shopping Canada\",\"isPartOf\":{\"@id\":\"https:\\\/\\\/aigleshopping.ca\\\/#website\"},\"primaryImageOfPage\":{\"@id\":\"https:\\\/\\\/aigleshopping.ca\\\/fr\\\/produit\\\/plus-size-down-cotton-padded-coat-female-new-cotton-jacket\\\/#primaryimage\"},\"image\":{\"@id\":\"https:\\\/\\\/aigleshopping.ca\\\/fr\\\/produit\\\/plus-size-down-cotton-padded-coat-female-new-cotton-jacket\\\/#primaryimage\"},\"thumbnailUrl\":\"https:\\\/\\\/aigleshopping.ca\\\/wp-content\\\/uploads\\\/2025\\\/01\\\/O1CN010098AQ1WAAy8D1abd_2217254992747-0-cib.jpg\",\"datePublished\":\"2025-01-29T03:54:57+00:00\",\"breadcrumb\":{\"@id\":\"https:\\\/\\\/aigleshopping.ca\\\/fr\\\/produit\\\/plus-size-down-cotton-padded-coat-female-new-cotton-jacket\\\/#breadcrumb\"},\"inLanguage\":\"fr-FR\",\"potentialAction\":[{\"@type\":\"ReadAction\",\"target\":[\"https:\\\/\\\/aigleshopping.ca\\\/fr\\\/produit\\\/plus-size-down-cotton-padded-coat-female-new-cotton-jacket\\\/\"]}]},{\"@type\":\"ImageObject\",\"inLanguage\":\"fr-FR\",\"@id\":\"https:\\\/\\\/aigleshopping.ca\\\/fr\\\/produit\\\/plus-size-down-cotton-padded-coat-female-new-cotton-jacket\\\/#primaryimage\",\"url\":\"https:\\\/\\\/aigleshopping.ca\\\/wp-content\\\/uploads\\\/2025\\\/01\\\/O1CN010098AQ1WAAy8D1abd_2217254992747-0-cib.jpg\",\"contentUrl\":\"https:\\\/\\\/aigleshopping.ca\\\/wp-content\\\/uploads\\\/2025\\\/01\\\/O1CN010098AQ1WAAy8D1abd_2217254992747-0-cib.jpg\",\"width\":800,\"height\":800},{\"@type\":\"BreadcrumbList\",\"@id\":\"https:\\\/\\\/aigleshopping.ca\\\/fr\\\/produit\\\/plus-size-down-cotton-padded-coat-female-new-cotton-jacket\\\/#breadcrumb\",\"itemListElement\":[{\"@type\":\"ListItem\",\"position\":1,\"name\":\"Home\",\"item\":\"https:\\\/\\\/aigleshopping.ca\\\/fr\\\/home\\\/\"},{\"@type\":\"ListItem\",\"position\":2,\"name\":\"Products\",\"item\":\"https:\\\/\\\/aigleshopping.ca\\\/shop\\\/\"},{\"@type\":\"ListItem\",\"position\":3,\"name\":\"Plus Size Down Cotton-padded Coat Female New Cotton Jacket\"}]},{\"@type\":\"WebSite\",\"@id\":\"https:\\\/\\\/aigleshopping.ca\\\/#website\",\"url\":\"https:\\\/\\\/aigleshopping.ca\\\/\",\"name\":\"Aigle Shopping Canada\",\"description\":\"Au-del\u00e0 des fronti\u00e8res, pour vous offrir le\u00a0meilleur!\",\"publisher\":{\"@id\":\"https:\\\/\\\/aigleshopping.ca\\\/#organization\"},\"potentialAction\":[{\"@type\":\"SearchAction\",\"target\":{\"@type\":\"EntryPoint\",\"urlTemplate\":\"https:\\\/\\\/aigleshopping.ca\\\/?s={search_term_string}\"},\"query-input\":{\"@type\":\"PropertyValueSpecification\",\"valueRequired\":true,\"valueName\":\"search_term_string\"}}],\"inLanguage\":\"fr-FR\"},{\"@type\":\"Organization\",\"@id\":\"https:\\\/\\\/aigleshopping.ca\\\/#organization\",\"name\":\"Aigle Shopping Canada\",\"url\":\"https:\\\/\\\/aigleshopping.ca\\\/\",\"logo\":{\"@type\":\"ImageObject\",\"inLanguage\":\"fr-FR\",\"@id\":\"https:\\\/\\\/aigleshopping.ca\\\/#\\\/schema\\\/logo\\\/image\\\/\",\"url\":\"https:\\\/\\\/aigleshopping.ca\\\/wp-content\\\/uploads\\\/2025\\\/12\\\/logo_aigleshopping_ca.png\",\"contentUrl\":\"https:\\\/\\\/aigleshopping.ca\\\/wp-content\\\/uploads\\\/2025\\\/12\\\/logo_aigleshopping_ca.png\",\"width\":800,\"height\":233,\"caption\":\"Aigle Shopping Canada\"},\"image\":{\"@id\":\"https:\\\/\\\/aigleshopping.ca\\\/#\\\/schema\\\/logo\\\/image\\\/\"}}]}<\/script>\n<!-- \/ Yoast SEO plugin. -->","yoast_head_json":{"title":"Plus Size Down Cotton-padded Coat Female New Cotton Jacket - Aigle Shopping Canada","robots":{"index":"index","follow":"follow","max-snippet":"max-snippet:-1","max-image-preview":"max-image-preview:large","max-video-preview":"max-video-preview:-1"},"canonical":"https:\/\/aigleshopping.ca\/fr\/produit\/plus-size-down-cotton-padded-coat-female-new-cotton-jacket\/","og_locale":"fr_FR","og_type":"article","og_title":"Plus Size Down Cotton-padded Coat Female New Cotton Jacket - Aigle Shopping Canada","og_description":"Informations sur le produit : Motif : couleur unie Couleur : rouge violac\u00e9, kaki, marron, blanc cr\u00e8me, noir Taille : M, L, XL, XXL, 3XL Version : ample Type de style : voyage de temp\u00e9rament Avec ou sans col en fourrure : pas de col en fourrure \u00c9l\u00e9ments populaires : poche Amovible ou non : [&hellip;]","og_url":"https:\/\/aigleshopping.ca\/fr\/produit\/plus-size-down-cotton-padded-coat-female-new-cotton-jacket\/","og_site_name":"Aigle Shopping Canada","og_image":[{"width":800,"height":800,"url":"https:\/\/aigleshopping.ca\/wp-content\/uploads\/2025\/01\/O1CN010098AQ1WAAy8D1abd_2217254992747-0-cib.jpg","type":"image\/jpeg"}],"twitter_card":"summary_large_image","twitter_misc":{"Dur\u00e9e de lecture estim\u00e9e":"1 minute"},"schema":{"@context":"https:\/\/schema.org","@graph":[{"@type":"WebPage","@id":"https:\/\/aigleshopping.ca\/fr\/produit\/plus-size-down-cotton-padded-coat-female-new-cotton-jacket\/","url":"https:\/\/aigleshopping.ca\/fr\/produit\/plus-size-down-cotton-padded-coat-female-new-cotton-jacket\/","name":"Plus Size Down Cotton-padded Coat Female New Cotton Jacket - Aigle Shopping Canada","isPartOf":{"@id":"https:\/\/aigleshopping.ca\/#website"},"primaryImageOfPage":{"@id":"https:\/\/aigleshopping.ca\/fr\/produit\/plus-size-down-cotton-padded-coat-female-new-cotton-jacket\/#primaryimage"},"image":{"@id":"https:\/\/aigleshopping.ca\/fr\/produit\/plus-size-down-cotton-padded-coat-female-new-cotton-jacket\/#primaryimage"},"thumbnailUrl":"https:\/\/aigleshopping.ca\/wp-content\/uploads\/2025\/01\/O1CN010098AQ1WAAy8D1abd_2217254992747-0-cib.jpg","datePublished":"2025-01-29T03:54:57+00:00","breadcrumb":{"@id":"https:\/\/aigleshopping.ca\/fr\/produit\/plus-size-down-cotton-padded-coat-female-new-cotton-jacket\/#breadcrumb"},"inLanguage":"fr-FR","potentialAction":[{"@type":"ReadAction","target":["https:\/\/aigleshopping.ca\/fr\/produit\/plus-size-down-cotton-padded-coat-female-new-cotton-jacket\/"]}]},{"@type":"ImageObject","inLanguage":"fr-FR","@id":"https:\/\/aigleshopping.ca\/fr\/produit\/plus-size-down-cotton-padded-coat-female-new-cotton-jacket\/#primaryimage","url":"https:\/\/aigleshopping.ca\/wp-content\/uploads\/2025\/01\/O1CN010098AQ1WAAy8D1abd_2217254992747-0-cib.jpg","contentUrl":"https:\/\/aigleshopping.ca\/wp-content\/uploads\/2025\/01\/O1CN010098AQ1WAAy8D1abd_2217254992747-0-cib.jpg","width":800,"height":800},{"@type":"BreadcrumbList","@id":"https:\/\/aigleshopping.ca\/fr\/produit\/plus-size-down-cotton-padded-coat-female-new-cotton-jacket\/#breadcrumb","itemListElement":[{"@type":"ListItem","position":1,"name":"Home","item":"https:\/\/aigleshopping.ca\/fr\/home\/"},{"@type":"ListItem","position":2,"name":"Products","item":"https:\/\/aigleshopping.ca\/shop\/"},{"@type":"ListItem","position":3,"name":"Plus Size Down Cotton-padded Coat Female New Cotton Jacket"}]},{"@type":"WebSite","@id":"https:\/\/aigleshopping.ca\/#website","url":"https:\/\/aigleshopping.ca\/","name":"Aigle Shopping Canada","description":"Au-del\u00e0 des fronti\u00e8res, pour vous offrir le\u00a0meilleur!","publisher":{"@id":"https:\/\/aigleshopping.ca\/#organization"},"potentialAction":[{"@type":"SearchAction","target":{"@type":"EntryPoint","urlTemplate":"https:\/\/aigleshopping.ca\/?s={search_term_string}"},"query-input":{"@type":"PropertyValueSpecification","valueRequired":true,"valueName":"search_term_string"}}],"inLanguage":"fr-FR"},{"@type":"Organization","@id":"https:\/\/aigleshopping.ca\/#organization","name":"Aigle Shopping Canada","url":"https:\/\/aigleshopping.ca\/","logo":{"@type":"ImageObject","inLanguage":"fr-FR","@id":"https:\/\/aigleshopping.ca\/#\/schema\/logo\/image\/","url":"https:\/\/aigleshopping.ca\/wp-content\/uploads\/2025\/12\/logo_aigleshopping_ca.png","contentUrl":"https:\/\/aigleshopping.ca\/wp-content\/uploads\/2025\/12\/logo_aigleshopping_ca.png","width":800,"height":233,"caption":"Aigle Shopping Canada"},"image":{"@id":"https:\/\/aigleshopping.ca\/#\/schema\/logo\/image\/"}}]}},"jetpack_sharing_enabled":true,"_links":{"self":[{"href":"https:\/\/aigleshopping.ca\/fr\/wp-json\/wp\/v2\/product\/9055","targetHints":{"allow":["GET"]}}],"collection":[{"href":"https:\/\/aigleshopping.ca\/fr\/wp-json\/wp\/v2\/product"}],"about":[{"href":"https:\/\/aigleshopping.ca\/fr\/wp-json\/wp\/v2\/types\/product"}],"replies":[{"embeddable":true,"href":"https:\/\/aigleshopping.ca\/fr\/wp-json\/wp\/v2\/comments?post=9055"}],"wp:featuredmedia":[{"embeddable":true,"href":"https:\/\/aigleshopping.ca\/fr\/wp-json\/wp\/v2\/media\/8234"}],"wp:attachment":[{"href":"https:\/\/aigleshopping.ca\/fr\/wp-json\/wp\/v2\/media?parent=9055"}],"wp:term":[{"taxonomy":"product_brand","embeddable":true,"href":"https:\/\/aigleshopping.ca\/fr\/wp-json\/wp\/v2\/product_brand?post=9055"},{"taxonomy":"product_cat","embeddable":true,"href":"https:\/\/aigleshopping.ca\/fr\/wp-json\/wp\/v2\/product_cat?post=9055"},{"taxonomy":"product_tag","embeddable":true,"href":"https:\/\/aigleshopping.ca\/fr\/wp-json\/wp\/v2\/product_tag?post=9055"}],"curies":[{"name":"wp","href":"https:\/\/api.w.org\/{rel}","templated":true}]}}