{"id":9081,"date":"2025-01-29T03:58:09","date_gmt":"2025-01-29T03:58:09","guid":{"rendered":"https:\/\/aigleshopping.ca\/produit\/tenue-de-pain-pour-femmes-longueur-moyenne-mode-ample\/"},"modified":"2025-01-29T03:58:09","modified_gmt":"2025-01-29T03:58:09","slug":"tenue-de-pain-pour-femmes-longueur-moyenne-mode-ample","status":"publish","type":"product","link":"https:\/\/aigleshopping.ca\/fr\/produit\/tenue-de-pain-pour-femmes-longueur-moyenne-mode-ample\/","title":{"rendered":"Tenue de pain pour femmes Longueur moyenne Mode ample"},"content":{"rendered":"<p>\n <b>Informations sur le produit :<\/b><br \/> Amovible ou non : ind\u00e9tachable  <br \/>  \u00c9paisseur : \u00e9paisse  <br \/>  Nom du tissu : fibre de polyester  <br \/>  Couleur : vert pois, noir, kaki  <br \/>  Type de manches : manches raglan  <br \/>  Composition du tissu principal : Fibre de polyester  <br \/>  Taille : M, L, XL, 2XL  <br \/>  Longueur : mi-longueur (65cm)  &lt;longueur \u2264=\u00a0\u00bb\u00a0\u00bb 80cm)<br \/>  Version : En vrac  <br \/>  Sexe applicable : F\u00e9minin  <br \/>  Type de style : Style d\u00e9contract\u00e9 japonais et cor\u00e9en  <br \/>  Groupe d&rsquo;\u00e2ge concern\u00e9 : Adulte  <br \/>  Longueur des manches : manches longues  <br \/>  Rembourrage : coton polyester  <br \/>  Avec collier de fourrure ou non : sans collier de fourrure  <br \/>  \u00c9l\u00e9ments populaires : Poche  <br \/>  Style : Style cor\u00e9en  \n<\/p>\n<p><b>Taille :<\/b><br \/>\n<br \/>\n<img decoding=\"async\" src=\"https:\/\/oss-cf.cjdropshipping.com\/product\/2025\/01\/13\/11\/292304f3-6a55-48a5-b7e7-aa4eae4763ff_trans.jpeg\"><\/p>\n<p><b>Note :<\/b><\/p>\n<p>  1. Les tailles asiatiques sont 1 \u00e0 2 tailles plus petites que les tailles europ\u00e9ennes et am\u00e9ricaines. Choisissez la taille la plus grande si votre taille se situe entre deux tailles. Veuillez tenir compte d&rsquo;une diff\u00e9rence de 2 \u00e0 3 cm due aux mesures manuelles. 2. Si vous ne savez pas comment choisir votre taille, veuillez contacter notre service client\u00e8le. 3) Comme vous le savez, les ordinateurs affichent les couleurs diff\u00e9remment, la couleur de l&rsquo;article r\u00e9el peut varier l\u00e9g\u00e8rement par rapport aux images suivantes.      <\/p>\n<p>\n<b>Liste d&#8217;emballage : <\/b><br \/> Manteau*1  <\/p>\n<p><b>Image du produit :<\/b><br \/>\n<br \/>\n<img decoding=\"async\" src=\"https:\/\/cf.cjdropshipping.com\/quick\/product\/65fc4fc1-89dd-4009-a563-a3210b4dc9be.jpg\"><br \/>\n<img decoding=\"async\" src=\"https:\/\/cf.cjdropshipping.com\/quick\/product\/82fb26d5-7517-4a8a-8d7c-f7648b6eb677.jpg\"><br \/>\n<img decoding=\"async\" src=\"https:\/\/cf.cjdropshipping.com\/quick\/product\/57fb91fe-6f73-4880-922c-6c656985b416.jpg\"><br \/>\n<img decoding=\"async\" src=\"https:\/\/cf.cjdropshipping.com\/quick\/product\/25085220-83f6-4734-831b-b73749f14b51.jpg\"><br \/>\n<img decoding=\"async\" src=\"https:\/\/cf.cjdropshipping.com\/quick\/product\/fae6af0f-471a-4111-b844-7ce2d83d6c3a.jpg\"><br \/>\n<img decoding=\"async\" src=\"https:\/\/cf.cjdropshipping.com\/quick\/product\/5ae1625c-d477-4090-93c4-8ddb0e48bfd0.jpg\"><\/p>\n","protected":false},"excerpt":{"rendered":"<p>Informations sur le produit : Amovible ou non : ind\u00e9tachable \u00c9paisseur : \u00e9paisse Nom du tissu : fibre de polyester Couleur : vert pois, noir, kaki Type de manches : manches raglan Composition du tissu principal : Fibre de polyester Taille : M, L, XL, 2XL Longueur : mi-longueur (65cm) &lt;longueur \u2264=\u00a0\u00bb\u00a0\u00bb 80cm) Version : [&hellip;]<\/p>\n","protected":false},"featured_media":8322,"comment_status":"open","ping_status":"closed","template":"","meta":{"content-type":""},"product_brand":[],"product_cat":[664],"product_tag":[],"class_list":{"0":"post-9081","1":"product","2":"type-product","3":"status-publish","4":"has-post-thumbnail","6":"product_cat-manteaux-fr","8":"first","9":"instock","10":"taxable","11":"shipping-taxable","12":"purchasable","13":"product-type-variable","14":"add-to-wishlist-after_add_to_cart"},"yoast_head":"<!-- This site is optimized with the Yoast SEO plugin v27.4 - https:\/\/yoast.com\/product\/yoast-seo-wordpress\/ -->\n<title>Tenue de pain pour femmes Longueur moyenne Mode ample - Aigle Shopping Canada<\/title>\n<meta name=\"robots\" content=\"index, follow, max-snippet:-1, max-image-preview:large, max-video-preview:-1\" \/>\n<link rel=\"canonical\" href=\"https:\/\/aigleshopping.ca\/fr\/produit\/tenue-de-pain-pour-femmes-longueur-moyenne-mode-ample\/\" \/>\n<meta property=\"og:locale\" content=\"fr_FR\" \/>\n<meta property=\"og:type\" content=\"article\" \/>\n<meta property=\"og:title\" content=\"Tenue de pain pour femmes Longueur moyenne Mode ample - Aigle Shopping Canada\" \/>\n<meta property=\"og:description\" content=\"Informations sur le produit : Amovible ou non : ind\u00e9tachable \u00c9paisseur : \u00e9paisse Nom du tissu : fibre de polyester Couleur : vert pois, noir, kaki Type de manches : manches raglan Composition du tissu principal : Fibre de polyester Taille : M, L, XL, 2XL Longueur : mi-longueur (65cm) &lt;longueur \u2264=\u00a0\u00bb\u00a0\u00bb 80cm) Version : [&hellip;]\" \/>\n<meta property=\"og:url\" content=\"https:\/\/aigleshopping.ca\/fr\/produit\/tenue-de-pain-pour-femmes-longueur-moyenne-mode-ample\/\" \/>\n<meta property=\"og:site_name\" content=\"Aigle Shopping Canada\" \/>\n<meta property=\"og:image\" content=\"https:\/\/aigleshopping.ca\/wp-content\/uploads\/2025\/01\/ad9941cc-cdbe-4f0c-a0d0-a581bd3fcf3b.jpg\" \/>\n\t<meta property=\"og:image:width\" content=\"800\" \/>\n\t<meta property=\"og:image:height\" content=\"800\" \/>\n\t<meta property=\"og:image:type\" content=\"image\/jpeg\" \/>\n<meta name=\"twitter:card\" content=\"summary_large_image\" \/>\n<meta name=\"twitter:label1\" content=\"Dur\u00e9e de lecture estim\u00e9e\" \/>\n\t<meta name=\"twitter:data1\" content=\"1 minute\" \/>\n<script type=\"application\/ld+json\" class=\"yoast-schema-graph\">{\"@context\":\"https:\\\/\\\/schema.org\",\"@graph\":[{\"@type\":\"WebPage\",\"@id\":\"https:\\\/\\\/aigleshopping.ca\\\/fr\\\/produit\\\/tenue-de-pain-pour-femmes-longueur-moyenne-mode-ample\\\/\",\"url\":\"https:\\\/\\\/aigleshopping.ca\\\/fr\\\/produit\\\/tenue-de-pain-pour-femmes-longueur-moyenne-mode-ample\\\/\",\"name\":\"Tenue de pain pour femmes Longueur moyenne Mode ample - Aigle Shopping Canada\",\"isPartOf\":{\"@id\":\"https:\\\/\\\/aigleshopping.ca\\\/#website\"},\"primaryImageOfPage\":{\"@id\":\"https:\\\/\\\/aigleshopping.ca\\\/fr\\\/produit\\\/tenue-de-pain-pour-femmes-longueur-moyenne-mode-ample\\\/#primaryimage\"},\"image\":{\"@id\":\"https:\\\/\\\/aigleshopping.ca\\\/fr\\\/produit\\\/tenue-de-pain-pour-femmes-longueur-moyenne-mode-ample\\\/#primaryimage\"},\"thumbnailUrl\":\"https:\\\/\\\/aigleshopping.ca\\\/wp-content\\\/uploads\\\/2025\\\/01\\\/ad9941cc-cdbe-4f0c-a0d0-a581bd3fcf3b.jpg\",\"datePublished\":\"2025-01-29T03:58:09+00:00\",\"breadcrumb\":{\"@id\":\"https:\\\/\\\/aigleshopping.ca\\\/fr\\\/produit\\\/tenue-de-pain-pour-femmes-longueur-moyenne-mode-ample\\\/#breadcrumb\"},\"inLanguage\":\"fr-FR\",\"potentialAction\":[{\"@type\":\"ReadAction\",\"target\":[\"https:\\\/\\\/aigleshopping.ca\\\/fr\\\/produit\\\/tenue-de-pain-pour-femmes-longueur-moyenne-mode-ample\\\/\"]}]},{\"@type\":\"ImageObject\",\"inLanguage\":\"fr-FR\",\"@id\":\"https:\\\/\\\/aigleshopping.ca\\\/fr\\\/produit\\\/tenue-de-pain-pour-femmes-longueur-moyenne-mode-ample\\\/#primaryimage\",\"url\":\"https:\\\/\\\/aigleshopping.ca\\\/wp-content\\\/uploads\\\/2025\\\/01\\\/ad9941cc-cdbe-4f0c-a0d0-a581bd3fcf3b.jpg\",\"contentUrl\":\"https:\\\/\\\/aigleshopping.ca\\\/wp-content\\\/uploads\\\/2025\\\/01\\\/ad9941cc-cdbe-4f0c-a0d0-a581bd3fcf3b.jpg\",\"width\":800,\"height\":800},{\"@type\":\"BreadcrumbList\",\"@id\":\"https:\\\/\\\/aigleshopping.ca\\\/fr\\\/produit\\\/tenue-de-pain-pour-femmes-longueur-moyenne-mode-ample\\\/#breadcrumb\",\"itemListElement\":[{\"@type\":\"ListItem\",\"position\":1,\"name\":\"Home\",\"item\":\"https:\\\/\\\/aigleshopping.ca\\\/fr\\\/home\\\/\"},{\"@type\":\"ListItem\",\"position\":2,\"name\":\"Products\",\"item\":\"https:\\\/\\\/aigleshopping.ca\\\/shop\\\/\"},{\"@type\":\"ListItem\",\"position\":3,\"name\":\"Tenue de pain pour femmes Longueur moyenne Mode ample\"}]},{\"@type\":\"WebSite\",\"@id\":\"https:\\\/\\\/aigleshopping.ca\\\/#website\",\"url\":\"https:\\\/\\\/aigleshopping.ca\\\/\",\"name\":\"Aigle Shopping Canada\",\"description\":\"Au-del\u00e0 des fronti\u00e8res, pour vous offrir le\u00a0meilleur!\",\"publisher\":{\"@id\":\"https:\\\/\\\/aigleshopping.ca\\\/#organization\"},\"potentialAction\":[{\"@type\":\"SearchAction\",\"target\":{\"@type\":\"EntryPoint\",\"urlTemplate\":\"https:\\\/\\\/aigleshopping.ca\\\/?s={search_term_string}\"},\"query-input\":{\"@type\":\"PropertyValueSpecification\",\"valueRequired\":true,\"valueName\":\"search_term_string\"}}],\"inLanguage\":\"fr-FR\"},{\"@type\":\"Organization\",\"@id\":\"https:\\\/\\\/aigleshopping.ca\\\/#organization\",\"name\":\"Aigle Shopping Canada\",\"url\":\"https:\\\/\\\/aigleshopping.ca\\\/\",\"logo\":{\"@type\":\"ImageObject\",\"inLanguage\":\"fr-FR\",\"@id\":\"https:\\\/\\\/aigleshopping.ca\\\/#\\\/schema\\\/logo\\\/image\\\/\",\"url\":\"https:\\\/\\\/aigleshopping.ca\\\/wp-content\\\/uploads\\\/2025\\\/12\\\/logo_aigleshopping_ca.png\",\"contentUrl\":\"https:\\\/\\\/aigleshopping.ca\\\/wp-content\\\/uploads\\\/2025\\\/12\\\/logo_aigleshopping_ca.png\",\"width\":800,\"height\":233,\"caption\":\"Aigle Shopping Canada\"},\"image\":{\"@id\":\"https:\\\/\\\/aigleshopping.ca\\\/#\\\/schema\\\/logo\\\/image\\\/\"}}]}<\/script>\n<!-- \/ Yoast SEO plugin. -->","yoast_head_json":{"title":"Tenue de pain pour femmes Longueur moyenne Mode ample - Aigle Shopping Canada","robots":{"index":"index","follow":"follow","max-snippet":"max-snippet:-1","max-image-preview":"max-image-preview:large","max-video-preview":"max-video-preview:-1"},"canonical":"https:\/\/aigleshopping.ca\/fr\/produit\/tenue-de-pain-pour-femmes-longueur-moyenne-mode-ample\/","og_locale":"fr_FR","og_type":"article","og_title":"Tenue de pain pour femmes Longueur moyenne Mode ample - Aigle Shopping Canada","og_description":"Informations sur le produit : Amovible ou non : ind\u00e9tachable \u00c9paisseur : \u00e9paisse Nom du tissu : fibre de polyester Couleur : vert pois, noir, kaki Type de manches : manches raglan Composition du tissu principal : Fibre de polyester Taille : M, L, XL, 2XL Longueur : mi-longueur (65cm) &lt;longueur \u2264=\u00a0\u00bb\u00a0\u00bb 80cm) Version : [&hellip;]","og_url":"https:\/\/aigleshopping.ca\/fr\/produit\/tenue-de-pain-pour-femmes-longueur-moyenne-mode-ample\/","og_site_name":"Aigle Shopping Canada","og_image":[{"width":800,"height":800,"url":"https:\/\/aigleshopping.ca\/wp-content\/uploads\/2025\/01\/ad9941cc-cdbe-4f0c-a0d0-a581bd3fcf3b.jpg","type":"image\/jpeg"}],"twitter_card":"summary_large_image","twitter_misc":{"Dur\u00e9e de lecture estim\u00e9e":"1 minute"},"schema":{"@context":"https:\/\/schema.org","@graph":[{"@type":"WebPage","@id":"https:\/\/aigleshopping.ca\/fr\/produit\/tenue-de-pain-pour-femmes-longueur-moyenne-mode-ample\/","url":"https:\/\/aigleshopping.ca\/fr\/produit\/tenue-de-pain-pour-femmes-longueur-moyenne-mode-ample\/","name":"Tenue de pain pour femmes Longueur moyenne Mode ample - Aigle Shopping Canada","isPartOf":{"@id":"https:\/\/aigleshopping.ca\/#website"},"primaryImageOfPage":{"@id":"https:\/\/aigleshopping.ca\/fr\/produit\/tenue-de-pain-pour-femmes-longueur-moyenne-mode-ample\/#primaryimage"},"image":{"@id":"https:\/\/aigleshopping.ca\/fr\/produit\/tenue-de-pain-pour-femmes-longueur-moyenne-mode-ample\/#primaryimage"},"thumbnailUrl":"https:\/\/aigleshopping.ca\/wp-content\/uploads\/2025\/01\/ad9941cc-cdbe-4f0c-a0d0-a581bd3fcf3b.jpg","datePublished":"2025-01-29T03:58:09+00:00","breadcrumb":{"@id":"https:\/\/aigleshopping.ca\/fr\/produit\/tenue-de-pain-pour-femmes-longueur-moyenne-mode-ample\/#breadcrumb"},"inLanguage":"fr-FR","potentialAction":[{"@type":"ReadAction","target":["https:\/\/aigleshopping.ca\/fr\/produit\/tenue-de-pain-pour-femmes-longueur-moyenne-mode-ample\/"]}]},{"@type":"ImageObject","inLanguage":"fr-FR","@id":"https:\/\/aigleshopping.ca\/fr\/produit\/tenue-de-pain-pour-femmes-longueur-moyenne-mode-ample\/#primaryimage","url":"https:\/\/aigleshopping.ca\/wp-content\/uploads\/2025\/01\/ad9941cc-cdbe-4f0c-a0d0-a581bd3fcf3b.jpg","contentUrl":"https:\/\/aigleshopping.ca\/wp-content\/uploads\/2025\/01\/ad9941cc-cdbe-4f0c-a0d0-a581bd3fcf3b.jpg","width":800,"height":800},{"@type":"BreadcrumbList","@id":"https:\/\/aigleshopping.ca\/fr\/produit\/tenue-de-pain-pour-femmes-longueur-moyenne-mode-ample\/#breadcrumb","itemListElement":[{"@type":"ListItem","position":1,"name":"Home","item":"https:\/\/aigleshopping.ca\/fr\/home\/"},{"@type":"ListItem","position":2,"name":"Products","item":"https:\/\/aigleshopping.ca\/shop\/"},{"@type":"ListItem","position":3,"name":"Tenue de pain pour femmes Longueur moyenne Mode ample"}]},{"@type":"WebSite","@id":"https:\/\/aigleshopping.ca\/#website","url":"https:\/\/aigleshopping.ca\/","name":"Aigle Shopping Canada","description":"Au-del\u00e0 des fronti\u00e8res, pour vous offrir le\u00a0meilleur!","publisher":{"@id":"https:\/\/aigleshopping.ca\/#organization"},"potentialAction":[{"@type":"SearchAction","target":{"@type":"EntryPoint","urlTemplate":"https:\/\/aigleshopping.ca\/?s={search_term_string}"},"query-input":{"@type":"PropertyValueSpecification","valueRequired":true,"valueName":"search_term_string"}}],"inLanguage":"fr-FR"},{"@type":"Organization","@id":"https:\/\/aigleshopping.ca\/#organization","name":"Aigle Shopping Canada","url":"https:\/\/aigleshopping.ca\/","logo":{"@type":"ImageObject","inLanguage":"fr-FR","@id":"https:\/\/aigleshopping.ca\/#\/schema\/logo\/image\/","url":"https:\/\/aigleshopping.ca\/wp-content\/uploads\/2025\/12\/logo_aigleshopping_ca.png","contentUrl":"https:\/\/aigleshopping.ca\/wp-content\/uploads\/2025\/12\/logo_aigleshopping_ca.png","width":800,"height":233,"caption":"Aigle Shopping Canada"},"image":{"@id":"https:\/\/aigleshopping.ca\/#\/schema\/logo\/image\/"}}]}},"jetpack_sharing_enabled":true,"_links":{"self":[{"href":"https:\/\/aigleshopping.ca\/fr\/wp-json\/wp\/v2\/product\/9081","targetHints":{"allow":["GET"]}}],"collection":[{"href":"https:\/\/aigleshopping.ca\/fr\/wp-json\/wp\/v2\/product"}],"about":[{"href":"https:\/\/aigleshopping.ca\/fr\/wp-json\/wp\/v2\/types\/product"}],"replies":[{"embeddable":true,"href":"https:\/\/aigleshopping.ca\/fr\/wp-json\/wp\/v2\/comments?post=9081"}],"wp:featuredmedia":[{"embeddable":true,"href":"https:\/\/aigleshopping.ca\/fr\/wp-json\/wp\/v2\/media\/8322"}],"wp:attachment":[{"href":"https:\/\/aigleshopping.ca\/fr\/wp-json\/wp\/v2\/media?parent=9081"}],"wp:term":[{"taxonomy":"product_brand","embeddable":true,"href":"https:\/\/aigleshopping.ca\/fr\/wp-json\/wp\/v2\/product_brand?post=9081"},{"taxonomy":"product_cat","embeddable":true,"href":"https:\/\/aigleshopping.ca\/fr\/wp-json\/wp\/v2\/product_cat?post=9081"},{"taxonomy":"product_tag","embeddable":true,"href":"https:\/\/aigleshopping.ca\/fr\/wp-json\/wp\/v2\/product_tag?post=9081"}],"curies":[{"name":"wp","href":"https:\/\/api.w.org\/{rel}","templated":true}]}}